{"id":481,"date":"2025-07-22T11:01:22","date_gmt":"2025-07-22T11:01:22","guid":{"rendered":"https:\/\/pharmabog.hu\/?post_type=product&#038;p=481"},"modified":"2025-07-22T11:01:40","modified_gmt":"2025-07-22T11:01:40","slug":"faro-b75-mutolampa","status":"publish","type":"product","link":"https:\/\/pharmabog.hu\/de\/product\/faro-b75-mutolampa\/","title":{"rendered":"Faro B75 Betriebslampe"},"content":{"rendered":"","protected":false},"excerpt":{"rendered":"<div class=\"\">\u201eQualit\u00e4t, erstklassige Leistung und Sehkomfort\u201d<\/div>\n<div class=\"\"><\/div>\n<div class=\"\">\n<div class=\"\">Die Faro B75 Lampe vereint chirurgische und zahn\u00e4rztliche Funktionen in einem einzigen Ger\u00e4t.<\/div>\n<div class=\"\"><\/div>\n<div class=\"\">Die B75-Lampe ist mit zwei unabh\u00e4ngigen LED-Spots ausgestattet. Der kreisf\u00f6rmige Spot ist f\u00fcr chirurgische Anwendungen mit einer Beleuchtungsst\u00e4rke von \u00fcber 110.000 LUX vorgesehen, der elliptische Spot ist f\u00fcr zahn\u00e4rztliche Anwendungen bestimmt und verf\u00fcgt \u00fcber ein exklusives reflektiertes Lichtprojektion.<\/div>\n<div class=\"\"><\/div>\n<div class=\"\">Leichtgewicht: 12,5 kg!<\/div>\n<div class=\"\">Kann an einer Steuereinheit montiert werden!<\/div>\n<div class=\"\"><\/div>\n<div class=\"\"><strong>Preis: 5.400 \u20ac + 27% MwSt. Brutto: 6.858 \u20ac<\/strong><\/div>\n<div class=\"\"><\/div>\n<div class=\"\">Brosch\u00fcre: <a class=\"\" href=\"https:\/\/faro.it\/wp-content\/uploads\/2024\/04\/B75-FARO_EN_Rev000.pdf\">https:\/\/faro.it\/wp-content\/uploads\/2024\/04\/B75-FARO_EN_Rev000.pdf<\/a><\/div>\n<\/div>","protected":false},"featured_media":513,"comment_status":"closed","ping_status":"closed","template":"","meta":[],"product_brand":[],"product_cat":[26],"product_tag":[],"class_list":{"0":"post-481","1":"product","2":"type-product","3":"status-publish","4":"has-post-thumbnail","6":"product_cat-mutolampak","8":"first","9":"instock","10":"shipping-taxable","11":"purchasable","12":"product-type-simple"},"yoast_head":"<!-- This site is optimized with the Yoast SEO plugin v25.5 - https:\/\/yoast.com\/wordpress\/plugins\/seo\/ -->\n<title>Faro B75 m\u0171t\u0151l\u00e1mpa - Pharmabog Kft. - Fog\u00e1szati kezel\u0151egys\u00e9g<\/title>\n<meta name=\"robots\" content=\"index, follow, max-snippet:-1, max-image-preview:large, max-video-preview:-1\" \/>\n<link rel=\"canonical\" href=\"https:\/\/pharmabog.hu\/de\/product\/faro-b75-mutolampa\/\" \/>\n<meta property=\"og:locale\" content=\"de_DE\" \/>\n<meta property=\"og:type\" content=\"article\" \/>\n<meta property=\"og:title\" content=\"Faro B75 m\u0171t\u0151l\u00e1mpa - Pharmabog Kft. - Fog\u00e1szati kezel\u0151egys\u00e9g\" \/>\n<meta property=\"og:description\" content=\"&quot;Min\u0151s\u00e9g, pr\u00e9mium teljes\u00edtm\u00e9ny \u00e9s vizu\u00e1lis k\u00e9nyelem&quot;   A Faro B75 l\u00e1mpa egyetlen eszk\u00f6zben egyes\u00edti a seb\u00e9szeti \u00e9s fog\u00e1szati \u200b\u200bfunkci\u00f3kat.  A B75 l\u00e1mpa k\u00e9t f\u00fcggetlen LED-spottal van felszerelve, a k\u00f6r alak\u00fa seb\u00e9szeti, 110 000 LUX-n\u00e1l magasabb megvil\u00e1g\u00edt\u00e1si intenzit\u00e1s\u00fa, az elliptikus l\u00e1mpa pedig fogorvosi haszn\u00e1latra szolg\u00e1l, \u00e9s egy exkluz\u00edv visszavert f\u00e9nyprojekttel rendelkezik..  K\u00f6nny\u0171 s\u00faly: 12.5 kg! Kezel\u0151egys\u00e9gre szerelhet\u0151!  \u00c1r: 5.400,-\u20ac + 27% \u00c1fa Brutt\u00f3: 6.858,-\u20ac  Prospektus: https:\/\/faro.it\/wp-content\/uploads\/2024\/04\/B75-FARO_EN_Rev000.pdf\" \/>\n<meta property=\"og:url\" content=\"https:\/\/pharmabog.hu\/de\/product\/faro-b75-mutolampa\/\" \/>\n<meta property=\"og:site_name\" content=\"Pharmabog Kft. - Fog\u00e1szati kezel\u0151egys\u00e9g\" \/>\n<meta property=\"article:publisher\" content=\"https:\/\/www.facebook.com\/pharmabog.hu\" \/>\n<meta property=\"article:modified_time\" content=\"2025-07-22T11:01:40+00:00\" \/>\n<meta property=\"og:image\" content=\"https:\/\/pharmabog.hu\/wp-content\/uploads\/2025\/07\/B75_S01-min.png\" \/>\n\t<meta property=\"og:image:width\" content=\"2560\" \/>\n\t<meta property=\"og:image:height\" content=\"1708\" \/>\n\t<meta property=\"og:image:type\" content=\"image\/png\" \/>\n<meta name=\"twitter:card\" content=\"summary_large_image\" \/>\n<meta name=\"twitter:label1\" content=\"Gesch\u00e4tzte Lesezeit\" \/>\n\t<meta name=\"twitter:data1\" content=\"1\u00a0Minute\" \/>\n<script type=\"application\/ld+json\" class=\"yoast-schema-graph\">{\"@context\":\"https:\/\/schema.org\",\"@graph\":[{\"@type\":\"WebPage\",\"@id\":\"https:\/\/pharmabog.hu\/product\/faro-b75-mutolampa\/\",\"url\":\"https:\/\/pharmabog.hu\/product\/faro-b75-mutolampa\/\",\"name\":\"Faro B75 m\u0171t\u0151l\u00e1mpa - Pharmabog Kft. - Fog\u00e1szati kezel\u0151egys\u00e9g\",\"isPartOf\":{\"@id\":\"https:\/\/pharmabog.hu\/#website\"},\"primaryImageOfPage\":{\"@id\":\"https:\/\/pharmabog.hu\/product\/faro-b75-mutolampa\/#primaryimage\"},\"image\":{\"@id\":\"https:\/\/pharmabog.hu\/product\/faro-b75-mutolampa\/#primaryimage\"},\"thumbnailUrl\":\"https:\/\/pharmabog.hu\/wp-content\/uploads\/2025\/07\/B75_S01-min.png\",\"datePublished\":\"2025-07-22T11:01:22+00:00\",\"dateModified\":\"2025-07-22T11:01:40+00:00\",\"breadcrumb\":{\"@id\":\"https:\/\/pharmabog.hu\/product\/faro-b75-mutolampa\/#breadcrumb\"},\"inLanguage\":\"de\",\"potentialAction\":[{\"@type\":\"ReadAction\",\"target\":[\"https:\/\/pharmabog.hu\/product\/faro-b75-mutolampa\/\"]}]},{\"@type\":\"ImageObject\",\"inLanguage\":\"de\",\"@id\":\"https:\/\/pharmabog.hu\/product\/faro-b75-mutolampa\/#primaryimage\",\"url\":\"https:\/\/pharmabog.hu\/wp-content\/uploads\/2025\/07\/B75_S01-min.png\",\"contentUrl\":\"https:\/\/pharmabog.hu\/wp-content\/uploads\/2025\/07\/B75_S01-min.png\",\"width\":2560,\"height\":1708},{\"@type\":\"BreadcrumbList\",\"@id\":\"https:\/\/pharmabog.hu\/product\/faro-b75-mutolampa\/#breadcrumb\",\"itemListElement\":[{\"@type\":\"ListItem\",\"position\":1,\"name\":\"Kezd\u0151lap\",\"item\":\"https:\/\/pharmabog.hu\/\"},{\"@type\":\"ListItem\",\"position\":2,\"name\":\"Shop\",\"item\":\"https:\/\/pharmabog.hu\/shop\/\"},{\"@type\":\"ListItem\",\"position\":3,\"name\":\"Faro B75 m\u0171t\u0151l\u00e1mpa\"}]},{\"@type\":\"WebSite\",\"@id\":\"https:\/\/pharmabog.hu\/#website\",\"url\":\"https:\/\/pharmabog.hu\/\",\"name\":\"Pharmabog Kft. - Fog\u00e1szati kezel\u0151egys\u00e9g\",\"description\":\"\",\"publisher\":{\"@id\":\"https:\/\/pharmabog.hu\/#organization\"},\"potentialAction\":[{\"@type\":\"SearchAction\",\"target\":{\"@type\":\"EntryPoint\",\"urlTemplate\":\"https:\/\/pharmabog.hu\/?s={search_term_string}\"},\"query-input\":{\"@type\":\"PropertyValueSpecification\",\"valueRequired\":true,\"valueName\":\"search_term_string\"}}],\"inLanguage\":\"de\"},{\"@type\":\"Organization\",\"@id\":\"https:\/\/pharmabog.hu\/#organization\",\"name\":\"Pharmabog Kft. - Fog\u00e1szati kezel\u0151egys\u00e9g\",\"url\":\"https:\/\/pharmabog.hu\/\",\"logo\":{\"@type\":\"ImageObject\",\"inLanguage\":\"de\",\"@id\":\"https:\/\/pharmabog.hu\/#\/schema\/logo\/image\/\",\"url\":\"https:\/\/pharmabog.hu\/wp-content\/uploads\/2025\/07\/cropped-logo-16-e1644481099702-4.png\",\"contentUrl\":\"https:\/\/pharmabog.hu\/wp-content\/uploads\/2025\/07\/cropped-logo-16-e1644481099702-4.png\",\"width\":296,\"height\":87,\"caption\":\"Pharmabog Kft. - Fog\u00e1szati kezel\u0151egys\u00e9g\"},\"image\":{\"@id\":\"https:\/\/pharmabog.hu\/#\/schema\/logo\/image\/\"},\"sameAs\":[\"https:\/\/www.facebook.com\/pharmabog.hu\"]}]}<\/script>\n<!-- \/ Yoast SEO plugin. -->","yoast_head_json":{"title":"Faro B75 m\u0171t\u0151l\u00e1mpa - Pharmabog Kft. - Fog\u00e1szati kezel\u0151egys\u00e9g","robots":{"index":"index","follow":"follow","max-snippet":"max-snippet:-1","max-image-preview":"max-image-preview:large","max-video-preview":"max-video-preview:-1"},"canonical":"https:\/\/pharmabog.hu\/de\/product\/faro-b75-mutolampa\/","og_locale":"de_DE","og_type":"article","og_title":"Faro B75 m\u0171t\u0151l\u00e1mpa - Pharmabog Kft. - Fog\u00e1szati kezel\u0151egys\u00e9g","og_description":"\"Min\u0151s\u00e9g, pr\u00e9mium teljes\u00edtm\u00e9ny \u00e9s vizu\u00e1lis k\u00e9nyelem\"   A Faro B75 l\u00e1mpa egyetlen eszk\u00f6zben egyes\u00edti a seb\u00e9szeti \u00e9s fog\u00e1szati \u200b\u200bfunkci\u00f3kat.  A B75 l\u00e1mpa k\u00e9t f\u00fcggetlen LED-spottal van felszerelve, a k\u00f6r alak\u00fa seb\u00e9szeti, 110 000 LUX-n\u00e1l magasabb megvil\u00e1g\u00edt\u00e1si intenzit\u00e1s\u00fa, az elliptikus l\u00e1mpa pedig fogorvosi haszn\u00e1latra szolg\u00e1l, \u00e9s egy exkluz\u00edv visszavert f\u00e9nyprojekttel rendelkezik..  K\u00f6nny\u0171 s\u00faly: 12.5 kg! Kezel\u0151egys\u00e9gre szerelhet\u0151!  \u00c1r: 5.400,-\u20ac + 27% \u00c1fa Brutt\u00f3: 6.858,-\u20ac  Prospektus: https:\/\/faro.it\/wp-content\/uploads\/2024\/04\/B75-FARO_EN_Rev000.pdf","og_url":"https:\/\/pharmabog.hu\/de\/product\/faro-b75-mutolampa\/","og_site_name":"Pharmabog Kft. - Fog\u00e1szati kezel\u0151egys\u00e9g","article_publisher":"https:\/\/www.facebook.com\/pharmabog.hu","article_modified_time":"2025-07-22T11:01:40+00:00","og_image":[{"width":2560,"height":1708,"url":"https:\/\/pharmabog.hu\/wp-content\/uploads\/2025\/07\/B75_S01-min.png","type":"image\/png"}],"twitter_card":"summary_large_image","twitter_misc":{"Gesch\u00e4tzte Lesezeit":"1\u00a0Minute"},"schema":{"@context":"https:\/\/schema.org","@graph":[{"@type":"WebPage","@id":"https:\/\/pharmabog.hu\/product\/faro-b75-mutolampa\/","url":"https:\/\/pharmabog.hu\/product\/faro-b75-mutolampa\/","name":"Faro B75 m\u0171t\u0151l\u00e1mpa - Pharmabog Kft. - Fog\u00e1szati kezel\u0151egys\u00e9g","isPartOf":{"@id":"https:\/\/pharmabog.hu\/#website"},"primaryImageOfPage":{"@id":"https:\/\/pharmabog.hu\/product\/faro-b75-mutolampa\/#primaryimage"},"image":{"@id":"https:\/\/pharmabog.hu\/product\/faro-b75-mutolampa\/#primaryimage"},"thumbnailUrl":"https:\/\/pharmabog.hu\/wp-content\/uploads\/2025\/07\/B75_S01-min.png","datePublished":"2025-07-22T11:01:22+00:00","dateModified":"2025-07-22T11:01:40+00:00","breadcrumb":{"@id":"https:\/\/pharmabog.hu\/product\/faro-b75-mutolampa\/#breadcrumb"},"inLanguage":"de","potentialAction":[{"@type":"ReadAction","target":["https:\/\/pharmabog.hu\/product\/faro-b75-mutolampa\/"]}]},{"@type":"ImageObject","inLanguage":"de","@id":"https:\/\/pharmabog.hu\/product\/faro-b75-mutolampa\/#primaryimage","url":"https:\/\/pharmabog.hu\/wp-content\/uploads\/2025\/07\/B75_S01-min.png","contentUrl":"https:\/\/pharmabog.hu\/wp-content\/uploads\/2025\/07\/B75_S01-min.png","width":2560,"height":1708},{"@type":"BreadcrumbList","@id":"https:\/\/pharmabog.hu\/product\/faro-b75-mutolampa\/#breadcrumb","itemListElement":[{"@type":"ListItem","position":1,"name":"Kezd\u0151lap","item":"https:\/\/pharmabog.hu\/"},{"@type":"ListItem","position":2,"name":"Shop","item":"https:\/\/pharmabog.hu\/shop\/"},{"@type":"ListItem","position":3,"name":"Faro B75 m\u0171t\u0151l\u00e1mpa"}]},{"@type":"WebSite","@id":"https:\/\/pharmabog.hu\/#website","url":"https:\/\/pharmabog.hu\/","name":"Pharmabog Ltd. - Zahnbehandlungseinheit","description":"","publisher":{"@id":"https:\/\/pharmabog.hu\/#organization"},"potentialAction":[{"@type":"SearchAction","target":{"@type":"EntryPoint","urlTemplate":"https:\/\/pharmabog.hu\/?s={search_term_string}"},"query-input":{"@type":"PropertyValueSpecification","valueRequired":true,"valueName":"search_term_string"}}],"inLanguage":"de"},{"@type":"Organization","@id":"https:\/\/pharmabog.hu\/#organization","name":"Pharmabog Ltd. - Zahnbehandlungseinheit","url":"https:\/\/pharmabog.hu\/","logo":{"@type":"ImageObject","inLanguage":"de","@id":"https:\/\/pharmabog.hu\/#\/schema\/logo\/image\/","url":"https:\/\/pharmabog.hu\/wp-content\/uploads\/2025\/07\/cropped-logo-16-e1644481099702-4.png","contentUrl":"https:\/\/pharmabog.hu\/wp-content\/uploads\/2025\/07\/cropped-logo-16-e1644481099702-4.png","width":296,"height":87,"caption":"Pharmabog Kft. - Fog\u00e1szati kezel\u0151egys\u00e9g"},"image":{"@id":"https:\/\/pharmabog.hu\/#\/schema\/logo\/image\/"},"sameAs":["https:\/\/www.facebook.com\/pharmabog.hu"]}]}},"_links":{"self":[{"href":"https:\/\/pharmabog.hu\/de\/wp-json\/wp\/v2\/product\/481","targetHints":{"allow":["GET"]}}],"collection":[{"href":"https:\/\/pharmabog.hu\/de\/wp-json\/wp\/v2\/product"}],"about":[{"href":"https:\/\/pharmabog.hu\/de\/wp-json\/wp\/v2\/types\/product"}],"replies":[{"embeddable":true,"href":"https:\/\/pharmabog.hu\/de\/wp-json\/wp\/v2\/comments?post=481"}],"wp:featuredmedia":[{"embeddable":true,"href":"https:\/\/pharmabog.hu\/de\/wp-json\/wp\/v2\/media\/513"}],"wp:attachment":[{"href":"https:\/\/pharmabog.hu\/de\/wp-json\/wp\/v2\/media?parent=481"}],"wp:term":[{"taxonomy":"product_brand","embeddable":true,"href":"https:\/\/pharmabog.hu\/de\/wp-json\/wp\/v2\/product_brand?post=481"},{"taxonomy":"product_cat","embeddable":true,"href":"https:\/\/pharmabog.hu\/de\/wp-json\/wp\/v2\/product_cat?post=481"},{"taxonomy":"product_tag","embeddable":true,"href":"https:\/\/pharmabog.hu\/de\/wp-json\/wp\/v2\/product_tag?post=481"}],"curies":[{"name":"wp","href":"https:\/\/api.w.org\/{rel}","templated":true}]}}