{"id":478,"date":"2025-07-22T11:01:22","date_gmt":"2025-07-22T11:01:22","guid":{"rendered":"https:\/\/pharmabog.hu\/?post_type=product&#038;p=478"},"modified":"2025-07-22T11:01:28","modified_gmt":"2025-07-22T11:01:28","slug":"cs-2200-intraoralis-falikaros-rontgen-keszulek","status":"publish","type":"product","link":"https:\/\/pharmabog.hu\/de\/product\/cs-2200-intraoralis-falikaros-rontgen-keszulek\/","title":{"rendered":"CS 2200 intraorales, wandmontiertes R\u00f6ntgenger\u00e4t"},"content":{"rendered":"","protected":false},"excerpt":{"rendered":"<p style=\"font-weight: 400;\">Werkseitig f\u00fcr den RVG-Modus vorbereitet<br \/>\n\u2013 300 kHz Frequenz: 30% niedrigere Dosis und bessere Bildqualit\u00e4t<\/p>\n<p style=\"font-weight: 400;\">\u2013 Automatische Belichtung<\/p>\n<p style=\"font-weight: 400;\">\u2013 Automatische kV- und mA-Steuerung<\/p>\n<p style=\"font-weight: 400;\">\u2013 Erwachsenen-\/Kindermodus<\/p>\n<p style=\"font-weight: 400;\">\u2013 Optionen f\u00fcr die maxillomandibul\u00e4re, Bissfl\u00fcgel- und Okklusionsregistrierung<\/p>\n<p style=\"font-weight: 400;\">\u2013 Filmempfindlichkeitssteuerung<\/p>\n<p style=\"font-weight: 400;\">\u2013 Fokuspunkt: 0,7 mm CEI<\/p>\n<p style=\"font-weight: 400;\">\u2013 R\u00f6hrenstrom: 60 kV, 70 kV0<\/p>\n<p>&nbsp;<\/p>\n<p style=\"font-weight: 400;\"><strong>Preis: 1.400 \u20ac\u00a0<\/strong><\/p>","protected":false},"featured_media":509,"comment_status":"closed","ping_status":"closed","template":"","meta":[],"product_brand":[],"product_cat":[23],"product_tag":[],"class_list":{"0":"post-478","1":"product","2":"type-product","3":"status-publish","4":"has-post-thumbnail","6":"product_cat-felujitott-intraoralis-rontgenek","8":"first","9":"instock","10":"shipping-taxable","11":"product-type-simple"},"yoast_head":"<!-- This site is optimized with the Yoast SEO plugin v25.5 - https:\/\/yoast.com\/wordpress\/plugins\/seo\/ -->\n<title>CS 2200 intraor\u00e1lis falikaros r\u00f6ntgen k\u00e9sz\u00fcl\u00e9k - Pharmabog Kft. - Fog\u00e1szati kezel\u0151egys\u00e9g<\/title>\n<meta name=\"robots\" content=\"index, follow, max-snippet:-1, max-image-preview:large, max-video-preview:-1\" \/>\n<link rel=\"canonical\" href=\"https:\/\/pharmabog.hu\/de\/product\/cs-2200-intraoralis-falikaros-rontgen-keszulek\/\" \/>\n<meta property=\"og:locale\" content=\"de_DE\" \/>\n<meta property=\"og:type\" content=\"article\" \/>\n<meta property=\"og:title\" content=\"CS 2200 intraor\u00e1lis falikaros r\u00f6ntgen k\u00e9sz\u00fcl\u00e9k - Pharmabog Kft. - Fog\u00e1szati kezel\u0151egys\u00e9g\" \/>\n<meta property=\"og:description\" content=\"RVG \u00fczemm\u00f3dra gy\u00e1rilag k\u00e9sz - 300 kHz frekvenci\u00e1s: 30%-kal kisebb d\u00f3zis \u00e9s szebb rajzolat\u00fa felv\u00e9tel -\u00a0\u00a0 Automatikus expoz\u00edci\u00f3 -\u00a0\u00a0\u00a0 Automatikus kV \u00e9s mA szab\u00e1lyoz\u00e1s -\u00a0\u00a0\u00a0 Feln\u0151tt\/gyermek \u00fczemm\u00f3d -\u00a0\u00a0\u00a0 Maxillo-mandibul\u00e1ris, bitewing, occlus\u00e1lis\u00a0felv\u00e9teli lehet\u0151s\u00e9g -\u00a0\u00a0\u00a0 Film\u00e9rz\u00e9kenys\u00e9g-szab\u00e1lyoz\u00e1s -\u00a0\u00a0\u00a0\u00a0 F\u00f3kuszpont: \u00a0\u00a0\u00a0 0,7 mm CEI -\u00a0\u00a0\u00a0\u00a0 Cs\u0151\u00e1ram: \u00a0\u00a0\u00a0 \u00a0\u00a0\u00a0 60 kV, 70 kV0 &nbsp; \u00c1r: 1.400,-\u20ac\u00a0\" \/>\n<meta property=\"og:url\" content=\"https:\/\/pharmabog.hu\/de\/product\/cs-2200-intraoralis-falikaros-rontgen-keszulek\/\" \/>\n<meta property=\"og:site_name\" content=\"Pharmabog Kft. - Fog\u00e1szati kezel\u0151egys\u00e9g\" \/>\n<meta property=\"article:publisher\" content=\"https:\/\/www.facebook.com\/pharmabog.hu\" \/>\n<meta property=\"article:modified_time\" content=\"2025-07-22T11:01:28+00:00\" \/>\n<meta property=\"og:image\" content=\"https:\/\/pharmabog.hu\/wp-content\/uploads\/2025\/07\/IMG_5173.jpg\" \/>\n\t<meta property=\"og:image:width\" content=\"1600\" \/>\n\t<meta property=\"og:image:height\" content=\"1200\" \/>\n\t<meta property=\"og:image:type\" content=\"image\/jpeg\" \/>\n<meta name=\"twitter:card\" content=\"summary_large_image\" \/>\n<script type=\"application\/ld+json\" class=\"yoast-schema-graph\">{\"@context\":\"https:\/\/schema.org\",\"@graph\":[{\"@type\":\"WebPage\",\"@id\":\"https:\/\/pharmabog.hu\/product\/cs-2200-intraoralis-falikaros-rontgen-keszulek\/\",\"url\":\"https:\/\/pharmabog.hu\/product\/cs-2200-intraoralis-falikaros-rontgen-keszulek\/\",\"name\":\"CS 2200 intraor\u00e1lis falikaros r\u00f6ntgen k\u00e9sz\u00fcl\u00e9k - Pharmabog Kft. - Fog\u00e1szati kezel\u0151egys\u00e9g\",\"isPartOf\":{\"@id\":\"https:\/\/pharmabog.hu\/#website\"},\"primaryImageOfPage\":{\"@id\":\"https:\/\/pharmabog.hu\/product\/cs-2200-intraoralis-falikaros-rontgen-keszulek\/#primaryimage\"},\"image\":{\"@id\":\"https:\/\/pharmabog.hu\/product\/cs-2200-intraoralis-falikaros-rontgen-keszulek\/#primaryimage\"},\"thumbnailUrl\":\"https:\/\/pharmabog.hu\/wp-content\/uploads\/2025\/07\/IMG_5173.jpg\",\"datePublished\":\"2025-07-22T11:01:22+00:00\",\"dateModified\":\"2025-07-22T11:01:28+00:00\",\"breadcrumb\":{\"@id\":\"https:\/\/pharmabog.hu\/product\/cs-2200-intraoralis-falikaros-rontgen-keszulek\/#breadcrumb\"},\"inLanguage\":\"de\",\"potentialAction\":[{\"@type\":\"ReadAction\",\"target\":[\"https:\/\/pharmabog.hu\/product\/cs-2200-intraoralis-falikaros-rontgen-keszulek\/\"]}]},{\"@type\":\"ImageObject\",\"inLanguage\":\"de\",\"@id\":\"https:\/\/pharmabog.hu\/product\/cs-2200-intraoralis-falikaros-rontgen-keszulek\/#primaryimage\",\"url\":\"https:\/\/pharmabog.hu\/wp-content\/uploads\/2025\/07\/IMG_5173.jpg\",\"contentUrl\":\"https:\/\/pharmabog.hu\/wp-content\/uploads\/2025\/07\/IMG_5173.jpg\",\"width\":1600,\"height\":1200},{\"@type\":\"BreadcrumbList\",\"@id\":\"https:\/\/pharmabog.hu\/product\/cs-2200-intraoralis-falikaros-rontgen-keszulek\/#breadcrumb\",\"itemListElement\":[{\"@type\":\"ListItem\",\"position\":1,\"name\":\"Kezd\u0151lap\",\"item\":\"https:\/\/pharmabog.hu\/\"},{\"@type\":\"ListItem\",\"position\":2,\"name\":\"Shop\",\"item\":\"https:\/\/pharmabog.hu\/shop\/\"},{\"@type\":\"ListItem\",\"position\":3,\"name\":\"CS 2200 intraor\u00e1lis falikaros r\u00f6ntgen k\u00e9sz\u00fcl\u00e9k\"}]},{\"@type\":\"WebSite\",\"@id\":\"https:\/\/pharmabog.hu\/#website\",\"url\":\"https:\/\/pharmabog.hu\/\",\"name\":\"Pharmabog Kft. - Fog\u00e1szati kezel\u0151egys\u00e9g\",\"description\":\"\",\"publisher\":{\"@id\":\"https:\/\/pharmabog.hu\/#organization\"},\"potentialAction\":[{\"@type\":\"SearchAction\",\"target\":{\"@type\":\"EntryPoint\",\"urlTemplate\":\"https:\/\/pharmabog.hu\/?s={search_term_string}\"},\"query-input\":{\"@type\":\"PropertyValueSpecification\",\"valueRequired\":true,\"valueName\":\"search_term_string\"}}],\"inLanguage\":\"de\"},{\"@type\":\"Organization\",\"@id\":\"https:\/\/pharmabog.hu\/#organization\",\"name\":\"Pharmabog Kft. - Fog\u00e1szati kezel\u0151egys\u00e9g\",\"url\":\"https:\/\/pharmabog.hu\/\",\"logo\":{\"@type\":\"ImageObject\",\"inLanguage\":\"de\",\"@id\":\"https:\/\/pharmabog.hu\/#\/schema\/logo\/image\/\",\"url\":\"https:\/\/pharmabog.hu\/wp-content\/uploads\/2025\/07\/cropped-logo-16-e1644481099702-4.png\",\"contentUrl\":\"https:\/\/pharmabog.hu\/wp-content\/uploads\/2025\/07\/cropped-logo-16-e1644481099702-4.png\",\"width\":296,\"height\":87,\"caption\":\"Pharmabog Kft. - Fog\u00e1szati kezel\u0151egys\u00e9g\"},\"image\":{\"@id\":\"https:\/\/pharmabog.hu\/#\/schema\/logo\/image\/\"},\"sameAs\":[\"https:\/\/www.facebook.com\/pharmabog.hu\"]}]}<\/script>\n<!-- \/ Yoast SEO plugin. -->","yoast_head_json":{"title":"CS 2200 intraor\u00e1lis falikaros r\u00f6ntgen k\u00e9sz\u00fcl\u00e9k - Pharmabog Kft. - Fog\u00e1szati kezel\u0151egys\u00e9g","robots":{"index":"index","follow":"follow","max-snippet":"max-snippet:-1","max-image-preview":"max-image-preview:large","max-video-preview":"max-video-preview:-1"},"canonical":"https:\/\/pharmabog.hu\/de\/product\/cs-2200-intraoralis-falikaros-rontgen-keszulek\/","og_locale":"de_DE","og_type":"article","og_title":"CS 2200 intraor\u00e1lis falikaros r\u00f6ntgen k\u00e9sz\u00fcl\u00e9k - Pharmabog Kft. - Fog\u00e1szati kezel\u0151egys\u00e9g","og_description":"RVG \u00fczemm\u00f3dra gy\u00e1rilag k\u00e9sz - 300 kHz frekvenci\u00e1s: 30%-kal kisebb d\u00f3zis \u00e9s szebb rajzolat\u00fa felv\u00e9tel -\u00a0\u00a0 Automatikus expoz\u00edci\u00f3 -\u00a0\u00a0\u00a0 Automatikus kV \u00e9s mA szab\u00e1lyoz\u00e1s -\u00a0\u00a0\u00a0 Feln\u0151tt\/gyermek \u00fczemm\u00f3d -\u00a0\u00a0\u00a0 Maxillo-mandibul\u00e1ris, bitewing, occlus\u00e1lis\u00a0felv\u00e9teli lehet\u0151s\u00e9g -\u00a0\u00a0\u00a0 Film\u00e9rz\u00e9kenys\u00e9g-szab\u00e1lyoz\u00e1s -\u00a0\u00a0\u00a0\u00a0 F\u00f3kuszpont: \u00a0\u00a0\u00a0 0,7 mm CEI -\u00a0\u00a0\u00a0\u00a0 Cs\u0151\u00e1ram: \u00a0\u00a0\u00a0 \u00a0\u00a0\u00a0 60 kV, 70 kV0 &nbsp; \u00c1r: 1.400,-\u20ac\u00a0","og_url":"https:\/\/pharmabog.hu\/de\/product\/cs-2200-intraoralis-falikaros-rontgen-keszulek\/","og_site_name":"Pharmabog Kft. - Fog\u00e1szati kezel\u0151egys\u00e9g","article_publisher":"https:\/\/www.facebook.com\/pharmabog.hu","article_modified_time":"2025-07-22T11:01:28+00:00","og_image":[{"width":1600,"height":1200,"url":"https:\/\/pharmabog.hu\/wp-content\/uploads\/2025\/07\/IMG_5173.jpg","type":"image\/jpeg"}],"twitter_card":"summary_large_image","schema":{"@context":"https:\/\/schema.org","@graph":[{"@type":"WebPage","@id":"https:\/\/pharmabog.hu\/product\/cs-2200-intraoralis-falikaros-rontgen-keszulek\/","url":"https:\/\/pharmabog.hu\/product\/cs-2200-intraoralis-falikaros-rontgen-keszulek\/","name":"CS 2200 intraor\u00e1lis falikaros r\u00f6ntgen k\u00e9sz\u00fcl\u00e9k - Pharmabog Kft. - Fog\u00e1szati kezel\u0151egys\u00e9g","isPartOf":{"@id":"https:\/\/pharmabog.hu\/#website"},"primaryImageOfPage":{"@id":"https:\/\/pharmabog.hu\/product\/cs-2200-intraoralis-falikaros-rontgen-keszulek\/#primaryimage"},"image":{"@id":"https:\/\/pharmabog.hu\/product\/cs-2200-intraoralis-falikaros-rontgen-keszulek\/#primaryimage"},"thumbnailUrl":"https:\/\/pharmabog.hu\/wp-content\/uploads\/2025\/07\/IMG_5173.jpg","datePublished":"2025-07-22T11:01:22+00:00","dateModified":"2025-07-22T11:01:28+00:00","breadcrumb":{"@id":"https:\/\/pharmabog.hu\/product\/cs-2200-intraoralis-falikaros-rontgen-keszulek\/#breadcrumb"},"inLanguage":"de","potentialAction":[{"@type":"ReadAction","target":["https:\/\/pharmabog.hu\/product\/cs-2200-intraoralis-falikaros-rontgen-keszulek\/"]}]},{"@type":"ImageObject","inLanguage":"de","@id":"https:\/\/pharmabog.hu\/product\/cs-2200-intraoralis-falikaros-rontgen-keszulek\/#primaryimage","url":"https:\/\/pharmabog.hu\/wp-content\/uploads\/2025\/07\/IMG_5173.jpg","contentUrl":"https:\/\/pharmabog.hu\/wp-content\/uploads\/2025\/07\/IMG_5173.jpg","width":1600,"height":1200},{"@type":"BreadcrumbList","@id":"https:\/\/pharmabog.hu\/product\/cs-2200-intraoralis-falikaros-rontgen-keszulek\/#breadcrumb","itemListElement":[{"@type":"ListItem","position":1,"name":"Kezd\u0151lap","item":"https:\/\/pharmabog.hu\/"},{"@type":"ListItem","position":2,"name":"Shop","item":"https:\/\/pharmabog.hu\/shop\/"},{"@type":"ListItem","position":3,"name":"CS 2200 intraor\u00e1lis falikaros r\u00f6ntgen k\u00e9sz\u00fcl\u00e9k"}]},{"@type":"WebSite","@id":"https:\/\/pharmabog.hu\/#website","url":"https:\/\/pharmabog.hu\/","name":"Pharmabog Ltd. - Zahnbehandlungseinheit","description":"","publisher":{"@id":"https:\/\/pharmabog.hu\/#organization"},"potentialAction":[{"@type":"SearchAction","target":{"@type":"EntryPoint","urlTemplate":"https:\/\/pharmabog.hu\/?s={search_term_string}"},"query-input":{"@type":"PropertyValueSpecification","valueRequired":true,"valueName":"search_term_string"}}],"inLanguage":"de"},{"@type":"Organization","@id":"https:\/\/pharmabog.hu\/#organization","name":"Pharmabog Ltd. - Zahnbehandlungseinheit","url":"https:\/\/pharmabog.hu\/","logo":{"@type":"ImageObject","inLanguage":"de","@id":"https:\/\/pharmabog.hu\/#\/schema\/logo\/image\/","url":"https:\/\/pharmabog.hu\/wp-content\/uploads\/2025\/07\/cropped-logo-16-e1644481099702-4.png","contentUrl":"https:\/\/pharmabog.hu\/wp-content\/uploads\/2025\/07\/cropped-logo-16-e1644481099702-4.png","width":296,"height":87,"caption":"Pharmabog Kft. - Fog\u00e1szati kezel\u0151egys\u00e9g"},"image":{"@id":"https:\/\/pharmabog.hu\/#\/schema\/logo\/image\/"},"sameAs":["https:\/\/www.facebook.com\/pharmabog.hu"]}]}},"_links":{"self":[{"href":"https:\/\/pharmabog.hu\/de\/wp-json\/wp\/v2\/product\/478","targetHints":{"allow":["GET"]}}],"collection":[{"href":"https:\/\/pharmabog.hu\/de\/wp-json\/wp\/v2\/product"}],"about":[{"href":"https:\/\/pharmabog.hu\/de\/wp-json\/wp\/v2\/types\/product"}],"replies":[{"embeddable":true,"href":"https:\/\/pharmabog.hu\/de\/wp-json\/wp\/v2\/comments?post=478"}],"wp:featuredmedia":[{"embeddable":true,"href":"https:\/\/pharmabog.hu\/de\/wp-json\/wp\/v2\/media\/509"}],"wp:attachment":[{"href":"https:\/\/pharmabog.hu\/de\/wp-json\/wp\/v2\/media?parent=478"}],"wp:term":[{"taxonomy":"product_brand","embeddable":true,"href":"https:\/\/pharmabog.hu\/de\/wp-json\/wp\/v2\/product_brand?post=478"},{"taxonomy":"product_cat","embeddable":true,"href":"https:\/\/pharmabog.hu\/de\/wp-json\/wp\/v2\/product_cat?post=478"},{"taxonomy":"product_tag","embeddable":true,"href":"https:\/\/pharmabog.hu\/de\/wp-json\/wp\/v2\/product_tag?post=478"}],"curies":[{"name":"wp","href":"https:\/\/api.w.org\/{rel}","templated":true}]}}