{"id":477,"date":"2025-07-22T11:01:22","date_gmt":"2025-07-22T11:01:22","guid":{"rendered":"https:\/\/pharmabog.hu\/?post_type=product&#038;p=477"},"modified":"2025-07-22T11:01:27","modified_gmt":"2025-07-22T11:01:27","slug":"metasys-br-biofilm-tisztitas","status":"publish","type":"product","link":"https:\/\/pharmabog.hu\/de\/product\/metasys-br-biofilm-tisztitas\/","title":{"rendered":"METASYS BR Biofilmreinigung"},"content":{"rendered":"<p style=\"font-weight: 400;\">A <strong>biofilm<\/strong> mikroorganizmusokb\u00f3l keletkez\u0151 t\u00f6bbr\u00e9teg\u0171, ny\u00e1lk\u00e1s bevonat, mely a v\u00edzrendszerek, t\u00f6ml\u0151k bels\u0151 fal\u00e1n megtelepedve folyamatosan vastagszik. Ez az \u00f6sszetett strukt\u00fara nem nagyon sz\u00fcntethet\u0151 meg hagyom\u00e1nyos fert\u0151tlen\u00edt\u0151szerekkel, mivel azok csak \u00e1tmenetileg \u00e9s csak a legfels\u0151 r\u00e9tegre n\u00e9zve hat\u00e1sosak, r\u00e1ad\u00e1sul kis darabokat kiszak\u00edtva a biofilmb\u0151l elt\u00f6m\u00edthetik a v\u00e9kony cs\u00f6veket.<\/p>\n<p style=\"font-weight: 400;\">El\u0151sz\u00f6r elt\u00e1vol\u00edtjuk az \u00e9vek alatt felgy\u00fclemlett biofilmet. Ezt a proced\u00far\u00e1t egy speci\u00e1lis vegyszerrel<strong>, <\/strong>METASYS GREEN&amp;CLEAN BR-rel \u00e9s a METASYS BR (Biofilm Removal) k\u00e9sz\u00fcl\u00e9kkel v\u00e9gezz\u00fck. A kezel\u0151egys\u00e9get kik\u00f6tj\u00fck a h\u00e1l\u00f3zati v\u00edzr\u0151l, \u00e9s a BR k\u00e9sz\u00fcl\u00e9kre csatlakoztatjuk. A BR g\u00e9p seg\u00edts\u00e9g\u00e9vel el\u00e1rasztjuk a kezel\u0151egys\u00e9g teljes v\u00edzrendszer\u00e9t a lila sz\u00edn\u0171 BR folyad\u00e9kkal. A sz\u00edn inform\u00e1ci\u00f3: innen l\u00e1tni, hogy a folyad\u00e9k \u00e1tj\u00e1rta az eg\u00e9sz g\u00e9pet &#8211; lila folyad\u00e9k j\u00f6n a poh\u00e1rt\u00f6lt\u0151b\u0151l, t\u00e1l\u00f6bl\u00edt\u00e9sb\u0151l \u00e9s az \u00f6sszes instrumentb\u0151l. A GREEN&amp;CLEAN BR hidrog\u00e9n-peroxidot tartalmaz\u00f3 oldat, 3,3 pH \u00e9rt\u00e9ke r\u00e9v\u00e9n lev\u00e1lasztja a biofilm k\u00fcls\u0151 hidr\u00e1t r\u00e9teg\u00e9t, \u00e9s \u00edgy oxid\u00e1lni k\u00e9pes. \u00cdgy tud a GREEN&amp;CLEAN BR eljutni a cs\u00f6vek bels\u0151 fal\u00e1ig, \u00e9s k\u00e9pes onnan lev\u00e1lasztani a r\u00e1rak\u00f3dott filmet, majd fert\u0151tlen\u00edteni azt (kb. 40 perc). V\u00e9g\u00fcl az \u00fajra r\u00e1k\u00f6t\u00f6tt v\u00edzzel alaposan \u00e1tmossuk, majd sz\u00e1raz leveg\u0151vel \u00e1tf\u00fajatjuk a kezel\u0151egys\u00e9get.<\/p>\n<p style=\"font-weight: 400;\">Ez az elj\u00e1r\u00e1s b\u00e1rmely kezel\u0151egys\u00e9gn\u00e9l hat\u00e1sosan alkalmazhat\u00f3 \u00fagy, hogy k\u00f6zben nem k\u00e1ros\u00edtja azt.<\/p>\n<p style=\"font-weight: 400;\">Ezut\u00e1n a kezel\u00e9s ut\u00e1n gyakorlatilag b\u00e1rmikor biztons\u00e1ggal \u00e9s probl\u00e9mamentesen el tud kezdeni dolgozni, a k\u00e9sz\u00fcl\u00e9keivel.<\/p>","protected":false},"excerpt":{"rendered":"<p>Das Ger\u00e4t dient zur Desinfektion von Wasserleitungen, und das speziell f\u00fcr dieses Ger\u00e4t entwickelte Produkt GREEN&amp;CLEAN BR entfernt den vorhandenen Biofilm in nur 30 Minuten.<\/p>\n<p style=\"font-weight: 400;\"><strong>Der Preis f\u00fcr die Biofilmbehandlung betr\u00e4gt 200,- \u20ac + 27% MwSt.<\/strong><\/p>","protected":false},"featured_media":508,"comment_status":"closed","ping_status":"closed","template":"","meta":[],"product_brand":[],"product_cat":[48],"product_tag":[],"class_list":{"0":"post-477","1":"product","2":"type-product","3":"status-publish","4":"has-post-thumbnail","6":"product_cat-uncategorized","8":"first","9":"instock","10":"shipping-taxable","11":"product-type-simple"},"yoast_head":"<!-- This site is optimized with the Yoast SEO plugin v25.5 - https:\/\/yoast.com\/wordpress\/plugins\/seo\/ -->\n<title>METASYS BR biofilm tiszt\u00edt\u00e1s - Pharmabog Kft. - Fog\u00e1szati kezel\u0151egys\u00e9g<\/title>\n<meta name=\"robots\" content=\"index, follow, max-snippet:-1, max-image-preview:large, max-video-preview:-1\" \/>\n<link rel=\"canonical\" href=\"https:\/\/pharmabog.hu\/de\/product\/metasys-br-biofilm-tisztitas\/\" \/>\n<meta property=\"og:locale\" content=\"de_DE\" \/>\n<meta property=\"og:type\" content=\"article\" \/>\n<meta property=\"og:title\" content=\"METASYS BR biofilm tiszt\u00edt\u00e1s - Pharmabog Kft. - Fog\u00e1szati kezel\u0151egys\u00e9g\" \/>\n<meta property=\"og:description\" content=\"A k\u00e9sz\u00fcl\u00e9kkel a v\u00edzsz\u00e1ll\u00edt\u00f3 cs\u00f6vek fert\u0151tlen\u00edt\u00e9s\u00e9t v\u00e9gezz\u00fck, a speci\u00e1lisan erre az eszk\u00f6zre szabott GREEN&amp;CLEAN BR k\u00e9sz\u00edtm\u00e9nnyel mind\u00f6ssze 30 perc alatt elt\u00e1vol\u00edtjuk a megl\u00e9v\u0151 biofilmet. A biofilm kezel\u00e9s \u00e1ra 200,-\u20ac + 27% \u00c1fa\" \/>\n<meta property=\"og:url\" content=\"https:\/\/pharmabog.hu\/de\/product\/metasys-br-biofilm-tisztitas\/\" \/>\n<meta property=\"og:site_name\" content=\"Pharmabog Kft. - Fog\u00e1szati kezel\u0151egys\u00e9g\" \/>\n<meta property=\"article:publisher\" content=\"https:\/\/www.facebook.com\/pharmabog.hu\" \/>\n<meta property=\"article:modified_time\" content=\"2025-07-22T11:01:27+00:00\" \/>\n<meta property=\"og:image\" content=\"https:\/\/pharmabog.hu\/wp-content\/uploads\/2025\/07\/40050501_BR_biofilm_removal_system_right_w.jpg\" \/>\n\t<meta property=\"og:image:width\" content=\"1000\" \/>\n\t<meta property=\"og:image:height\" content=\"667\" \/>\n\t<meta property=\"og:image:type\" content=\"image\/jpeg\" \/>\n<meta name=\"twitter:card\" content=\"summary_large_image\" \/>\n<meta name=\"twitter:label1\" content=\"Gesch\u00e4tzte Lesezeit\" \/>\n\t<meta name=\"twitter:data1\" content=\"2\u00a0Minuten\" \/>\n<script type=\"application\/ld+json\" class=\"yoast-schema-graph\">{\"@context\":\"https:\/\/schema.org\",\"@graph\":[{\"@type\":\"WebPage\",\"@id\":\"https:\/\/pharmabog.hu\/product\/metasys-br-biofilm-tisztitas\/\",\"url\":\"https:\/\/pharmabog.hu\/product\/metasys-br-biofilm-tisztitas\/\",\"name\":\"METASYS BR biofilm tiszt\u00edt\u00e1s - Pharmabog Kft. - Fog\u00e1szati kezel\u0151egys\u00e9g\",\"isPartOf\":{\"@id\":\"https:\/\/pharmabog.hu\/#website\"},\"primaryImageOfPage\":{\"@id\":\"https:\/\/pharmabog.hu\/product\/metasys-br-biofilm-tisztitas\/#primaryimage\"},\"image\":{\"@id\":\"https:\/\/pharmabog.hu\/product\/metasys-br-biofilm-tisztitas\/#primaryimage\"},\"thumbnailUrl\":\"https:\/\/pharmabog.hu\/wp-content\/uploads\/2025\/07\/40050501_BR_biofilm_removal_system_right_w.jpg\",\"datePublished\":\"2025-07-22T11:01:22+00:00\",\"dateModified\":\"2025-07-22T11:01:27+00:00\",\"breadcrumb\":{\"@id\":\"https:\/\/pharmabog.hu\/product\/metasys-br-biofilm-tisztitas\/#breadcrumb\"},\"inLanguage\":\"de\",\"potentialAction\":[{\"@type\":\"ReadAction\",\"target\":[\"https:\/\/pharmabog.hu\/product\/metasys-br-biofilm-tisztitas\/\"]}]},{\"@type\":\"ImageObject\",\"inLanguage\":\"de\",\"@id\":\"https:\/\/pharmabog.hu\/product\/metasys-br-biofilm-tisztitas\/#primaryimage\",\"url\":\"https:\/\/pharmabog.hu\/wp-content\/uploads\/2025\/07\/40050501_BR_biofilm_removal_system_right_w.jpg\",\"contentUrl\":\"https:\/\/pharmabog.hu\/wp-content\/uploads\/2025\/07\/40050501_BR_biofilm_removal_system_right_w.jpg\",\"width\":1000,\"height\":667},{\"@type\":\"BreadcrumbList\",\"@id\":\"https:\/\/pharmabog.hu\/product\/metasys-br-biofilm-tisztitas\/#breadcrumb\",\"itemListElement\":[{\"@type\":\"ListItem\",\"position\":1,\"name\":\"Kezd\u0151lap\",\"item\":\"https:\/\/pharmabog.hu\/\"},{\"@type\":\"ListItem\",\"position\":2,\"name\":\"Shop\",\"item\":\"https:\/\/pharmabog.hu\/shop\/\"},{\"@type\":\"ListItem\",\"position\":3,\"name\":\"METASYS BR biofilm tiszt\u00edt\u00e1s\"}]},{\"@type\":\"WebSite\",\"@id\":\"https:\/\/pharmabog.hu\/#website\",\"url\":\"https:\/\/pharmabog.hu\/\",\"name\":\"Pharmabog Kft. - Fog\u00e1szati kezel\u0151egys\u00e9g\",\"description\":\"\",\"publisher\":{\"@id\":\"https:\/\/pharmabog.hu\/#organization\"},\"potentialAction\":[{\"@type\":\"SearchAction\",\"target\":{\"@type\":\"EntryPoint\",\"urlTemplate\":\"https:\/\/pharmabog.hu\/?s={search_term_string}\"},\"query-input\":{\"@type\":\"PropertyValueSpecification\",\"valueRequired\":true,\"valueName\":\"search_term_string\"}}],\"inLanguage\":\"de\"},{\"@type\":\"Organization\",\"@id\":\"https:\/\/pharmabog.hu\/#organization\",\"name\":\"Pharmabog Kft. - Fog\u00e1szati kezel\u0151egys\u00e9g\",\"url\":\"https:\/\/pharmabog.hu\/\",\"logo\":{\"@type\":\"ImageObject\",\"inLanguage\":\"de\",\"@id\":\"https:\/\/pharmabog.hu\/#\/schema\/logo\/image\/\",\"url\":\"https:\/\/pharmabog.hu\/wp-content\/uploads\/2025\/07\/cropped-logo-16-e1644481099702-4.png\",\"contentUrl\":\"https:\/\/pharmabog.hu\/wp-content\/uploads\/2025\/07\/cropped-logo-16-e1644481099702-4.png\",\"width\":296,\"height\":87,\"caption\":\"Pharmabog Kft. - Fog\u00e1szati kezel\u0151egys\u00e9g\"},\"image\":{\"@id\":\"https:\/\/pharmabog.hu\/#\/schema\/logo\/image\/\"},\"sameAs\":[\"https:\/\/www.facebook.com\/pharmabog.hu\"]}]}<\/script>\n<!-- \/ Yoast SEO plugin. -->","yoast_head_json":{"title":"METASYS BR biofilm tiszt\u00edt\u00e1s - Pharmabog Kft. - Fog\u00e1szati kezel\u0151egys\u00e9g","robots":{"index":"index","follow":"follow","max-snippet":"max-snippet:-1","max-image-preview":"max-image-preview:large","max-video-preview":"max-video-preview:-1"},"canonical":"https:\/\/pharmabog.hu\/de\/product\/metasys-br-biofilm-tisztitas\/","og_locale":"de_DE","og_type":"article","og_title":"METASYS BR biofilm tiszt\u00edt\u00e1s - Pharmabog Kft. - Fog\u00e1szati kezel\u0151egys\u00e9g","og_description":"A k\u00e9sz\u00fcl\u00e9kkel a v\u00edzsz\u00e1ll\u00edt\u00f3 cs\u00f6vek fert\u0151tlen\u00edt\u00e9s\u00e9t v\u00e9gezz\u00fck, a speci\u00e1lisan erre az eszk\u00f6zre szabott GREEN&amp;CLEAN BR k\u00e9sz\u00edtm\u00e9nnyel mind\u00f6ssze 30 perc alatt elt\u00e1vol\u00edtjuk a megl\u00e9v\u0151 biofilmet. A biofilm kezel\u00e9s \u00e1ra 200,-\u20ac + 27% \u00c1fa","og_url":"https:\/\/pharmabog.hu\/de\/product\/metasys-br-biofilm-tisztitas\/","og_site_name":"Pharmabog Kft. - Fog\u00e1szati kezel\u0151egys\u00e9g","article_publisher":"https:\/\/www.facebook.com\/pharmabog.hu","article_modified_time":"2025-07-22T11:01:27+00:00","og_image":[{"width":1000,"height":667,"url":"https:\/\/pharmabog.hu\/wp-content\/uploads\/2025\/07\/40050501_BR_biofilm_removal_system_right_w.jpg","type":"image\/jpeg"}],"twitter_card":"summary_large_image","twitter_misc":{"Gesch\u00e4tzte Lesezeit":"2\u00a0Minuten"},"schema":{"@context":"https:\/\/schema.org","@graph":[{"@type":"WebPage","@id":"https:\/\/pharmabog.hu\/product\/metasys-br-biofilm-tisztitas\/","url":"https:\/\/pharmabog.hu\/product\/metasys-br-biofilm-tisztitas\/","name":"METASYS BR biofilm tiszt\u00edt\u00e1s - Pharmabog Kft. - Fog\u00e1szati kezel\u0151egys\u00e9g","isPartOf":{"@id":"https:\/\/pharmabog.hu\/#website"},"primaryImageOfPage":{"@id":"https:\/\/pharmabog.hu\/product\/metasys-br-biofilm-tisztitas\/#primaryimage"},"image":{"@id":"https:\/\/pharmabog.hu\/product\/metasys-br-biofilm-tisztitas\/#primaryimage"},"thumbnailUrl":"https:\/\/pharmabog.hu\/wp-content\/uploads\/2025\/07\/40050501_BR_biofilm_removal_system_right_w.jpg","datePublished":"2025-07-22T11:01:22+00:00","dateModified":"2025-07-22T11:01:27+00:00","breadcrumb":{"@id":"https:\/\/pharmabog.hu\/product\/metasys-br-biofilm-tisztitas\/#breadcrumb"},"inLanguage":"de","potentialAction":[{"@type":"ReadAction","target":["https:\/\/pharmabog.hu\/product\/metasys-br-biofilm-tisztitas\/"]}]},{"@type":"ImageObject","inLanguage":"de","@id":"https:\/\/pharmabog.hu\/product\/metasys-br-biofilm-tisztitas\/#primaryimage","url":"https:\/\/pharmabog.hu\/wp-content\/uploads\/2025\/07\/40050501_BR_biofilm_removal_system_right_w.jpg","contentUrl":"https:\/\/pharmabog.hu\/wp-content\/uploads\/2025\/07\/40050501_BR_biofilm_removal_system_right_w.jpg","width":1000,"height":667},{"@type":"BreadcrumbList","@id":"https:\/\/pharmabog.hu\/product\/metasys-br-biofilm-tisztitas\/#breadcrumb","itemListElement":[{"@type":"ListItem","position":1,"name":"Kezd\u0151lap","item":"https:\/\/pharmabog.hu\/"},{"@type":"ListItem","position":2,"name":"Shop","item":"https:\/\/pharmabog.hu\/shop\/"},{"@type":"ListItem","position":3,"name":"METASYS BR biofilm tiszt\u00edt\u00e1s"}]},{"@type":"WebSite","@id":"https:\/\/pharmabog.hu\/#website","url":"https:\/\/pharmabog.hu\/","name":"Pharmabog Ltd. - Zahnbehandlungseinheit","description":"","publisher":{"@id":"https:\/\/pharmabog.hu\/#organization"},"potentialAction":[{"@type":"SearchAction","target":{"@type":"EntryPoint","urlTemplate":"https:\/\/pharmabog.hu\/?s={search_term_string}"},"query-input":{"@type":"PropertyValueSpecification","valueRequired":true,"valueName":"search_term_string"}}],"inLanguage":"de"},{"@type":"Organization","@id":"https:\/\/pharmabog.hu\/#organization","name":"Pharmabog Ltd. - Zahnbehandlungseinheit","url":"https:\/\/pharmabog.hu\/","logo":{"@type":"ImageObject","inLanguage":"de","@id":"https:\/\/pharmabog.hu\/#\/schema\/logo\/image\/","url":"https:\/\/pharmabog.hu\/wp-content\/uploads\/2025\/07\/cropped-logo-16-e1644481099702-4.png","contentUrl":"https:\/\/pharmabog.hu\/wp-content\/uploads\/2025\/07\/cropped-logo-16-e1644481099702-4.png","width":296,"height":87,"caption":"Pharmabog Kft. - Fog\u00e1szati kezel\u0151egys\u00e9g"},"image":{"@id":"https:\/\/pharmabog.hu\/#\/schema\/logo\/image\/"},"sameAs":["https:\/\/www.facebook.com\/pharmabog.hu"]}]}},"_links":{"self":[{"href":"https:\/\/pharmabog.hu\/de\/wp-json\/wp\/v2\/product\/477","targetHints":{"allow":["GET"]}}],"collection":[{"href":"https:\/\/pharmabog.hu\/de\/wp-json\/wp\/v2\/product"}],"about":[{"href":"https:\/\/pharmabog.hu\/de\/wp-json\/wp\/v2\/types\/product"}],"replies":[{"embeddable":true,"href":"https:\/\/pharmabog.hu\/de\/wp-json\/wp\/v2\/comments?post=477"}],"wp:featuredmedia":[{"embeddable":true,"href":"https:\/\/pharmabog.hu\/de\/wp-json\/wp\/v2\/media\/508"}],"wp:attachment":[{"href":"https:\/\/pharmabog.hu\/de\/wp-json\/wp\/v2\/media?parent=477"}],"wp:term":[{"taxonomy":"product_brand","embeddable":true,"href":"https:\/\/pharmabog.hu\/de\/wp-json\/wp\/v2\/product_brand?post=477"},{"taxonomy":"product_cat","embeddable":true,"href":"https:\/\/pharmabog.hu\/de\/wp-json\/wp\/v2\/product_cat?post=477"},{"taxonomy":"product_tag","embeddable":true,"href":"https:\/\/pharmabog.hu\/de\/wp-json\/wp\/v2\/product_tag?post=477"}],"curies":[{"name":"wp","href":"https:\/\/api.w.org\/{rel}","templated":true}]}}