{"id":476,"date":"2025-07-22T11:01:22","date_gmt":"2025-07-22T11:01:22","guid":{"rendered":"https:\/\/pharmabog.hu\/?post_type=product&#038;p=476"},"modified":"2025-07-22T11:01:27","modified_gmt":"2025-07-22T11:01:27","slug":"durr-fd-360-karpittisztito-250-ml","status":"publish","type":"product","link":"https:\/\/pharmabog.hu\/de\/product\/durr-fd-360-karpittisztito-250-ml\/","title":{"rendered":"D\u00fcrr FD 360 Polsterreiniger 250 ml"},"content":{"rendered":"","protected":false},"excerpt":{"rendered":"<p>L\u00f6sung f\u00fcr die Pflege und Reinigung von Polsterm\u00f6beln.<\/p>\n<p>erh\u00e4lt die Haltbarkeit der Polsterung bei gleichzeitiger Reinigung und Pflege<br \/>\nIntensive Reinigungswirkung: Entfernt Schmutz, Verf\u00e4rbungen und Ablagerungen.<\/p>\n<p><strong>Preis: 40 \u20ac + 27% MwSt. Brutto: 51 \u20ac<\/strong><\/p>","protected":false},"featured_media":507,"comment_status":"closed","ping_status":"closed","template":"","meta":[],"product_brand":[],"product_cat":[48],"product_tag":[],"class_list":{"0":"post-476","1":"product","2":"type-product","3":"status-publish","4":"has-post-thumbnail","6":"product_cat-uncategorized","8":"first","9":"instock","10":"shipping-taxable","11":"product-type-simple"},"yoast_head":"<!-- This site is optimized with the Yoast SEO plugin v25.5 - https:\/\/yoast.com\/wordpress\/plugins\/seo\/ -->\n<title>D\u00fcrr FD 360 k\u00e1rpittiszt\u00edt\u00f3 250 ml - Pharmabog Kft. - Fog\u00e1szati kezel\u0151egys\u00e9g<\/title>\n<meta name=\"robots\" content=\"index, follow, max-snippet:-1, max-image-preview:large, max-video-preview:-1\" \/>\n<link rel=\"canonical\" href=\"https:\/\/pharmabog.hu\/de\/product\/durr-fd-360-karpittisztito-250-ml\/\" \/>\n<meta property=\"og:locale\" content=\"de_DE\" \/>\n<meta property=\"og:type\" content=\"article\" \/>\n<meta property=\"og:title\" content=\"D\u00fcrr FD 360 k\u00e1rpittiszt\u00edt\u00f3 250 ml - Pharmabog Kft. - Fog\u00e1szati kezel\u0151egys\u00e9g\" \/>\n<meta property=\"og:description\" content=\"K\u00e1rpitok \u00e1pol\u00e1s\u00e1ra \u00e9s tiszt\u00edt\u00e1s\u00e1ra szolg\u00e1l\u00f3 oldat.  meg\u0151rzi a k\u00e1rpit tart\u00f3ss\u00e1g\u00e1t, mik\u00f6zben tiszt\u00edtja illetve \u00e1polja azt intenz\u00edv tiszt\u00edt\u00f3 hat\u00e1s: elt\u00e1vol\u00edt minden szennyez\u0151d\u00e9st, elsz\u00ednez\u0151d\u00e9st \u00e9s r\u00e1cot  \u00c1r: 40,-\u20ac+ 27% \u00c1fa Brutt\u00f3: 51,-\u20ac\" \/>\n<meta property=\"og:url\" content=\"https:\/\/pharmabog.hu\/de\/product\/durr-fd-360-karpittisztito-250-ml\/\" \/>\n<meta property=\"og:site_name\" content=\"Pharmabog Kft. - Fog\u00e1szati kezel\u0151egys\u00e9g\" \/>\n<meta property=\"article:publisher\" content=\"https:\/\/www.facebook.com\/pharmabog.hu\" \/>\n<meta property=\"article:modified_time\" content=\"2025-07-22T11:01:27+00:00\" \/>\n<meta property=\"og:image\" content=\"https:\/\/pharmabog.hu\/wp-content\/uploads\/2025\/07\/CCF360C3550_LS.jpg\" \/>\n\t<meta property=\"og:image:width\" content=\"1000\" \/>\n\t<meta property=\"og:image:height\" content=\"1000\" \/>\n\t<meta property=\"og:image:type\" content=\"image\/jpeg\" \/>\n<meta name=\"twitter:card\" content=\"summary_large_image\" \/>\n<meta name=\"twitter:label1\" content=\"Gesch\u00e4tzte Lesezeit\" \/>\n\t<meta name=\"twitter:data1\" content=\"1\u00a0Minute\" \/>\n<script type=\"application\/ld+json\" class=\"yoast-schema-graph\">{\"@context\":\"https:\/\/schema.org\",\"@graph\":[{\"@type\":\"WebPage\",\"@id\":\"https:\/\/pharmabog.hu\/product\/durr-fd-360-karpittisztito-250-ml\/\",\"url\":\"https:\/\/pharmabog.hu\/product\/durr-fd-360-karpittisztito-250-ml\/\",\"name\":\"D\u00fcrr FD 360 k\u00e1rpittiszt\u00edt\u00f3 250 ml - Pharmabog Kft. - Fog\u00e1szati kezel\u0151egys\u00e9g\",\"isPartOf\":{\"@id\":\"https:\/\/pharmabog.hu\/#website\"},\"primaryImageOfPage\":{\"@id\":\"https:\/\/pharmabog.hu\/product\/durr-fd-360-karpittisztito-250-ml\/#primaryimage\"},\"image\":{\"@id\":\"https:\/\/pharmabog.hu\/product\/durr-fd-360-karpittisztito-250-ml\/#primaryimage\"},\"thumbnailUrl\":\"https:\/\/pharmabog.hu\/wp-content\/uploads\/2025\/07\/CCF360C3550_LS.jpg\",\"datePublished\":\"2025-07-22T11:01:22+00:00\",\"dateModified\":\"2025-07-22T11:01:27+00:00\",\"breadcrumb\":{\"@id\":\"https:\/\/pharmabog.hu\/product\/durr-fd-360-karpittisztito-250-ml\/#breadcrumb\"},\"inLanguage\":\"de\",\"potentialAction\":[{\"@type\":\"ReadAction\",\"target\":[\"https:\/\/pharmabog.hu\/product\/durr-fd-360-karpittisztito-250-ml\/\"]}]},{\"@type\":\"ImageObject\",\"inLanguage\":\"de\",\"@id\":\"https:\/\/pharmabog.hu\/product\/durr-fd-360-karpittisztito-250-ml\/#primaryimage\",\"url\":\"https:\/\/pharmabog.hu\/wp-content\/uploads\/2025\/07\/CCF360C3550_LS.jpg\",\"contentUrl\":\"https:\/\/pharmabog.hu\/wp-content\/uploads\/2025\/07\/CCF360C3550_LS.jpg\",\"width\":1000,\"height\":1000},{\"@type\":\"BreadcrumbList\",\"@id\":\"https:\/\/pharmabog.hu\/product\/durr-fd-360-karpittisztito-250-ml\/#breadcrumb\",\"itemListElement\":[{\"@type\":\"ListItem\",\"position\":1,\"name\":\"Kezd\u0151lap\",\"item\":\"https:\/\/pharmabog.hu\/\"},{\"@type\":\"ListItem\",\"position\":2,\"name\":\"Shop\",\"item\":\"https:\/\/pharmabog.hu\/shop\/\"},{\"@type\":\"ListItem\",\"position\":3,\"name\":\"D\u00fcrr FD 360 k\u00e1rpittiszt\u00edt\u00f3 250 ml\"}]},{\"@type\":\"WebSite\",\"@id\":\"https:\/\/pharmabog.hu\/#website\",\"url\":\"https:\/\/pharmabog.hu\/\",\"name\":\"Pharmabog Kft. - Fog\u00e1szati kezel\u0151egys\u00e9g\",\"description\":\"\",\"publisher\":{\"@id\":\"https:\/\/pharmabog.hu\/#organization\"},\"potentialAction\":[{\"@type\":\"SearchAction\",\"target\":{\"@type\":\"EntryPoint\",\"urlTemplate\":\"https:\/\/pharmabog.hu\/?s={search_term_string}\"},\"query-input\":{\"@type\":\"PropertyValueSpecification\",\"valueRequired\":true,\"valueName\":\"search_term_string\"}}],\"inLanguage\":\"de\"},{\"@type\":\"Organization\",\"@id\":\"https:\/\/pharmabog.hu\/#organization\",\"name\":\"Pharmabog Kft. - Fog\u00e1szati kezel\u0151egys\u00e9g\",\"url\":\"https:\/\/pharmabog.hu\/\",\"logo\":{\"@type\":\"ImageObject\",\"inLanguage\":\"de\",\"@id\":\"https:\/\/pharmabog.hu\/#\/schema\/logo\/image\/\",\"url\":\"https:\/\/pharmabog.hu\/wp-content\/uploads\/2025\/07\/cropped-logo-16-e1644481099702-4.png\",\"contentUrl\":\"https:\/\/pharmabog.hu\/wp-content\/uploads\/2025\/07\/cropped-logo-16-e1644481099702-4.png\",\"width\":296,\"height\":87,\"caption\":\"Pharmabog Kft. - Fog\u00e1szati kezel\u0151egys\u00e9g\"},\"image\":{\"@id\":\"https:\/\/pharmabog.hu\/#\/schema\/logo\/image\/\"},\"sameAs\":[\"https:\/\/www.facebook.com\/pharmabog.hu\"]}]}<\/script>\n<!-- \/ Yoast SEO plugin. -->","yoast_head_json":{"title":"D\u00fcrr FD 360 k\u00e1rpittiszt\u00edt\u00f3 250 ml - Pharmabog Kft. - Fog\u00e1szati kezel\u0151egys\u00e9g","robots":{"index":"index","follow":"follow","max-snippet":"max-snippet:-1","max-image-preview":"max-image-preview:large","max-video-preview":"max-video-preview:-1"},"canonical":"https:\/\/pharmabog.hu\/de\/product\/durr-fd-360-karpittisztito-250-ml\/","og_locale":"de_DE","og_type":"article","og_title":"D\u00fcrr FD 360 k\u00e1rpittiszt\u00edt\u00f3 250 ml - Pharmabog Kft. - Fog\u00e1szati kezel\u0151egys\u00e9g","og_description":"K\u00e1rpitok \u00e1pol\u00e1s\u00e1ra \u00e9s tiszt\u00edt\u00e1s\u00e1ra szolg\u00e1l\u00f3 oldat.  meg\u0151rzi a k\u00e1rpit tart\u00f3ss\u00e1g\u00e1t, mik\u00f6zben tiszt\u00edtja illetve \u00e1polja azt intenz\u00edv tiszt\u00edt\u00f3 hat\u00e1s: elt\u00e1vol\u00edt minden szennyez\u0151d\u00e9st, elsz\u00ednez\u0151d\u00e9st \u00e9s r\u00e1cot  \u00c1r: 40,-\u20ac+ 27% \u00c1fa Brutt\u00f3: 51,-\u20ac","og_url":"https:\/\/pharmabog.hu\/de\/product\/durr-fd-360-karpittisztito-250-ml\/","og_site_name":"Pharmabog Kft. - Fog\u00e1szati kezel\u0151egys\u00e9g","article_publisher":"https:\/\/www.facebook.com\/pharmabog.hu","article_modified_time":"2025-07-22T11:01:27+00:00","og_image":[{"width":1000,"height":1000,"url":"https:\/\/pharmabog.hu\/wp-content\/uploads\/2025\/07\/CCF360C3550_LS.jpg","type":"image\/jpeg"}],"twitter_card":"summary_large_image","twitter_misc":{"Gesch\u00e4tzte Lesezeit":"1\u00a0Minute"},"schema":{"@context":"https:\/\/schema.org","@graph":[{"@type":"WebPage","@id":"https:\/\/pharmabog.hu\/product\/durr-fd-360-karpittisztito-250-ml\/","url":"https:\/\/pharmabog.hu\/product\/durr-fd-360-karpittisztito-250-ml\/","name":"D\u00fcrr FD 360 k\u00e1rpittiszt\u00edt\u00f3 250 ml - Pharmabog Kft. - Fog\u00e1szati kezel\u0151egys\u00e9g","isPartOf":{"@id":"https:\/\/pharmabog.hu\/#website"},"primaryImageOfPage":{"@id":"https:\/\/pharmabog.hu\/product\/durr-fd-360-karpittisztito-250-ml\/#primaryimage"},"image":{"@id":"https:\/\/pharmabog.hu\/product\/durr-fd-360-karpittisztito-250-ml\/#primaryimage"},"thumbnailUrl":"https:\/\/pharmabog.hu\/wp-content\/uploads\/2025\/07\/CCF360C3550_LS.jpg","datePublished":"2025-07-22T11:01:22+00:00","dateModified":"2025-07-22T11:01:27+00:00","breadcrumb":{"@id":"https:\/\/pharmabog.hu\/product\/durr-fd-360-karpittisztito-250-ml\/#breadcrumb"},"inLanguage":"de","potentialAction":[{"@type":"ReadAction","target":["https:\/\/pharmabog.hu\/product\/durr-fd-360-karpittisztito-250-ml\/"]}]},{"@type":"ImageObject","inLanguage":"de","@id":"https:\/\/pharmabog.hu\/product\/durr-fd-360-karpittisztito-250-ml\/#primaryimage","url":"https:\/\/pharmabog.hu\/wp-content\/uploads\/2025\/07\/CCF360C3550_LS.jpg","contentUrl":"https:\/\/pharmabog.hu\/wp-content\/uploads\/2025\/07\/CCF360C3550_LS.jpg","width":1000,"height":1000},{"@type":"BreadcrumbList","@id":"https:\/\/pharmabog.hu\/product\/durr-fd-360-karpittisztito-250-ml\/#breadcrumb","itemListElement":[{"@type":"ListItem","position":1,"name":"Kezd\u0151lap","item":"https:\/\/pharmabog.hu\/"},{"@type":"ListItem","position":2,"name":"Shop","item":"https:\/\/pharmabog.hu\/shop\/"},{"@type":"ListItem","position":3,"name":"D\u00fcrr FD 360 k\u00e1rpittiszt\u00edt\u00f3 250 ml"}]},{"@type":"WebSite","@id":"https:\/\/pharmabog.hu\/#website","url":"https:\/\/pharmabog.hu\/","name":"Pharmabog Ltd. - Zahnbehandlungseinheit","description":"","publisher":{"@id":"https:\/\/pharmabog.hu\/#organization"},"potentialAction":[{"@type":"SearchAction","target":{"@type":"EntryPoint","urlTemplate":"https:\/\/pharmabog.hu\/?s={search_term_string}"},"query-input":{"@type":"PropertyValueSpecification","valueRequired":true,"valueName":"search_term_string"}}],"inLanguage":"de"},{"@type":"Organization","@id":"https:\/\/pharmabog.hu\/#organization","name":"Pharmabog Ltd. - Zahnbehandlungseinheit","url":"https:\/\/pharmabog.hu\/","logo":{"@type":"ImageObject","inLanguage":"de","@id":"https:\/\/pharmabog.hu\/#\/schema\/logo\/image\/","url":"https:\/\/pharmabog.hu\/wp-content\/uploads\/2025\/07\/cropped-logo-16-e1644481099702-4.png","contentUrl":"https:\/\/pharmabog.hu\/wp-content\/uploads\/2025\/07\/cropped-logo-16-e1644481099702-4.png","width":296,"height":87,"caption":"Pharmabog Kft. - Fog\u00e1szati kezel\u0151egys\u00e9g"},"image":{"@id":"https:\/\/pharmabog.hu\/#\/schema\/logo\/image\/"},"sameAs":["https:\/\/www.facebook.com\/pharmabog.hu"]}]}},"_links":{"self":[{"href":"https:\/\/pharmabog.hu\/de\/wp-json\/wp\/v2\/product\/476","targetHints":{"allow":["GET"]}}],"collection":[{"href":"https:\/\/pharmabog.hu\/de\/wp-json\/wp\/v2\/product"}],"about":[{"href":"https:\/\/pharmabog.hu\/de\/wp-json\/wp\/v2\/types\/product"}],"replies":[{"embeddable":true,"href":"https:\/\/pharmabog.hu\/de\/wp-json\/wp\/v2\/comments?post=476"}],"wp:featuredmedia":[{"embeddable":true,"href":"https:\/\/pharmabog.hu\/de\/wp-json\/wp\/v2\/media\/507"}],"wp:attachment":[{"href":"https:\/\/pharmabog.hu\/de\/wp-json\/wp\/v2\/media?parent=476"}],"wp:term":[{"taxonomy":"product_brand","embeddable":true,"href":"https:\/\/pharmabog.hu\/de\/wp-json\/wp\/v2\/product_brand?post=476"},{"taxonomy":"product_cat","embeddable":true,"href":"https:\/\/pharmabog.hu\/de\/wp-json\/wp\/v2\/product_cat?post=476"},{"taxonomy":"product_tag","embeddable":true,"href":"https:\/\/pharmabog.hu\/de\/wp-json\/wp\/v2\/product_tag?post=476"}],"curies":[{"name":"wp","href":"https:\/\/api.w.org\/{rel}","templated":true}]}}