{"id":473,"date":"2025-07-22T11:01:22","date_gmt":"2025-07-22T11:01:22","guid":{"rendered":"https:\/\/pharmabog.hu\/?post_type=product&#038;p=473"},"modified":"2025-07-22T11:01:26","modified_gmt":"2025-07-22T11:01:26","slug":"durr-orotol-plus-elszivo-fertotlenito-koncentratum-25-liter","status":"publish","type":"product","link":"https:\/\/pharmabog.hu\/de\/product\/durr-orotol-plus-elszivo-fertotlenito-koncentratum-25-liter\/","title":{"rendered":"D\u00fcrr Orotal Plus Saugdesinfektionsmittelkonzentrat 2,5 Liter"},"content":{"rendered":"","protected":false},"excerpt":{"rendered":"<p>2,5 Liter Konzentrat, ausreichend f\u00fcr 125 Liter gebrauchsfertige L\u00f6sung<\/p>\n<p>Schaumfreies Fl\u00fcssigkonzentrat zur gleichzeitigen Desinfektion, Reinigung, Desodorierung und Pflege aller Arten von Absaugger\u00e4ten und Amalgamabscheidern<\/p>\n<p><strong>Preis: <span class=\"\">58,-<\/span><span class=\"\">\u20ac + 27% MwSt. Brutto: \u20ac74<\/span><\/strong><\/p>","protected":false},"featured_media":504,"comment_status":"closed","ping_status":"closed","template":"","meta":[],"product_brand":[],"product_cat":[48],"product_tag":[],"class_list":{"0":"post-473","1":"product","2":"type-product","3":"status-publish","4":"has-post-thumbnail","6":"product_cat-uncategorized","8":"first","9":"instock","10":"shipping-taxable","11":"purchasable","12":"product-type-simple"},"yoast_head":"<!-- This site is optimized with the Yoast SEO plugin v25.5 - https:\/\/yoast.com\/wordpress\/plugins\/seo\/ -->\n<title>D\u00fcrr Orotol Plus elsz\u00edv\u00f3 fert\u0151tlen\u00edt\u0151 koncentr\u00e1tum 2,5 liter - Pharmabog Kft. - Fog\u00e1szati kezel\u0151egys\u00e9g<\/title>\n<meta name=\"robots\" content=\"index, follow, max-snippet:-1, max-image-preview:large, max-video-preview:-1\" \/>\n<link rel=\"canonical\" href=\"https:\/\/pharmabog.hu\/de\/product\/durr-orotol-plus-elszivo-fertotlenito-koncentratum-25-liter\/\" \/>\n<meta property=\"og:locale\" content=\"de_DE\" \/>\n<meta property=\"og:type\" content=\"article\" \/>\n<meta property=\"og:title\" content=\"D\u00fcrr Orotol Plus elsz\u00edv\u00f3 fert\u0151tlen\u00edt\u0151 koncentr\u00e1tum 2,5 liter - Pharmabog Kft. - Fog\u00e1szati kezel\u0151egys\u00e9g\" \/>\n<meta property=\"og:description\" content=\"2,5 liter koncentr\u00e1tum, mely 125 liter haszn\u00e1latra k\u00e9sz oldathoz elegend\u0151  Habz\u00e1smentes foly\u00e9kony koncentr\u00e1tum mindenf\u00e9le elsz\u00edv\u00f3 berendez\u00e9s \u00e9s amalg\u00e1mszepar\u00e1torok egyidej\u0171 fert\u0151tlen\u00edt\u00e9s\u00e9re, tiszt\u00edt\u00e1s\u00e1ra, illatos\u00edt\u00e1s\u00e1ra \u00e9s \u00e1pol\u00e1s\u00e1ra  \u00c1r: 58,-\u20ac+ 27% \u00c1fa Brutt\u00f3: 74,-\u20ac\" \/>\n<meta property=\"og:url\" content=\"https:\/\/pharmabog.hu\/de\/product\/durr-orotol-plus-elszivo-fertotlenito-koncentratum-25-liter\/\" \/>\n<meta property=\"og:site_name\" content=\"Pharmabog Kft. - Fog\u00e1szati kezel\u0151egys\u00e9g\" \/>\n<meta property=\"article:publisher\" content=\"https:\/\/www.facebook.com\/pharmabog.hu\" \/>\n<meta property=\"article:modified_time\" content=\"2025-07-22T11:01:26+00:00\" \/>\n<meta property=\"og:image\" content=\"https:\/\/pharmabog.hu\/wp-content\/uploads\/2025\/07\/durr-orotol-plus.jpg\" \/>\n\t<meta property=\"og:image:width\" content=\"550\" \/>\n\t<meta property=\"og:image:height\" content=\"550\" \/>\n\t<meta property=\"og:image:type\" content=\"image\/jpeg\" \/>\n<meta name=\"twitter:card\" content=\"summary_large_image\" \/>\n<meta name=\"twitter:label1\" content=\"Gesch\u00e4tzte Lesezeit\" \/>\n\t<meta name=\"twitter:data1\" content=\"1\u00a0Minute\" \/>\n<script type=\"application\/ld+json\" class=\"yoast-schema-graph\">{\"@context\":\"https:\/\/schema.org\",\"@graph\":[{\"@type\":\"WebPage\",\"@id\":\"https:\/\/pharmabog.hu\/product\/durr-orotol-plus-elszivo-fertotlenito-koncentratum-25-liter\/\",\"url\":\"https:\/\/pharmabog.hu\/product\/durr-orotol-plus-elszivo-fertotlenito-koncentratum-25-liter\/\",\"name\":\"D\u00fcrr Orotol Plus elsz\u00edv\u00f3 fert\u0151tlen\u00edt\u0151 koncentr\u00e1tum 2,5 liter - Pharmabog Kft. - Fog\u00e1szati kezel\u0151egys\u00e9g\",\"isPartOf\":{\"@id\":\"https:\/\/pharmabog.hu\/#website\"},\"primaryImageOfPage\":{\"@id\":\"https:\/\/pharmabog.hu\/product\/durr-orotol-plus-elszivo-fertotlenito-koncentratum-25-liter\/#primaryimage\"},\"image\":{\"@id\":\"https:\/\/pharmabog.hu\/product\/durr-orotol-plus-elszivo-fertotlenito-koncentratum-25-liter\/#primaryimage\"},\"thumbnailUrl\":\"https:\/\/pharmabog.hu\/wp-content\/uploads\/2025\/07\/durr-orotol-plus.jpg\",\"datePublished\":\"2025-07-22T11:01:22+00:00\",\"dateModified\":\"2025-07-22T11:01:26+00:00\",\"breadcrumb\":{\"@id\":\"https:\/\/pharmabog.hu\/product\/durr-orotol-plus-elszivo-fertotlenito-koncentratum-25-liter\/#breadcrumb\"},\"inLanguage\":\"de\",\"potentialAction\":[{\"@type\":\"ReadAction\",\"target\":[\"https:\/\/pharmabog.hu\/product\/durr-orotol-plus-elszivo-fertotlenito-koncentratum-25-liter\/\"]}]},{\"@type\":\"ImageObject\",\"inLanguage\":\"de\",\"@id\":\"https:\/\/pharmabog.hu\/product\/durr-orotol-plus-elszivo-fertotlenito-koncentratum-25-liter\/#primaryimage\",\"url\":\"https:\/\/pharmabog.hu\/wp-content\/uploads\/2025\/07\/durr-orotol-plus.jpg\",\"contentUrl\":\"https:\/\/pharmabog.hu\/wp-content\/uploads\/2025\/07\/durr-orotol-plus.jpg\",\"width\":550,\"height\":550},{\"@type\":\"BreadcrumbList\",\"@id\":\"https:\/\/pharmabog.hu\/product\/durr-orotol-plus-elszivo-fertotlenito-koncentratum-25-liter\/#breadcrumb\",\"itemListElement\":[{\"@type\":\"ListItem\",\"position\":1,\"name\":\"Kezd\u0151lap\",\"item\":\"https:\/\/pharmabog.hu\/\"},{\"@type\":\"ListItem\",\"position\":2,\"name\":\"Shop\",\"item\":\"https:\/\/pharmabog.hu\/shop\/\"},{\"@type\":\"ListItem\",\"position\":3,\"name\":\"D\u00fcrr Orotol Plus elsz\u00edv\u00f3 fert\u0151tlen\u00edt\u0151 koncentr\u00e1tum 2,5 liter\"}]},{\"@type\":\"WebSite\",\"@id\":\"https:\/\/pharmabog.hu\/#website\",\"url\":\"https:\/\/pharmabog.hu\/\",\"name\":\"Pharmabog Kft. - Fog\u00e1szati kezel\u0151egys\u00e9g\",\"description\":\"\",\"publisher\":{\"@id\":\"https:\/\/pharmabog.hu\/#organization\"},\"potentialAction\":[{\"@type\":\"SearchAction\",\"target\":{\"@type\":\"EntryPoint\",\"urlTemplate\":\"https:\/\/pharmabog.hu\/?s={search_term_string}\"},\"query-input\":{\"@type\":\"PropertyValueSpecification\",\"valueRequired\":true,\"valueName\":\"search_term_string\"}}],\"inLanguage\":\"de\"},{\"@type\":\"Organization\",\"@id\":\"https:\/\/pharmabog.hu\/#organization\",\"name\":\"Pharmabog Kft. - Fog\u00e1szati kezel\u0151egys\u00e9g\",\"url\":\"https:\/\/pharmabog.hu\/\",\"logo\":{\"@type\":\"ImageObject\",\"inLanguage\":\"de\",\"@id\":\"https:\/\/pharmabog.hu\/#\/schema\/logo\/image\/\",\"url\":\"https:\/\/pharmabog.hu\/wp-content\/uploads\/2025\/07\/cropped-logo-16-e1644481099702-4.png\",\"contentUrl\":\"https:\/\/pharmabog.hu\/wp-content\/uploads\/2025\/07\/cropped-logo-16-e1644481099702-4.png\",\"width\":296,\"height\":87,\"caption\":\"Pharmabog Kft. - Fog\u00e1szati kezel\u0151egys\u00e9g\"},\"image\":{\"@id\":\"https:\/\/pharmabog.hu\/#\/schema\/logo\/image\/\"},\"sameAs\":[\"https:\/\/www.facebook.com\/pharmabog.hu\"]}]}<\/script>\n<!-- \/ Yoast SEO plugin. -->","yoast_head_json":{"title":"D\u00fcrr Orotol Plus elsz\u00edv\u00f3 fert\u0151tlen\u00edt\u0151 koncentr\u00e1tum 2,5 liter - Pharmabog Kft. - Fog\u00e1szati kezel\u0151egys\u00e9g","robots":{"index":"index","follow":"follow","max-snippet":"max-snippet:-1","max-image-preview":"max-image-preview:large","max-video-preview":"max-video-preview:-1"},"canonical":"https:\/\/pharmabog.hu\/de\/product\/durr-orotol-plus-elszivo-fertotlenito-koncentratum-25-liter\/","og_locale":"de_DE","og_type":"article","og_title":"D\u00fcrr Orotol Plus elsz\u00edv\u00f3 fert\u0151tlen\u00edt\u0151 koncentr\u00e1tum 2,5 liter - Pharmabog Kft. - Fog\u00e1szati kezel\u0151egys\u00e9g","og_description":"2,5 liter koncentr\u00e1tum, mely 125 liter haszn\u00e1latra k\u00e9sz oldathoz elegend\u0151  Habz\u00e1smentes foly\u00e9kony koncentr\u00e1tum mindenf\u00e9le elsz\u00edv\u00f3 berendez\u00e9s \u00e9s amalg\u00e1mszepar\u00e1torok egyidej\u0171 fert\u0151tlen\u00edt\u00e9s\u00e9re, tiszt\u00edt\u00e1s\u00e1ra, illatos\u00edt\u00e1s\u00e1ra \u00e9s \u00e1pol\u00e1s\u00e1ra  \u00c1r: 58,-\u20ac+ 27% \u00c1fa Brutt\u00f3: 74,-\u20ac","og_url":"https:\/\/pharmabog.hu\/de\/product\/durr-orotol-plus-elszivo-fertotlenito-koncentratum-25-liter\/","og_site_name":"Pharmabog Kft. - Fog\u00e1szati kezel\u0151egys\u00e9g","article_publisher":"https:\/\/www.facebook.com\/pharmabog.hu","article_modified_time":"2025-07-22T11:01:26+00:00","og_image":[{"width":550,"height":550,"url":"https:\/\/pharmabog.hu\/wp-content\/uploads\/2025\/07\/durr-orotol-plus.jpg","type":"image\/jpeg"}],"twitter_card":"summary_large_image","twitter_misc":{"Gesch\u00e4tzte Lesezeit":"1\u00a0Minute"},"schema":{"@context":"https:\/\/schema.org","@graph":[{"@type":"WebPage","@id":"https:\/\/pharmabog.hu\/product\/durr-orotol-plus-elszivo-fertotlenito-koncentratum-25-liter\/","url":"https:\/\/pharmabog.hu\/product\/durr-orotol-plus-elszivo-fertotlenito-koncentratum-25-liter\/","name":"D\u00fcrr Orotol Plus elsz\u00edv\u00f3 fert\u0151tlen\u00edt\u0151 koncentr\u00e1tum 2,5 liter - Pharmabog Kft. - Fog\u00e1szati kezel\u0151egys\u00e9g","isPartOf":{"@id":"https:\/\/pharmabog.hu\/#website"},"primaryImageOfPage":{"@id":"https:\/\/pharmabog.hu\/product\/durr-orotol-plus-elszivo-fertotlenito-koncentratum-25-liter\/#primaryimage"},"image":{"@id":"https:\/\/pharmabog.hu\/product\/durr-orotol-plus-elszivo-fertotlenito-koncentratum-25-liter\/#primaryimage"},"thumbnailUrl":"https:\/\/pharmabog.hu\/wp-content\/uploads\/2025\/07\/durr-orotol-plus.jpg","datePublished":"2025-07-22T11:01:22+00:00","dateModified":"2025-07-22T11:01:26+00:00","breadcrumb":{"@id":"https:\/\/pharmabog.hu\/product\/durr-orotol-plus-elszivo-fertotlenito-koncentratum-25-liter\/#breadcrumb"},"inLanguage":"de","potentialAction":[{"@type":"ReadAction","target":["https:\/\/pharmabog.hu\/product\/durr-orotol-plus-elszivo-fertotlenito-koncentratum-25-liter\/"]}]},{"@type":"ImageObject","inLanguage":"de","@id":"https:\/\/pharmabog.hu\/product\/durr-orotol-plus-elszivo-fertotlenito-koncentratum-25-liter\/#primaryimage","url":"https:\/\/pharmabog.hu\/wp-content\/uploads\/2025\/07\/durr-orotol-plus.jpg","contentUrl":"https:\/\/pharmabog.hu\/wp-content\/uploads\/2025\/07\/durr-orotol-plus.jpg","width":550,"height":550},{"@type":"BreadcrumbList","@id":"https:\/\/pharmabog.hu\/product\/durr-orotol-plus-elszivo-fertotlenito-koncentratum-25-liter\/#breadcrumb","itemListElement":[{"@type":"ListItem","position":1,"name":"Kezd\u0151lap","item":"https:\/\/pharmabog.hu\/"},{"@type":"ListItem","position":2,"name":"Shop","item":"https:\/\/pharmabog.hu\/shop\/"},{"@type":"ListItem","position":3,"name":"D\u00fcrr Orotol Plus elsz\u00edv\u00f3 fert\u0151tlen\u00edt\u0151 koncentr\u00e1tum 2,5 liter"}]},{"@type":"WebSite","@id":"https:\/\/pharmabog.hu\/#website","url":"https:\/\/pharmabog.hu\/","name":"Pharmabog Ltd. - Zahnbehandlungseinheit","description":"","publisher":{"@id":"https:\/\/pharmabog.hu\/#organization"},"potentialAction":[{"@type":"SearchAction","target":{"@type":"EntryPoint","urlTemplate":"https:\/\/pharmabog.hu\/?s={search_term_string}"},"query-input":{"@type":"PropertyValueSpecification","valueRequired":true,"valueName":"search_term_string"}}],"inLanguage":"de"},{"@type":"Organization","@id":"https:\/\/pharmabog.hu\/#organization","name":"Pharmabog Ltd. - Zahnbehandlungseinheit","url":"https:\/\/pharmabog.hu\/","logo":{"@type":"ImageObject","inLanguage":"de","@id":"https:\/\/pharmabog.hu\/#\/schema\/logo\/image\/","url":"https:\/\/pharmabog.hu\/wp-content\/uploads\/2025\/07\/cropped-logo-16-e1644481099702-4.png","contentUrl":"https:\/\/pharmabog.hu\/wp-content\/uploads\/2025\/07\/cropped-logo-16-e1644481099702-4.png","width":296,"height":87,"caption":"Pharmabog Kft. - Fog\u00e1szati kezel\u0151egys\u00e9g"},"image":{"@id":"https:\/\/pharmabog.hu\/#\/schema\/logo\/image\/"},"sameAs":["https:\/\/www.facebook.com\/pharmabog.hu"]}]}},"_links":{"self":[{"href":"https:\/\/pharmabog.hu\/de\/wp-json\/wp\/v2\/product\/473","targetHints":{"allow":["GET"]}}],"collection":[{"href":"https:\/\/pharmabog.hu\/de\/wp-json\/wp\/v2\/product"}],"about":[{"href":"https:\/\/pharmabog.hu\/de\/wp-json\/wp\/v2\/types\/product"}],"replies":[{"embeddable":true,"href":"https:\/\/pharmabog.hu\/de\/wp-json\/wp\/v2\/comments?post=473"}],"wp:featuredmedia":[{"embeddable":true,"href":"https:\/\/pharmabog.hu\/de\/wp-json\/wp\/v2\/media\/504"}],"wp:attachment":[{"href":"https:\/\/pharmabog.hu\/de\/wp-json\/wp\/v2\/media?parent=473"}],"wp:term":[{"taxonomy":"product_brand","embeddable":true,"href":"https:\/\/pharmabog.hu\/de\/wp-json\/wp\/v2\/product_brand?post=473"},{"taxonomy":"product_cat","embeddable":true,"href":"https:\/\/pharmabog.hu\/de\/wp-json\/wp\/v2\/product_cat?post=473"},{"taxonomy":"product_tag","embeddable":true,"href":"https:\/\/pharmabog.hu\/de\/wp-json\/wp\/v2\/product_tag?post=473"}],"curies":[{"name":"wp","href":"https:\/\/api.w.org\/{rel}","templated":true}]}}