{"id":470,"date":"2025-07-22T11:01:22","date_gmt":"2025-07-22T11:01:22","guid":{"rendered":"https:\/\/pharmabog.hu\/?post_type=product&#038;p=470"},"modified":"2025-07-22T11:01:25","modified_gmt":"2025-07-22T11:01:25","slug":"planmeca-compact-i-kezeloegyseg","status":"publish","type":"product","link":"https:\/\/pharmabog.hu\/de\/product\/planmeca-compact-i-kezeloegyseg\/","title":{"rendered":"Planmeca Compact-i Behandlungsger\u00e4t"},"content":{"rendered":"","protected":false},"excerpt":{"rendered":"<div class=\"\">\n<div class=\"\">-gl\u00e4nzender Turbinenschlauch<\/div>\n<div class=\"\">-heller BeinAir-Mikromotor<\/div>\n<div class=\"\">-Reiniger<\/div>\n<div class=\"\">-puster<\/div>\n<div class=\"\">-LED OP Lampe<\/div>\n<div class=\"\">-Nassabsaugungssystem<\/div>\n<div class=\"\">-neue, werkseitig superweiche Polsterung<\/div>\n<div class=\"\"><\/div>\n<div class=\"\">Preis: 8.000 \u20ac netto<\/div>\n<\/div>","protected":false},"featured_media":501,"comment_status":"closed","ping_status":"closed","template":"","meta":[],"product_brand":[],"product_cat":[21],"product_tag":[],"class_list":{"0":"post-470","1":"product","2":"type-product","3":"status-publish","4":"has-post-thumbnail","6":"product_cat-felujitott-fogaszati-kezeloegyseg","8":"first","9":"instock","10":"shipping-taxable","11":"purchasable","12":"product-type-simple"},"yoast_head":"<!-- This site is optimized with the Yoast SEO plugin v25.5 - https:\/\/yoast.com\/wordpress\/plugins\/seo\/ -->\n<title>Planmeca Compact-i kezel\u0151egys\u00e9g - Pharmabog Kft. - Fog\u00e1szati kezel\u0151egys\u00e9g<\/title>\n<meta name=\"description\" content=\"&#039;- f\u00e9nyes turbinat\u00f6ml\u0151 (\u00faj)-BienAir f\u00e9nyes mikromotor (\u00faj)-EMS depur\u00e1tor-puszter-.exhausztor ki\u00e9p\u00edt\u00e9s Metasys szepar\u00e1torral-Farro Alya LED OP-l\u00e1mpa-Arcadia betegsz\u00e9k \u00faj gy\u00e1ri k\u00e1rpittal\u00c1r: 8.000,-\u20ac\" \/>\n<meta name=\"robots\" content=\"index, follow, max-snippet:-1, max-image-preview:large, max-video-preview:-1\" \/>\n<link rel=\"canonical\" href=\"https:\/\/pharmabog.hu\/de\/product\/planmeca-compact-i-kezeloegyseg\/\" \/>\n<meta property=\"og:locale\" content=\"de_DE\" \/>\n<meta property=\"og:type\" content=\"article\" \/>\n<meta property=\"og:title\" content=\"Planmeca Compact-i kezel\u0151egys\u00e9g - Pharmabog Kft. - Fog\u00e1szati kezel\u0151egys\u00e9g\" \/>\n<meta property=\"og:description\" content=\"&#039;- f\u00e9nyes turbinat\u00f6ml\u0151 (\u00faj)-BienAir f\u00e9nyes mikromotor (\u00faj)-EMS depur\u00e1tor-puszter-.exhausztor ki\u00e9p\u00edt\u00e9s Metasys szepar\u00e1torral-Farro Alya LED OP-l\u00e1mpa-Arcadia betegsz\u00e9k \u00faj gy\u00e1ri k\u00e1rpittal\u00c1r: 8.000,-\u20ac\" \/>\n<meta property=\"og:url\" content=\"https:\/\/pharmabog.hu\/de\/product\/planmeca-compact-i-kezeloegyseg\/\" \/>\n<meta property=\"og:site_name\" content=\"Pharmabog Kft. - Fog\u00e1szati kezel\u0151egys\u00e9g\" \/>\n<meta property=\"article:publisher\" content=\"https:\/\/www.facebook.com\/pharmabog.hu\" \/>\n<meta property=\"article:modified_time\" content=\"2025-07-22T11:01:25+00:00\" \/>\n<meta property=\"og:image\" content=\"https:\/\/pharmabog.hu\/wp-content\/uploads\/2025\/07\/IMG_8663-scaled-1.jpeg\" \/>\n\t<meta property=\"og:image:width\" content=\"1920\" \/>\n\t<meta property=\"og:image:height\" content=\"2560\" \/>\n\t<meta property=\"og:image:type\" content=\"image\/jpeg\" \/>\n<meta name=\"twitter:card\" content=\"summary_large_image\" \/>\n<meta name=\"twitter:label1\" content=\"Gesch\u00e4tzte Lesezeit\" \/>\n\t<meta name=\"twitter:data1\" content=\"1\u00a0Minute\" \/>\n<script type=\"application\/ld+json\" class=\"yoast-schema-graph\">{\"@context\":\"https:\/\/schema.org\",\"@graph\":[{\"@type\":\"WebPage\",\"@id\":\"https:\/\/pharmabog.hu\/product\/planmeca-compact-i-kezeloegyseg\/\",\"url\":\"https:\/\/pharmabog.hu\/product\/planmeca-compact-i-kezeloegyseg\/\",\"name\":\"Planmeca Compact-i kezel\u0151egys\u00e9g - Pharmabog Kft. - Fog\u00e1szati kezel\u0151egys\u00e9g\",\"isPartOf\":{\"@id\":\"https:\/\/pharmabog.hu\/#website\"},\"primaryImageOfPage\":{\"@id\":\"https:\/\/pharmabog.hu\/product\/planmeca-compact-i-kezeloegyseg\/#primaryimage\"},\"image\":{\"@id\":\"https:\/\/pharmabog.hu\/product\/planmeca-compact-i-kezeloegyseg\/#primaryimage\"},\"thumbnailUrl\":\"https:\/\/pharmabog.hu\/wp-content\/uploads\/2025\/07\/IMG_8663-scaled-1.jpeg\",\"datePublished\":\"2025-07-22T11:01:22+00:00\",\"dateModified\":\"2025-07-22T11:01:25+00:00\",\"description\":\"'- f\u00e9nyes turbinat\u00f6ml\u0151 (\u00faj)-BienAir f\u00e9nyes mikromotor (\u00faj)-EMS depur\u00e1tor-puszter-.exhausztor ki\u00e9p\u00edt\u00e9s Metasys szepar\u00e1torral-Farro Alya LED OP-l\u00e1mpa-Arcadia betegsz\u00e9k \u00faj gy\u00e1ri k\u00e1rpittal\u00c1r: 8.000,-\u20ac\",\"breadcrumb\":{\"@id\":\"https:\/\/pharmabog.hu\/product\/planmeca-compact-i-kezeloegyseg\/#breadcrumb\"},\"inLanguage\":\"de\",\"potentialAction\":[{\"@type\":\"ReadAction\",\"target\":[\"https:\/\/pharmabog.hu\/product\/planmeca-compact-i-kezeloegyseg\/\"]}]},{\"@type\":\"ImageObject\",\"inLanguage\":\"de\",\"@id\":\"https:\/\/pharmabog.hu\/product\/planmeca-compact-i-kezeloegyseg\/#primaryimage\",\"url\":\"https:\/\/pharmabog.hu\/wp-content\/uploads\/2025\/07\/IMG_8663-scaled-1.jpeg\",\"contentUrl\":\"https:\/\/pharmabog.hu\/wp-content\/uploads\/2025\/07\/IMG_8663-scaled-1.jpeg\",\"width\":1920,\"height\":2560},{\"@type\":\"BreadcrumbList\",\"@id\":\"https:\/\/pharmabog.hu\/product\/planmeca-compact-i-kezeloegyseg\/#breadcrumb\",\"itemListElement\":[{\"@type\":\"ListItem\",\"position\":1,\"name\":\"Kezd\u0151lap\",\"item\":\"https:\/\/pharmabog.hu\/\"},{\"@type\":\"ListItem\",\"position\":2,\"name\":\"Shop\",\"item\":\"https:\/\/pharmabog.hu\/shop\/\"},{\"@type\":\"ListItem\",\"position\":3,\"name\":\"Planmeca Compact-i kezel\u0151egys\u00e9g\"}]},{\"@type\":\"WebSite\",\"@id\":\"https:\/\/pharmabog.hu\/#website\",\"url\":\"https:\/\/pharmabog.hu\/\",\"name\":\"Pharmabog Kft. - Fog\u00e1szati kezel\u0151egys\u00e9g\",\"description\":\"\",\"publisher\":{\"@id\":\"https:\/\/pharmabog.hu\/#organization\"},\"potentialAction\":[{\"@type\":\"SearchAction\",\"target\":{\"@type\":\"EntryPoint\",\"urlTemplate\":\"https:\/\/pharmabog.hu\/?s={search_term_string}\"},\"query-input\":{\"@type\":\"PropertyValueSpecification\",\"valueRequired\":true,\"valueName\":\"search_term_string\"}}],\"inLanguage\":\"de\"},{\"@type\":\"Organization\",\"@id\":\"https:\/\/pharmabog.hu\/#organization\",\"name\":\"Pharmabog Kft. - Fog\u00e1szati kezel\u0151egys\u00e9g\",\"url\":\"https:\/\/pharmabog.hu\/\",\"logo\":{\"@type\":\"ImageObject\",\"inLanguage\":\"de\",\"@id\":\"https:\/\/pharmabog.hu\/#\/schema\/logo\/image\/\",\"url\":\"https:\/\/pharmabog.hu\/wp-content\/uploads\/2025\/07\/cropped-logo-16-e1644481099702-4.png\",\"contentUrl\":\"https:\/\/pharmabog.hu\/wp-content\/uploads\/2025\/07\/cropped-logo-16-e1644481099702-4.png\",\"width\":296,\"height\":87,\"caption\":\"Pharmabog Kft. - Fog\u00e1szati kezel\u0151egys\u00e9g\"},\"image\":{\"@id\":\"https:\/\/pharmabog.hu\/#\/schema\/logo\/image\/\"},\"sameAs\":[\"https:\/\/www.facebook.com\/pharmabog.hu\"]}]}<\/script>\n<!-- \/ Yoast SEO plugin. -->","yoast_head_json":{"title":"Planmeca Compact-i kezel\u0151egys\u00e9g - Pharmabog Kft. - Fog\u00e1szati kezel\u0151egys\u00e9g","description":"'- f\u00e9nyes turbinat\u00f6ml\u0151 (\u00faj)-BienAir f\u00e9nyes mikromotor (\u00faj)-EMS depur\u00e1tor-puszter-.exhausztor ki\u00e9p\u00edt\u00e9s Metasys szepar\u00e1torral-Farro Alya LED OP-l\u00e1mpa-Arcadia betegsz\u00e9k \u00faj gy\u00e1ri k\u00e1rpittal\u00c1r: 8.000,-\u20ac","robots":{"index":"index","follow":"follow","max-snippet":"max-snippet:-1","max-image-preview":"max-image-preview:large","max-video-preview":"max-video-preview:-1"},"canonical":"https:\/\/pharmabog.hu\/de\/product\/planmeca-compact-i-kezeloegyseg\/","og_locale":"de_DE","og_type":"article","og_title":"Planmeca Compact-i kezel\u0151egys\u00e9g - Pharmabog Kft. - Fog\u00e1szati kezel\u0151egys\u00e9g","og_description":"'- f\u00e9nyes turbinat\u00f6ml\u0151 (\u00faj)-BienAir f\u00e9nyes mikromotor (\u00faj)-EMS depur\u00e1tor-puszter-.exhausztor ki\u00e9p\u00edt\u00e9s Metasys szepar\u00e1torral-Farro Alya LED OP-l\u00e1mpa-Arcadia betegsz\u00e9k \u00faj gy\u00e1ri k\u00e1rpittal\u00c1r: 8.000,-\u20ac","og_url":"https:\/\/pharmabog.hu\/de\/product\/planmeca-compact-i-kezeloegyseg\/","og_site_name":"Pharmabog Kft. - Fog\u00e1szati kezel\u0151egys\u00e9g","article_publisher":"https:\/\/www.facebook.com\/pharmabog.hu","article_modified_time":"2025-07-22T11:01:25+00:00","og_image":[{"width":1920,"height":2560,"url":"https:\/\/pharmabog.hu\/wp-content\/uploads\/2025\/07\/IMG_8663-scaled-1.jpeg","type":"image\/jpeg"}],"twitter_card":"summary_large_image","twitter_misc":{"Gesch\u00e4tzte Lesezeit":"1\u00a0Minute"},"schema":{"@context":"https:\/\/schema.org","@graph":[{"@type":"WebPage","@id":"https:\/\/pharmabog.hu\/product\/planmeca-compact-i-kezeloegyseg\/","url":"https:\/\/pharmabog.hu\/product\/planmeca-compact-i-kezeloegyseg\/","name":"Planmeca Compact-i kezel\u0151egys\u00e9g - Pharmabog Kft. - Fog\u00e1szati kezel\u0151egys\u00e9g","isPartOf":{"@id":"https:\/\/pharmabog.hu\/#website"},"primaryImageOfPage":{"@id":"https:\/\/pharmabog.hu\/product\/planmeca-compact-i-kezeloegyseg\/#primaryimage"},"image":{"@id":"https:\/\/pharmabog.hu\/product\/planmeca-compact-i-kezeloegyseg\/#primaryimage"},"thumbnailUrl":"https:\/\/pharmabog.hu\/wp-content\/uploads\/2025\/07\/IMG_8663-scaled-1.jpeg","datePublished":"2025-07-22T11:01:22+00:00","dateModified":"2025-07-22T11:01:25+00:00","description":"'- f\u00e9nyes turbinat\u00f6ml\u0151 (\u00faj)-BienAir f\u00e9nyes mikromotor (\u00faj)-EMS depur\u00e1tor-puszter-.exhausztor ki\u00e9p\u00edt\u00e9s Metasys szepar\u00e1torral-Farro Alya LED OP-l\u00e1mpa-Arcadia betegsz\u00e9k \u00faj gy\u00e1ri k\u00e1rpittal\u00c1r: 8.000,-\u20ac","breadcrumb":{"@id":"https:\/\/pharmabog.hu\/product\/planmeca-compact-i-kezeloegyseg\/#breadcrumb"},"inLanguage":"de","potentialAction":[{"@type":"ReadAction","target":["https:\/\/pharmabog.hu\/product\/planmeca-compact-i-kezeloegyseg\/"]}]},{"@type":"ImageObject","inLanguage":"de","@id":"https:\/\/pharmabog.hu\/product\/planmeca-compact-i-kezeloegyseg\/#primaryimage","url":"https:\/\/pharmabog.hu\/wp-content\/uploads\/2025\/07\/IMG_8663-scaled-1.jpeg","contentUrl":"https:\/\/pharmabog.hu\/wp-content\/uploads\/2025\/07\/IMG_8663-scaled-1.jpeg","width":1920,"height":2560},{"@type":"BreadcrumbList","@id":"https:\/\/pharmabog.hu\/product\/planmeca-compact-i-kezeloegyseg\/#breadcrumb","itemListElement":[{"@type":"ListItem","position":1,"name":"Kezd\u0151lap","item":"https:\/\/pharmabog.hu\/"},{"@type":"ListItem","position":2,"name":"Shop","item":"https:\/\/pharmabog.hu\/shop\/"},{"@type":"ListItem","position":3,"name":"Planmeca Compact-i kezel\u0151egys\u00e9g"}]},{"@type":"WebSite","@id":"https:\/\/pharmabog.hu\/#website","url":"https:\/\/pharmabog.hu\/","name":"Pharmabog Ltd. - Zahnbehandlungseinheit","description":"","publisher":{"@id":"https:\/\/pharmabog.hu\/#organization"},"potentialAction":[{"@type":"SearchAction","target":{"@type":"EntryPoint","urlTemplate":"https:\/\/pharmabog.hu\/?s={search_term_string}"},"query-input":{"@type":"PropertyValueSpecification","valueRequired":true,"valueName":"search_term_string"}}],"inLanguage":"de"},{"@type":"Organization","@id":"https:\/\/pharmabog.hu\/#organization","name":"Pharmabog Ltd. - Zahnbehandlungseinheit","url":"https:\/\/pharmabog.hu\/","logo":{"@type":"ImageObject","inLanguage":"de","@id":"https:\/\/pharmabog.hu\/#\/schema\/logo\/image\/","url":"https:\/\/pharmabog.hu\/wp-content\/uploads\/2025\/07\/cropped-logo-16-e1644481099702-4.png","contentUrl":"https:\/\/pharmabog.hu\/wp-content\/uploads\/2025\/07\/cropped-logo-16-e1644481099702-4.png","width":296,"height":87,"caption":"Pharmabog Kft. - Fog\u00e1szati kezel\u0151egys\u00e9g"},"image":{"@id":"https:\/\/pharmabog.hu\/#\/schema\/logo\/image\/"},"sameAs":["https:\/\/www.facebook.com\/pharmabog.hu"]}]}},"_links":{"self":[{"href":"https:\/\/pharmabog.hu\/de\/wp-json\/wp\/v2\/product\/470","targetHints":{"allow":["GET"]}}],"collection":[{"href":"https:\/\/pharmabog.hu\/de\/wp-json\/wp\/v2\/product"}],"about":[{"href":"https:\/\/pharmabog.hu\/de\/wp-json\/wp\/v2\/types\/product"}],"replies":[{"embeddable":true,"href":"https:\/\/pharmabog.hu\/de\/wp-json\/wp\/v2\/comments?post=470"}],"wp:featuredmedia":[{"embeddable":true,"href":"https:\/\/pharmabog.hu\/de\/wp-json\/wp\/v2\/media\/501"}],"wp:attachment":[{"href":"https:\/\/pharmabog.hu\/de\/wp-json\/wp\/v2\/media?parent=470"}],"wp:term":[{"taxonomy":"product_brand","embeddable":true,"href":"https:\/\/pharmabog.hu\/de\/wp-json\/wp\/v2\/product_brand?post=470"},{"taxonomy":"product_cat","embeddable":true,"href":"https:\/\/pharmabog.hu\/de\/wp-json\/wp\/v2\/product_cat?post=470"},{"taxonomy":"product_tag","embeddable":true,"href":"https:\/\/pharmabog.hu\/de\/wp-json\/wp\/v2\/product_tag?post=470"}],"curies":[{"name":"wp","href":"https:\/\/api.w.org\/{rel}","templated":true}]}}