{"id":409,"date":"2025-07-22T11:01:13","date_gmt":"2025-07-22T11:01:13","guid":{"rendered":"https:\/\/pharmabog.hu\/?post_type=product&#038;p=409"},"modified":"2025-07-22T11:01:21","modified_gmt":"2025-07-22T11:01:21","slug":"oms-carving-kart","status":"publish","type":"product","link":"https:\/\/pharmabog.hu\/de\/product\/oms-carving-kart\/","title":{"rendered":"OMS Carving Kart"},"content":{"rendered":"","protected":false},"excerpt":{"rendered":"<p><img decoding=\"async\" class=\"\" src=\"https:\/\/pharmabog.hu\/wp-content\/uploads\/2022\/02\/logo_oms-300x140-1.png\" alt=\"logo_oms-300x140\" width=\"234\" height=\"114\" \/><\/p>\n<div id=\"tm-heading-628c9ae371654\" class=\"tm-heading center tm-animation move-up animate\">\n<p class=\"heading\">&nbsp;<\/p>\n<\/div>\n<div class=\"wpb_text_column wpb_content_element\">\n<div class=\"wpb_wrapper\">\n<div class=\"\">Alle herausragenden Eigenschaften der \u201eKart\u201c-Bedieneinheiten sind im\u00a0CARVING KART\u00a0vereint.\n\u2013 Der Kart ist leicht und kompakt und kann problemlos in jede Position bewegt werden.\u2028\u2013 Die medizinische Keramik-Arbeitsfl\u00e4che bietet gro\u00dfz\u00fcgigen Platz f\u00fcr Instrumente.\u2028\u2013 Mit bis zu 5 Instrumenten erh\u00e4ltlich.\u2028\u2013 Der pantografische Assistentenarm ist \u00e4u\u00dferst komfortabel; mit zwei Absaugschl\u00e4uchen und einem freien Platz erm\u00f6glicht er der Assistenz die bequeme Handhabung von Instrumenten, Handst\u00fccken, Behandlungsstuhl und Absaugung.\u2028\u2013 Der Wasserblock ist um 90\u00b0 schwenkbar, die keramische Mundsp\u00fclschale ist herausnehmbar und leicht zu reinigen.<\/div>\n<div class=\"\">&nbsp;<\/div>\n<div class=\"\">&nbsp;<\/div>\n<div class=\"\">&nbsp;<\/div>\n<div class=\"\">&nbsp;<\/div>\n<div class=\"\">&nbsp;<\/div>\n<div class=\"\">\n<div class=\"\"><span class=\"\" style=\"font-family: TimesNewRomanPSMT;\">\u00a0<\/span><\/div>\n<\/div>\n<div class=\"\"><strong>16.000,- \u20ac + 27% MwSt. =\u00a0<span class=\"\">Ab 20.320 \u20ac.<\/span>\u00a0verf\u00fcgbar.<\/strong><\/div>\n<\/div>\n<\/div>","protected":false},"featured_media":465,"comment_status":"closed","ping_status":"closed","template":"","meta":[],"product_brand":[],"product_cat":[46],"product_tag":[],"class_list":{"0":"post-409","1":"product","2":"type-product","3":"status-publish","4":"has-post-thumbnail","6":"product_cat-oms-kartos-kezeloegysegek","8":"first","9":"instock","10":"shipping-taxable","11":"product-type-simple"},"yoast_head":"<!-- This site is optimized with the Yoast SEO plugin v25.5 - https:\/\/yoast.com\/wordpress\/plugins\/seo\/ -->\n<title>OMS Carving Kart - Pharmabog Kft. - Fog\u00e1szati kezel\u0151egys\u00e9g<\/title>\n<meta name=\"robots\" content=\"index, follow, max-snippet:-1, max-image-preview:large, max-video-preview:-1\" \/>\n<link rel=\"canonical\" href=\"https:\/\/pharmabog.hu\/de\/product\/oms-carving-kart\/\" \/>\n<meta property=\"og:locale\" content=\"de_DE\" \/>\n<meta property=\"og:type\" content=\"article\" \/>\n<meta property=\"og:title\" content=\"OMS Carving Kart - Pharmabog Kft. - Fog\u00e1szati kezel\u0151egys\u00e9g\" \/>\n<meta property=\"og:description\" content=\"Az OMS fog\u00e1szati kezel\u0151egys\u00e9gek hivatalos Magyarorsz\u00e1gi forgalmaz\u00f3ja a Pharmabog Kft.     A \u201ckartos&quot; kezel\u0151egys\u00e9gek minden kiemelked\u0151 tulajdons\u00e1ga megtal\u00e1lhat\u00f3 a CARVING KART-ban: - a kart k\u00f6nny\u0171 \u00e9s kompakt, \u00a0gond n\u00e9lk\u00fcl mozgathat\u00f3 b\u00e1rmilyen poz\u00edci\u00f3ban. - a ker\u00e1mia orvosi pult b\u0151s\u00e9ges helyet biztos\u00edt a k\u00e9zm\u0171szereknek. - ak\u00e1r 5 instrumenttel is rendelhet\u0151. - rendk\u00edv\u00fcl k\u00e9nyelmes a pantogr\u00e1f asszisztensi pult, \u00a0mely 2 sz\u00edv\u00f3cs\u0151vel \u00e9s egy szabad hellyel nagyon k\u00e9nyelmess\u00e9 teszi az asszisztencia sz\u00e1m\u00e1ra a m\u0171szerek, k\u00e9zidarabok, betegsz\u00e9k \u00e9s a \u00a0sz\u00edv\u00f3cs\u00f6vek k\u00e9nyelmes kezel\u00e9s\u00e9t. - a vizesblokk 90\u00b0-ban elford\u00edthat\u00f3, a ker\u00e1mia k\u00f6p\u0151cs\u00e9sze kivehet\u0151 \u00e9s k\u00f6nnyen tiszt\u00edthat\u00f3.  \u00a0  16.000.- \u20ac + 27% \u00c1fa =\u00a020.320.- \u20ac-t\u00f3l\u00a0el\u00e9rhet\u0151.\" \/>\n<meta property=\"og:url\" content=\"https:\/\/pharmabog.hu\/de\/product\/oms-carving-kart\/\" \/>\n<meta property=\"og:site_name\" content=\"Pharmabog Kft. - Fog\u00e1szati kezel\u0151egys\u00e9g\" \/>\n<meta property=\"article:publisher\" content=\"https:\/\/www.facebook.com\/pharmabog.hu\" \/>\n<meta property=\"article:modified_time\" content=\"2025-07-22T11:01:21+00:00\" \/>\n<meta property=\"og:image\" content=\"https:\/\/pharmabog.hu\/wp-content\/uploads\/2025\/07\/Carving-Kart-1.jpg\" \/>\n\t<meta property=\"og:image:width\" content=\"1200\" \/>\n\t<meta property=\"og:image:height\" content=\"900\" \/>\n\t<meta property=\"og:image:type\" content=\"image\/jpeg\" \/>\n<meta name=\"twitter:card\" content=\"summary_large_image\" \/>\n<script type=\"application\/ld+json\" class=\"yoast-schema-graph\">{\"@context\":\"https:\/\/schema.org\",\"@graph\":[{\"@type\":\"WebPage\",\"@id\":\"https:\/\/pharmabog.hu\/product\/oms-carving-kart\/\",\"url\":\"https:\/\/pharmabog.hu\/product\/oms-carving-kart\/\",\"name\":\"OMS Carving Kart - Pharmabog Kft. - Fog\u00e1szati kezel\u0151egys\u00e9g\",\"isPartOf\":{\"@id\":\"https:\/\/pharmabog.hu\/#website\"},\"primaryImageOfPage\":{\"@id\":\"https:\/\/pharmabog.hu\/product\/oms-carving-kart\/#primaryimage\"},\"image\":{\"@id\":\"https:\/\/pharmabog.hu\/product\/oms-carving-kart\/#primaryimage\"},\"thumbnailUrl\":\"https:\/\/pharmabog.hu\/wp-content\/uploads\/2025\/07\/Carving-Kart-1.jpg\",\"datePublished\":\"2025-07-22T11:01:13+00:00\",\"dateModified\":\"2025-07-22T11:01:21+00:00\",\"breadcrumb\":{\"@id\":\"https:\/\/pharmabog.hu\/product\/oms-carving-kart\/#breadcrumb\"},\"inLanguage\":\"de\",\"potentialAction\":[{\"@type\":\"ReadAction\",\"target\":[\"https:\/\/pharmabog.hu\/product\/oms-carving-kart\/\"]}]},{\"@type\":\"ImageObject\",\"inLanguage\":\"de\",\"@id\":\"https:\/\/pharmabog.hu\/product\/oms-carving-kart\/#primaryimage\",\"url\":\"https:\/\/pharmabog.hu\/wp-content\/uploads\/2025\/07\/Carving-Kart-1.jpg\",\"contentUrl\":\"https:\/\/pharmabog.hu\/wp-content\/uploads\/2025\/07\/Carving-Kart-1.jpg\",\"width\":1200,\"height\":900},{\"@type\":\"BreadcrumbList\",\"@id\":\"https:\/\/pharmabog.hu\/product\/oms-carving-kart\/#breadcrumb\",\"itemListElement\":[{\"@type\":\"ListItem\",\"position\":1,\"name\":\"Kezd\u0151lap\",\"item\":\"https:\/\/pharmabog.hu\/\"},{\"@type\":\"ListItem\",\"position\":2,\"name\":\"Shop\",\"item\":\"https:\/\/pharmabog.hu\/shop\/\"},{\"@type\":\"ListItem\",\"position\":3,\"name\":\"OMS Carving Kart\"}]},{\"@type\":\"WebSite\",\"@id\":\"https:\/\/pharmabog.hu\/#website\",\"url\":\"https:\/\/pharmabog.hu\/\",\"name\":\"Pharmabog Kft. - Fog\u00e1szati kezel\u0151egys\u00e9g\",\"description\":\"\",\"publisher\":{\"@id\":\"https:\/\/pharmabog.hu\/#organization\"},\"potentialAction\":[{\"@type\":\"SearchAction\",\"target\":{\"@type\":\"EntryPoint\",\"urlTemplate\":\"https:\/\/pharmabog.hu\/?s={search_term_string}\"},\"query-input\":{\"@type\":\"PropertyValueSpecification\",\"valueRequired\":true,\"valueName\":\"search_term_string\"}}],\"inLanguage\":\"de\"},{\"@type\":\"Organization\",\"@id\":\"https:\/\/pharmabog.hu\/#organization\",\"name\":\"Pharmabog Kft. - Fog\u00e1szati kezel\u0151egys\u00e9g\",\"url\":\"https:\/\/pharmabog.hu\/\",\"logo\":{\"@type\":\"ImageObject\",\"inLanguage\":\"de\",\"@id\":\"https:\/\/pharmabog.hu\/#\/schema\/logo\/image\/\",\"url\":\"https:\/\/pharmabog.hu\/wp-content\/uploads\/2025\/07\/cropped-logo-16-e1644481099702-4.png\",\"contentUrl\":\"https:\/\/pharmabog.hu\/wp-content\/uploads\/2025\/07\/cropped-logo-16-e1644481099702-4.png\",\"width\":296,\"height\":87,\"caption\":\"Pharmabog Kft. - Fog\u00e1szati kezel\u0151egys\u00e9g\"},\"image\":{\"@id\":\"https:\/\/pharmabog.hu\/#\/schema\/logo\/image\/\"},\"sameAs\":[\"https:\/\/www.facebook.com\/pharmabog.hu\"]}]}<\/script>\n<!-- \/ Yoast SEO plugin. -->","yoast_head_json":{"title":"OMS Carving Kart - Pharmabog Kft. - Fog\u00e1szati kezel\u0151egys\u00e9g","robots":{"index":"index","follow":"follow","max-snippet":"max-snippet:-1","max-image-preview":"max-image-preview:large","max-video-preview":"max-video-preview:-1"},"canonical":"https:\/\/pharmabog.hu\/de\/product\/oms-carving-kart\/","og_locale":"de_DE","og_type":"article","og_title":"OMS Carving Kart - Pharmabog Kft. - Fog\u00e1szati kezel\u0151egys\u00e9g","og_description":"Az OMS fog\u00e1szati kezel\u0151egys\u00e9gek hivatalos Magyarorsz\u00e1gi forgalmaz\u00f3ja a Pharmabog Kft.     A \u201ckartos\" kezel\u0151egys\u00e9gek minden kiemelked\u0151 tulajdons\u00e1ga megtal\u00e1lhat\u00f3 a CARVING KART-ban: - a kart k\u00f6nny\u0171 \u00e9s kompakt, \u00a0gond n\u00e9lk\u00fcl mozgathat\u00f3 b\u00e1rmilyen poz\u00edci\u00f3ban. - a ker\u00e1mia orvosi pult b\u0151s\u00e9ges helyet biztos\u00edt a k\u00e9zm\u0171szereknek. - ak\u00e1r 5 instrumenttel is rendelhet\u0151. - rendk\u00edv\u00fcl k\u00e9nyelmes a pantogr\u00e1f asszisztensi pult, \u00a0mely 2 sz\u00edv\u00f3cs\u0151vel \u00e9s egy szabad hellyel nagyon k\u00e9nyelmess\u00e9 teszi az asszisztencia sz\u00e1m\u00e1ra a m\u0171szerek, k\u00e9zidarabok, betegsz\u00e9k \u00e9s a \u00a0sz\u00edv\u00f3cs\u00f6vek k\u00e9nyelmes kezel\u00e9s\u00e9t. - a vizesblokk 90\u00b0-ban elford\u00edthat\u00f3, a ker\u00e1mia k\u00f6p\u0151cs\u00e9sze kivehet\u0151 \u00e9s k\u00f6nnyen tiszt\u00edthat\u00f3.  \u00a0  16.000.- \u20ac + 27% \u00c1fa =\u00a020.320.- \u20ac-t\u00f3l\u00a0el\u00e9rhet\u0151.","og_url":"https:\/\/pharmabog.hu\/de\/product\/oms-carving-kart\/","og_site_name":"Pharmabog Kft. - Fog\u00e1szati kezel\u0151egys\u00e9g","article_publisher":"https:\/\/www.facebook.com\/pharmabog.hu","article_modified_time":"2025-07-22T11:01:21+00:00","og_image":[{"width":1200,"height":900,"url":"https:\/\/pharmabog.hu\/wp-content\/uploads\/2025\/07\/Carving-Kart-1.jpg","type":"image\/jpeg"}],"twitter_card":"summary_large_image","schema":{"@context":"https:\/\/schema.org","@graph":[{"@type":"WebPage","@id":"https:\/\/pharmabog.hu\/product\/oms-carving-kart\/","url":"https:\/\/pharmabog.hu\/product\/oms-carving-kart\/","name":"OMS Carving Kart - Pharmabog Kft. - Fog\u00e1szati kezel\u0151egys\u00e9g","isPartOf":{"@id":"https:\/\/pharmabog.hu\/#website"},"primaryImageOfPage":{"@id":"https:\/\/pharmabog.hu\/product\/oms-carving-kart\/#primaryimage"},"image":{"@id":"https:\/\/pharmabog.hu\/product\/oms-carving-kart\/#primaryimage"},"thumbnailUrl":"https:\/\/pharmabog.hu\/wp-content\/uploads\/2025\/07\/Carving-Kart-1.jpg","datePublished":"2025-07-22T11:01:13+00:00","dateModified":"2025-07-22T11:01:21+00:00","breadcrumb":{"@id":"https:\/\/pharmabog.hu\/product\/oms-carving-kart\/#breadcrumb"},"inLanguage":"de","potentialAction":[{"@type":"ReadAction","target":["https:\/\/pharmabog.hu\/product\/oms-carving-kart\/"]}]},{"@type":"ImageObject","inLanguage":"de","@id":"https:\/\/pharmabog.hu\/product\/oms-carving-kart\/#primaryimage","url":"https:\/\/pharmabog.hu\/wp-content\/uploads\/2025\/07\/Carving-Kart-1.jpg","contentUrl":"https:\/\/pharmabog.hu\/wp-content\/uploads\/2025\/07\/Carving-Kart-1.jpg","width":1200,"height":900},{"@type":"BreadcrumbList","@id":"https:\/\/pharmabog.hu\/product\/oms-carving-kart\/#breadcrumb","itemListElement":[{"@type":"ListItem","position":1,"name":"Kezd\u0151lap","item":"https:\/\/pharmabog.hu\/"},{"@type":"ListItem","position":2,"name":"Shop","item":"https:\/\/pharmabog.hu\/shop\/"},{"@type":"ListItem","position":3,"name":"OMS Carving Kart"}]},{"@type":"WebSite","@id":"https:\/\/pharmabog.hu\/#website","url":"https:\/\/pharmabog.hu\/","name":"Pharmabog Ltd. - Zahnbehandlungseinheit","description":"","publisher":{"@id":"https:\/\/pharmabog.hu\/#organization"},"potentialAction":[{"@type":"SearchAction","target":{"@type":"EntryPoint","urlTemplate":"https:\/\/pharmabog.hu\/?s={search_term_string}"},"query-input":{"@type":"PropertyValueSpecification","valueRequired":true,"valueName":"search_term_string"}}],"inLanguage":"de"},{"@type":"Organization","@id":"https:\/\/pharmabog.hu\/#organization","name":"Pharmabog Ltd. - Zahnbehandlungseinheit","url":"https:\/\/pharmabog.hu\/","logo":{"@type":"ImageObject","inLanguage":"de","@id":"https:\/\/pharmabog.hu\/#\/schema\/logo\/image\/","url":"https:\/\/pharmabog.hu\/wp-content\/uploads\/2025\/07\/cropped-logo-16-e1644481099702-4.png","contentUrl":"https:\/\/pharmabog.hu\/wp-content\/uploads\/2025\/07\/cropped-logo-16-e1644481099702-4.png","width":296,"height":87,"caption":"Pharmabog Kft. - Fog\u00e1szati kezel\u0151egys\u00e9g"},"image":{"@id":"https:\/\/pharmabog.hu\/#\/schema\/logo\/image\/"},"sameAs":["https:\/\/www.facebook.com\/pharmabog.hu"]}]}},"_links":{"self":[{"href":"https:\/\/pharmabog.hu\/de\/wp-json\/wp\/v2\/product\/409","targetHints":{"allow":["GET"]}}],"collection":[{"href":"https:\/\/pharmabog.hu\/de\/wp-json\/wp\/v2\/product"}],"about":[{"href":"https:\/\/pharmabog.hu\/de\/wp-json\/wp\/v2\/types\/product"}],"replies":[{"embeddable":true,"href":"https:\/\/pharmabog.hu\/de\/wp-json\/wp\/v2\/comments?post=409"}],"wp:featuredmedia":[{"embeddable":true,"href":"https:\/\/pharmabog.hu\/de\/wp-json\/wp\/v2\/media\/465"}],"wp:attachment":[{"href":"https:\/\/pharmabog.hu\/de\/wp-json\/wp\/v2\/media?parent=409"}],"wp:term":[{"taxonomy":"product_brand","embeddable":true,"href":"https:\/\/pharmabog.hu\/de\/wp-json\/wp\/v2\/product_brand?post=409"},{"taxonomy":"product_cat","embeddable":true,"href":"https:\/\/pharmabog.hu\/de\/wp-json\/wp\/v2\/product_cat?post=409"},{"taxonomy":"product_tag","embeddable":true,"href":"https:\/\/pharmabog.hu\/de\/wp-json\/wp\/v2\/product_tag?post=409"}],"curies":[{"name":"wp","href":"https:\/\/api.w.org\/{rel}","templated":true}]}}