{"id":403,"date":"2025-07-22T11:01:12","date_gmt":"2025-07-22T11:01:12","guid":{"rendered":"https:\/\/pharmabog.hu\/?post_type=product&#038;p=403"},"modified":"2025-07-22T11:01:19","modified_gmt":"2025-07-22T11:01:19","slug":"oms-duke","status":"publish","type":"product","link":"https:\/\/pharmabog.hu\/de\/product\/oms-duke\/","title":{"rendered":"OMS DUKE"},"content":{"rendered":"","protected":false},"excerpt":{"rendered":"<p><img decoding=\"async\" class=\"\" src=\"https:\/\/pharmabog.hu\/wp-content\/uploads\/2022\/02\/logo_oms-300x140-1.png\" alt=\"logo_oms-300x140\" width=\"234\" height=\"114\" \/><\/p>\n<div id=\"tm-heading-628c9ae371654\" class=\"tm-heading center tm-animation move-up animate\">\n<p class=\"heading\">&nbsp;<\/p>\n<\/div>\n<div class=\"wpb_text_column wpb_content_element\">\n<div class=\"wpb_wrapper\">\n<div class=\"\"><span class=\"\" style=\"font-family: Helvetica;\"><span class=\"\">Die\u00a0Duke-Behandlungseinheit\u00a0wurde speziell f\u00fcr kieferorthop\u00e4dische Behandlungen entwickelt.\u2028Dank des\u00a0um 270\u00b0 drehbaren Arztelements\u00a0ist sie sowohl f\u00fcr Rechts- als auch f\u00fcr Linksh\u00e4nder perfekt geeignet.\nDer vollst\u00e4ndig aus Keramik gefertigte Arzttisch zeichnet sich nicht nur durch Stabilit\u00e4t aus, sondern ist auch leicht zu desinfizieren und vergilbt nicht. Er bietet Platz f\u00fcr zwei Tabletts.\nDie Duke kann mit dem\u00a0Moon-Stuhl\u00a0kombiniert werden, inklusive\u00a090\u00b0-R\u00fcckenlehne.\u2028Obwohl speziell f\u00fcr die Kieferorthop\u00e4die konzipiert, erm\u00f6glicht die Duke auch andere Behandlungen \u2013 ein perfektes Beispiel f\u00fcr die\u00a0Spezialisierung und Vielseitigkeit\u00a0der OMS-Behandlungseinheiten.\u00a0<\/span><\/span><\/div>\n<div class=\"\"><span class=\"\" style=\"font-family: Helvetica;\"><span class=\"\">&nbsp;\u00a0<\/span><\/span><\/div>\n<div class=\"\"><span class=\"\" style=\"font-family: Helvetica;\"><span class=\"\">&nbsp;<\/span><\/span><\/div>\n<div class=\"\"><span class=\"\">&nbsp;\u00a0<\/span><\/div>\n<div class=\"\"><span class=\"\">&nbsp;<\/span><\/div>\n<\/div>\n<\/div>","protected":false},"featured_media":451,"comment_status":"closed","ping_status":"closed","template":"","meta":[],"product_brand":[],"product_cat":[45],"product_tag":[],"class_list":{"0":"post-403","1":"product","2":"type-product","3":"status-publish","4":"has-post-thumbnail","6":"product_cat-oms-logotomlos-kezeloegysegek","8":"first","9":"instock","10":"shipping-taxable","11":"product-type-simple"},"yoast_head":"<!-- This site is optimized with the Yoast SEO plugin v25.5 - https:\/\/yoast.com\/wordpress\/plugins\/seo\/ -->\n<title>OMS DUKE - Pharmabog Kft. - Fog\u00e1szati kezel\u0151egys\u00e9g<\/title>\n<meta name=\"robots\" content=\"index, follow, max-snippet:-1, max-image-preview:large, max-video-preview:-1\" \/>\n<link rel=\"canonical\" href=\"https:\/\/pharmabog.hu\/de\/product\/oms-duke\/\" \/>\n<meta property=\"og:locale\" content=\"de_DE\" \/>\n<meta property=\"og:type\" content=\"article\" \/>\n<meta property=\"og:title\" content=\"OMS DUKE - Pharmabog Kft. - Fog\u00e1szati kezel\u0151egys\u00e9g\" \/>\n<meta property=\"og:description\" content=\"Az OMS fog\u00e1szati kezel\u0151egys\u00e9gek hivatalos Magyarorsz\u00e1gi forgalmaz\u00f3ja a Pharmabog Kft.     A Duke kezel\u0151egys\u00e9get kifejezetten fogszab\u00e1lyoz\u00e1si kezel\u00e9sre tervezt\u00e9k.\u00a0 A 270\u00b0-ban elforgathat\u00f3 fogorvosi elemnek k\u00f6sz\u00f6nhet\u0151en jobb- \u00e9s balkezesek sz\u00e1m\u00e1ra is t\u00f6k\u00e9letes.\u00a0 A teljes eg\u00e9sz\u00e9ben ker\u00e1mi\u00e1b\u00f3l k\u00e9sz\u00fclt orvosi pultot nem csak a stabilit\u00e1sa jellemzi, hanem k\u00f6nnyen fert\u0151tlen\u00edthet\u0151 \u00e9s nem s\u00e1rgul. K\u00e9t t\u00e1lc\u00e1nak is helyet biztos\u00edt. A Duke a Moon sz\u00e9kkel kombin\u00e1lhat\u00f3, 90\u00b0-os h\u00e1tt\u00e1ml\u00e1val.\u00a0 A fogszab\u00e1lyoz\u00e1sra tervezett Duke m\u00e1s kezel\u00e9sek elv\u00e9gz\u00e9s\u00e9t is lehet\u0151v\u00e9 teszi, meger\u0151s\u00edtve az OMS fog\u00e1szati \u200b\u200begys\u00e9gekre jellemz\u0151 specializ\u00e1ci\u00f3 \u00e9s sokoldal\u00fas\u00e1g szint\u00e9zis\u00e9t.\" \/>\n<meta property=\"og:url\" content=\"https:\/\/pharmabog.hu\/de\/product\/oms-duke\/\" \/>\n<meta property=\"og:site_name\" content=\"Pharmabog Kft. - Fog\u00e1szati kezel\u0151egys\u00e9g\" \/>\n<meta property=\"article:publisher\" content=\"https:\/\/www.facebook.com\/pharmabog.hu\" \/>\n<meta property=\"article:modified_time\" content=\"2025-07-22T11:01:19+00:00\" \/>\n<meta property=\"og:image\" content=\"https:\/\/pharmabog.hu\/wp-content\/uploads\/2025\/07\/oms_duke_thumb.png\" \/>\n\t<meta property=\"og:image:width\" content=\"843\" \/>\n\t<meta property=\"og:image:height\" content=\"450\" \/>\n\t<meta property=\"og:image:type\" content=\"image\/png\" \/>\n<meta name=\"twitter:card\" content=\"summary_large_image\" \/>\n<script type=\"application\/ld+json\" class=\"yoast-schema-graph\">{\"@context\":\"https:\/\/schema.org\",\"@graph\":[{\"@type\":\"WebPage\",\"@id\":\"https:\/\/pharmabog.hu\/product\/oms-duke\/\",\"url\":\"https:\/\/pharmabog.hu\/product\/oms-duke\/\",\"name\":\"OMS DUKE - Pharmabog Kft. - Fog\u00e1szati kezel\u0151egys\u00e9g\",\"isPartOf\":{\"@id\":\"https:\/\/pharmabog.hu\/#website\"},\"primaryImageOfPage\":{\"@id\":\"https:\/\/pharmabog.hu\/product\/oms-duke\/#primaryimage\"},\"image\":{\"@id\":\"https:\/\/pharmabog.hu\/product\/oms-duke\/#primaryimage\"},\"thumbnailUrl\":\"https:\/\/pharmabog.hu\/wp-content\/uploads\/2025\/07\/oms_duke_thumb.png\",\"datePublished\":\"2025-07-22T11:01:12+00:00\",\"dateModified\":\"2025-07-22T11:01:19+00:00\",\"breadcrumb\":{\"@id\":\"https:\/\/pharmabog.hu\/product\/oms-duke\/#breadcrumb\"},\"inLanguage\":\"de\",\"potentialAction\":[{\"@type\":\"ReadAction\",\"target\":[\"https:\/\/pharmabog.hu\/product\/oms-duke\/\"]}]},{\"@type\":\"ImageObject\",\"inLanguage\":\"de\",\"@id\":\"https:\/\/pharmabog.hu\/product\/oms-duke\/#primaryimage\",\"url\":\"https:\/\/pharmabog.hu\/wp-content\/uploads\/2025\/07\/oms_duke_thumb.png\",\"contentUrl\":\"https:\/\/pharmabog.hu\/wp-content\/uploads\/2025\/07\/oms_duke_thumb.png\",\"width\":843,\"height\":450},{\"@type\":\"BreadcrumbList\",\"@id\":\"https:\/\/pharmabog.hu\/product\/oms-duke\/#breadcrumb\",\"itemListElement\":[{\"@type\":\"ListItem\",\"position\":1,\"name\":\"Kezd\u0151lap\",\"item\":\"https:\/\/pharmabog.hu\/\"},{\"@type\":\"ListItem\",\"position\":2,\"name\":\"Shop\",\"item\":\"https:\/\/pharmabog.hu\/shop\/\"},{\"@type\":\"ListItem\",\"position\":3,\"name\":\"OMS DUKE\"}]},{\"@type\":\"WebSite\",\"@id\":\"https:\/\/pharmabog.hu\/#website\",\"url\":\"https:\/\/pharmabog.hu\/\",\"name\":\"Pharmabog Kft. - Fog\u00e1szati kezel\u0151egys\u00e9g\",\"description\":\"\",\"publisher\":{\"@id\":\"https:\/\/pharmabog.hu\/#organization\"},\"potentialAction\":[{\"@type\":\"SearchAction\",\"target\":{\"@type\":\"EntryPoint\",\"urlTemplate\":\"https:\/\/pharmabog.hu\/?s={search_term_string}\"},\"query-input\":{\"@type\":\"PropertyValueSpecification\",\"valueRequired\":true,\"valueName\":\"search_term_string\"}}],\"inLanguage\":\"de\"},{\"@type\":\"Organization\",\"@id\":\"https:\/\/pharmabog.hu\/#organization\",\"name\":\"Pharmabog Kft. - Fog\u00e1szati kezel\u0151egys\u00e9g\",\"url\":\"https:\/\/pharmabog.hu\/\",\"logo\":{\"@type\":\"ImageObject\",\"inLanguage\":\"de\",\"@id\":\"https:\/\/pharmabog.hu\/#\/schema\/logo\/image\/\",\"url\":\"https:\/\/pharmabog.hu\/wp-content\/uploads\/2025\/07\/cropped-logo-16-e1644481099702-4.png\",\"contentUrl\":\"https:\/\/pharmabog.hu\/wp-content\/uploads\/2025\/07\/cropped-logo-16-e1644481099702-4.png\",\"width\":296,\"height\":87,\"caption\":\"Pharmabog Kft. - Fog\u00e1szati kezel\u0151egys\u00e9g\"},\"image\":{\"@id\":\"https:\/\/pharmabog.hu\/#\/schema\/logo\/image\/\"},\"sameAs\":[\"https:\/\/www.facebook.com\/pharmabog.hu\"]}]}<\/script>\n<!-- \/ Yoast SEO plugin. -->","yoast_head_json":{"title":"OMS DUKE - Pharmabog Kft. - Fog\u00e1szati kezel\u0151egys\u00e9g","robots":{"index":"index","follow":"follow","max-snippet":"max-snippet:-1","max-image-preview":"max-image-preview:large","max-video-preview":"max-video-preview:-1"},"canonical":"https:\/\/pharmabog.hu\/de\/product\/oms-duke\/","og_locale":"de_DE","og_type":"article","og_title":"OMS DUKE - Pharmabog Kft. - Fog\u00e1szati kezel\u0151egys\u00e9g","og_description":"Az OMS fog\u00e1szati kezel\u0151egys\u00e9gek hivatalos Magyarorsz\u00e1gi forgalmaz\u00f3ja a Pharmabog Kft.     A Duke kezel\u0151egys\u00e9get kifejezetten fogszab\u00e1lyoz\u00e1si kezel\u00e9sre tervezt\u00e9k.\u00a0 A 270\u00b0-ban elforgathat\u00f3 fogorvosi elemnek k\u00f6sz\u00f6nhet\u0151en jobb- \u00e9s balkezesek sz\u00e1m\u00e1ra is t\u00f6k\u00e9letes.\u00a0 A teljes eg\u00e9sz\u00e9ben ker\u00e1mi\u00e1b\u00f3l k\u00e9sz\u00fclt orvosi pultot nem csak a stabilit\u00e1sa jellemzi, hanem k\u00f6nnyen fert\u0151tlen\u00edthet\u0151 \u00e9s nem s\u00e1rgul. K\u00e9t t\u00e1lc\u00e1nak is helyet biztos\u00edt. A Duke a Moon sz\u00e9kkel kombin\u00e1lhat\u00f3, 90\u00b0-os h\u00e1tt\u00e1ml\u00e1val.\u00a0 A fogszab\u00e1lyoz\u00e1sra tervezett Duke m\u00e1s kezel\u00e9sek elv\u00e9gz\u00e9s\u00e9t is lehet\u0151v\u00e9 teszi, meger\u0151s\u00edtve az OMS fog\u00e1szati \u200b\u200begys\u00e9gekre jellemz\u0151 specializ\u00e1ci\u00f3 \u00e9s sokoldal\u00fas\u00e1g szint\u00e9zis\u00e9t.","og_url":"https:\/\/pharmabog.hu\/de\/product\/oms-duke\/","og_site_name":"Pharmabog Kft. - Fog\u00e1szati kezel\u0151egys\u00e9g","article_publisher":"https:\/\/www.facebook.com\/pharmabog.hu","article_modified_time":"2025-07-22T11:01:19+00:00","og_image":[{"width":843,"height":450,"url":"https:\/\/pharmabog.hu\/wp-content\/uploads\/2025\/07\/oms_duke_thumb.png","type":"image\/png"}],"twitter_card":"summary_large_image","schema":{"@context":"https:\/\/schema.org","@graph":[{"@type":"WebPage","@id":"https:\/\/pharmabog.hu\/product\/oms-duke\/","url":"https:\/\/pharmabog.hu\/product\/oms-duke\/","name":"OMS DUKE - Pharmabog Kft. - Fog\u00e1szati kezel\u0151egys\u00e9g","isPartOf":{"@id":"https:\/\/pharmabog.hu\/#website"},"primaryImageOfPage":{"@id":"https:\/\/pharmabog.hu\/product\/oms-duke\/#primaryimage"},"image":{"@id":"https:\/\/pharmabog.hu\/product\/oms-duke\/#primaryimage"},"thumbnailUrl":"https:\/\/pharmabog.hu\/wp-content\/uploads\/2025\/07\/oms_duke_thumb.png","datePublished":"2025-07-22T11:01:12+00:00","dateModified":"2025-07-22T11:01:19+00:00","breadcrumb":{"@id":"https:\/\/pharmabog.hu\/product\/oms-duke\/#breadcrumb"},"inLanguage":"de","potentialAction":[{"@type":"ReadAction","target":["https:\/\/pharmabog.hu\/product\/oms-duke\/"]}]},{"@type":"ImageObject","inLanguage":"de","@id":"https:\/\/pharmabog.hu\/product\/oms-duke\/#primaryimage","url":"https:\/\/pharmabog.hu\/wp-content\/uploads\/2025\/07\/oms_duke_thumb.png","contentUrl":"https:\/\/pharmabog.hu\/wp-content\/uploads\/2025\/07\/oms_duke_thumb.png","width":843,"height":450},{"@type":"BreadcrumbList","@id":"https:\/\/pharmabog.hu\/product\/oms-duke\/#breadcrumb","itemListElement":[{"@type":"ListItem","position":1,"name":"Kezd\u0151lap","item":"https:\/\/pharmabog.hu\/"},{"@type":"ListItem","position":2,"name":"Shop","item":"https:\/\/pharmabog.hu\/shop\/"},{"@type":"ListItem","position":3,"name":"OMS DUKE"}]},{"@type":"WebSite","@id":"https:\/\/pharmabog.hu\/#website","url":"https:\/\/pharmabog.hu\/","name":"Pharmabog Ltd. - Zahnbehandlungseinheit","description":"","publisher":{"@id":"https:\/\/pharmabog.hu\/#organization"},"potentialAction":[{"@type":"SearchAction","target":{"@type":"EntryPoint","urlTemplate":"https:\/\/pharmabog.hu\/?s={search_term_string}"},"query-input":{"@type":"PropertyValueSpecification","valueRequired":true,"valueName":"search_term_string"}}],"inLanguage":"de"},{"@type":"Organization","@id":"https:\/\/pharmabog.hu\/#organization","name":"Pharmabog Ltd. - Zahnbehandlungseinheit","url":"https:\/\/pharmabog.hu\/","logo":{"@type":"ImageObject","inLanguage":"de","@id":"https:\/\/pharmabog.hu\/#\/schema\/logo\/image\/","url":"https:\/\/pharmabog.hu\/wp-content\/uploads\/2025\/07\/cropped-logo-16-e1644481099702-4.png","contentUrl":"https:\/\/pharmabog.hu\/wp-content\/uploads\/2025\/07\/cropped-logo-16-e1644481099702-4.png","width":296,"height":87,"caption":"Pharmabog Kft. - Fog\u00e1szati kezel\u0151egys\u00e9g"},"image":{"@id":"https:\/\/pharmabog.hu\/#\/schema\/logo\/image\/"},"sameAs":["https:\/\/www.facebook.com\/pharmabog.hu"]}]}},"_links":{"self":[{"href":"https:\/\/pharmabog.hu\/de\/wp-json\/wp\/v2\/product\/403","targetHints":{"allow":["GET"]}}],"collection":[{"href":"https:\/\/pharmabog.hu\/de\/wp-json\/wp\/v2\/product"}],"about":[{"href":"https:\/\/pharmabog.hu\/de\/wp-json\/wp\/v2\/types\/product"}],"replies":[{"embeddable":true,"href":"https:\/\/pharmabog.hu\/de\/wp-json\/wp\/v2\/comments?post=403"}],"wp:featuredmedia":[{"embeddable":true,"href":"https:\/\/pharmabog.hu\/de\/wp-json\/wp\/v2\/media\/451"}],"wp:attachment":[{"href":"https:\/\/pharmabog.hu\/de\/wp-json\/wp\/v2\/media?parent=403"}],"wp:term":[{"taxonomy":"product_brand","embeddable":true,"href":"https:\/\/pharmabog.hu\/de\/wp-json\/wp\/v2\/product_brand?post=403"},{"taxonomy":"product_cat","embeddable":true,"href":"https:\/\/pharmabog.hu\/de\/wp-json\/wp\/v2\/product_cat?post=403"},{"taxonomy":"product_tag","embeddable":true,"href":"https:\/\/pharmabog.hu\/de\/wp-json\/wp\/v2\/product_tag?post=403"}],"curies":[{"name":"wp","href":"https:\/\/api.w.org\/{rel}","templated":true}]}}