{"id":402,"date":"2025-07-22T11:01:12","date_gmt":"2025-07-22T11:01:12","guid":{"rendered":"https:\/\/pharmabog.hu\/?post_type=product&#038;p=402"},"modified":"2025-07-22T11:01:19","modified_gmt":"2025-07-22T11:01:19","slug":"oms-esse","status":"publish","type":"product","link":"https:\/\/pharmabog.hu\/de\/product\/oms-esse\/","title":{"rendered":"OMS ESSE"},"content":{"rendered":"","protected":false},"excerpt":{"rendered":"<p><img decoding=\"async\" class=\"\" src=\"https:\/\/pharmabog.hu\/wp-content\/uploads\/2022\/02\/logo_oms-300x140-1.png\" alt=\"logo_oms-300x140\" width=\"234\" height=\"114\" \/><\/p>\n<div id=\"tm-heading-628c9ae371654\" class=\"tm-heading center tm-animation move-up animate\">\n<p class=\"heading\">&nbsp;<\/p>\n<\/div>\n<div class=\"wpb_text_column wpb_content_element\">\n<div class=\"wpb_wrapper\">\n<div class=\"\"><span class=\"\" style=\"color: #255891; font-family: Poppins;\"><span class=\"\">Die Einfachheit und Zuverl\u00e4ssigkeit der OMS-ESSE-Behandlungseinheiten haben im Laufe der Jahre weltweit das Vertrauen der Zahn\u00e4rzte gefestigt und gewonnen.\nUnter Einhaltung aller ergonomischen Prinzipien zeichnen sich diese Einheiten durch hohe Zuverl\u00e4ssigkeit und ein ausgezeichnetes Preis-Leistungs-Verh\u00e4ltnis aus.\nDer mit dem S.P.R.I.D.O.-System ausgestattete Instrumententisch kann mit 4 Instrumenten best\u00fcckt werden.\nDas Assistentenmodul (mit 2 Absaugschl\u00e4uchen und einem freien Platz) ist leicht zu bedienen und mit einer ergonomischen Membrantastatur ausgestattet.\nMit dieser Behandlungseinheit erhalten Sie erstklassige Qualit\u00e4t und herausragende Ergonomie.\u00a0<\/span><\/span><span class=\"\">&nbsp;<\/span><span class=\"\" style=\"color: #255891; font-family: Poppins;\"><span class=\"\">\u00a0<\/span><\/span><\/div>\n<div class=\"translation-block\">&nbsp;<\/div>\n<div class=\"\"><span class=\"\">&nbsp;<\/span><\/div>\n<div class=\"\"><span class=\"\">&nbsp;<\/span><\/div>\n<div class=\"\"><span class=\"\">&nbsp;<\/span><\/div>\n<div class=\"\">\n<p class=\"\"><strong><span class=\"\">Hervorragendes Preis-Leistungs-Verh\u00e4ltnis.<\/span><\/strong><\/p>\n<p class=\"\"><strong><span class=\"\">Preis: 15.000 \u20ac + 27% MwSt. = erh\u00e4ltlich ab 19.050 \u20ac.<\/span><\/strong><\/p>\n<\/div>\n<p><a href=\"\/de\/doc\/linea_esse.pdf\/\"><img decoding=\"async\" class=\"alignnone size-full wp-image-3595\" src=\"https:\/\/pharmabog.hu\/wp-content\/uploads\/2022\/05\/Ke\u0301pernyo\u030bfoto\u0301-2022-05-24-11.27.20.png\" alt=\"\" width=\"242\" height=\"51\" \/><\/a><\/p>\n<\/div>\n<\/div>","protected":false},"featured_media":447,"comment_status":"closed","ping_status":"closed","template":"","meta":[],"product_brand":[],"product_cat":[44],"product_tag":[],"class_list":{"0":"post-402","1":"product","2":"type-product","3":"status-publish","4":"has-post-thumbnail","6":"product_cat-oms-felsokaros-kezeloegysegek","8":"first","9":"instock","10":"shipping-taxable","11":"product-type-simple"},"yoast_head":"<!-- This site is optimized with the Yoast SEO plugin v25.5 - https:\/\/yoast.com\/wordpress\/plugins\/seo\/ -->\n<title>OMS ESSE - Pharmabog Kft. - Fog\u00e1szati kezel\u0151egys\u00e9g<\/title>\n<meta name=\"robots\" content=\"index, follow, max-snippet:-1, max-image-preview:large, max-video-preview:-1\" \/>\n<link rel=\"canonical\" href=\"https:\/\/pharmabog.hu\/de\/product\/oms-esse\/\" \/>\n<meta property=\"og:locale\" content=\"de_DE\" \/>\n<meta property=\"og:type\" content=\"article\" \/>\n<meta property=\"og:title\" content=\"OMS ESSE - Pharmabog Kft. - Fog\u00e1szati kezel\u0151egys\u00e9g\" \/>\n<meta property=\"og:description\" content=\"Az OMS fog\u00e1szati kezel\u0151egys\u00e9gek hivatalos Magyarorsz\u00e1gi forgalmaz\u00f3ja a Pharmabog Kft.     Az OMS ESSE kezel\u0151egys\u00e9gek egyszer\u0171s\u00e9ge \u00e9s megb\u00edzhat\u00f3s\u00e1ga az \u00e9vek sor\u00e1n\u00a0vil\u00e1gszerte megszil\u00e1rd\u00edtotta \u00e9s elnyerte a fogorvosok bizalm\u00e1t\u00a0 Az ergon\u00f3mia minden elv\u00e9t tiszteletben tartva\u00a0a megb\u00edzhat\u00f3s\u00e1g \u00e9s a kiv\u00e1l\u00f3 \u00e1r-\u00e9rt\u00e9k ar\u00e1ny jellemzi.\u00a0 A S.P.R.I.D.O-rendszerrel m\u0171k\u00f6d\u0151 m\u0171szerasztalt 4 instrumenttellehet felszerelni. Az asszisztens konzol (2 sz\u00edv\u00f3cs\u0151vel \u00e9s egy szabad hellyel) k\u00f6nnyen kezelhet\u0151, ergonomikus membr\u00e1n billenty\u0171zettel van ell\u00e1tva Ezzel a fog\u00e1szati egys\u00e9ggel els\u0151rang\u00fa min\u0151s\u00e9get \u00e9s kiemelked\u0151 ergon\u00f3mi\u00e1t kap.  Kiv\u00e1l\u00f3 \u00e1r-\u00e9rt\u00e9k ar\u00e1ny: \u00c1r: 15.000.- \u20ac + 27% \u00c1fa = 19.050.- \u20ac-t\u00f3l el\u00e9rhet\u0151.\" \/>\n<meta property=\"og:url\" content=\"https:\/\/pharmabog.hu\/de\/product\/oms-esse\/\" \/>\n<meta property=\"og:site_name\" content=\"Pharmabog Kft. - Fog\u00e1szati kezel\u0151egys\u00e9g\" \/>\n<meta property=\"article:publisher\" content=\"https:\/\/www.facebook.com\/pharmabog.hu\" \/>\n<meta property=\"article:modified_time\" content=\"2025-07-22T11:01:19+00:00\" \/>\n<meta property=\"og:image\" content=\"https:\/\/pharmabog.hu\/wp-content\/uploads\/2025\/07\/ESSE.png\" \/>\n\t<meta property=\"og:image:width\" content=\"628\" \/>\n\t<meta property=\"og:image:height\" content=\"481\" \/>\n\t<meta property=\"og:image:type\" content=\"image\/png\" \/>\n<meta name=\"twitter:card\" content=\"summary_large_image\" \/>\n<script type=\"application\/ld+json\" class=\"yoast-schema-graph\">{\"@context\":\"https:\/\/schema.org\",\"@graph\":[{\"@type\":\"WebPage\",\"@id\":\"https:\/\/pharmabog.hu\/product\/oms-esse\/\",\"url\":\"https:\/\/pharmabog.hu\/product\/oms-esse\/\",\"name\":\"OMS ESSE - Pharmabog Kft. - Fog\u00e1szati kezel\u0151egys\u00e9g\",\"isPartOf\":{\"@id\":\"https:\/\/pharmabog.hu\/#website\"},\"primaryImageOfPage\":{\"@id\":\"https:\/\/pharmabog.hu\/product\/oms-esse\/#primaryimage\"},\"image\":{\"@id\":\"https:\/\/pharmabog.hu\/product\/oms-esse\/#primaryimage\"},\"thumbnailUrl\":\"https:\/\/pharmabog.hu\/wp-content\/uploads\/2025\/07\/ESSE.png\",\"datePublished\":\"2025-07-22T11:01:12+00:00\",\"dateModified\":\"2025-07-22T11:01:19+00:00\",\"breadcrumb\":{\"@id\":\"https:\/\/pharmabog.hu\/product\/oms-esse\/#breadcrumb\"},\"inLanguage\":\"de\",\"potentialAction\":[{\"@type\":\"ReadAction\",\"target\":[\"https:\/\/pharmabog.hu\/product\/oms-esse\/\"]}]},{\"@type\":\"ImageObject\",\"inLanguage\":\"de\",\"@id\":\"https:\/\/pharmabog.hu\/product\/oms-esse\/#primaryimage\",\"url\":\"https:\/\/pharmabog.hu\/wp-content\/uploads\/2025\/07\/ESSE.png\",\"contentUrl\":\"https:\/\/pharmabog.hu\/wp-content\/uploads\/2025\/07\/ESSE.png\",\"width\":628,\"height\":481},{\"@type\":\"BreadcrumbList\",\"@id\":\"https:\/\/pharmabog.hu\/product\/oms-esse\/#breadcrumb\",\"itemListElement\":[{\"@type\":\"ListItem\",\"position\":1,\"name\":\"Kezd\u0151lap\",\"item\":\"https:\/\/pharmabog.hu\/\"},{\"@type\":\"ListItem\",\"position\":2,\"name\":\"Shop\",\"item\":\"https:\/\/pharmabog.hu\/shop\/\"},{\"@type\":\"ListItem\",\"position\":3,\"name\":\"OMS ESSE\"}]},{\"@type\":\"WebSite\",\"@id\":\"https:\/\/pharmabog.hu\/#website\",\"url\":\"https:\/\/pharmabog.hu\/\",\"name\":\"Pharmabog Kft. - Fog\u00e1szati kezel\u0151egys\u00e9g\",\"description\":\"\",\"publisher\":{\"@id\":\"https:\/\/pharmabog.hu\/#organization\"},\"potentialAction\":[{\"@type\":\"SearchAction\",\"target\":{\"@type\":\"EntryPoint\",\"urlTemplate\":\"https:\/\/pharmabog.hu\/?s={search_term_string}\"},\"query-input\":{\"@type\":\"PropertyValueSpecification\",\"valueRequired\":true,\"valueName\":\"search_term_string\"}}],\"inLanguage\":\"de\"},{\"@type\":\"Organization\",\"@id\":\"https:\/\/pharmabog.hu\/#organization\",\"name\":\"Pharmabog Kft. - Fog\u00e1szati kezel\u0151egys\u00e9g\",\"url\":\"https:\/\/pharmabog.hu\/\",\"logo\":{\"@type\":\"ImageObject\",\"inLanguage\":\"de\",\"@id\":\"https:\/\/pharmabog.hu\/#\/schema\/logo\/image\/\",\"url\":\"https:\/\/pharmabog.hu\/wp-content\/uploads\/2025\/07\/cropped-logo-16-e1644481099702-4.png\",\"contentUrl\":\"https:\/\/pharmabog.hu\/wp-content\/uploads\/2025\/07\/cropped-logo-16-e1644481099702-4.png\",\"width\":296,\"height\":87,\"caption\":\"Pharmabog Kft. - Fog\u00e1szati kezel\u0151egys\u00e9g\"},\"image\":{\"@id\":\"https:\/\/pharmabog.hu\/#\/schema\/logo\/image\/\"},\"sameAs\":[\"https:\/\/www.facebook.com\/pharmabog.hu\"]}]}<\/script>\n<!-- \/ Yoast SEO plugin. -->","yoast_head_json":{"title":"OMS ESSE - Pharmabog Kft. - Fog\u00e1szati kezel\u0151egys\u00e9g","robots":{"index":"index","follow":"follow","max-snippet":"max-snippet:-1","max-image-preview":"max-image-preview:large","max-video-preview":"max-video-preview:-1"},"canonical":"https:\/\/pharmabog.hu\/de\/product\/oms-esse\/","og_locale":"de_DE","og_type":"article","og_title":"OMS ESSE - Pharmabog Kft. - Fog\u00e1szati kezel\u0151egys\u00e9g","og_description":"Az OMS fog\u00e1szati kezel\u0151egys\u00e9gek hivatalos Magyarorsz\u00e1gi forgalmaz\u00f3ja a Pharmabog Kft.     Az OMS ESSE kezel\u0151egys\u00e9gek egyszer\u0171s\u00e9ge \u00e9s megb\u00edzhat\u00f3s\u00e1ga az \u00e9vek sor\u00e1n\u00a0vil\u00e1gszerte megszil\u00e1rd\u00edtotta \u00e9s elnyerte a fogorvosok bizalm\u00e1t\u00a0 Az ergon\u00f3mia minden elv\u00e9t tiszteletben tartva\u00a0a megb\u00edzhat\u00f3s\u00e1g \u00e9s a kiv\u00e1l\u00f3 \u00e1r-\u00e9rt\u00e9k ar\u00e1ny jellemzi.\u00a0 A S.P.R.I.D.O-rendszerrel m\u0171k\u00f6d\u0151 m\u0171szerasztalt 4 instrumenttellehet felszerelni. Az asszisztens konzol (2 sz\u00edv\u00f3cs\u0151vel \u00e9s egy szabad hellyel) k\u00f6nnyen kezelhet\u0151, ergonomikus membr\u00e1n billenty\u0171zettel van ell\u00e1tva Ezzel a fog\u00e1szati egys\u00e9ggel els\u0151rang\u00fa min\u0151s\u00e9get \u00e9s kiemelked\u0151 ergon\u00f3mi\u00e1t kap.  Kiv\u00e1l\u00f3 \u00e1r-\u00e9rt\u00e9k ar\u00e1ny: \u00c1r: 15.000.- \u20ac + 27% \u00c1fa = 19.050.- \u20ac-t\u00f3l el\u00e9rhet\u0151.","og_url":"https:\/\/pharmabog.hu\/de\/product\/oms-esse\/","og_site_name":"Pharmabog Kft. - Fog\u00e1szati kezel\u0151egys\u00e9g","article_publisher":"https:\/\/www.facebook.com\/pharmabog.hu","article_modified_time":"2025-07-22T11:01:19+00:00","og_image":[{"width":628,"height":481,"url":"https:\/\/pharmabog.hu\/wp-content\/uploads\/2025\/07\/ESSE.png","type":"image\/png"}],"twitter_card":"summary_large_image","schema":{"@context":"https:\/\/schema.org","@graph":[{"@type":"WebPage","@id":"https:\/\/pharmabog.hu\/product\/oms-esse\/","url":"https:\/\/pharmabog.hu\/product\/oms-esse\/","name":"OMS ESSE - Pharmabog Kft. - Fog\u00e1szati kezel\u0151egys\u00e9g","isPartOf":{"@id":"https:\/\/pharmabog.hu\/#website"},"primaryImageOfPage":{"@id":"https:\/\/pharmabog.hu\/product\/oms-esse\/#primaryimage"},"image":{"@id":"https:\/\/pharmabog.hu\/product\/oms-esse\/#primaryimage"},"thumbnailUrl":"https:\/\/pharmabog.hu\/wp-content\/uploads\/2025\/07\/ESSE.png","datePublished":"2025-07-22T11:01:12+00:00","dateModified":"2025-07-22T11:01:19+00:00","breadcrumb":{"@id":"https:\/\/pharmabog.hu\/product\/oms-esse\/#breadcrumb"},"inLanguage":"de","potentialAction":[{"@type":"ReadAction","target":["https:\/\/pharmabog.hu\/product\/oms-esse\/"]}]},{"@type":"ImageObject","inLanguage":"de","@id":"https:\/\/pharmabog.hu\/product\/oms-esse\/#primaryimage","url":"https:\/\/pharmabog.hu\/wp-content\/uploads\/2025\/07\/ESSE.png","contentUrl":"https:\/\/pharmabog.hu\/wp-content\/uploads\/2025\/07\/ESSE.png","width":628,"height":481},{"@type":"BreadcrumbList","@id":"https:\/\/pharmabog.hu\/product\/oms-esse\/#breadcrumb","itemListElement":[{"@type":"ListItem","position":1,"name":"Kezd\u0151lap","item":"https:\/\/pharmabog.hu\/"},{"@type":"ListItem","position":2,"name":"Shop","item":"https:\/\/pharmabog.hu\/shop\/"},{"@type":"ListItem","position":3,"name":"OMS ESSE"}]},{"@type":"WebSite","@id":"https:\/\/pharmabog.hu\/#website","url":"https:\/\/pharmabog.hu\/","name":"Pharmabog Ltd. - Zahnbehandlungseinheit","description":"","publisher":{"@id":"https:\/\/pharmabog.hu\/#organization"},"potentialAction":[{"@type":"SearchAction","target":{"@type":"EntryPoint","urlTemplate":"https:\/\/pharmabog.hu\/?s={search_term_string}"},"query-input":{"@type":"PropertyValueSpecification","valueRequired":true,"valueName":"search_term_string"}}],"inLanguage":"de"},{"@type":"Organization","@id":"https:\/\/pharmabog.hu\/#organization","name":"Pharmabog Ltd. - Zahnbehandlungseinheit","url":"https:\/\/pharmabog.hu\/","logo":{"@type":"ImageObject","inLanguage":"de","@id":"https:\/\/pharmabog.hu\/#\/schema\/logo\/image\/","url":"https:\/\/pharmabog.hu\/wp-content\/uploads\/2025\/07\/cropped-logo-16-e1644481099702-4.png","contentUrl":"https:\/\/pharmabog.hu\/wp-content\/uploads\/2025\/07\/cropped-logo-16-e1644481099702-4.png","width":296,"height":87,"caption":"Pharmabog Kft. - Fog\u00e1szati kezel\u0151egys\u00e9g"},"image":{"@id":"https:\/\/pharmabog.hu\/#\/schema\/logo\/image\/"},"sameAs":["https:\/\/www.facebook.com\/pharmabog.hu"]}]}},"_links":{"self":[{"href":"https:\/\/pharmabog.hu\/de\/wp-json\/wp\/v2\/product\/402","targetHints":{"allow":["GET"]}}],"collection":[{"href":"https:\/\/pharmabog.hu\/de\/wp-json\/wp\/v2\/product"}],"about":[{"href":"https:\/\/pharmabog.hu\/de\/wp-json\/wp\/v2\/types\/product"}],"replies":[{"embeddable":true,"href":"https:\/\/pharmabog.hu\/de\/wp-json\/wp\/v2\/comments?post=402"}],"wp:featuredmedia":[{"embeddable":true,"href":"https:\/\/pharmabog.hu\/de\/wp-json\/wp\/v2\/media\/447"}],"wp:attachment":[{"href":"https:\/\/pharmabog.hu\/de\/wp-json\/wp\/v2\/media?parent=402"}],"wp:term":[{"taxonomy":"product_brand","embeddable":true,"href":"https:\/\/pharmabog.hu\/de\/wp-json\/wp\/v2\/product_brand?post=402"},{"taxonomy":"product_cat","embeddable":true,"href":"https:\/\/pharmabog.hu\/de\/wp-json\/wp\/v2\/product_cat?post=402"},{"taxonomy":"product_tag","embeddable":true,"href":"https:\/\/pharmabog.hu\/de\/wp-json\/wp\/v2\/product_tag?post=402"}],"curies":[{"name":"wp","href":"https:\/\/api.w.org\/{rel}","templated":true}]}}