{"id":401,"date":"2025-07-22T11:01:12","date_gmt":"2025-07-22T11:01:12","guid":{"rendered":"https:\/\/pharmabog.hu\/?post_type=product&#038;p=401"},"modified":"2025-07-22T11:01:18","modified_gmt":"2025-07-22T11:01:18","slug":"oms-patavium","status":"publish","type":"product","link":"https:\/\/pharmabog.hu\/de\/product\/oms-patavium\/","title":{"rendered":"OMS PATAVIUM"},"content":{"rendered":"","protected":false},"excerpt":{"rendered":"<p><img decoding=\"async\" class=\"\" src=\"https:\/\/pharmabog.hu\/wp-content\/uploads\/2022\/02\/logo_oms-300x140-1.png\" alt=\"logo_oms-300x140\" width=\"234\" height=\"114\" \/><\/p>\n<div id=\"tm-heading-628c9ae371654\" class=\"tm-heading center tm-animation move-up animate\">\n<p class=\"heading\">&nbsp;<\/p>\n<\/div>\n<p>Die beliebteste zahn\u00e4rztliche Behandlungseinheit von OMS, die von Tausenden von Zahn\u00e4rzten weltweit eingesetzt wird.<\/p>\n<p>&nbsp;<\/p>\n<p>&nbsp;<\/p>\n<p>&nbsp;<\/p>\n<p>Der Wasserblock ist um 90 Grad schwenkbar, sodass auch die Assistenz in unmittelbarer N\u00e4he des Patienten arbeiten kann.\n\nAuch in einer linksh\u00e4ndigen Ausf\u00fchrung erh\u00e4ltlich.<\/p>\n<p>&nbsp;<\/p>\n<p><strong>Hervorragendes Preis-Leistungs-Verh\u00e4ltnis.<\/strong><\/p>\n<p><strong>Preis: 16.000 \u20ac + 27% MwSt. = erh\u00e4ltlich ab 20.320 \u20ac.<\/strong><\/p>\n<p><a href=\"\/de\/doc\/patavium.pdf\/\"><img decoding=\"async\" class=\"alignnone size-full wp-image-3595\" src=\"https:\/\/pharmabog.hu\/wp-content\/uploads\/2022\/05\/Ke\u0301pernyo\u030bfoto\u0301-2022-05-24-11.27.20.png\" alt=\"\" width=\"242\" height=\"51\" \/><\/a><\/p>","protected":false},"featured_media":443,"comment_status":"closed","ping_status":"closed","template":"","meta":[],"product_brand":[],"product_cat":[44],"product_tag":[],"class_list":{"0":"post-401","1":"product","2":"type-product","3":"status-publish","4":"has-post-thumbnail","6":"product_cat-oms-felsokaros-kezeloegysegek","8":"first","9":"instock","10":"shipping-taxable","11":"product-type-simple"},"yoast_head":"<!-- This site is optimized with the Yoast SEO plugin v25.5 - https:\/\/yoast.com\/wordpress\/plugins\/seo\/ -->\n<title>OMS PATAVIUM - Pharmabog Kft. - Fog\u00e1szati kezel\u0151egys\u00e9g<\/title>\n<meta name=\"robots\" content=\"index, follow, max-snippet:-1, max-image-preview:large, max-video-preview:-1\" \/>\n<link rel=\"canonical\" href=\"https:\/\/pharmabog.hu\/de\/product\/oms-patavium\/\" \/>\n<meta property=\"og:locale\" content=\"de_DE\" \/>\n<meta property=\"og:type\" content=\"article\" \/>\n<meta property=\"og:title\" content=\"OMS PATAVIUM - Pharmabog Kft. - Fog\u00e1szati kezel\u0151egys\u00e9g\" \/>\n<meta property=\"og:description\" content=\"Az OMS fog\u00e1szati kezel\u0151egys\u00e9gek hivatalos Magyarorsz\u00e1gi forgalmaz\u00f3ja a Pharmabog Kft.   Az OMS legn\u00e9pszer\u0171bb fogorvosi kezel\u0151egys\u00e9ge, amelyet a fogorvosok ezrei haszn\u00e1lnak az eg\u00e9sz vil\u00e1gon.  Tervez\u00e9s\u00e9n\u00e9l kiemelt figyelmet szenteltek az ergon\u00f3mi\u00e1ra:  A S.P.R.I.D.O. fel\u00e9p\u00edt\u00e9s\u0171 m\u0171szerasztal, munka k\u00f6zben a g\u00e9pen lev\u0151 k\u00e9zidarabok k\u00f6zel v\u00edzszintes mozgat\u00e1s\u00e1t teszi lehet\u0151v\u00e9, ez\u00e1ltal a kar nem akad bele a m\u0171t\u0151l\u00e1mp\u00e1ba \u00e9s ami a gyakorlatban a legfontosabb: \u201enem h\u00fazza vissza\u201d munka k\u00f6zben a kezet !  A kompakt betegsz\u00e9keket \u00fagy alak\u00edtott\u00e1k ki, hogy az orvosnak lehet\u0151s\u00e9ge legyen a legk\u00f6zelebb \u00fclnie p\u00e1ciens\u00e9hez kezel\u00e9s k\u00f6zben. \u00cdgy a t\u00f6k\u00e9letesen ergonomikus poz\u00edci\u00f3ban dolgozhat, k\u00edm\u00e9lve gerinc\u00e9t, derek\u00e1t \u00e9s a l\u00e1bait.  A vizesblokk 90 fokkal kiford\u00edthat\u00f3, \u00edgy az asszisztencia is a beteg k\u00f6zel\u00e9ben dolgozhat.  Balkezes verzi\u00f3ban is rendelhet\u0151.  Kiv\u00e1l\u00f3 \u00e1r-\u00e9rt\u00e9k ar\u00e1ny:  \u00c1r: 16.000.- \u20ac + 27% \u00c1fa = 20.320.- \u20ac-t\u00f3l el\u00e9rhet\u0151.\" \/>\n<meta property=\"og:url\" content=\"https:\/\/pharmabog.hu\/de\/product\/oms-patavium\/\" \/>\n<meta property=\"og:site_name\" content=\"Pharmabog Kft. - Fog\u00e1szati kezel\u0151egys\u00e9g\" \/>\n<meta property=\"article:publisher\" content=\"https:\/\/www.facebook.com\/pharmabog.hu\" \/>\n<meta property=\"article:modified_time\" content=\"2025-07-22T11:01:18+00:00\" \/>\n<meta property=\"og:image\" content=\"https:\/\/pharmabog.hu\/wp-content\/uploads\/2025\/07\/kezeloegyseg_patavium3.jpeg\" \/>\n\t<meta property=\"og:image:width\" content=\"806\" \/>\n\t<meta property=\"og:image:height\" content=\"800\" \/>\n\t<meta property=\"og:image:type\" content=\"image\/jpeg\" \/>\n<meta name=\"twitter:card\" content=\"summary_large_image\" \/>\n<script type=\"application\/ld+json\" class=\"yoast-schema-graph\">{\"@context\":\"https:\/\/schema.org\",\"@graph\":[{\"@type\":\"WebPage\",\"@id\":\"https:\/\/pharmabog.hu\/product\/oms-patavium\/\",\"url\":\"https:\/\/pharmabog.hu\/product\/oms-patavium\/\",\"name\":\"OMS PATAVIUM - Pharmabog Kft. - Fog\u00e1szati kezel\u0151egys\u00e9g\",\"isPartOf\":{\"@id\":\"https:\/\/pharmabog.hu\/#website\"},\"primaryImageOfPage\":{\"@id\":\"https:\/\/pharmabog.hu\/product\/oms-patavium\/#primaryimage\"},\"image\":{\"@id\":\"https:\/\/pharmabog.hu\/product\/oms-patavium\/#primaryimage\"},\"thumbnailUrl\":\"https:\/\/pharmabog.hu\/wp-content\/uploads\/2025\/07\/kezeloegyseg_patavium3.jpeg\",\"datePublished\":\"2025-07-22T11:01:12+00:00\",\"dateModified\":\"2025-07-22T11:01:18+00:00\",\"breadcrumb\":{\"@id\":\"https:\/\/pharmabog.hu\/product\/oms-patavium\/#breadcrumb\"},\"inLanguage\":\"de\",\"potentialAction\":[{\"@type\":\"ReadAction\",\"target\":[\"https:\/\/pharmabog.hu\/product\/oms-patavium\/\"]}]},{\"@type\":\"ImageObject\",\"inLanguage\":\"de\",\"@id\":\"https:\/\/pharmabog.hu\/product\/oms-patavium\/#primaryimage\",\"url\":\"https:\/\/pharmabog.hu\/wp-content\/uploads\/2025\/07\/kezeloegyseg_patavium3.jpeg\",\"contentUrl\":\"https:\/\/pharmabog.hu\/wp-content\/uploads\/2025\/07\/kezeloegyseg_patavium3.jpeg\",\"width\":806,\"height\":800},{\"@type\":\"BreadcrumbList\",\"@id\":\"https:\/\/pharmabog.hu\/product\/oms-patavium\/#breadcrumb\",\"itemListElement\":[{\"@type\":\"ListItem\",\"position\":1,\"name\":\"Kezd\u0151lap\",\"item\":\"https:\/\/pharmabog.hu\/\"},{\"@type\":\"ListItem\",\"position\":2,\"name\":\"Shop\",\"item\":\"https:\/\/pharmabog.hu\/shop\/\"},{\"@type\":\"ListItem\",\"position\":3,\"name\":\"OMS PATAVIUM\"}]},{\"@type\":\"WebSite\",\"@id\":\"https:\/\/pharmabog.hu\/#website\",\"url\":\"https:\/\/pharmabog.hu\/\",\"name\":\"Pharmabog Kft. - Fog\u00e1szati kezel\u0151egys\u00e9g\",\"description\":\"\",\"publisher\":{\"@id\":\"https:\/\/pharmabog.hu\/#organization\"},\"potentialAction\":[{\"@type\":\"SearchAction\",\"target\":{\"@type\":\"EntryPoint\",\"urlTemplate\":\"https:\/\/pharmabog.hu\/?s={search_term_string}\"},\"query-input\":{\"@type\":\"PropertyValueSpecification\",\"valueRequired\":true,\"valueName\":\"search_term_string\"}}],\"inLanguage\":\"de\"},{\"@type\":\"Organization\",\"@id\":\"https:\/\/pharmabog.hu\/#organization\",\"name\":\"Pharmabog Kft. - Fog\u00e1szati kezel\u0151egys\u00e9g\",\"url\":\"https:\/\/pharmabog.hu\/\",\"logo\":{\"@type\":\"ImageObject\",\"inLanguage\":\"de\",\"@id\":\"https:\/\/pharmabog.hu\/#\/schema\/logo\/image\/\",\"url\":\"https:\/\/pharmabog.hu\/wp-content\/uploads\/2025\/07\/cropped-logo-16-e1644481099702-4.png\",\"contentUrl\":\"https:\/\/pharmabog.hu\/wp-content\/uploads\/2025\/07\/cropped-logo-16-e1644481099702-4.png\",\"width\":296,\"height\":87,\"caption\":\"Pharmabog Kft. - Fog\u00e1szati kezel\u0151egys\u00e9g\"},\"image\":{\"@id\":\"https:\/\/pharmabog.hu\/#\/schema\/logo\/image\/\"},\"sameAs\":[\"https:\/\/www.facebook.com\/pharmabog.hu\"]}]}<\/script>\n<!-- \/ Yoast SEO plugin. -->","yoast_head_json":{"title":"OMS PATAVIUM - Pharmabog Kft. - Fog\u00e1szati kezel\u0151egys\u00e9g","robots":{"index":"index","follow":"follow","max-snippet":"max-snippet:-1","max-image-preview":"max-image-preview:large","max-video-preview":"max-video-preview:-1"},"canonical":"https:\/\/pharmabog.hu\/de\/product\/oms-patavium\/","og_locale":"de_DE","og_type":"article","og_title":"OMS PATAVIUM - Pharmabog Kft. - Fog\u00e1szati kezel\u0151egys\u00e9g","og_description":"Az OMS fog\u00e1szati kezel\u0151egys\u00e9gek hivatalos Magyarorsz\u00e1gi forgalmaz\u00f3ja a Pharmabog Kft.   Az OMS legn\u00e9pszer\u0171bb fogorvosi kezel\u0151egys\u00e9ge, amelyet a fogorvosok ezrei haszn\u00e1lnak az eg\u00e9sz vil\u00e1gon.  Tervez\u00e9s\u00e9n\u00e9l kiemelt figyelmet szenteltek az ergon\u00f3mi\u00e1ra:  A S.P.R.I.D.O. fel\u00e9p\u00edt\u00e9s\u0171 m\u0171szerasztal, munka k\u00f6zben a g\u00e9pen lev\u0151 k\u00e9zidarabok k\u00f6zel v\u00edzszintes mozgat\u00e1s\u00e1t teszi lehet\u0151v\u00e9, ez\u00e1ltal a kar nem akad bele a m\u0171t\u0151l\u00e1mp\u00e1ba \u00e9s ami a gyakorlatban a legfontosabb: \u201enem h\u00fazza vissza\u201d munka k\u00f6zben a kezet !  A kompakt betegsz\u00e9keket \u00fagy alak\u00edtott\u00e1k ki, hogy az orvosnak lehet\u0151s\u00e9ge legyen a legk\u00f6zelebb \u00fclnie p\u00e1ciens\u00e9hez kezel\u00e9s k\u00f6zben. \u00cdgy a t\u00f6k\u00e9letesen ergonomikus poz\u00edci\u00f3ban dolgozhat, k\u00edm\u00e9lve gerinc\u00e9t, derek\u00e1t \u00e9s a l\u00e1bait.  A vizesblokk 90 fokkal kiford\u00edthat\u00f3, \u00edgy az asszisztencia is a beteg k\u00f6zel\u00e9ben dolgozhat.  Balkezes verzi\u00f3ban is rendelhet\u0151.  Kiv\u00e1l\u00f3 \u00e1r-\u00e9rt\u00e9k ar\u00e1ny:  \u00c1r: 16.000.- \u20ac + 27% \u00c1fa = 20.320.- \u20ac-t\u00f3l el\u00e9rhet\u0151.","og_url":"https:\/\/pharmabog.hu\/de\/product\/oms-patavium\/","og_site_name":"Pharmabog Kft. - Fog\u00e1szati kezel\u0151egys\u00e9g","article_publisher":"https:\/\/www.facebook.com\/pharmabog.hu","article_modified_time":"2025-07-22T11:01:18+00:00","og_image":[{"width":806,"height":800,"url":"https:\/\/pharmabog.hu\/wp-content\/uploads\/2025\/07\/kezeloegyseg_patavium3.jpeg","type":"image\/jpeg"}],"twitter_card":"summary_large_image","schema":{"@context":"https:\/\/schema.org","@graph":[{"@type":"WebPage","@id":"https:\/\/pharmabog.hu\/product\/oms-patavium\/","url":"https:\/\/pharmabog.hu\/product\/oms-patavium\/","name":"OMS PATAVIUM - Pharmabog Kft. - Fog\u00e1szati kezel\u0151egys\u00e9g","isPartOf":{"@id":"https:\/\/pharmabog.hu\/#website"},"primaryImageOfPage":{"@id":"https:\/\/pharmabog.hu\/product\/oms-patavium\/#primaryimage"},"image":{"@id":"https:\/\/pharmabog.hu\/product\/oms-patavium\/#primaryimage"},"thumbnailUrl":"https:\/\/pharmabog.hu\/wp-content\/uploads\/2025\/07\/kezeloegyseg_patavium3.jpeg","datePublished":"2025-07-22T11:01:12+00:00","dateModified":"2025-07-22T11:01:18+00:00","breadcrumb":{"@id":"https:\/\/pharmabog.hu\/product\/oms-patavium\/#breadcrumb"},"inLanguage":"de","potentialAction":[{"@type":"ReadAction","target":["https:\/\/pharmabog.hu\/product\/oms-patavium\/"]}]},{"@type":"ImageObject","inLanguage":"de","@id":"https:\/\/pharmabog.hu\/product\/oms-patavium\/#primaryimage","url":"https:\/\/pharmabog.hu\/wp-content\/uploads\/2025\/07\/kezeloegyseg_patavium3.jpeg","contentUrl":"https:\/\/pharmabog.hu\/wp-content\/uploads\/2025\/07\/kezeloegyseg_patavium3.jpeg","width":806,"height":800},{"@type":"BreadcrumbList","@id":"https:\/\/pharmabog.hu\/product\/oms-patavium\/#breadcrumb","itemListElement":[{"@type":"ListItem","position":1,"name":"Kezd\u0151lap","item":"https:\/\/pharmabog.hu\/"},{"@type":"ListItem","position":2,"name":"Shop","item":"https:\/\/pharmabog.hu\/shop\/"},{"@type":"ListItem","position":3,"name":"OMS PATAVIUM"}]},{"@type":"WebSite","@id":"https:\/\/pharmabog.hu\/#website","url":"https:\/\/pharmabog.hu\/","name":"Pharmabog Ltd. - Zahnbehandlungseinheit","description":"","publisher":{"@id":"https:\/\/pharmabog.hu\/#organization"},"potentialAction":[{"@type":"SearchAction","target":{"@type":"EntryPoint","urlTemplate":"https:\/\/pharmabog.hu\/?s={search_term_string}"},"query-input":{"@type":"PropertyValueSpecification","valueRequired":true,"valueName":"search_term_string"}}],"inLanguage":"de"},{"@type":"Organization","@id":"https:\/\/pharmabog.hu\/#organization","name":"Pharmabog Ltd. - Zahnbehandlungseinheit","url":"https:\/\/pharmabog.hu\/","logo":{"@type":"ImageObject","inLanguage":"de","@id":"https:\/\/pharmabog.hu\/#\/schema\/logo\/image\/","url":"https:\/\/pharmabog.hu\/wp-content\/uploads\/2025\/07\/cropped-logo-16-e1644481099702-4.png","contentUrl":"https:\/\/pharmabog.hu\/wp-content\/uploads\/2025\/07\/cropped-logo-16-e1644481099702-4.png","width":296,"height":87,"caption":"Pharmabog Kft. - Fog\u00e1szati kezel\u0151egys\u00e9g"},"image":{"@id":"https:\/\/pharmabog.hu\/#\/schema\/logo\/image\/"},"sameAs":["https:\/\/www.facebook.com\/pharmabog.hu"]}]}},"_links":{"self":[{"href":"https:\/\/pharmabog.hu\/de\/wp-json\/wp\/v2\/product\/401","targetHints":{"allow":["GET"]}}],"collection":[{"href":"https:\/\/pharmabog.hu\/de\/wp-json\/wp\/v2\/product"}],"about":[{"href":"https:\/\/pharmabog.hu\/de\/wp-json\/wp\/v2\/types\/product"}],"replies":[{"embeddable":true,"href":"https:\/\/pharmabog.hu\/de\/wp-json\/wp\/v2\/comments?post=401"}],"wp:featuredmedia":[{"embeddable":true,"href":"https:\/\/pharmabog.hu\/de\/wp-json\/wp\/v2\/media\/443"}],"wp:attachment":[{"href":"https:\/\/pharmabog.hu\/de\/wp-json\/wp\/v2\/media?parent=401"}],"wp:term":[{"taxonomy":"product_brand","embeddable":true,"href":"https:\/\/pharmabog.hu\/de\/wp-json\/wp\/v2\/product_brand?post=401"},{"taxonomy":"product_cat","embeddable":true,"href":"https:\/\/pharmabog.hu\/de\/wp-json\/wp\/v2\/product_cat?post=401"},{"taxonomy":"product_tag","embeddable":true,"href":"https:\/\/pharmabog.hu\/de\/wp-json\/wp\/v2\/product_tag?post=401"}],"curies":[{"name":"wp","href":"https:\/\/api.w.org\/{rel}","templated":true}]}}