{"id":399,"date":"2025-07-22T11:01:12","date_gmt":"2025-07-22T11:01:12","guid":{"rendered":"https:\/\/pharmabog.hu\/?post_type=product&#038;p=399"},"modified":"2025-07-22T11:01:17","modified_gmt":"2025-07-22T11:01:17","slug":"oms-carving","status":"publish","type":"product","link":"https:\/\/pharmabog.hu\/de\/product\/oms-carving\/","title":{"rendered":"OMS CARVING"},"content":{"rendered":"","protected":false},"excerpt":{"rendered":"<p><img decoding=\"async\" class=\"\" src=\"https:\/\/pharmabog.hu\/wp-content\/uploads\/2022\/02\/logo_oms-300x140-1.png\" alt=\"logo_oms-300x140\" width=\"234\" height=\"114\" \/><\/p>\n<div id=\"tm-heading-628c9ae371654\" class=\"tm-heading center tm-animation move-up animate\">\n<p class=\"heading\">&nbsp;<\/p>\n<\/div>\n<p><em><strong>&nbsp;<\/strong><\/em><\/p>\n<p>&nbsp;<\/p>\n<p>&nbsp;<\/p>\n<p>&nbsp;<\/p>\n<p>&nbsp;<\/p>\n<p><strong>Preis: 17.000 \u20ac + 27% MwSt. = erh\u00e4ltlich ab 21.590 \u20ac.<\/strong><\/p>\n<div class=\"wpb_text_column wpb_content_element\">\n<div class=\"wpb_wrapper\">\n<p>Leasing: 10% (698.500,-Ft) Bruttoanzahlung + 60 Monate x 112.000,-Ft<\/p>\n<\/div>\n<\/div>","protected":false},"featured_media":438,"comment_status":"closed","ping_status":"closed","template":"","meta":[],"product_brand":[],"product_cat":[44],"product_tag":[],"class_list":{"0":"post-399","1":"product","2":"type-product","3":"status-publish","4":"has-post-thumbnail","6":"product_cat-oms-felsokaros-kezeloegysegek","8":"first","9":"instock","10":"shipping-taxable","11":"product-type-simple"},"yoast_head":"<!-- This site is optimized with the Yoast SEO plugin v25.5 - https:\/\/yoast.com\/wordpress\/plugins\/seo\/ -->\n<title>OMS CARVING - Pharmabog Kft. - Fog\u00e1szati kezel\u0151egys\u00e9g<\/title>\n<meta name=\"robots\" content=\"index, follow, max-snippet:-1, max-image-preview:large, max-video-preview:-1\" \/>\n<link rel=\"canonical\" href=\"https:\/\/pharmabog.hu\/de\/product\/oms-carving\/\" \/>\n<meta property=\"og:locale\" content=\"de_DE\" \/>\n<meta property=\"og:type\" content=\"article\" \/>\n<meta property=\"og:title\" content=\"OMS CARVING - Pharmabog Kft. - Fog\u00e1szati kezel\u0151egys\u00e9g\" \/>\n<meta property=\"og:description\" content=\"Az OMS fog\u00e1szati kezel\u0151egys\u00e9gek hivatalos Magyarorsz\u00e1gi forgalmaz\u00f3ja a Pharmabog Kft.   Az OMS leg\u00fajabb design-ja.  A S.P.R.I.D.O. fel\u00e9p\u00edt\u00e9s\u0171 m\u0171szerasztal, munka k\u00f6zben a g\u00e9pen lev\u0151 k\u00e9zidarabok k\u00f6zel v\u00edzszintes mozgat\u00e1s\u00e1t teszi lehet\u0151v\u00e9, ez\u00e1ltal a kar nem akad bele a m\u0171t\u0151l\u00e1mp\u00e1ba \u00e9s ami a gyakorlatban a legfontosabb: \u201enem h\u00fazza vissza\u201d munka k\u00f6zben a kezet!  K\u00e1bel n\u00e9lk\u00fcli (wireless) l\u00e1bkapcsol\u00f3val \u00e9s h\u00e1rom dimenzi\u00f3s (3D) fejt\u00e1ml\u00e1val is rendelhet\u0151.  A k\u00f6p\u0151cs\u00e9sze levehet\u0151, \u00edgy nagyon k\u00f6nnyen tiszt\u00edthat\u00f3.  Az Carving rendk\u00edv\u00fcl k\u00e9nyelmes Moon vagy Arcadia betegsz\u00e9kkel sz\u00e1ll\u00edthat\u00f3.  \u00c1r: 17.000.- \u20ac + 27% \u00c1fa =\u00a021.590.- \u20ac-t\u00f3l\u00a0el\u00e9rhet\u0151.    L\u00edzing: 10% (698.500,-Ft) brutt\u00f3 kezd\u0151 befizet\u00e9s + 60 h\u00f3nap x 112.000,-Ft\" \/>\n<meta property=\"og:url\" content=\"https:\/\/pharmabog.hu\/de\/product\/oms-carving\/\" \/>\n<meta property=\"og:site_name\" content=\"Pharmabog Kft. - Fog\u00e1szati kezel\u0151egys\u00e9g\" \/>\n<meta property=\"article:publisher\" content=\"https:\/\/www.facebook.com\/pharmabog.hu\" \/>\n<meta property=\"article:modified_time\" content=\"2025-07-22T11:01:17+00:00\" \/>\n<meta property=\"og:image\" content=\"https:\/\/pharmabog.hu\/wp-content\/uploads\/2025\/07\/kezeloegyseg_carving_lamp.jpeg\" \/>\n\t<meta property=\"og:image:width\" content=\"661\" \/>\n\t<meta property=\"og:image:height\" content=\"448\" \/>\n\t<meta property=\"og:image:type\" content=\"image\/jpeg\" \/>\n<meta name=\"twitter:card\" content=\"summary_large_image\" \/>\n<script type=\"application\/ld+json\" class=\"yoast-schema-graph\">{\"@context\":\"https:\/\/schema.org\",\"@graph\":[{\"@type\":\"WebPage\",\"@id\":\"https:\/\/pharmabog.hu\/product\/oms-carving\/\",\"url\":\"https:\/\/pharmabog.hu\/product\/oms-carving\/\",\"name\":\"OMS CARVING - Pharmabog Kft. - Fog\u00e1szati kezel\u0151egys\u00e9g\",\"isPartOf\":{\"@id\":\"https:\/\/pharmabog.hu\/#website\"},\"primaryImageOfPage\":{\"@id\":\"https:\/\/pharmabog.hu\/product\/oms-carving\/#primaryimage\"},\"image\":{\"@id\":\"https:\/\/pharmabog.hu\/product\/oms-carving\/#primaryimage\"},\"thumbnailUrl\":\"https:\/\/pharmabog.hu\/wp-content\/uploads\/2025\/07\/kezeloegyseg_carving_lamp.jpeg\",\"datePublished\":\"2025-07-22T11:01:12+00:00\",\"dateModified\":\"2025-07-22T11:01:17+00:00\",\"breadcrumb\":{\"@id\":\"https:\/\/pharmabog.hu\/product\/oms-carving\/#breadcrumb\"},\"inLanguage\":\"de\",\"potentialAction\":[{\"@type\":\"ReadAction\",\"target\":[\"https:\/\/pharmabog.hu\/product\/oms-carving\/\"]}]},{\"@type\":\"ImageObject\",\"inLanguage\":\"de\",\"@id\":\"https:\/\/pharmabog.hu\/product\/oms-carving\/#primaryimage\",\"url\":\"https:\/\/pharmabog.hu\/wp-content\/uploads\/2025\/07\/kezeloegyseg_carving_lamp.jpeg\",\"contentUrl\":\"https:\/\/pharmabog.hu\/wp-content\/uploads\/2025\/07\/kezeloegyseg_carving_lamp.jpeg\",\"width\":661,\"height\":448},{\"@type\":\"BreadcrumbList\",\"@id\":\"https:\/\/pharmabog.hu\/product\/oms-carving\/#breadcrumb\",\"itemListElement\":[{\"@type\":\"ListItem\",\"position\":1,\"name\":\"Kezd\u0151lap\",\"item\":\"https:\/\/pharmabog.hu\/\"},{\"@type\":\"ListItem\",\"position\":2,\"name\":\"Shop\",\"item\":\"https:\/\/pharmabog.hu\/shop\/\"},{\"@type\":\"ListItem\",\"position\":3,\"name\":\"OMS CARVING\"}]},{\"@type\":\"WebSite\",\"@id\":\"https:\/\/pharmabog.hu\/#website\",\"url\":\"https:\/\/pharmabog.hu\/\",\"name\":\"Pharmabog Kft. - Fog\u00e1szati kezel\u0151egys\u00e9g\",\"description\":\"\",\"publisher\":{\"@id\":\"https:\/\/pharmabog.hu\/#organization\"},\"potentialAction\":[{\"@type\":\"SearchAction\",\"target\":{\"@type\":\"EntryPoint\",\"urlTemplate\":\"https:\/\/pharmabog.hu\/?s={search_term_string}\"},\"query-input\":{\"@type\":\"PropertyValueSpecification\",\"valueRequired\":true,\"valueName\":\"search_term_string\"}}],\"inLanguage\":\"de\"},{\"@type\":\"Organization\",\"@id\":\"https:\/\/pharmabog.hu\/#organization\",\"name\":\"Pharmabog Kft. - Fog\u00e1szati kezel\u0151egys\u00e9g\",\"url\":\"https:\/\/pharmabog.hu\/\",\"logo\":{\"@type\":\"ImageObject\",\"inLanguage\":\"de\",\"@id\":\"https:\/\/pharmabog.hu\/#\/schema\/logo\/image\/\",\"url\":\"https:\/\/pharmabog.hu\/wp-content\/uploads\/2025\/07\/cropped-logo-16-e1644481099702-4.png\",\"contentUrl\":\"https:\/\/pharmabog.hu\/wp-content\/uploads\/2025\/07\/cropped-logo-16-e1644481099702-4.png\",\"width\":296,\"height\":87,\"caption\":\"Pharmabog Kft. - Fog\u00e1szati kezel\u0151egys\u00e9g\"},\"image\":{\"@id\":\"https:\/\/pharmabog.hu\/#\/schema\/logo\/image\/\"},\"sameAs\":[\"https:\/\/www.facebook.com\/pharmabog.hu\"]}]}<\/script>\n<!-- \/ Yoast SEO plugin. -->","yoast_head_json":{"title":"OMS CARVING - Pharmabog Kft. - Fog\u00e1szati kezel\u0151egys\u00e9g","robots":{"index":"index","follow":"follow","max-snippet":"max-snippet:-1","max-image-preview":"max-image-preview:large","max-video-preview":"max-video-preview:-1"},"canonical":"https:\/\/pharmabog.hu\/de\/product\/oms-carving\/","og_locale":"de_DE","og_type":"article","og_title":"OMS CARVING - Pharmabog Kft. - Fog\u00e1szati kezel\u0151egys\u00e9g","og_description":"Az OMS fog\u00e1szati kezel\u0151egys\u00e9gek hivatalos Magyarorsz\u00e1gi forgalmaz\u00f3ja a Pharmabog Kft.   Az OMS leg\u00fajabb design-ja.  A S.P.R.I.D.O. fel\u00e9p\u00edt\u00e9s\u0171 m\u0171szerasztal, munka k\u00f6zben a g\u00e9pen lev\u0151 k\u00e9zidarabok k\u00f6zel v\u00edzszintes mozgat\u00e1s\u00e1t teszi lehet\u0151v\u00e9, ez\u00e1ltal a kar nem akad bele a m\u0171t\u0151l\u00e1mp\u00e1ba \u00e9s ami a gyakorlatban a legfontosabb: \u201enem h\u00fazza vissza\u201d munka k\u00f6zben a kezet!  K\u00e1bel n\u00e9lk\u00fcli (wireless) l\u00e1bkapcsol\u00f3val \u00e9s h\u00e1rom dimenzi\u00f3s (3D) fejt\u00e1ml\u00e1val is rendelhet\u0151.  A k\u00f6p\u0151cs\u00e9sze levehet\u0151, \u00edgy nagyon k\u00f6nnyen tiszt\u00edthat\u00f3.  Az Carving rendk\u00edv\u00fcl k\u00e9nyelmes Moon vagy Arcadia betegsz\u00e9kkel sz\u00e1ll\u00edthat\u00f3.  \u00c1r: 17.000.- \u20ac + 27% \u00c1fa =\u00a021.590.- \u20ac-t\u00f3l\u00a0el\u00e9rhet\u0151.    L\u00edzing: 10% (698.500,-Ft) brutt\u00f3 kezd\u0151 befizet\u00e9s + 60 h\u00f3nap x 112.000,-Ft","og_url":"https:\/\/pharmabog.hu\/de\/product\/oms-carving\/","og_site_name":"Pharmabog Kft. - Fog\u00e1szati kezel\u0151egys\u00e9g","article_publisher":"https:\/\/www.facebook.com\/pharmabog.hu","article_modified_time":"2025-07-22T11:01:17+00:00","og_image":[{"width":661,"height":448,"url":"https:\/\/pharmabog.hu\/wp-content\/uploads\/2025\/07\/kezeloegyseg_carving_lamp.jpeg","type":"image\/jpeg"}],"twitter_card":"summary_large_image","schema":{"@context":"https:\/\/schema.org","@graph":[{"@type":"WebPage","@id":"https:\/\/pharmabog.hu\/product\/oms-carving\/","url":"https:\/\/pharmabog.hu\/product\/oms-carving\/","name":"OMS CARVING - Pharmabog Kft. - Fog\u00e1szati kezel\u0151egys\u00e9g","isPartOf":{"@id":"https:\/\/pharmabog.hu\/#website"},"primaryImageOfPage":{"@id":"https:\/\/pharmabog.hu\/product\/oms-carving\/#primaryimage"},"image":{"@id":"https:\/\/pharmabog.hu\/product\/oms-carving\/#primaryimage"},"thumbnailUrl":"https:\/\/pharmabog.hu\/wp-content\/uploads\/2025\/07\/kezeloegyseg_carving_lamp.jpeg","datePublished":"2025-07-22T11:01:12+00:00","dateModified":"2025-07-22T11:01:17+00:00","breadcrumb":{"@id":"https:\/\/pharmabog.hu\/product\/oms-carving\/#breadcrumb"},"inLanguage":"de","potentialAction":[{"@type":"ReadAction","target":["https:\/\/pharmabog.hu\/product\/oms-carving\/"]}]},{"@type":"ImageObject","inLanguage":"de","@id":"https:\/\/pharmabog.hu\/product\/oms-carving\/#primaryimage","url":"https:\/\/pharmabog.hu\/wp-content\/uploads\/2025\/07\/kezeloegyseg_carving_lamp.jpeg","contentUrl":"https:\/\/pharmabog.hu\/wp-content\/uploads\/2025\/07\/kezeloegyseg_carving_lamp.jpeg","width":661,"height":448},{"@type":"BreadcrumbList","@id":"https:\/\/pharmabog.hu\/product\/oms-carving\/#breadcrumb","itemListElement":[{"@type":"ListItem","position":1,"name":"Kezd\u0151lap","item":"https:\/\/pharmabog.hu\/"},{"@type":"ListItem","position":2,"name":"Shop","item":"https:\/\/pharmabog.hu\/shop\/"},{"@type":"ListItem","position":3,"name":"OMS CARVING"}]},{"@type":"WebSite","@id":"https:\/\/pharmabog.hu\/#website","url":"https:\/\/pharmabog.hu\/","name":"Pharmabog Ltd. - Zahnbehandlungseinheit","description":"","publisher":{"@id":"https:\/\/pharmabog.hu\/#organization"},"potentialAction":[{"@type":"SearchAction","target":{"@type":"EntryPoint","urlTemplate":"https:\/\/pharmabog.hu\/?s={search_term_string}"},"query-input":{"@type":"PropertyValueSpecification","valueRequired":true,"valueName":"search_term_string"}}],"inLanguage":"de"},{"@type":"Organization","@id":"https:\/\/pharmabog.hu\/#organization","name":"Pharmabog Ltd. - Zahnbehandlungseinheit","url":"https:\/\/pharmabog.hu\/","logo":{"@type":"ImageObject","inLanguage":"de","@id":"https:\/\/pharmabog.hu\/#\/schema\/logo\/image\/","url":"https:\/\/pharmabog.hu\/wp-content\/uploads\/2025\/07\/cropped-logo-16-e1644481099702-4.png","contentUrl":"https:\/\/pharmabog.hu\/wp-content\/uploads\/2025\/07\/cropped-logo-16-e1644481099702-4.png","width":296,"height":87,"caption":"Pharmabog Kft. - Fog\u00e1szati kezel\u0151egys\u00e9g"},"image":{"@id":"https:\/\/pharmabog.hu\/#\/schema\/logo\/image\/"},"sameAs":["https:\/\/www.facebook.com\/pharmabog.hu"]}]}},"_links":{"self":[{"href":"https:\/\/pharmabog.hu\/de\/wp-json\/wp\/v2\/product\/399","targetHints":{"allow":["GET"]}}],"collection":[{"href":"https:\/\/pharmabog.hu\/de\/wp-json\/wp\/v2\/product"}],"about":[{"href":"https:\/\/pharmabog.hu\/de\/wp-json\/wp\/v2\/types\/product"}],"replies":[{"embeddable":true,"href":"https:\/\/pharmabog.hu\/de\/wp-json\/wp\/v2\/comments?post=399"}],"wp:featuredmedia":[{"embeddable":true,"href":"https:\/\/pharmabog.hu\/de\/wp-json\/wp\/v2\/media\/438"}],"wp:attachment":[{"href":"https:\/\/pharmabog.hu\/de\/wp-json\/wp\/v2\/media?parent=399"}],"wp:term":[{"taxonomy":"product_brand","embeddable":true,"href":"https:\/\/pharmabog.hu\/de\/wp-json\/wp\/v2\/product_brand?post=399"},{"taxonomy":"product_cat","embeddable":true,"href":"https:\/\/pharmabog.hu\/de\/wp-json\/wp\/v2\/product_cat?post=399"},{"taxonomy":"product_tag","embeddable":true,"href":"https:\/\/pharmabog.hu\/de\/wp-json\/wp\/v2\/product_tag?post=399"}],"curies":[{"name":"wp","href":"https:\/\/api.w.org\/{rel}","templated":true}]}}