{"id":381,"date":"2025-07-22T11:01:11","date_gmt":"2025-07-22T11:01:11","guid":{"rendered":"https:\/\/pharmabog.hu\/?post_type=product&#038;p=381"},"modified":"2025-07-22T11:01:13","modified_gmt":"2025-07-22T11:01:13","slug":"lunos-2034910052","status":"publish","type":"product","link":"https:\/\/pharmabog.hu\/de\/product\/lunos-2034910052\/","title":{"rendered":"LUNOS 2034910052"},"content":{"rendered":"","protected":false},"excerpt":{"rendered":"<div class=\"shortdesc\">\n<p>Handst\u00fcck f\u00fcr Staubgebl\u00e4se, zur supra- und subgingivalen Anwendung<\/p>\n<p>-Entfernung von Verf\u00e4rbungen, Ablagerungen und Biofilmen<\/p>\n<p>Die in 4 Farben erh\u00e4ltlichen Pulverkammern mit Bajonettverschluss sind vorgef\u00fcllt und lassen sich schnell austauschen.<\/p>\n<p>Die Spitze des Handst\u00fccks kann um 360 Grad gedreht werden.<\/p>\n<p><strong>Preis: 2.059 \u20ac + 27% MwSt. Brutto: 2.615 \u20ac<\/strong><\/p>\n<\/div>","protected":false},"featured_media":411,"comment_status":"closed","ping_status":"closed","template":"","meta":[],"product_brand":[],"product_cat":[38],"product_tag":[],"class_list":{"0":"post-381","1":"product","2":"type-product","3":"status-publish","4":"has-post-thumbnail","6":"product_cat-prophylaxis","8":"first","9":"instock","10":"shipping-taxable","11":"purchasable","12":"product-type-simple"},"yoast_head":"<!-- This site is optimized with the Yoast SEO plugin v25.5 - https:\/\/yoast.com\/wordpress\/plugins\/seo\/ -->\n<title>LUNOS 2034910052 - Pharmabog Kft. - Fog\u00e1szati kezel\u0151egys\u00e9g<\/title>\n<meta name=\"robots\" content=\"index, follow, max-snippet:-1, max-image-preview:large, max-video-preview:-1\" \/>\n<link rel=\"canonical\" href=\"https:\/\/pharmabog.hu\/de\/product\/lunos-2034910052\/\" \/>\n<meta property=\"og:locale\" content=\"de_DE\" \/>\n<meta property=\"og:type\" content=\"article\" \/>\n<meta property=\"og:title\" content=\"LUNOS 2034910052 - Pharmabog Kft. - Fog\u00e1szati kezel\u0151egys\u00e9g\" \/>\n<meta property=\"og:description\" content=\"Porf\u00fav\u00f3 k\u00e9zidarab, szupra \u00e9s szubgingiv\u00e1lis haszn\u00e1latra  -elsz\u00ednez\u0151d\u00e9sek, lerak\u00f3d\u00e1sok, biofilmek elt\u00e1vol\u00edt\u00e1sa  A 4 sz\u00ednben kaphat\u00f3, bajonettz\u00e1ras porkamr\u00e1k el\u0151re felt\u00f6lthet\u0151ek \u00e9s gyorsan cser\u00e9lhet\u0151ek.  A k\u00e9zidarab cs\u00facs 360 fokkal elforgathat\u00f3  \u00c1r: 2.059,-\u20ac + 27% \u00c1fa Brutt\u00f3: 2.615,-\u20ac\" \/>\n<meta property=\"og:url\" content=\"https:\/\/pharmabog.hu\/de\/product\/lunos-2034910052\/\" \/>\n<meta property=\"og:site_name\" content=\"Pharmabog Kft. - Fog\u00e1szati kezel\u0151egys\u00e9g\" \/>\n<meta property=\"article:publisher\" content=\"https:\/\/www.facebook.com\/pharmabog.hu\" \/>\n<meta property=\"article:modified_time\" content=\"2025-07-22T11:01:13+00:00\" \/>\n<meta property=\"og:image\" content=\"https:\/\/pharmabog.hu\/wp-content\/uploads\/2025\/07\/Lunos.jpeg\" \/>\n\t<meta property=\"og:image:width\" content=\"623\" \/>\n\t<meta property=\"og:image:height\" content=\"454\" \/>\n\t<meta property=\"og:image:type\" content=\"image\/jpeg\" \/>\n<meta name=\"twitter:card\" content=\"summary_large_image\" \/>\n<meta name=\"twitter:label1\" content=\"Gesch\u00e4tzte Lesezeit\" \/>\n\t<meta name=\"twitter:data1\" content=\"1\u00a0Minute\" \/>\n<script type=\"application\/ld+json\" class=\"yoast-schema-graph\">{\"@context\":\"https:\/\/schema.org\",\"@graph\":[{\"@type\":\"WebPage\",\"@id\":\"https:\/\/pharmabog.hu\/product\/lunos-2034910052\/\",\"url\":\"https:\/\/pharmabog.hu\/product\/lunos-2034910052\/\",\"name\":\"LUNOS 2034910052 - Pharmabog Kft. - Fog\u00e1szati kezel\u0151egys\u00e9g\",\"isPartOf\":{\"@id\":\"https:\/\/pharmabog.hu\/#website\"},\"primaryImageOfPage\":{\"@id\":\"https:\/\/pharmabog.hu\/product\/lunos-2034910052\/#primaryimage\"},\"image\":{\"@id\":\"https:\/\/pharmabog.hu\/product\/lunos-2034910052\/#primaryimage\"},\"thumbnailUrl\":\"https:\/\/pharmabog.hu\/wp-content\/uploads\/2025\/07\/Lunos.jpeg\",\"datePublished\":\"2025-07-22T11:01:11+00:00\",\"dateModified\":\"2025-07-22T11:01:13+00:00\",\"breadcrumb\":{\"@id\":\"https:\/\/pharmabog.hu\/product\/lunos-2034910052\/#breadcrumb\"},\"inLanguage\":\"de\",\"potentialAction\":[{\"@type\":\"ReadAction\",\"target\":[\"https:\/\/pharmabog.hu\/product\/lunos-2034910052\/\"]}]},{\"@type\":\"ImageObject\",\"inLanguage\":\"de\",\"@id\":\"https:\/\/pharmabog.hu\/product\/lunos-2034910052\/#primaryimage\",\"url\":\"https:\/\/pharmabog.hu\/wp-content\/uploads\/2025\/07\/Lunos.jpeg\",\"contentUrl\":\"https:\/\/pharmabog.hu\/wp-content\/uploads\/2025\/07\/Lunos.jpeg\",\"width\":623,\"height\":454},{\"@type\":\"BreadcrumbList\",\"@id\":\"https:\/\/pharmabog.hu\/product\/lunos-2034910052\/#breadcrumb\",\"itemListElement\":[{\"@type\":\"ListItem\",\"position\":1,\"name\":\"Kezd\u0151lap\",\"item\":\"https:\/\/pharmabog.hu\/\"},{\"@type\":\"ListItem\",\"position\":2,\"name\":\"Shop\",\"item\":\"https:\/\/pharmabog.hu\/shop\/\"},{\"@type\":\"ListItem\",\"position\":3,\"name\":\"LUNOS 2034910052\"}]},{\"@type\":\"WebSite\",\"@id\":\"https:\/\/pharmabog.hu\/#website\",\"url\":\"https:\/\/pharmabog.hu\/\",\"name\":\"Pharmabog Kft. - Fog\u00e1szati kezel\u0151egys\u00e9g\",\"description\":\"\",\"publisher\":{\"@id\":\"https:\/\/pharmabog.hu\/#organization\"},\"potentialAction\":[{\"@type\":\"SearchAction\",\"target\":{\"@type\":\"EntryPoint\",\"urlTemplate\":\"https:\/\/pharmabog.hu\/?s={search_term_string}\"},\"query-input\":{\"@type\":\"PropertyValueSpecification\",\"valueRequired\":true,\"valueName\":\"search_term_string\"}}],\"inLanguage\":\"de\"},{\"@type\":\"Organization\",\"@id\":\"https:\/\/pharmabog.hu\/#organization\",\"name\":\"Pharmabog Kft. - Fog\u00e1szati kezel\u0151egys\u00e9g\",\"url\":\"https:\/\/pharmabog.hu\/\",\"logo\":{\"@type\":\"ImageObject\",\"inLanguage\":\"de\",\"@id\":\"https:\/\/pharmabog.hu\/#\/schema\/logo\/image\/\",\"url\":\"https:\/\/pharmabog.hu\/wp-content\/uploads\/2025\/07\/cropped-logo-16-e1644481099702-4.png\",\"contentUrl\":\"https:\/\/pharmabog.hu\/wp-content\/uploads\/2025\/07\/cropped-logo-16-e1644481099702-4.png\",\"width\":296,\"height\":87,\"caption\":\"Pharmabog Kft. - Fog\u00e1szati kezel\u0151egys\u00e9g\"},\"image\":{\"@id\":\"https:\/\/pharmabog.hu\/#\/schema\/logo\/image\/\"},\"sameAs\":[\"https:\/\/www.facebook.com\/pharmabog.hu\"]}]}<\/script>\n<!-- \/ Yoast SEO plugin. -->","yoast_head_json":{"title":"LUNOS 2034910052 - Pharmabog Kft. - Fog\u00e1szati kezel\u0151egys\u00e9g","robots":{"index":"index","follow":"follow","max-snippet":"max-snippet:-1","max-image-preview":"max-image-preview:large","max-video-preview":"max-video-preview:-1"},"canonical":"https:\/\/pharmabog.hu\/de\/product\/lunos-2034910052\/","og_locale":"de_DE","og_type":"article","og_title":"LUNOS 2034910052 - Pharmabog Kft. - Fog\u00e1szati kezel\u0151egys\u00e9g","og_description":"Porf\u00fav\u00f3 k\u00e9zidarab, szupra \u00e9s szubgingiv\u00e1lis haszn\u00e1latra  -elsz\u00ednez\u0151d\u00e9sek, lerak\u00f3d\u00e1sok, biofilmek elt\u00e1vol\u00edt\u00e1sa  A 4 sz\u00ednben kaphat\u00f3, bajonettz\u00e1ras porkamr\u00e1k el\u0151re felt\u00f6lthet\u0151ek \u00e9s gyorsan cser\u00e9lhet\u0151ek.  A k\u00e9zidarab cs\u00facs 360 fokkal elforgathat\u00f3  \u00c1r: 2.059,-\u20ac + 27% \u00c1fa Brutt\u00f3: 2.615,-\u20ac","og_url":"https:\/\/pharmabog.hu\/de\/product\/lunos-2034910052\/","og_site_name":"Pharmabog Kft. - Fog\u00e1szati kezel\u0151egys\u00e9g","article_publisher":"https:\/\/www.facebook.com\/pharmabog.hu","article_modified_time":"2025-07-22T11:01:13+00:00","og_image":[{"width":623,"height":454,"url":"https:\/\/pharmabog.hu\/wp-content\/uploads\/2025\/07\/Lunos.jpeg","type":"image\/jpeg"}],"twitter_card":"summary_large_image","twitter_misc":{"Gesch\u00e4tzte Lesezeit":"1\u00a0Minute"},"schema":{"@context":"https:\/\/schema.org","@graph":[{"@type":"WebPage","@id":"https:\/\/pharmabog.hu\/product\/lunos-2034910052\/","url":"https:\/\/pharmabog.hu\/product\/lunos-2034910052\/","name":"LUNOS 2034910052 - Pharmabog Kft. - Fog\u00e1szati kezel\u0151egys\u00e9g","isPartOf":{"@id":"https:\/\/pharmabog.hu\/#website"},"primaryImageOfPage":{"@id":"https:\/\/pharmabog.hu\/product\/lunos-2034910052\/#primaryimage"},"image":{"@id":"https:\/\/pharmabog.hu\/product\/lunos-2034910052\/#primaryimage"},"thumbnailUrl":"https:\/\/pharmabog.hu\/wp-content\/uploads\/2025\/07\/Lunos.jpeg","datePublished":"2025-07-22T11:01:11+00:00","dateModified":"2025-07-22T11:01:13+00:00","breadcrumb":{"@id":"https:\/\/pharmabog.hu\/product\/lunos-2034910052\/#breadcrumb"},"inLanguage":"de","potentialAction":[{"@type":"ReadAction","target":["https:\/\/pharmabog.hu\/product\/lunos-2034910052\/"]}]},{"@type":"ImageObject","inLanguage":"de","@id":"https:\/\/pharmabog.hu\/product\/lunos-2034910052\/#primaryimage","url":"https:\/\/pharmabog.hu\/wp-content\/uploads\/2025\/07\/Lunos.jpeg","contentUrl":"https:\/\/pharmabog.hu\/wp-content\/uploads\/2025\/07\/Lunos.jpeg","width":623,"height":454},{"@type":"BreadcrumbList","@id":"https:\/\/pharmabog.hu\/product\/lunos-2034910052\/#breadcrumb","itemListElement":[{"@type":"ListItem","position":1,"name":"Kezd\u0151lap","item":"https:\/\/pharmabog.hu\/"},{"@type":"ListItem","position":2,"name":"Shop","item":"https:\/\/pharmabog.hu\/shop\/"},{"@type":"ListItem","position":3,"name":"LUNOS 2034910052"}]},{"@type":"WebSite","@id":"https:\/\/pharmabog.hu\/#website","url":"https:\/\/pharmabog.hu\/","name":"Pharmabog Ltd. - Zahnbehandlungseinheit","description":"","publisher":{"@id":"https:\/\/pharmabog.hu\/#organization"},"potentialAction":[{"@type":"SearchAction","target":{"@type":"EntryPoint","urlTemplate":"https:\/\/pharmabog.hu\/?s={search_term_string}"},"query-input":{"@type":"PropertyValueSpecification","valueRequired":true,"valueName":"search_term_string"}}],"inLanguage":"de"},{"@type":"Organization","@id":"https:\/\/pharmabog.hu\/#organization","name":"Pharmabog Ltd. - Zahnbehandlungseinheit","url":"https:\/\/pharmabog.hu\/","logo":{"@type":"ImageObject","inLanguage":"de","@id":"https:\/\/pharmabog.hu\/#\/schema\/logo\/image\/","url":"https:\/\/pharmabog.hu\/wp-content\/uploads\/2025\/07\/cropped-logo-16-e1644481099702-4.png","contentUrl":"https:\/\/pharmabog.hu\/wp-content\/uploads\/2025\/07\/cropped-logo-16-e1644481099702-4.png","width":296,"height":87,"caption":"Pharmabog Kft. - Fog\u00e1szati kezel\u0151egys\u00e9g"},"image":{"@id":"https:\/\/pharmabog.hu\/#\/schema\/logo\/image\/"},"sameAs":["https:\/\/www.facebook.com\/pharmabog.hu"]}]}},"_links":{"self":[{"href":"https:\/\/pharmabog.hu\/de\/wp-json\/wp\/v2\/product\/381","targetHints":{"allow":["GET"]}}],"collection":[{"href":"https:\/\/pharmabog.hu\/de\/wp-json\/wp\/v2\/product"}],"about":[{"href":"https:\/\/pharmabog.hu\/de\/wp-json\/wp\/v2\/types\/product"}],"replies":[{"embeddable":true,"href":"https:\/\/pharmabog.hu\/de\/wp-json\/wp\/v2\/comments?post=381"}],"wp:featuredmedia":[{"embeddable":true,"href":"https:\/\/pharmabog.hu\/de\/wp-json\/wp\/v2\/media\/411"}],"wp:attachment":[{"href":"https:\/\/pharmabog.hu\/de\/wp-json\/wp\/v2\/media?parent=381"}],"wp:term":[{"taxonomy":"product_brand","embeddable":true,"href":"https:\/\/pharmabog.hu\/de\/wp-json\/wp\/v2\/product_brand?post=381"},{"taxonomy":"product_cat","embeddable":true,"href":"https:\/\/pharmabog.hu\/de\/wp-json\/wp\/v2\/product_cat?post=381"},{"taxonomy":"product_tag","embeddable":true,"href":"https:\/\/pharmabog.hu\/de\/wp-json\/wp\/v2\/product_tag?post=381"}],"curies":[{"name":"wp","href":"https:\/\/api.w.org\/{rel}","templated":true}]}}