{"id":343,"date":"2025-07-22T11:01:07","date_gmt":"2025-07-22T11:01:07","guid":{"rendered":"https:\/\/pharmabog.hu\/?post_type=product&#038;p=343"},"modified":"2025-07-22T11:01:11","modified_gmt":"2025-07-22T11:01:11","slug":"ca-4-amalgam-szeparator-7805-100","status":"publish","type":"product","link":"https:\/\/pharmabog.hu\/de\/product\/ca-4-amalgam-szeparator-7805-100\/","title":{"rendered":"CA 4 AMALGAM-ABSCHEIDER 7805-100"},"content":{"rendered":"","protected":false},"excerpt":{"rendered":"<div class=\"shortdesc\">\n<p>F\u00fcr 3-4 Behandlungseinheiten (Nassextraktion)<br \/>\nTrennung: 98,9 %<br \/>\nAbmessungen: 41 x 25 x 30 cm<br \/>\nGewicht: 10 kg<br \/>\nGer\u00e4uschpegel: 55 dB<\/p>\n<div class=\"\"><strong>3.380,-\u20ac + 27% MwSt. Brutto: 4.292,-\u20ac<\/strong><\/div>\n<\/div>","protected":false},"featured_media":374,"comment_status":"closed","ping_status":"closed","template":"","meta":[],"product_brand":[],"product_cat":[35],"product_tag":[],"class_list":{"0":"post-343","1":"product","2":"type-product","3":"status-publish","4":"has-post-thumbnail","6":"product_cat-amalgam-szeparatorok-nedves-elszivashoz","8":"first","9":"instock","10":"shipping-taxable","11":"purchasable","12":"product-type-simple"},"yoast_head":"<!-- This site is optimized with the Yoast SEO plugin v25.5 - https:\/\/yoast.com\/wordpress\/plugins\/seo\/ -->\n<title>CA 4 AMALG\u00c1M SZEPAR\u00c1TOR 7805-100 - Pharmabog Kft. - Fog\u00e1szati kezel\u0151egys\u00e9g<\/title>\n<meta name=\"robots\" content=\"index, follow, max-snippet:-1, max-image-preview:large, max-video-preview:-1\" \/>\n<link rel=\"canonical\" href=\"https:\/\/pharmabog.hu\/de\/product\/ca-4-amalgam-szeparator-7805-100\/\" \/>\n<meta property=\"og:locale\" content=\"de_DE\" \/>\n<meta property=\"og:type\" content=\"article\" \/>\n<meta property=\"og:title\" content=\"CA 4 AMALG\u00c1M SZEPAR\u00c1TOR 7805-100 - Pharmabog Kft. - Fog\u00e1szati kezel\u0151egys\u00e9g\" \/>\n<meta property=\"og:description\" content=\"3-4 kezel\u0151egys\u00e9ghez (nedves elsz\u00edv\u00e1s) Lev\u00e1laszt\u00e1s: 98,9 % M\u00e9retek: 41x25x30 cm S\u00faly: 10 kg Zajszint: 55 dB 3.380,-\u20ac+ 27% \u00c1fa Brutt\u00f3: 4.292,-\u20ac\" \/>\n<meta property=\"og:url\" content=\"https:\/\/pharmabog.hu\/de\/product\/ca-4-amalgam-szeparator-7805-100\/\" \/>\n<meta property=\"og:site_name\" content=\"Pharmabog Kft. - Fog\u00e1szati kezel\u0151egys\u00e9g\" \/>\n<meta property=\"article:publisher\" content=\"https:\/\/www.facebook.com\/pharmabog.hu\" \/>\n<meta property=\"article:modified_time\" content=\"2025-07-22T11:01:11+00:00\" \/>\n<meta property=\"og:image\" content=\"https:\/\/pharmabog.hu\/wp-content\/uploads\/2025\/07\/CA-4-amalgamszeparator.jpeg\" \/>\n\t<meta property=\"og:image:width\" content=\"700\" \/>\n\t<meta property=\"og:image:height\" content=\"700\" \/>\n\t<meta property=\"og:image:type\" content=\"image\/jpeg\" \/>\n<meta name=\"twitter:card\" content=\"summary_large_image\" \/>\n<script type=\"application\/ld+json\" class=\"yoast-schema-graph\">{\"@context\":\"https:\/\/schema.org\",\"@graph\":[{\"@type\":\"WebPage\",\"@id\":\"https:\/\/pharmabog.hu\/product\/ca-4-amalgam-szeparator-7805-100\/\",\"url\":\"https:\/\/pharmabog.hu\/product\/ca-4-amalgam-szeparator-7805-100\/\",\"name\":\"CA 4 AMALG\u00c1M SZEPAR\u00c1TOR 7805-100 - Pharmabog Kft. - Fog\u00e1szati kezel\u0151egys\u00e9g\",\"isPartOf\":{\"@id\":\"https:\/\/pharmabog.hu\/#website\"},\"primaryImageOfPage\":{\"@id\":\"https:\/\/pharmabog.hu\/product\/ca-4-amalgam-szeparator-7805-100\/#primaryimage\"},\"image\":{\"@id\":\"https:\/\/pharmabog.hu\/product\/ca-4-amalgam-szeparator-7805-100\/#primaryimage\"},\"thumbnailUrl\":\"https:\/\/pharmabog.hu\/wp-content\/uploads\/2025\/07\/CA-4-amalgamszeparator.jpeg\",\"datePublished\":\"2025-07-22T11:01:07+00:00\",\"dateModified\":\"2025-07-22T11:01:11+00:00\",\"breadcrumb\":{\"@id\":\"https:\/\/pharmabog.hu\/product\/ca-4-amalgam-szeparator-7805-100\/#breadcrumb\"},\"inLanguage\":\"de\",\"potentialAction\":[{\"@type\":\"ReadAction\",\"target\":[\"https:\/\/pharmabog.hu\/product\/ca-4-amalgam-szeparator-7805-100\/\"]}]},{\"@type\":\"ImageObject\",\"inLanguage\":\"de\",\"@id\":\"https:\/\/pharmabog.hu\/product\/ca-4-amalgam-szeparator-7805-100\/#primaryimage\",\"url\":\"https:\/\/pharmabog.hu\/wp-content\/uploads\/2025\/07\/CA-4-amalgamszeparator.jpeg\",\"contentUrl\":\"https:\/\/pharmabog.hu\/wp-content\/uploads\/2025\/07\/CA-4-amalgamszeparator.jpeg\",\"width\":700,\"height\":700},{\"@type\":\"BreadcrumbList\",\"@id\":\"https:\/\/pharmabog.hu\/product\/ca-4-amalgam-szeparator-7805-100\/#breadcrumb\",\"itemListElement\":[{\"@type\":\"ListItem\",\"position\":1,\"name\":\"Kezd\u0151lap\",\"item\":\"https:\/\/pharmabog.hu\/\"},{\"@type\":\"ListItem\",\"position\":2,\"name\":\"Shop\",\"item\":\"https:\/\/pharmabog.hu\/shop\/\"},{\"@type\":\"ListItem\",\"position\":3,\"name\":\"CA 4 AMALG\u00c1M SZEPAR\u00c1TOR 7805-100\"}]},{\"@type\":\"WebSite\",\"@id\":\"https:\/\/pharmabog.hu\/#website\",\"url\":\"https:\/\/pharmabog.hu\/\",\"name\":\"Pharmabog Kft. - Fog\u00e1szati kezel\u0151egys\u00e9g\",\"description\":\"\",\"publisher\":{\"@id\":\"https:\/\/pharmabog.hu\/#organization\"},\"potentialAction\":[{\"@type\":\"SearchAction\",\"target\":{\"@type\":\"EntryPoint\",\"urlTemplate\":\"https:\/\/pharmabog.hu\/?s={search_term_string}\"},\"query-input\":{\"@type\":\"PropertyValueSpecification\",\"valueRequired\":true,\"valueName\":\"search_term_string\"}}],\"inLanguage\":\"de\"},{\"@type\":\"Organization\",\"@id\":\"https:\/\/pharmabog.hu\/#organization\",\"name\":\"Pharmabog Kft. - Fog\u00e1szati kezel\u0151egys\u00e9g\",\"url\":\"https:\/\/pharmabog.hu\/\",\"logo\":{\"@type\":\"ImageObject\",\"inLanguage\":\"de\",\"@id\":\"https:\/\/pharmabog.hu\/#\/schema\/logo\/image\/\",\"url\":\"https:\/\/pharmabog.hu\/wp-content\/uploads\/2025\/07\/cropped-logo-16-e1644481099702-4.png\",\"contentUrl\":\"https:\/\/pharmabog.hu\/wp-content\/uploads\/2025\/07\/cropped-logo-16-e1644481099702-4.png\",\"width\":296,\"height\":87,\"caption\":\"Pharmabog Kft. - Fog\u00e1szati kezel\u0151egys\u00e9g\"},\"image\":{\"@id\":\"https:\/\/pharmabog.hu\/#\/schema\/logo\/image\/\"},\"sameAs\":[\"https:\/\/www.facebook.com\/pharmabog.hu\"]}]}<\/script>\n<!-- \/ Yoast SEO plugin. -->","yoast_head_json":{"title":"CA 4 AMALG\u00c1M SZEPAR\u00c1TOR 7805-100 - Pharmabog Kft. - Fog\u00e1szati kezel\u0151egys\u00e9g","robots":{"index":"index","follow":"follow","max-snippet":"max-snippet:-1","max-image-preview":"max-image-preview:large","max-video-preview":"max-video-preview:-1"},"canonical":"https:\/\/pharmabog.hu\/de\/product\/ca-4-amalgam-szeparator-7805-100\/","og_locale":"de_DE","og_type":"article","og_title":"CA 4 AMALG\u00c1M SZEPAR\u00c1TOR 7805-100 - Pharmabog Kft. - Fog\u00e1szati kezel\u0151egys\u00e9g","og_description":"3-4 kezel\u0151egys\u00e9ghez (nedves elsz\u00edv\u00e1s) Lev\u00e1laszt\u00e1s: 98,9 % M\u00e9retek: 41x25x30 cm S\u00faly: 10 kg Zajszint: 55 dB 3.380,-\u20ac+ 27% \u00c1fa Brutt\u00f3: 4.292,-\u20ac","og_url":"https:\/\/pharmabog.hu\/de\/product\/ca-4-amalgam-szeparator-7805-100\/","og_site_name":"Pharmabog Kft. - Fog\u00e1szati kezel\u0151egys\u00e9g","article_publisher":"https:\/\/www.facebook.com\/pharmabog.hu","article_modified_time":"2025-07-22T11:01:11+00:00","og_image":[{"width":700,"height":700,"url":"https:\/\/pharmabog.hu\/wp-content\/uploads\/2025\/07\/CA-4-amalgamszeparator.jpeg","type":"image\/jpeg"}],"twitter_card":"summary_large_image","schema":{"@context":"https:\/\/schema.org","@graph":[{"@type":"WebPage","@id":"https:\/\/pharmabog.hu\/product\/ca-4-amalgam-szeparator-7805-100\/","url":"https:\/\/pharmabog.hu\/product\/ca-4-amalgam-szeparator-7805-100\/","name":"CA 4 AMALG\u00c1M SZEPAR\u00c1TOR 7805-100 - Pharmabog Kft. - Fog\u00e1szati kezel\u0151egys\u00e9g","isPartOf":{"@id":"https:\/\/pharmabog.hu\/#website"},"primaryImageOfPage":{"@id":"https:\/\/pharmabog.hu\/product\/ca-4-amalgam-szeparator-7805-100\/#primaryimage"},"image":{"@id":"https:\/\/pharmabog.hu\/product\/ca-4-amalgam-szeparator-7805-100\/#primaryimage"},"thumbnailUrl":"https:\/\/pharmabog.hu\/wp-content\/uploads\/2025\/07\/CA-4-amalgamszeparator.jpeg","datePublished":"2025-07-22T11:01:07+00:00","dateModified":"2025-07-22T11:01:11+00:00","breadcrumb":{"@id":"https:\/\/pharmabog.hu\/product\/ca-4-amalgam-szeparator-7805-100\/#breadcrumb"},"inLanguage":"de","potentialAction":[{"@type":"ReadAction","target":["https:\/\/pharmabog.hu\/product\/ca-4-amalgam-szeparator-7805-100\/"]}]},{"@type":"ImageObject","inLanguage":"de","@id":"https:\/\/pharmabog.hu\/product\/ca-4-amalgam-szeparator-7805-100\/#primaryimage","url":"https:\/\/pharmabog.hu\/wp-content\/uploads\/2025\/07\/CA-4-amalgamszeparator.jpeg","contentUrl":"https:\/\/pharmabog.hu\/wp-content\/uploads\/2025\/07\/CA-4-amalgamszeparator.jpeg","width":700,"height":700},{"@type":"BreadcrumbList","@id":"https:\/\/pharmabog.hu\/product\/ca-4-amalgam-szeparator-7805-100\/#breadcrumb","itemListElement":[{"@type":"ListItem","position":1,"name":"Kezd\u0151lap","item":"https:\/\/pharmabog.hu\/"},{"@type":"ListItem","position":2,"name":"Shop","item":"https:\/\/pharmabog.hu\/shop\/"},{"@type":"ListItem","position":3,"name":"CA 4 AMALG\u00c1M SZEPAR\u00c1TOR 7805-100"}]},{"@type":"WebSite","@id":"https:\/\/pharmabog.hu\/#website","url":"https:\/\/pharmabog.hu\/","name":"Pharmabog Ltd. - Zahnbehandlungseinheit","description":"","publisher":{"@id":"https:\/\/pharmabog.hu\/#organization"},"potentialAction":[{"@type":"SearchAction","target":{"@type":"EntryPoint","urlTemplate":"https:\/\/pharmabog.hu\/?s={search_term_string}"},"query-input":{"@type":"PropertyValueSpecification","valueRequired":true,"valueName":"search_term_string"}}],"inLanguage":"de"},{"@type":"Organization","@id":"https:\/\/pharmabog.hu\/#organization","name":"Pharmabog Ltd. - Zahnbehandlungseinheit","url":"https:\/\/pharmabog.hu\/","logo":{"@type":"ImageObject","inLanguage":"de","@id":"https:\/\/pharmabog.hu\/#\/schema\/logo\/image\/","url":"https:\/\/pharmabog.hu\/wp-content\/uploads\/2025\/07\/cropped-logo-16-e1644481099702-4.png","contentUrl":"https:\/\/pharmabog.hu\/wp-content\/uploads\/2025\/07\/cropped-logo-16-e1644481099702-4.png","width":296,"height":87,"caption":"Pharmabog Kft. - Fog\u00e1szati kezel\u0151egys\u00e9g"},"image":{"@id":"https:\/\/pharmabog.hu\/#\/schema\/logo\/image\/"},"sameAs":["https:\/\/www.facebook.com\/pharmabog.hu"]}]}},"_links":{"self":[{"href":"https:\/\/pharmabog.hu\/de\/wp-json\/wp\/v2\/product\/343","targetHints":{"allow":["GET"]}}],"collection":[{"href":"https:\/\/pharmabog.hu\/de\/wp-json\/wp\/v2\/product"}],"about":[{"href":"https:\/\/pharmabog.hu\/de\/wp-json\/wp\/v2\/types\/product"}],"replies":[{"embeddable":true,"href":"https:\/\/pharmabog.hu\/de\/wp-json\/wp\/v2\/comments?post=343"}],"wp:featuredmedia":[{"embeddable":true,"href":"https:\/\/pharmabog.hu\/de\/wp-json\/wp\/v2\/media\/374"}],"wp:attachment":[{"href":"https:\/\/pharmabog.hu\/de\/wp-json\/wp\/v2\/media?parent=343"}],"wp:term":[{"taxonomy":"product_brand","embeddable":true,"href":"https:\/\/pharmabog.hu\/de\/wp-json\/wp\/v2\/product_brand?post=343"},{"taxonomy":"product_cat","embeddable":true,"href":"https:\/\/pharmabog.hu\/de\/wp-json\/wp\/v2\/product_cat?post=343"},{"taxonomy":"product_tag","embeddable":true,"href":"https:\/\/pharmabog.hu\/de\/wp-json\/wp\/v2\/product_tag?post=343"}],"curies":[{"name":"wp","href":"https:\/\/api.w.org\/{rel}","templated":true}]}}