{"id":340,"date":"2025-07-22T11:01:07","date_gmt":"2025-07-22T11:01:07","guid":{"rendered":"https:\/\/pharmabog.hu\/?post_type=product&#038;p=340"},"modified":"2025-07-22T11:01:10","modified_gmt":"2025-07-22T11:01:10","slug":"cattani-tecno-jet-hangszigetelt-dobozban","status":"publish","type":"product","link":"https:\/\/pharmabog.hu\/de\/product\/cattani-tecno-jet-hangszigetelt-dobozban\/","title":{"rendered":"CATTANI TECNO-JET IN SCHALLD\u00c4MMTER BOX"},"content":{"rendered":"","protected":false},"excerpt":{"rendered":"<div class=\"shortdesc\">\n<p>Trockensaugmotor in schallged\u00e4mmter Box<br \/>\nF\u00fcr die Absaugung von 2-3 Behandlungseinheiten<\/p>\n<p>Saugleistung: 2.000 Liter\/Minute<br \/>\nAbmessungen: 39 x 35 x 41 cm<br \/>\nGewicht: 18 kg<br \/>\n-Schallpegel: 60 dB<\/p>\n<p><strong>Preis: 1.388 \u20ac + 27% MwSt. = erh\u00e4ltlich ab 1.763 \u20ac.<\/strong><\/p>\n<\/div>","protected":false},"featured_media":371,"comment_status":"closed","ping_status":"closed","template":"","meta":[],"product_brand":[],"product_cat":[34],"product_tag":[],"class_list":{"0":"post-340","1":"product","2":"type-product","3":"status-publish","4":"has-post-thumbnail","6":"product_cat-szaraz-elszivomotor","8":"first","9":"instock","10":"shipping-taxable","11":"purchasable","12":"product-type-simple"},"yoast_head":"<!-- This site is optimized with the Yoast SEO plugin v25.5 - https:\/\/yoast.com\/wordpress\/plugins\/seo\/ -->\n<title>CATTANI TECNO-JET HANGSZIGETELT DOBOZBAN - Pharmabog Kft. - Fog\u00e1szati kezel\u0151egys\u00e9g<\/title>\n<meta name=\"robots\" content=\"index, follow, max-snippet:-1, max-image-preview:large, max-video-preview:-1\" \/>\n<link rel=\"canonical\" href=\"https:\/\/pharmabog.hu\/de\/product\/cattani-tecno-jet-hangszigetelt-dobozban\/\" \/>\n<meta property=\"og:locale\" content=\"de_DE\" \/>\n<meta property=\"og:type\" content=\"article\" \/>\n<meta property=\"og:title\" content=\"CATTANI TECNO-JET HANGSZIGETELT DOBOZBAN - Pharmabog Kft. - Fog\u00e1szati kezel\u0151egys\u00e9g\" \/>\n<meta property=\"og:description\" content=\"Sz\u00e1raz elsz\u00edv\u00f3motor hangszigetelt dobozban 2-3 kezel\u0151egys\u00e9g elsz\u00edv\u00e1s\u00e1hoz  Elsz\u00edv\u00f3 teljes\u00edtm\u00e9ny: 2.000 liter\/perc M\u00e9retek: 39x35x41 cm S\u00faly: 18 kg -Hang er\u0151ss\u00e9g: 60 dB  \u00c1r: 1.388.- \u20ac + 27% \u00c1fa = 1.763.-\u20ac-t\u00f3l el\u00e9rhet\u0151.\" \/>\n<meta property=\"og:url\" content=\"https:\/\/pharmabog.hu\/de\/product\/cattani-tecno-jet-hangszigetelt-dobozban\/\" \/>\n<meta property=\"og:site_name\" content=\"Pharmabog Kft. - Fog\u00e1szati kezel\u0151egys\u00e9g\" \/>\n<meta property=\"article:publisher\" content=\"https:\/\/www.facebook.com\/pharmabog.hu\" \/>\n<meta property=\"article:modified_time\" content=\"2025-07-22T11:01:10+00:00\" \/>\n<meta property=\"og:image\" content=\"https:\/\/pharmabog.hu\/wp-content\/uploads\/2025\/07\/tecno_jet_hang.jpeg\" \/>\n\t<meta property=\"og:image:width\" content=\"350\" \/>\n\t<meta property=\"og:image:height\" content=\"355\" \/>\n\t<meta property=\"og:image:type\" content=\"image\/jpeg\" \/>\n<meta name=\"twitter:card\" content=\"summary_large_image\" \/>\n<script type=\"application\/ld+json\" class=\"yoast-schema-graph\">{\"@context\":\"https:\/\/schema.org\",\"@graph\":[{\"@type\":\"WebPage\",\"@id\":\"https:\/\/pharmabog.hu\/product\/cattani-tecno-jet-hangszigetelt-dobozban\/\",\"url\":\"https:\/\/pharmabog.hu\/product\/cattani-tecno-jet-hangszigetelt-dobozban\/\",\"name\":\"CATTANI TECNO-JET HANGSZIGETELT DOBOZBAN - Pharmabog Kft. - Fog\u00e1szati kezel\u0151egys\u00e9g\",\"isPartOf\":{\"@id\":\"https:\/\/pharmabog.hu\/#website\"},\"primaryImageOfPage\":{\"@id\":\"https:\/\/pharmabog.hu\/product\/cattani-tecno-jet-hangszigetelt-dobozban\/#primaryimage\"},\"image\":{\"@id\":\"https:\/\/pharmabog.hu\/product\/cattani-tecno-jet-hangszigetelt-dobozban\/#primaryimage\"},\"thumbnailUrl\":\"https:\/\/pharmabog.hu\/wp-content\/uploads\/2025\/07\/tecno_jet_hang.jpeg\",\"datePublished\":\"2025-07-22T11:01:07+00:00\",\"dateModified\":\"2025-07-22T11:01:10+00:00\",\"breadcrumb\":{\"@id\":\"https:\/\/pharmabog.hu\/product\/cattani-tecno-jet-hangszigetelt-dobozban\/#breadcrumb\"},\"inLanguage\":\"de\",\"potentialAction\":[{\"@type\":\"ReadAction\",\"target\":[\"https:\/\/pharmabog.hu\/product\/cattani-tecno-jet-hangszigetelt-dobozban\/\"]}]},{\"@type\":\"ImageObject\",\"inLanguage\":\"de\",\"@id\":\"https:\/\/pharmabog.hu\/product\/cattani-tecno-jet-hangszigetelt-dobozban\/#primaryimage\",\"url\":\"https:\/\/pharmabog.hu\/wp-content\/uploads\/2025\/07\/tecno_jet_hang.jpeg\",\"contentUrl\":\"https:\/\/pharmabog.hu\/wp-content\/uploads\/2025\/07\/tecno_jet_hang.jpeg\",\"width\":350,\"height\":355},{\"@type\":\"BreadcrumbList\",\"@id\":\"https:\/\/pharmabog.hu\/product\/cattani-tecno-jet-hangszigetelt-dobozban\/#breadcrumb\",\"itemListElement\":[{\"@type\":\"ListItem\",\"position\":1,\"name\":\"Kezd\u0151lap\",\"item\":\"https:\/\/pharmabog.hu\/\"},{\"@type\":\"ListItem\",\"position\":2,\"name\":\"Shop\",\"item\":\"https:\/\/pharmabog.hu\/shop\/\"},{\"@type\":\"ListItem\",\"position\":3,\"name\":\"CATTANI TECNO-JET HANGSZIGETELT DOBOZBAN\"}]},{\"@type\":\"WebSite\",\"@id\":\"https:\/\/pharmabog.hu\/#website\",\"url\":\"https:\/\/pharmabog.hu\/\",\"name\":\"Pharmabog Kft. - Fog\u00e1szati kezel\u0151egys\u00e9g\",\"description\":\"\",\"publisher\":{\"@id\":\"https:\/\/pharmabog.hu\/#organization\"},\"potentialAction\":[{\"@type\":\"SearchAction\",\"target\":{\"@type\":\"EntryPoint\",\"urlTemplate\":\"https:\/\/pharmabog.hu\/?s={search_term_string}\"},\"query-input\":{\"@type\":\"PropertyValueSpecification\",\"valueRequired\":true,\"valueName\":\"search_term_string\"}}],\"inLanguage\":\"de\"},{\"@type\":\"Organization\",\"@id\":\"https:\/\/pharmabog.hu\/#organization\",\"name\":\"Pharmabog Kft. - Fog\u00e1szati kezel\u0151egys\u00e9g\",\"url\":\"https:\/\/pharmabog.hu\/\",\"logo\":{\"@type\":\"ImageObject\",\"inLanguage\":\"de\",\"@id\":\"https:\/\/pharmabog.hu\/#\/schema\/logo\/image\/\",\"url\":\"https:\/\/pharmabog.hu\/wp-content\/uploads\/2025\/07\/cropped-logo-16-e1644481099702-4.png\",\"contentUrl\":\"https:\/\/pharmabog.hu\/wp-content\/uploads\/2025\/07\/cropped-logo-16-e1644481099702-4.png\",\"width\":296,\"height\":87,\"caption\":\"Pharmabog Kft. - Fog\u00e1szati kezel\u0151egys\u00e9g\"},\"image\":{\"@id\":\"https:\/\/pharmabog.hu\/#\/schema\/logo\/image\/\"},\"sameAs\":[\"https:\/\/www.facebook.com\/pharmabog.hu\"]}]}<\/script>\n<!-- \/ Yoast SEO plugin. -->","yoast_head_json":{"title":"CATTANI TECNO-JET HANGSZIGETELT DOBOZBAN - Pharmabog Kft. - Fog\u00e1szati kezel\u0151egys\u00e9g","robots":{"index":"index","follow":"follow","max-snippet":"max-snippet:-1","max-image-preview":"max-image-preview:large","max-video-preview":"max-video-preview:-1"},"canonical":"https:\/\/pharmabog.hu\/de\/product\/cattani-tecno-jet-hangszigetelt-dobozban\/","og_locale":"de_DE","og_type":"article","og_title":"CATTANI TECNO-JET HANGSZIGETELT DOBOZBAN - Pharmabog Kft. - Fog\u00e1szati kezel\u0151egys\u00e9g","og_description":"Sz\u00e1raz elsz\u00edv\u00f3motor hangszigetelt dobozban 2-3 kezel\u0151egys\u00e9g elsz\u00edv\u00e1s\u00e1hoz  Elsz\u00edv\u00f3 teljes\u00edtm\u00e9ny: 2.000 liter\/perc M\u00e9retek: 39x35x41 cm S\u00faly: 18 kg -Hang er\u0151ss\u00e9g: 60 dB  \u00c1r: 1.388.- \u20ac + 27% \u00c1fa = 1.763.-\u20ac-t\u00f3l el\u00e9rhet\u0151.","og_url":"https:\/\/pharmabog.hu\/de\/product\/cattani-tecno-jet-hangszigetelt-dobozban\/","og_site_name":"Pharmabog Kft. - Fog\u00e1szati kezel\u0151egys\u00e9g","article_publisher":"https:\/\/www.facebook.com\/pharmabog.hu","article_modified_time":"2025-07-22T11:01:10+00:00","og_image":[{"width":350,"height":355,"url":"https:\/\/pharmabog.hu\/wp-content\/uploads\/2025\/07\/tecno_jet_hang.jpeg","type":"image\/jpeg"}],"twitter_card":"summary_large_image","schema":{"@context":"https:\/\/schema.org","@graph":[{"@type":"WebPage","@id":"https:\/\/pharmabog.hu\/product\/cattani-tecno-jet-hangszigetelt-dobozban\/","url":"https:\/\/pharmabog.hu\/product\/cattani-tecno-jet-hangszigetelt-dobozban\/","name":"CATTANI TECNO-JET HANGSZIGETELT DOBOZBAN - Pharmabog Kft. - Fog\u00e1szati kezel\u0151egys\u00e9g","isPartOf":{"@id":"https:\/\/pharmabog.hu\/#website"},"primaryImageOfPage":{"@id":"https:\/\/pharmabog.hu\/product\/cattani-tecno-jet-hangszigetelt-dobozban\/#primaryimage"},"image":{"@id":"https:\/\/pharmabog.hu\/product\/cattani-tecno-jet-hangszigetelt-dobozban\/#primaryimage"},"thumbnailUrl":"https:\/\/pharmabog.hu\/wp-content\/uploads\/2025\/07\/tecno_jet_hang.jpeg","datePublished":"2025-07-22T11:01:07+00:00","dateModified":"2025-07-22T11:01:10+00:00","breadcrumb":{"@id":"https:\/\/pharmabog.hu\/product\/cattani-tecno-jet-hangszigetelt-dobozban\/#breadcrumb"},"inLanguage":"de","potentialAction":[{"@type":"ReadAction","target":["https:\/\/pharmabog.hu\/product\/cattani-tecno-jet-hangszigetelt-dobozban\/"]}]},{"@type":"ImageObject","inLanguage":"de","@id":"https:\/\/pharmabog.hu\/product\/cattani-tecno-jet-hangszigetelt-dobozban\/#primaryimage","url":"https:\/\/pharmabog.hu\/wp-content\/uploads\/2025\/07\/tecno_jet_hang.jpeg","contentUrl":"https:\/\/pharmabog.hu\/wp-content\/uploads\/2025\/07\/tecno_jet_hang.jpeg","width":350,"height":355},{"@type":"BreadcrumbList","@id":"https:\/\/pharmabog.hu\/product\/cattani-tecno-jet-hangszigetelt-dobozban\/#breadcrumb","itemListElement":[{"@type":"ListItem","position":1,"name":"Kezd\u0151lap","item":"https:\/\/pharmabog.hu\/"},{"@type":"ListItem","position":2,"name":"Shop","item":"https:\/\/pharmabog.hu\/shop\/"},{"@type":"ListItem","position":3,"name":"CATTANI TECNO-JET HANGSZIGETELT DOBOZBAN"}]},{"@type":"WebSite","@id":"https:\/\/pharmabog.hu\/#website","url":"https:\/\/pharmabog.hu\/","name":"Pharmabog Ltd. - Zahnbehandlungseinheit","description":"","publisher":{"@id":"https:\/\/pharmabog.hu\/#organization"},"potentialAction":[{"@type":"SearchAction","target":{"@type":"EntryPoint","urlTemplate":"https:\/\/pharmabog.hu\/?s={search_term_string}"},"query-input":{"@type":"PropertyValueSpecification","valueRequired":true,"valueName":"search_term_string"}}],"inLanguage":"de"},{"@type":"Organization","@id":"https:\/\/pharmabog.hu\/#organization","name":"Pharmabog Ltd. - Zahnbehandlungseinheit","url":"https:\/\/pharmabog.hu\/","logo":{"@type":"ImageObject","inLanguage":"de","@id":"https:\/\/pharmabog.hu\/#\/schema\/logo\/image\/","url":"https:\/\/pharmabog.hu\/wp-content\/uploads\/2025\/07\/cropped-logo-16-e1644481099702-4.png","contentUrl":"https:\/\/pharmabog.hu\/wp-content\/uploads\/2025\/07\/cropped-logo-16-e1644481099702-4.png","width":296,"height":87,"caption":"Pharmabog Kft. - Fog\u00e1szati kezel\u0151egys\u00e9g"},"image":{"@id":"https:\/\/pharmabog.hu\/#\/schema\/logo\/image\/"},"sameAs":["https:\/\/www.facebook.com\/pharmabog.hu"]}]}},"_links":{"self":[{"href":"https:\/\/pharmabog.hu\/de\/wp-json\/wp\/v2\/product\/340","targetHints":{"allow":["GET"]}}],"collection":[{"href":"https:\/\/pharmabog.hu\/de\/wp-json\/wp\/v2\/product"}],"about":[{"href":"https:\/\/pharmabog.hu\/de\/wp-json\/wp\/v2\/types\/product"}],"replies":[{"embeddable":true,"href":"https:\/\/pharmabog.hu\/de\/wp-json\/wp\/v2\/comments?post=340"}],"wp:featuredmedia":[{"embeddable":true,"href":"https:\/\/pharmabog.hu\/de\/wp-json\/wp\/v2\/media\/371"}],"wp:attachment":[{"href":"https:\/\/pharmabog.hu\/de\/wp-json\/wp\/v2\/media?parent=340"}],"wp:term":[{"taxonomy":"product_brand","embeddable":true,"href":"https:\/\/pharmabog.hu\/de\/wp-json\/wp\/v2\/product_brand?post=340"},{"taxonomy":"product_cat","embeddable":true,"href":"https:\/\/pharmabog.hu\/de\/wp-json\/wp\/v2\/product_cat?post=340"},{"taxonomy":"product_tag","embeddable":true,"href":"https:\/\/pharmabog.hu\/de\/wp-json\/wp\/v2\/product_tag?post=340"}],"curies":[{"name":"wp","href":"https:\/\/api.w.org\/{rel}","templated":true}]}}