{"id":320,"date":"2025-07-22T11:01:06","date_gmt":"2025-07-22T11:01:06","guid":{"rendered":"https:\/\/pharmabog.hu\/?post_type=product&#038;p=320"},"modified":"2025-07-22T11:01:08","modified_gmt":"2025-07-22T11:01:08","slug":"hangtompito-doboz-cattani-1-2-3-munkahelyes-kompresszorokhoz","status":"publish","type":"product","link":"https:\/\/pharmabog.hu\/de\/product\/hangtompito-doboz-cattani-1-2-3-munkahelyes-kompresszorokhoz\/","title":{"rendered":"Schalld\u00e4mpfergeh\u00e4use f\u00fcr Cattani 1-2-3 Arbeitsplatzkompressoren"},"content":{"rendered":"","protected":false},"excerpt":{"rendered":"<div class=\"shortdesc\">\n<p>Es d\u00e4mpft die Kompressorlautst\u00e4rke auf 50 dB.<\/p>\n<p>-Abmessungen: 84 x 70 x 89 cm<br \/>\n-Gewicht: 84 kg<\/p>\n<p><strong>Preis: 1.790 \u20ac + 27% MwSt. = erh\u00e4ltlich ab 2.274 \u20ac.<\/strong><\/p>\n<\/div>","protected":false},"featured_media":350,"comment_status":"closed","ping_status":"closed","template":"","meta":[],"product_brand":[],"product_cat":[31],"product_tag":[],"class_list":{"0":"post-320","1":"product","2":"type-product","3":"status-publish","4":"has-post-thumbnail","6":"product_cat-cattani-kompresszorok","8":"first","9":"instock","10":"shipping-taxable","11":"purchasable","12":"product-type-simple"},"yoast_head":"<!-- This site is optimized with the Yoast SEO plugin v25.5 - https:\/\/yoast.com\/wordpress\/plugins\/seo\/ -->\n<title>HANGTOMP\u00cdT\u00d3 DOBOZ CATTANI 1-2-3 MUNKAHELYES KOMPRESSZOROKHOZ - Pharmabog Kft. - Fog\u00e1szati kezel\u0151egys\u00e9g<\/title>\n<meta name=\"robots\" content=\"index, follow, max-snippet:-1, max-image-preview:large, max-video-preview:-1\" \/>\n<link rel=\"canonical\" href=\"https:\/\/pharmabog.hu\/de\/product\/hangtompito-doboz-cattani-1-2-3-munkahelyes-kompresszorokhoz\/\" \/>\n<meta property=\"og:locale\" content=\"de_DE\" \/>\n<meta property=\"og:type\" content=\"article\" \/>\n<meta property=\"og:title\" content=\"HANGTOMP\u00cdT\u00d3 DOBOZ CATTANI 1-2-3 MUNKAHELYES KOMPRESSZOROKHOZ - Pharmabog Kft. - Fog\u00e1szati kezel\u0151egys\u00e9g\" \/>\n<meta property=\"og:description\" content=\"A kompresszor hanger\u0151ss\u00e9g\u00e9t 50 dB-re csillap\u00edtja.  -M\u00e9retek: 84x70x89 cm -S\u00faly: 84 kg  \u00c1r: 1.790.- \u20ac + 27% \u00c1fa = 2.274.-\u20ac-t\u00f3l el\u00e9rhet\u0151.\" \/>\n<meta property=\"og:url\" content=\"https:\/\/pharmabog.hu\/de\/product\/hangtompito-doboz-cattani-1-2-3-munkahelyes-kompresszorokhoz\/\" \/>\n<meta property=\"og:site_name\" content=\"Pharmabog Kft. - Fog\u00e1szati kezel\u0151egys\u00e9g\" \/>\n<meta property=\"article:publisher\" content=\"https:\/\/www.facebook.com\/pharmabog.hu\" \/>\n<meta property=\"article:modified_time\" content=\"2025-07-22T11:01:08+00:00\" \/>\n<meta property=\"og:image\" content=\"https:\/\/pharmabog.hu\/wp-content\/uploads\/2025\/07\/Unknown.jpeg\" \/>\n\t<meta property=\"og:image:width\" content=\"229\" \/>\n\t<meta property=\"og:image:height\" content=\"205\" \/>\n\t<meta property=\"og:image:type\" content=\"image\/jpeg\" \/>\n<meta name=\"twitter:card\" content=\"summary_large_image\" \/>\n<script type=\"application\/ld+json\" class=\"yoast-schema-graph\">{\"@context\":\"https:\/\/schema.org\",\"@graph\":[{\"@type\":\"WebPage\",\"@id\":\"https:\/\/pharmabog.hu\/product\/hangtompito-doboz-cattani-1-2-3-munkahelyes-kompresszorokhoz\/\",\"url\":\"https:\/\/pharmabog.hu\/product\/hangtompito-doboz-cattani-1-2-3-munkahelyes-kompresszorokhoz\/\",\"name\":\"HANGTOMP\u00cdT\u00d3 DOBOZ CATTANI 1-2-3 MUNKAHELYES KOMPRESSZOROKHOZ - Pharmabog Kft. - Fog\u00e1szati kezel\u0151egys\u00e9g\",\"isPartOf\":{\"@id\":\"https:\/\/pharmabog.hu\/#website\"},\"primaryImageOfPage\":{\"@id\":\"https:\/\/pharmabog.hu\/product\/hangtompito-doboz-cattani-1-2-3-munkahelyes-kompresszorokhoz\/#primaryimage\"},\"image\":{\"@id\":\"https:\/\/pharmabog.hu\/product\/hangtompito-doboz-cattani-1-2-3-munkahelyes-kompresszorokhoz\/#primaryimage\"},\"thumbnailUrl\":\"https:\/\/pharmabog.hu\/wp-content\/uploads\/2025\/07\/Unknown.jpeg\",\"datePublished\":\"2025-07-22T11:01:06+00:00\",\"dateModified\":\"2025-07-22T11:01:08+00:00\",\"breadcrumb\":{\"@id\":\"https:\/\/pharmabog.hu\/product\/hangtompito-doboz-cattani-1-2-3-munkahelyes-kompresszorokhoz\/#breadcrumb\"},\"inLanguage\":\"de\",\"potentialAction\":[{\"@type\":\"ReadAction\",\"target\":[\"https:\/\/pharmabog.hu\/product\/hangtompito-doboz-cattani-1-2-3-munkahelyes-kompresszorokhoz\/\"]}]},{\"@type\":\"ImageObject\",\"inLanguage\":\"de\",\"@id\":\"https:\/\/pharmabog.hu\/product\/hangtompito-doboz-cattani-1-2-3-munkahelyes-kompresszorokhoz\/#primaryimage\",\"url\":\"https:\/\/pharmabog.hu\/wp-content\/uploads\/2025\/07\/Unknown.jpeg\",\"contentUrl\":\"https:\/\/pharmabog.hu\/wp-content\/uploads\/2025\/07\/Unknown.jpeg\",\"width\":229,\"height\":205},{\"@type\":\"BreadcrumbList\",\"@id\":\"https:\/\/pharmabog.hu\/product\/hangtompito-doboz-cattani-1-2-3-munkahelyes-kompresszorokhoz\/#breadcrumb\",\"itemListElement\":[{\"@type\":\"ListItem\",\"position\":1,\"name\":\"Kezd\u0151lap\",\"item\":\"https:\/\/pharmabog.hu\/\"},{\"@type\":\"ListItem\",\"position\":2,\"name\":\"Shop\",\"item\":\"https:\/\/pharmabog.hu\/shop\/\"},{\"@type\":\"ListItem\",\"position\":3,\"name\":\"HANGTOMP\u00cdT\u00d3 DOBOZ CATTANI 1-2-3 MUNKAHELYES KOMPRESSZOROKHOZ\"}]},{\"@type\":\"WebSite\",\"@id\":\"https:\/\/pharmabog.hu\/#website\",\"url\":\"https:\/\/pharmabog.hu\/\",\"name\":\"Pharmabog Kft. - Fog\u00e1szati kezel\u0151egys\u00e9g\",\"description\":\"\",\"publisher\":{\"@id\":\"https:\/\/pharmabog.hu\/#organization\"},\"potentialAction\":[{\"@type\":\"SearchAction\",\"target\":{\"@type\":\"EntryPoint\",\"urlTemplate\":\"https:\/\/pharmabog.hu\/?s={search_term_string}\"},\"query-input\":{\"@type\":\"PropertyValueSpecification\",\"valueRequired\":true,\"valueName\":\"search_term_string\"}}],\"inLanguage\":\"de\"},{\"@type\":\"Organization\",\"@id\":\"https:\/\/pharmabog.hu\/#organization\",\"name\":\"Pharmabog Kft. - Fog\u00e1szati kezel\u0151egys\u00e9g\",\"url\":\"https:\/\/pharmabog.hu\/\",\"logo\":{\"@type\":\"ImageObject\",\"inLanguage\":\"de\",\"@id\":\"https:\/\/pharmabog.hu\/#\/schema\/logo\/image\/\",\"url\":\"https:\/\/pharmabog.hu\/wp-content\/uploads\/2025\/07\/cropped-logo-16-e1644481099702-4.png\",\"contentUrl\":\"https:\/\/pharmabog.hu\/wp-content\/uploads\/2025\/07\/cropped-logo-16-e1644481099702-4.png\",\"width\":296,\"height\":87,\"caption\":\"Pharmabog Kft. - Fog\u00e1szati kezel\u0151egys\u00e9g\"},\"image\":{\"@id\":\"https:\/\/pharmabog.hu\/#\/schema\/logo\/image\/\"},\"sameAs\":[\"https:\/\/www.facebook.com\/pharmabog.hu\"]}]}<\/script>\n<!-- \/ Yoast SEO plugin. -->","yoast_head_json":{"title":"HANGTOMP\u00cdT\u00d3 DOBOZ CATTANI 1-2-3 MUNKAHELYES KOMPRESSZOROKHOZ - Pharmabog Kft. - Fog\u00e1szati kezel\u0151egys\u00e9g","robots":{"index":"index","follow":"follow","max-snippet":"max-snippet:-1","max-image-preview":"max-image-preview:large","max-video-preview":"max-video-preview:-1"},"canonical":"https:\/\/pharmabog.hu\/de\/product\/hangtompito-doboz-cattani-1-2-3-munkahelyes-kompresszorokhoz\/","og_locale":"de_DE","og_type":"article","og_title":"HANGTOMP\u00cdT\u00d3 DOBOZ CATTANI 1-2-3 MUNKAHELYES KOMPRESSZOROKHOZ - Pharmabog Kft. - Fog\u00e1szati kezel\u0151egys\u00e9g","og_description":"A kompresszor hanger\u0151ss\u00e9g\u00e9t 50 dB-re csillap\u00edtja.  -M\u00e9retek: 84x70x89 cm -S\u00faly: 84 kg  \u00c1r: 1.790.- \u20ac + 27% \u00c1fa = 2.274.-\u20ac-t\u00f3l el\u00e9rhet\u0151.","og_url":"https:\/\/pharmabog.hu\/de\/product\/hangtompito-doboz-cattani-1-2-3-munkahelyes-kompresszorokhoz\/","og_site_name":"Pharmabog Kft. - Fog\u00e1szati kezel\u0151egys\u00e9g","article_publisher":"https:\/\/www.facebook.com\/pharmabog.hu","article_modified_time":"2025-07-22T11:01:08+00:00","og_image":[{"width":229,"height":205,"url":"https:\/\/pharmabog.hu\/wp-content\/uploads\/2025\/07\/Unknown.jpeg","type":"image\/jpeg"}],"twitter_card":"summary_large_image","schema":{"@context":"https:\/\/schema.org","@graph":[{"@type":"WebPage","@id":"https:\/\/pharmabog.hu\/product\/hangtompito-doboz-cattani-1-2-3-munkahelyes-kompresszorokhoz\/","url":"https:\/\/pharmabog.hu\/product\/hangtompito-doboz-cattani-1-2-3-munkahelyes-kompresszorokhoz\/","name":"HANGTOMP\u00cdT\u00d3 DOBOZ CATTANI 1-2-3 MUNKAHELYES KOMPRESSZOROKHOZ - Pharmabog Kft. - Fog\u00e1szati kezel\u0151egys\u00e9g","isPartOf":{"@id":"https:\/\/pharmabog.hu\/#website"},"primaryImageOfPage":{"@id":"https:\/\/pharmabog.hu\/product\/hangtompito-doboz-cattani-1-2-3-munkahelyes-kompresszorokhoz\/#primaryimage"},"image":{"@id":"https:\/\/pharmabog.hu\/product\/hangtompito-doboz-cattani-1-2-3-munkahelyes-kompresszorokhoz\/#primaryimage"},"thumbnailUrl":"https:\/\/pharmabog.hu\/wp-content\/uploads\/2025\/07\/Unknown.jpeg","datePublished":"2025-07-22T11:01:06+00:00","dateModified":"2025-07-22T11:01:08+00:00","breadcrumb":{"@id":"https:\/\/pharmabog.hu\/product\/hangtompito-doboz-cattani-1-2-3-munkahelyes-kompresszorokhoz\/#breadcrumb"},"inLanguage":"de","potentialAction":[{"@type":"ReadAction","target":["https:\/\/pharmabog.hu\/product\/hangtompito-doboz-cattani-1-2-3-munkahelyes-kompresszorokhoz\/"]}]},{"@type":"ImageObject","inLanguage":"de","@id":"https:\/\/pharmabog.hu\/product\/hangtompito-doboz-cattani-1-2-3-munkahelyes-kompresszorokhoz\/#primaryimage","url":"https:\/\/pharmabog.hu\/wp-content\/uploads\/2025\/07\/Unknown.jpeg","contentUrl":"https:\/\/pharmabog.hu\/wp-content\/uploads\/2025\/07\/Unknown.jpeg","width":229,"height":205},{"@type":"BreadcrumbList","@id":"https:\/\/pharmabog.hu\/product\/hangtompito-doboz-cattani-1-2-3-munkahelyes-kompresszorokhoz\/#breadcrumb","itemListElement":[{"@type":"ListItem","position":1,"name":"Kezd\u0151lap","item":"https:\/\/pharmabog.hu\/"},{"@type":"ListItem","position":2,"name":"Shop","item":"https:\/\/pharmabog.hu\/shop\/"},{"@type":"ListItem","position":3,"name":"HANGTOMP\u00cdT\u00d3 DOBOZ CATTANI 1-2-3 MUNKAHELYES KOMPRESSZOROKHOZ"}]},{"@type":"WebSite","@id":"https:\/\/pharmabog.hu\/#website","url":"https:\/\/pharmabog.hu\/","name":"Pharmabog Ltd. - Zahnbehandlungseinheit","description":"","publisher":{"@id":"https:\/\/pharmabog.hu\/#organization"},"potentialAction":[{"@type":"SearchAction","target":{"@type":"EntryPoint","urlTemplate":"https:\/\/pharmabog.hu\/?s={search_term_string}"},"query-input":{"@type":"PropertyValueSpecification","valueRequired":true,"valueName":"search_term_string"}}],"inLanguage":"de"},{"@type":"Organization","@id":"https:\/\/pharmabog.hu\/#organization","name":"Pharmabog Ltd. - Zahnbehandlungseinheit","url":"https:\/\/pharmabog.hu\/","logo":{"@type":"ImageObject","inLanguage":"de","@id":"https:\/\/pharmabog.hu\/#\/schema\/logo\/image\/","url":"https:\/\/pharmabog.hu\/wp-content\/uploads\/2025\/07\/cropped-logo-16-e1644481099702-4.png","contentUrl":"https:\/\/pharmabog.hu\/wp-content\/uploads\/2025\/07\/cropped-logo-16-e1644481099702-4.png","width":296,"height":87,"caption":"Pharmabog Kft. - Fog\u00e1szati kezel\u0151egys\u00e9g"},"image":{"@id":"https:\/\/pharmabog.hu\/#\/schema\/logo\/image\/"},"sameAs":["https:\/\/www.facebook.com\/pharmabog.hu"]}]}},"_links":{"self":[{"href":"https:\/\/pharmabog.hu\/de\/wp-json\/wp\/v2\/product\/320","targetHints":{"allow":["GET"]}}],"collection":[{"href":"https:\/\/pharmabog.hu\/de\/wp-json\/wp\/v2\/product"}],"about":[{"href":"https:\/\/pharmabog.hu\/de\/wp-json\/wp\/v2\/types\/product"}],"replies":[{"embeddable":true,"href":"https:\/\/pharmabog.hu\/de\/wp-json\/wp\/v2\/comments?post=320"}],"wp:featuredmedia":[{"embeddable":true,"href":"https:\/\/pharmabog.hu\/de\/wp-json\/wp\/v2\/media\/350"}],"wp:attachment":[{"href":"https:\/\/pharmabog.hu\/de\/wp-json\/wp\/v2\/media?parent=320"}],"wp:term":[{"taxonomy":"product_brand","embeddable":true,"href":"https:\/\/pharmabog.hu\/de\/wp-json\/wp\/v2\/product_brand?post=320"},{"taxonomy":"product_cat","embeddable":true,"href":"https:\/\/pharmabog.hu\/de\/wp-json\/wp\/v2\/product_cat?post=320"},{"taxonomy":"product_tag","embeddable":true,"href":"https:\/\/pharmabog.hu\/de\/wp-json\/wp\/v2\/product_tag?post=320"}],"curies":[{"name":"wp","href":"https:\/\/api.w.org\/{rel}","templated":true}]}}