{"id":319,"date":"2025-07-22T11:01:06","date_gmt":"2025-07-22T11:01:06","guid":{"rendered":"https:\/\/pharmabog.hu\/?post_type=product&#038;p=319"},"modified":"2025-07-22T11:01:07","modified_gmt":"2025-07-22T11:01:07","slug":"cattani-ac-300-q","status":"publish","type":"product","link":"https:\/\/pharmabog.hu\/de\/product\/cattani-ac-300-q\/","title":{"rendered":"CATTANI AC 300 Q"},"content":{"rendered":"","protected":false},"excerpt":{"rendered":"<div class=\"shortdesc\">\n<p>\u2013 Dreizylinder-Kompressor mit Trockner und Schalld\u00e4mpferabdeckung<br \/>\n\u2013 zur Luftversorgung von drei Steuereinheiten<br \/>\n-45-Liter-Tank<br \/>\n-Abmessungen: 72 x 60 x 97 cm<br \/>\n-Gewicht: 80 kg<br \/>\n-Lautst\u00e4rke: 68 dB<\/p>\n<p><strong>Preis: 4.453 \u20ac + 27% MwSt. = erh\u00e4ltlich ab 5.655 \u20ac.<\/strong><\/p>\n<\/div>","protected":false},"featured_media":349,"comment_status":"closed","ping_status":"closed","template":"","meta":[],"product_brand":[],"product_cat":[31],"product_tag":[],"class_list":{"0":"post-319","1":"product","2":"type-product","3":"status-publish","4":"has-post-thumbnail","6":"product_cat-cattani-kompresszorok","8":"first","9":"instock","10":"shipping-taxable","11":"purchasable","12":"product-type-simple"},"yoast_head":"<!-- This site is optimized with the Yoast SEO plugin v25.5 - https:\/\/yoast.com\/wordpress\/plugins\/seo\/ -->\n<title>CATTANI AC 300 Q - Pharmabog Kft. - Fog\u00e1szati kezel\u0151egys\u00e9g<\/title>\n<meta name=\"robots\" content=\"index, follow, max-snippet:-1, max-image-preview:large, max-video-preview:-1\" \/>\n<link rel=\"canonical\" href=\"https:\/\/pharmabog.hu\/de\/product\/cattani-ac-300-q\/\" \/>\n<meta property=\"og:locale\" content=\"de_DE\" \/>\n<meta property=\"og:type\" content=\"article\" \/>\n<meta property=\"og:title\" content=\"CATTANI AC 300 Q - Pharmabog Kft. - Fog\u00e1szati kezel\u0151egys\u00e9g\" \/>\n<meta property=\"og:description\" content=\"\u2013 h\u00e1romhengeres kompresszor sz\u00e1r\u00edt\u00f3val hangtomp\u00edt\u00f3 burkolattal \u2013 h\u00e1rom kezel\u0151egys\u00e9g leveg\u0151ell\u00e1t\u00e1s\u00e1hoz -45 literes tart\u00e1ly -M\u00e9retek: 72x60x97 cm -S\u00faly: 80 kg -Hang er\u0151ss\u00e9g: 68 db  \u00c1r: 4.453.- \u20ac + 27% \u00c1fa = 5.655.-\u20ac-t\u00f3l el\u00e9rhet\u0151.\" \/>\n<meta property=\"og:url\" content=\"https:\/\/pharmabog.hu\/de\/product\/cattani-ac-300-q\/\" \/>\n<meta property=\"og:site_name\" content=\"Pharmabog Kft. - Fog\u00e1szati kezel\u0151egys\u00e9g\" \/>\n<meta property=\"article:publisher\" content=\"https:\/\/www.facebook.com\/pharmabog.hu\" \/>\n<meta property=\"article:modified_time\" content=\"2025-07-22T11:01:07+00:00\" \/>\n<meta property=\"og:image\" content=\"https:\/\/pharmabog.hu\/wp-content\/uploads\/2025\/07\/CattaniAC300Q.jpeg\" \/>\n\t<meta property=\"og:image:width\" content=\"800\" \/>\n\t<meta property=\"og:image:height\" content=\"800\" \/>\n\t<meta property=\"og:image:type\" content=\"image\/jpeg\" \/>\n<meta name=\"twitter:card\" content=\"summary_large_image\" \/>\n<script type=\"application\/ld+json\" class=\"yoast-schema-graph\">{\"@context\":\"https:\/\/schema.org\",\"@graph\":[{\"@type\":\"WebPage\",\"@id\":\"https:\/\/pharmabog.hu\/product\/cattani-ac-300-q\/\",\"url\":\"https:\/\/pharmabog.hu\/product\/cattani-ac-300-q\/\",\"name\":\"CATTANI AC 300 Q - Pharmabog Kft. - Fog\u00e1szati kezel\u0151egys\u00e9g\",\"isPartOf\":{\"@id\":\"https:\/\/pharmabog.hu\/#website\"},\"primaryImageOfPage\":{\"@id\":\"https:\/\/pharmabog.hu\/product\/cattani-ac-300-q\/#primaryimage\"},\"image\":{\"@id\":\"https:\/\/pharmabog.hu\/product\/cattani-ac-300-q\/#primaryimage\"},\"thumbnailUrl\":\"https:\/\/pharmabog.hu\/wp-content\/uploads\/2025\/07\/CattaniAC300Q.jpeg\",\"datePublished\":\"2025-07-22T11:01:06+00:00\",\"dateModified\":\"2025-07-22T11:01:07+00:00\",\"breadcrumb\":{\"@id\":\"https:\/\/pharmabog.hu\/product\/cattani-ac-300-q\/#breadcrumb\"},\"inLanguage\":\"de\",\"potentialAction\":[{\"@type\":\"ReadAction\",\"target\":[\"https:\/\/pharmabog.hu\/product\/cattani-ac-300-q\/\"]}]},{\"@type\":\"ImageObject\",\"inLanguage\":\"de\",\"@id\":\"https:\/\/pharmabog.hu\/product\/cattani-ac-300-q\/#primaryimage\",\"url\":\"https:\/\/pharmabog.hu\/wp-content\/uploads\/2025\/07\/CattaniAC300Q.jpeg\",\"contentUrl\":\"https:\/\/pharmabog.hu\/wp-content\/uploads\/2025\/07\/CattaniAC300Q.jpeg\",\"width\":800,\"height\":800},{\"@type\":\"BreadcrumbList\",\"@id\":\"https:\/\/pharmabog.hu\/product\/cattani-ac-300-q\/#breadcrumb\",\"itemListElement\":[{\"@type\":\"ListItem\",\"position\":1,\"name\":\"Kezd\u0151lap\",\"item\":\"https:\/\/pharmabog.hu\/\"},{\"@type\":\"ListItem\",\"position\":2,\"name\":\"Shop\",\"item\":\"https:\/\/pharmabog.hu\/shop\/\"},{\"@type\":\"ListItem\",\"position\":3,\"name\":\"CATTANI AC 300 Q\"}]},{\"@type\":\"WebSite\",\"@id\":\"https:\/\/pharmabog.hu\/#website\",\"url\":\"https:\/\/pharmabog.hu\/\",\"name\":\"Pharmabog Kft. - Fog\u00e1szati kezel\u0151egys\u00e9g\",\"description\":\"\",\"publisher\":{\"@id\":\"https:\/\/pharmabog.hu\/#organization\"},\"potentialAction\":[{\"@type\":\"SearchAction\",\"target\":{\"@type\":\"EntryPoint\",\"urlTemplate\":\"https:\/\/pharmabog.hu\/?s={search_term_string}\"},\"query-input\":{\"@type\":\"PropertyValueSpecification\",\"valueRequired\":true,\"valueName\":\"search_term_string\"}}],\"inLanguage\":\"de\"},{\"@type\":\"Organization\",\"@id\":\"https:\/\/pharmabog.hu\/#organization\",\"name\":\"Pharmabog Kft. - Fog\u00e1szati kezel\u0151egys\u00e9g\",\"url\":\"https:\/\/pharmabog.hu\/\",\"logo\":{\"@type\":\"ImageObject\",\"inLanguage\":\"de\",\"@id\":\"https:\/\/pharmabog.hu\/#\/schema\/logo\/image\/\",\"url\":\"https:\/\/pharmabog.hu\/wp-content\/uploads\/2025\/07\/cropped-logo-16-e1644481099702-4.png\",\"contentUrl\":\"https:\/\/pharmabog.hu\/wp-content\/uploads\/2025\/07\/cropped-logo-16-e1644481099702-4.png\",\"width\":296,\"height\":87,\"caption\":\"Pharmabog Kft. - Fog\u00e1szati kezel\u0151egys\u00e9g\"},\"image\":{\"@id\":\"https:\/\/pharmabog.hu\/#\/schema\/logo\/image\/\"},\"sameAs\":[\"https:\/\/www.facebook.com\/pharmabog.hu\"]}]}<\/script>\n<!-- \/ Yoast SEO plugin. -->","yoast_head_json":{"title":"CATTANI AC 300 Q - Pharmabog Kft. - Fog\u00e1szati kezel\u0151egys\u00e9g","robots":{"index":"index","follow":"follow","max-snippet":"max-snippet:-1","max-image-preview":"max-image-preview:large","max-video-preview":"max-video-preview:-1"},"canonical":"https:\/\/pharmabog.hu\/de\/product\/cattani-ac-300-q\/","og_locale":"de_DE","og_type":"article","og_title":"CATTANI AC 300 Q - Pharmabog Kft. - Fog\u00e1szati kezel\u0151egys\u00e9g","og_description":"\u2013 h\u00e1romhengeres kompresszor sz\u00e1r\u00edt\u00f3val hangtomp\u00edt\u00f3 burkolattal \u2013 h\u00e1rom kezel\u0151egys\u00e9g leveg\u0151ell\u00e1t\u00e1s\u00e1hoz -45 literes tart\u00e1ly -M\u00e9retek: 72x60x97 cm -S\u00faly: 80 kg -Hang er\u0151ss\u00e9g: 68 db  \u00c1r: 4.453.- \u20ac + 27% \u00c1fa = 5.655.-\u20ac-t\u00f3l el\u00e9rhet\u0151.","og_url":"https:\/\/pharmabog.hu\/de\/product\/cattani-ac-300-q\/","og_site_name":"Pharmabog Kft. - Fog\u00e1szati kezel\u0151egys\u00e9g","article_publisher":"https:\/\/www.facebook.com\/pharmabog.hu","article_modified_time":"2025-07-22T11:01:07+00:00","og_image":[{"width":800,"height":800,"url":"https:\/\/pharmabog.hu\/wp-content\/uploads\/2025\/07\/CattaniAC300Q.jpeg","type":"image\/jpeg"}],"twitter_card":"summary_large_image","schema":{"@context":"https:\/\/schema.org","@graph":[{"@type":"WebPage","@id":"https:\/\/pharmabog.hu\/product\/cattani-ac-300-q\/","url":"https:\/\/pharmabog.hu\/product\/cattani-ac-300-q\/","name":"CATTANI AC 300 Q - Pharmabog Kft. - Fog\u00e1szati kezel\u0151egys\u00e9g","isPartOf":{"@id":"https:\/\/pharmabog.hu\/#website"},"primaryImageOfPage":{"@id":"https:\/\/pharmabog.hu\/product\/cattani-ac-300-q\/#primaryimage"},"image":{"@id":"https:\/\/pharmabog.hu\/product\/cattani-ac-300-q\/#primaryimage"},"thumbnailUrl":"https:\/\/pharmabog.hu\/wp-content\/uploads\/2025\/07\/CattaniAC300Q.jpeg","datePublished":"2025-07-22T11:01:06+00:00","dateModified":"2025-07-22T11:01:07+00:00","breadcrumb":{"@id":"https:\/\/pharmabog.hu\/product\/cattani-ac-300-q\/#breadcrumb"},"inLanguage":"de","potentialAction":[{"@type":"ReadAction","target":["https:\/\/pharmabog.hu\/product\/cattani-ac-300-q\/"]}]},{"@type":"ImageObject","inLanguage":"de","@id":"https:\/\/pharmabog.hu\/product\/cattani-ac-300-q\/#primaryimage","url":"https:\/\/pharmabog.hu\/wp-content\/uploads\/2025\/07\/CattaniAC300Q.jpeg","contentUrl":"https:\/\/pharmabog.hu\/wp-content\/uploads\/2025\/07\/CattaniAC300Q.jpeg","width":800,"height":800},{"@type":"BreadcrumbList","@id":"https:\/\/pharmabog.hu\/product\/cattani-ac-300-q\/#breadcrumb","itemListElement":[{"@type":"ListItem","position":1,"name":"Kezd\u0151lap","item":"https:\/\/pharmabog.hu\/"},{"@type":"ListItem","position":2,"name":"Shop","item":"https:\/\/pharmabog.hu\/shop\/"},{"@type":"ListItem","position":3,"name":"CATTANI AC 300 Q"}]},{"@type":"WebSite","@id":"https:\/\/pharmabog.hu\/#website","url":"https:\/\/pharmabog.hu\/","name":"Pharmabog Ltd. - Zahnbehandlungseinheit","description":"","publisher":{"@id":"https:\/\/pharmabog.hu\/#organization"},"potentialAction":[{"@type":"SearchAction","target":{"@type":"EntryPoint","urlTemplate":"https:\/\/pharmabog.hu\/?s={search_term_string}"},"query-input":{"@type":"PropertyValueSpecification","valueRequired":true,"valueName":"search_term_string"}}],"inLanguage":"de"},{"@type":"Organization","@id":"https:\/\/pharmabog.hu\/#organization","name":"Pharmabog Ltd. - Zahnbehandlungseinheit","url":"https:\/\/pharmabog.hu\/","logo":{"@type":"ImageObject","inLanguage":"de","@id":"https:\/\/pharmabog.hu\/#\/schema\/logo\/image\/","url":"https:\/\/pharmabog.hu\/wp-content\/uploads\/2025\/07\/cropped-logo-16-e1644481099702-4.png","contentUrl":"https:\/\/pharmabog.hu\/wp-content\/uploads\/2025\/07\/cropped-logo-16-e1644481099702-4.png","width":296,"height":87,"caption":"Pharmabog Kft. - Fog\u00e1szati kezel\u0151egys\u00e9g"},"image":{"@id":"https:\/\/pharmabog.hu\/#\/schema\/logo\/image\/"},"sameAs":["https:\/\/www.facebook.com\/pharmabog.hu"]}]}},"_links":{"self":[{"href":"https:\/\/pharmabog.hu\/de\/wp-json\/wp\/v2\/product\/319","targetHints":{"allow":["GET"]}}],"collection":[{"href":"https:\/\/pharmabog.hu\/de\/wp-json\/wp\/v2\/product"}],"about":[{"href":"https:\/\/pharmabog.hu\/de\/wp-json\/wp\/v2\/types\/product"}],"replies":[{"embeddable":true,"href":"https:\/\/pharmabog.hu\/de\/wp-json\/wp\/v2\/comments?post=319"}],"wp:featuredmedia":[{"embeddable":true,"href":"https:\/\/pharmabog.hu\/de\/wp-json\/wp\/v2\/media\/349"}],"wp:attachment":[{"href":"https:\/\/pharmabog.hu\/de\/wp-json\/wp\/v2\/media?parent=319"}],"wp:term":[{"taxonomy":"product_brand","embeddable":true,"href":"https:\/\/pharmabog.hu\/de\/wp-json\/wp\/v2\/product_brand?post=319"},{"taxonomy":"product_cat","embeddable":true,"href":"https:\/\/pharmabog.hu\/de\/wp-json\/wp\/v2\/product_cat?post=319"},{"taxonomy":"product_tag","embeddable":true,"href":"https:\/\/pharmabog.hu\/de\/wp-json\/wp\/v2\/product_tag?post=319"}],"curies":[{"name":"wp","href":"https:\/\/api.w.org\/{rel}","templated":true}]}}