{"id":266,"date":"2025-07-22T11:00:59","date_gmt":"2025-07-22T11:00:59","guid":{"rendered":"https:\/\/pharmabog.hu\/?post_type=product&#038;p=266"},"modified":"2025-07-22T11:01:04","modified_gmt":"2025-07-22T11:01:04","slug":"vc45-sebeszeti-elszivo-0670-01","status":"publish","type":"product","link":"https:\/\/pharmabog.hu\/de\/product\/vc45-sebeszeti-elszivo-0670-01\/","title":{"rendered":"VC45 Chirurgische Absaugung 0670-01"},"content":{"rendered":"","protected":false},"excerpt":{"rendered":"<div class=\"shortdesc\">\n<p>Kapazit\u00e4t 45 Liter\/Minute<\/p>\n<p>Mit 3-Liter-Tank<\/p>\n<p>Abmessungen: 33 x 24 x 36 cm<\/p>\n<p>Gewicht: 6,7 kg<\/p>\n<p>Ger\u00e4uschpegel: 48 dB<\/p>\n<p><strong>Preis: 4.300 \u20ac + 27% MwSt. Brutto: 5.464 \u20ac<\/strong><\/p>\n<\/div>","protected":false},"featured_media":302,"comment_status":"closed","ping_status":"closed","template":"","meta":[],"product_brand":[],"product_cat":[27],"product_tag":[],"class_list":{"0":"post-266","1":"product","2":"type-product","3":"status-publish","4":"has-post-thumbnail","6":"product_cat-sebeszeti-elszivok","8":"first","9":"instock","10":"shipping-taxable","11":"purchasable","12":"product-type-simple"},"yoast_head":"<!-- This site is optimized with the Yoast SEO plugin v25.5 - https:\/\/yoast.com\/wordpress\/plugins\/seo\/ -->\n<title>VC45 SEB\u00c9SZETI ELSZ\u00cdV\u00d3 0670-01 - Pharmabog Kft. - Fog\u00e1szati kezel\u0151egys\u00e9g<\/title>\n<meta name=\"robots\" content=\"index, follow, max-snippet:-1, max-image-preview:large, max-video-preview:-1\" \/>\n<link rel=\"canonical\" href=\"https:\/\/pharmabog.hu\/de\/product\/vc45-sebeszeti-elszivo-0670-01\/\" \/>\n<meta property=\"og:locale\" content=\"de_DE\" \/>\n<meta property=\"og:type\" content=\"article\" \/>\n<meta property=\"og:title\" content=\"VC45 SEB\u00c9SZETI ELSZ\u00cdV\u00d3 0670-01 - Pharmabog Kft. - Fog\u00e1szati kezel\u0151egys\u00e9g\" \/>\n<meta property=\"og:description\" content=\"Teljes\u00edtm\u00e9ny 45 liter\/ perc  3 literes tart\u00e1llyal  M\u00e9retek: 33x24x36 cm  S\u00faly: 6,7 kg  Zajszint: 48 dB  \u00c1r: 4.300,-\u20ac + 27% \u00c1fa Brutt\u00f3: 5.464,-\u20ac\" \/>\n<meta property=\"og:url\" content=\"https:\/\/pharmabog.hu\/de\/product\/vc45-sebeszeti-elszivo-0670-01\/\" \/>\n<meta property=\"og:site_name\" content=\"Pharmabog Kft. - Fog\u00e1szati kezel\u0151egys\u00e9g\" \/>\n<meta property=\"article:publisher\" content=\"https:\/\/www.facebook.com\/pharmabog.hu\" \/>\n<meta property=\"article:modified_time\" content=\"2025-07-22T11:01:04+00:00\" \/>\n<meta property=\"og:image\" content=\"https:\/\/pharmabog.hu\/wp-content\/uploads\/2025\/07\/duerr-vc-45_f.jpeg\" \/>\n\t<meta property=\"og:image:width\" content=\"800\" \/>\n\t<meta property=\"og:image:height\" content=\"600\" \/>\n\t<meta property=\"og:image:type\" content=\"image\/jpeg\" \/>\n<meta name=\"twitter:card\" content=\"summary_large_image\" \/>\n<meta name=\"twitter:label1\" content=\"Gesch\u00e4tzte Lesezeit\" \/>\n\t<meta name=\"twitter:data1\" content=\"1\u00a0Minute\" \/>\n<script type=\"application\/ld+json\" class=\"yoast-schema-graph\">{\"@context\":\"https:\/\/schema.org\",\"@graph\":[{\"@type\":\"WebPage\",\"@id\":\"https:\/\/pharmabog.hu\/product\/vc45-sebeszeti-elszivo-0670-01\/\",\"url\":\"https:\/\/pharmabog.hu\/product\/vc45-sebeszeti-elszivo-0670-01\/\",\"name\":\"VC45 SEB\u00c9SZETI ELSZ\u00cdV\u00d3 0670-01 - Pharmabog Kft. - Fog\u00e1szati kezel\u0151egys\u00e9g\",\"isPartOf\":{\"@id\":\"https:\/\/pharmabog.hu\/#website\"},\"primaryImageOfPage\":{\"@id\":\"https:\/\/pharmabog.hu\/product\/vc45-sebeszeti-elszivo-0670-01\/#primaryimage\"},\"image\":{\"@id\":\"https:\/\/pharmabog.hu\/product\/vc45-sebeszeti-elszivo-0670-01\/#primaryimage\"},\"thumbnailUrl\":\"https:\/\/pharmabog.hu\/wp-content\/uploads\/2025\/07\/duerr-vc-45_f.jpeg\",\"datePublished\":\"2025-07-22T11:00:59+00:00\",\"dateModified\":\"2025-07-22T11:01:04+00:00\",\"breadcrumb\":{\"@id\":\"https:\/\/pharmabog.hu\/product\/vc45-sebeszeti-elszivo-0670-01\/#breadcrumb\"},\"inLanguage\":\"de\",\"potentialAction\":[{\"@type\":\"ReadAction\",\"target\":[\"https:\/\/pharmabog.hu\/product\/vc45-sebeszeti-elszivo-0670-01\/\"]}]},{\"@type\":\"ImageObject\",\"inLanguage\":\"de\",\"@id\":\"https:\/\/pharmabog.hu\/product\/vc45-sebeszeti-elszivo-0670-01\/#primaryimage\",\"url\":\"https:\/\/pharmabog.hu\/wp-content\/uploads\/2025\/07\/duerr-vc-45_f.jpeg\",\"contentUrl\":\"https:\/\/pharmabog.hu\/wp-content\/uploads\/2025\/07\/duerr-vc-45_f.jpeg\",\"width\":800,\"height\":600},{\"@type\":\"BreadcrumbList\",\"@id\":\"https:\/\/pharmabog.hu\/product\/vc45-sebeszeti-elszivo-0670-01\/#breadcrumb\",\"itemListElement\":[{\"@type\":\"ListItem\",\"position\":1,\"name\":\"Kezd\u0151lap\",\"item\":\"https:\/\/pharmabog.hu\/\"},{\"@type\":\"ListItem\",\"position\":2,\"name\":\"Shop\",\"item\":\"https:\/\/pharmabog.hu\/shop\/\"},{\"@type\":\"ListItem\",\"position\":3,\"name\":\"VC45 SEB\u00c9SZETI ELSZ\u00cdV\u00d3 0670-01\"}]},{\"@type\":\"WebSite\",\"@id\":\"https:\/\/pharmabog.hu\/#website\",\"url\":\"https:\/\/pharmabog.hu\/\",\"name\":\"Pharmabog Kft. - Fog\u00e1szati kezel\u0151egys\u00e9g\",\"description\":\"\",\"publisher\":{\"@id\":\"https:\/\/pharmabog.hu\/#organization\"},\"potentialAction\":[{\"@type\":\"SearchAction\",\"target\":{\"@type\":\"EntryPoint\",\"urlTemplate\":\"https:\/\/pharmabog.hu\/?s={search_term_string}\"},\"query-input\":{\"@type\":\"PropertyValueSpecification\",\"valueRequired\":true,\"valueName\":\"search_term_string\"}}],\"inLanguage\":\"de\"},{\"@type\":\"Organization\",\"@id\":\"https:\/\/pharmabog.hu\/#organization\",\"name\":\"Pharmabog Kft. - Fog\u00e1szati kezel\u0151egys\u00e9g\",\"url\":\"https:\/\/pharmabog.hu\/\",\"logo\":{\"@type\":\"ImageObject\",\"inLanguage\":\"de\",\"@id\":\"https:\/\/pharmabog.hu\/#\/schema\/logo\/image\/\",\"url\":\"https:\/\/pharmabog.hu\/wp-content\/uploads\/2025\/07\/cropped-logo-16-e1644481099702-4.png\",\"contentUrl\":\"https:\/\/pharmabog.hu\/wp-content\/uploads\/2025\/07\/cropped-logo-16-e1644481099702-4.png\",\"width\":296,\"height\":87,\"caption\":\"Pharmabog Kft. - Fog\u00e1szati kezel\u0151egys\u00e9g\"},\"image\":{\"@id\":\"https:\/\/pharmabog.hu\/#\/schema\/logo\/image\/\"},\"sameAs\":[\"https:\/\/www.facebook.com\/pharmabog.hu\"]}]}<\/script>\n<!-- \/ Yoast SEO plugin. -->","yoast_head_json":{"title":"VC45 SEB\u00c9SZETI ELSZ\u00cdV\u00d3 0670-01 - Pharmabog Kft. - Fog\u00e1szati kezel\u0151egys\u00e9g","robots":{"index":"index","follow":"follow","max-snippet":"max-snippet:-1","max-image-preview":"max-image-preview:large","max-video-preview":"max-video-preview:-1"},"canonical":"https:\/\/pharmabog.hu\/de\/product\/vc45-sebeszeti-elszivo-0670-01\/","og_locale":"de_DE","og_type":"article","og_title":"VC45 SEB\u00c9SZETI ELSZ\u00cdV\u00d3 0670-01 - Pharmabog Kft. - Fog\u00e1szati kezel\u0151egys\u00e9g","og_description":"Teljes\u00edtm\u00e9ny 45 liter\/ perc  3 literes tart\u00e1llyal  M\u00e9retek: 33x24x36 cm  S\u00faly: 6,7 kg  Zajszint: 48 dB  \u00c1r: 4.300,-\u20ac + 27% \u00c1fa Brutt\u00f3: 5.464,-\u20ac","og_url":"https:\/\/pharmabog.hu\/de\/product\/vc45-sebeszeti-elszivo-0670-01\/","og_site_name":"Pharmabog Kft. - Fog\u00e1szati kezel\u0151egys\u00e9g","article_publisher":"https:\/\/www.facebook.com\/pharmabog.hu","article_modified_time":"2025-07-22T11:01:04+00:00","og_image":[{"width":800,"height":600,"url":"https:\/\/pharmabog.hu\/wp-content\/uploads\/2025\/07\/duerr-vc-45_f.jpeg","type":"image\/jpeg"}],"twitter_card":"summary_large_image","twitter_misc":{"Gesch\u00e4tzte Lesezeit":"1\u00a0Minute"},"schema":{"@context":"https:\/\/schema.org","@graph":[{"@type":"WebPage","@id":"https:\/\/pharmabog.hu\/product\/vc45-sebeszeti-elszivo-0670-01\/","url":"https:\/\/pharmabog.hu\/product\/vc45-sebeszeti-elszivo-0670-01\/","name":"VC45 SEB\u00c9SZETI ELSZ\u00cdV\u00d3 0670-01 - Pharmabog Kft. - Fog\u00e1szati kezel\u0151egys\u00e9g","isPartOf":{"@id":"https:\/\/pharmabog.hu\/#website"},"primaryImageOfPage":{"@id":"https:\/\/pharmabog.hu\/product\/vc45-sebeszeti-elszivo-0670-01\/#primaryimage"},"image":{"@id":"https:\/\/pharmabog.hu\/product\/vc45-sebeszeti-elszivo-0670-01\/#primaryimage"},"thumbnailUrl":"https:\/\/pharmabog.hu\/wp-content\/uploads\/2025\/07\/duerr-vc-45_f.jpeg","datePublished":"2025-07-22T11:00:59+00:00","dateModified":"2025-07-22T11:01:04+00:00","breadcrumb":{"@id":"https:\/\/pharmabog.hu\/product\/vc45-sebeszeti-elszivo-0670-01\/#breadcrumb"},"inLanguage":"de","potentialAction":[{"@type":"ReadAction","target":["https:\/\/pharmabog.hu\/product\/vc45-sebeszeti-elszivo-0670-01\/"]}]},{"@type":"ImageObject","inLanguage":"de","@id":"https:\/\/pharmabog.hu\/product\/vc45-sebeszeti-elszivo-0670-01\/#primaryimage","url":"https:\/\/pharmabog.hu\/wp-content\/uploads\/2025\/07\/duerr-vc-45_f.jpeg","contentUrl":"https:\/\/pharmabog.hu\/wp-content\/uploads\/2025\/07\/duerr-vc-45_f.jpeg","width":800,"height":600},{"@type":"BreadcrumbList","@id":"https:\/\/pharmabog.hu\/product\/vc45-sebeszeti-elszivo-0670-01\/#breadcrumb","itemListElement":[{"@type":"ListItem","position":1,"name":"Kezd\u0151lap","item":"https:\/\/pharmabog.hu\/"},{"@type":"ListItem","position":2,"name":"Shop","item":"https:\/\/pharmabog.hu\/shop\/"},{"@type":"ListItem","position":3,"name":"VC45 SEB\u00c9SZETI ELSZ\u00cdV\u00d3 0670-01"}]},{"@type":"WebSite","@id":"https:\/\/pharmabog.hu\/#website","url":"https:\/\/pharmabog.hu\/","name":"Pharmabog Ltd. - Zahnbehandlungseinheit","description":"","publisher":{"@id":"https:\/\/pharmabog.hu\/#organization"},"potentialAction":[{"@type":"SearchAction","target":{"@type":"EntryPoint","urlTemplate":"https:\/\/pharmabog.hu\/?s={search_term_string}"},"query-input":{"@type":"PropertyValueSpecification","valueRequired":true,"valueName":"search_term_string"}}],"inLanguage":"de"},{"@type":"Organization","@id":"https:\/\/pharmabog.hu\/#organization","name":"Pharmabog Ltd. - Zahnbehandlungseinheit","url":"https:\/\/pharmabog.hu\/","logo":{"@type":"ImageObject","inLanguage":"de","@id":"https:\/\/pharmabog.hu\/#\/schema\/logo\/image\/","url":"https:\/\/pharmabog.hu\/wp-content\/uploads\/2025\/07\/cropped-logo-16-e1644481099702-4.png","contentUrl":"https:\/\/pharmabog.hu\/wp-content\/uploads\/2025\/07\/cropped-logo-16-e1644481099702-4.png","width":296,"height":87,"caption":"Pharmabog Kft. - Fog\u00e1szati kezel\u0151egys\u00e9g"},"image":{"@id":"https:\/\/pharmabog.hu\/#\/schema\/logo\/image\/"},"sameAs":["https:\/\/www.facebook.com\/pharmabog.hu"]}]}},"_links":{"self":[{"href":"https:\/\/pharmabog.hu\/de\/wp-json\/wp\/v2\/product\/266","targetHints":{"allow":["GET"]}}],"collection":[{"href":"https:\/\/pharmabog.hu\/de\/wp-json\/wp\/v2\/product"}],"about":[{"href":"https:\/\/pharmabog.hu\/de\/wp-json\/wp\/v2\/types\/product"}],"replies":[{"embeddable":true,"href":"https:\/\/pharmabog.hu\/de\/wp-json\/wp\/v2\/comments?post=266"}],"wp:featuredmedia":[{"embeddable":true,"href":"https:\/\/pharmabog.hu\/de\/wp-json\/wp\/v2\/media\/302"}],"wp:attachment":[{"href":"https:\/\/pharmabog.hu\/de\/wp-json\/wp\/v2\/media?parent=266"}],"wp:term":[{"taxonomy":"product_brand","embeddable":true,"href":"https:\/\/pharmabog.hu\/de\/wp-json\/wp\/v2\/product_brand?post=266"},{"taxonomy":"product_cat","embeddable":true,"href":"https:\/\/pharmabog.hu\/de\/wp-json\/wp\/v2\/product_cat?post=266"},{"taxonomy":"product_tag","embeddable":true,"href":"https:\/\/pharmabog.hu\/de\/wp-json\/wp\/v2\/product_tag?post=266"}],"curies":[{"name":"wp","href":"https:\/\/api.w.org\/{rel}","templated":true}]}}