{"id":264,"date":"2025-07-22T11:00:59","date_gmt":"2025-07-22T11:00:59","guid":{"rendered":"https:\/\/pharmabog.hu\/?post_type=product&#038;p=264"},"modified":"2025-07-22T11:01:03","modified_gmt":"2025-07-22T11:01:03","slug":"durr-vc-65-sebeszeti-elszivo","status":"publish","type":"product","link":"https:\/\/pharmabog.hu\/de\/product\/durr-vc-65-sebeszeti-elszivo\/","title":{"rendered":"D\u00dcRR VC 65 CHIRURGISCHES SAUGGER\u00c4T"},"content":{"rendered":"","protected":false},"excerpt":{"rendered":"<div class=\"shortdesc\">\n<p>W\u00e4hrend der Behandlungen werden mit dem VC 65-Extraktor endlich Ruhe und Frieden wiederhergestellt.<br \/>\nDie leise Arbeitsweise dieses Extraktionsinstruments wirkt beruhigend auf die Patienten und erleichtert es dem Zahnarzt, sich auf die eigentliche Aufgabe zu konzentrieren.<\/p>\n<p>Die Kolbenpumpe gew\u00e4hrleistet maximale Saugkraft und minimalen Ger\u00e4uschpegel.<\/p>\n<p>- Flexibles, mobiles Ger\u00e4t mit multifunktionalem Wagen<\/p>\n<p>-Fu\u00dfschalter im Lieferumfang enthalten<\/p>\n<p>Der Tankwechsel wird durch das einfache Schnellverschlusssystem zwischen Tank und Saugsystem erleichtert.<\/p>\n<p><strong>Preis: 4.610 \u20ac + 27% MwSt. Brutto: 5.855 \u20ac<\/strong><\/p>\n<\/div>\n<div class=\"price-container\"><strong>Technische Daten:<\/strong><\/div>\n<p>Saugleistung 65 Liter\/Minute<br \/>\nMit 2-Liter-Tank<br \/>\nAbmessungen: 35 x 33 x 37 cm<br \/>\nGewicht: 16 kg<br \/>\nGer\u00e4uschpegel: 44 dB<\/p>\n<p>&nbsp;<\/p>\n<p><iframe title=\"YouTube-Videoplayer\" src=\"https:\/\/www.youtube.com\/embed\/3S_e-g_rC-Y\" width=\"560\" height=\"315\" frameborder=\"0\" allowfullscreen=\"allowfullscreen\"><\/iframe><\/p>","protected":false},"featured_media":299,"comment_status":"closed","ping_status":"closed","template":"","meta":[],"product_brand":[],"product_cat":[27],"product_tag":[],"class_list":{"0":"post-264","1":"product","2":"type-product","3":"status-publish","4":"has-post-thumbnail","6":"product_cat-sebeszeti-elszivok","8":"first","9":"instock","10":"shipping-taxable","11":"purchasable","12":"product-type-simple"},"yoast_head":"<!-- This site is optimized with the Yoast SEO plugin v25.5 - https:\/\/yoast.com\/wordpress\/plugins\/seo\/ -->\n<title>D\u00dcRR VC 65 SEB\u00c9SZETI ELSZ\u00cdV\u00d3 - Pharmabog Kft. - Fog\u00e1szati kezel\u0151egys\u00e9g<\/title>\n<meta name=\"robots\" content=\"index, follow, max-snippet:-1, max-image-preview:large, max-video-preview:-1\" \/>\n<link rel=\"canonical\" href=\"https:\/\/pharmabog.hu\/de\/product\/durr-vc-65-sebeszeti-elszivo\/\" \/>\n<meta property=\"og:locale\" content=\"de_DE\" \/>\n<meta property=\"og:type\" content=\"article\" \/>\n<meta property=\"og:title\" content=\"D\u00dcRR VC 65 SEB\u00c9SZETI ELSZ\u00cdV\u00d3 - Pharmabog Kft. - Fog\u00e1szati kezel\u0151egys\u00e9g\" \/>\n<meta property=\"og:description\" content=\"A kezel\u00e9sek sor\u00e1n a VC 65 elsz\u00edv\u00f3val v\u00e9gre \u00fajra helyre\u00e1ll a b\u00e9ke \u00e9s a nyugalom. Az a csendes m\u00f3d, ahogyan ez az elsz\u00edv\u00f3 a teljes\u00edtm\u00e9ny\u00e9t leadja, nyugtat\u00f3an hat a betegekre, \u00e9s megk\u00f6nny\u00edti a fogorvos sz\u00e1m\u00e1ra, hogy a t\u00e9nyleges feladatra koncentr\u00e1ljon.  -A dugatty\u00fas szivatty\u00fanak k\u00f6sz\u00f6nhet\u0151en maxim\u00e1lis sz\u00edv\u00e1si teljes\u00edtm\u00e9ny \u00e9s minim\u00e1lis zajszint \u00e9rhet\u0151 el.  -Rugalmas, mobil eszk\u00f6z multifunkcion\u00e1lis kocsival  -L\u00e1bkapcsol\u00f3 a standard tartoz\u00e9kokkal egy\u00fctt  -A tart\u00e1ly cser\u00e9j\u00e9t megk\u00f6nny\u00edti a tart\u00e1ly \u00e9s a sz\u00edv\u00f3rendszer k\u00f6z\u00f6tti egyszer\u0171 gyorskiold\u00f3 rendszer  \u00c1r: 4.610,-\u20ac + 27% \u00c1fa Brutt\u00f3: 5.855,-\u20ac   M\u0171szaki adatok: Sz\u00edv\u00e1si teljes\u00edtm\u00e9ny 65 liter\/ perc 2 literes tart\u00e1llyal M\u00e9retek: 35x33x37 cm S\u00faly: 16 kg Zajszint: 44 dB    &nbsp;\" \/>\n<meta property=\"og:url\" content=\"https:\/\/pharmabog.hu\/de\/product\/durr-vc-65-sebeszeti-elszivo\/\" \/>\n<meta property=\"og:site_name\" content=\"Pharmabog Kft. - Fog\u00e1szati kezel\u0151egys\u00e9g\" \/>\n<meta property=\"article:publisher\" content=\"https:\/\/www.facebook.com\/pharmabog.hu\" \/>\n<meta property=\"article:modified_time\" content=\"2025-07-22T11:01:03+00:00\" \/>\n<meta property=\"og:image\" content=\"https:\/\/pharmabog.hu\/wp-content\/uploads\/2025\/07\/L-DD_VC65_07.jpg\" \/>\n\t<meta property=\"og:image:width\" content=\"1440\" \/>\n\t<meta property=\"og:image:height\" content=\"1080\" \/>\n\t<meta property=\"og:image:type\" content=\"image\/jpeg\" \/>\n<meta name=\"twitter:card\" content=\"summary_large_image\" \/>\n<meta name=\"twitter:label1\" content=\"Gesch\u00e4tzte Lesezeit\" \/>\n\t<meta name=\"twitter:data1\" content=\"1\u00a0Minute\" \/>\n<script type=\"application\/ld+json\" class=\"yoast-schema-graph\">{\"@context\":\"https:\/\/schema.org\",\"@graph\":[{\"@type\":\"WebPage\",\"@id\":\"https:\/\/pharmabog.hu\/product\/durr-vc-65-sebeszeti-elszivo\/\",\"url\":\"https:\/\/pharmabog.hu\/product\/durr-vc-65-sebeszeti-elszivo\/\",\"name\":\"D\u00dcRR VC 65 SEB\u00c9SZETI ELSZ\u00cdV\u00d3 - Pharmabog Kft. - Fog\u00e1szati kezel\u0151egys\u00e9g\",\"isPartOf\":{\"@id\":\"https:\/\/pharmabog.hu\/#website\"},\"primaryImageOfPage\":{\"@id\":\"https:\/\/pharmabog.hu\/product\/durr-vc-65-sebeszeti-elszivo\/#primaryimage\"},\"image\":{\"@id\":\"https:\/\/pharmabog.hu\/product\/durr-vc-65-sebeszeti-elszivo\/#primaryimage\"},\"thumbnailUrl\":\"https:\/\/pharmabog.hu\/wp-content\/uploads\/2025\/07\/L-DD_VC65_07.jpg\",\"datePublished\":\"2025-07-22T11:00:59+00:00\",\"dateModified\":\"2025-07-22T11:01:03+00:00\",\"breadcrumb\":{\"@id\":\"https:\/\/pharmabog.hu\/product\/durr-vc-65-sebeszeti-elszivo\/#breadcrumb\"},\"inLanguage\":\"de\",\"potentialAction\":[{\"@type\":\"ReadAction\",\"target\":[\"https:\/\/pharmabog.hu\/product\/durr-vc-65-sebeszeti-elszivo\/\"]}]},{\"@type\":\"ImageObject\",\"inLanguage\":\"de\",\"@id\":\"https:\/\/pharmabog.hu\/product\/durr-vc-65-sebeszeti-elszivo\/#primaryimage\",\"url\":\"https:\/\/pharmabog.hu\/wp-content\/uploads\/2025\/07\/L-DD_VC65_07.jpg\",\"contentUrl\":\"https:\/\/pharmabog.hu\/wp-content\/uploads\/2025\/07\/L-DD_VC65_07.jpg\",\"width\":1440,\"height\":1080},{\"@type\":\"BreadcrumbList\",\"@id\":\"https:\/\/pharmabog.hu\/product\/durr-vc-65-sebeszeti-elszivo\/#breadcrumb\",\"itemListElement\":[{\"@type\":\"ListItem\",\"position\":1,\"name\":\"Kezd\u0151lap\",\"item\":\"https:\/\/pharmabog.hu\/\"},{\"@type\":\"ListItem\",\"position\":2,\"name\":\"Shop\",\"item\":\"https:\/\/pharmabog.hu\/shop\/\"},{\"@type\":\"ListItem\",\"position\":3,\"name\":\"D\u00dcRR VC 65 SEB\u00c9SZETI ELSZ\u00cdV\u00d3\"}]},{\"@type\":\"WebSite\",\"@id\":\"https:\/\/pharmabog.hu\/#website\",\"url\":\"https:\/\/pharmabog.hu\/\",\"name\":\"Pharmabog Kft. - Fog\u00e1szati kezel\u0151egys\u00e9g\",\"description\":\"\",\"publisher\":{\"@id\":\"https:\/\/pharmabog.hu\/#organization\"},\"potentialAction\":[{\"@type\":\"SearchAction\",\"target\":{\"@type\":\"EntryPoint\",\"urlTemplate\":\"https:\/\/pharmabog.hu\/?s={search_term_string}\"},\"query-input\":{\"@type\":\"PropertyValueSpecification\",\"valueRequired\":true,\"valueName\":\"search_term_string\"}}],\"inLanguage\":\"de\"},{\"@type\":\"Organization\",\"@id\":\"https:\/\/pharmabog.hu\/#organization\",\"name\":\"Pharmabog Kft. - Fog\u00e1szati kezel\u0151egys\u00e9g\",\"url\":\"https:\/\/pharmabog.hu\/\",\"logo\":{\"@type\":\"ImageObject\",\"inLanguage\":\"de\",\"@id\":\"https:\/\/pharmabog.hu\/#\/schema\/logo\/image\/\",\"url\":\"https:\/\/pharmabog.hu\/wp-content\/uploads\/2025\/07\/cropped-logo-16-e1644481099702-4.png\",\"contentUrl\":\"https:\/\/pharmabog.hu\/wp-content\/uploads\/2025\/07\/cropped-logo-16-e1644481099702-4.png\",\"width\":296,\"height\":87,\"caption\":\"Pharmabog Kft. - Fog\u00e1szati kezel\u0151egys\u00e9g\"},\"image\":{\"@id\":\"https:\/\/pharmabog.hu\/#\/schema\/logo\/image\/\"},\"sameAs\":[\"https:\/\/www.facebook.com\/pharmabog.hu\"]}]}<\/script>\n<!-- \/ Yoast SEO plugin. -->","yoast_head_json":{"title":"D\u00dcRR VC 65 SEB\u00c9SZETI ELSZ\u00cdV\u00d3 - Pharmabog Kft. - Fog\u00e1szati kezel\u0151egys\u00e9g","robots":{"index":"index","follow":"follow","max-snippet":"max-snippet:-1","max-image-preview":"max-image-preview:large","max-video-preview":"max-video-preview:-1"},"canonical":"https:\/\/pharmabog.hu\/de\/product\/durr-vc-65-sebeszeti-elszivo\/","og_locale":"de_DE","og_type":"article","og_title":"D\u00dcRR VC 65 SEB\u00c9SZETI ELSZ\u00cdV\u00d3 - Pharmabog Kft. - Fog\u00e1szati kezel\u0151egys\u00e9g","og_description":"A kezel\u00e9sek sor\u00e1n a VC 65 elsz\u00edv\u00f3val v\u00e9gre \u00fajra helyre\u00e1ll a b\u00e9ke \u00e9s a nyugalom. Az a csendes m\u00f3d, ahogyan ez az elsz\u00edv\u00f3 a teljes\u00edtm\u00e9ny\u00e9t leadja, nyugtat\u00f3an hat a betegekre, \u00e9s megk\u00f6nny\u00edti a fogorvos sz\u00e1m\u00e1ra, hogy a t\u00e9nyleges feladatra koncentr\u00e1ljon.  -A dugatty\u00fas szivatty\u00fanak k\u00f6sz\u00f6nhet\u0151en maxim\u00e1lis sz\u00edv\u00e1si teljes\u00edtm\u00e9ny \u00e9s minim\u00e1lis zajszint \u00e9rhet\u0151 el.  -Rugalmas, mobil eszk\u00f6z multifunkcion\u00e1lis kocsival  -L\u00e1bkapcsol\u00f3 a standard tartoz\u00e9kokkal egy\u00fctt  -A tart\u00e1ly cser\u00e9j\u00e9t megk\u00f6nny\u00edti a tart\u00e1ly \u00e9s a sz\u00edv\u00f3rendszer k\u00f6z\u00f6tti egyszer\u0171 gyorskiold\u00f3 rendszer  \u00c1r: 4.610,-\u20ac + 27% \u00c1fa Brutt\u00f3: 5.855,-\u20ac   M\u0171szaki adatok: Sz\u00edv\u00e1si teljes\u00edtm\u00e9ny 65 liter\/ perc 2 literes tart\u00e1llyal M\u00e9retek: 35x33x37 cm S\u00faly: 16 kg Zajszint: 44 dB    &nbsp;","og_url":"https:\/\/pharmabog.hu\/de\/product\/durr-vc-65-sebeszeti-elszivo\/","og_site_name":"Pharmabog Kft. - Fog\u00e1szati kezel\u0151egys\u00e9g","article_publisher":"https:\/\/www.facebook.com\/pharmabog.hu","article_modified_time":"2025-07-22T11:01:03+00:00","og_image":[{"width":1440,"height":1080,"url":"https:\/\/pharmabog.hu\/wp-content\/uploads\/2025\/07\/L-DD_VC65_07.jpg","type":"image\/jpeg"}],"twitter_card":"summary_large_image","twitter_misc":{"Gesch\u00e4tzte Lesezeit":"1\u00a0Minute"},"schema":{"@context":"https:\/\/schema.org","@graph":[{"@type":"WebPage","@id":"https:\/\/pharmabog.hu\/product\/durr-vc-65-sebeszeti-elszivo\/","url":"https:\/\/pharmabog.hu\/product\/durr-vc-65-sebeszeti-elszivo\/","name":"D\u00dcRR VC 65 SEB\u00c9SZETI ELSZ\u00cdV\u00d3 - Pharmabog Kft. - Fog\u00e1szati kezel\u0151egys\u00e9g","isPartOf":{"@id":"https:\/\/pharmabog.hu\/#website"},"primaryImageOfPage":{"@id":"https:\/\/pharmabog.hu\/product\/durr-vc-65-sebeszeti-elszivo\/#primaryimage"},"image":{"@id":"https:\/\/pharmabog.hu\/product\/durr-vc-65-sebeszeti-elszivo\/#primaryimage"},"thumbnailUrl":"https:\/\/pharmabog.hu\/wp-content\/uploads\/2025\/07\/L-DD_VC65_07.jpg","datePublished":"2025-07-22T11:00:59+00:00","dateModified":"2025-07-22T11:01:03+00:00","breadcrumb":{"@id":"https:\/\/pharmabog.hu\/product\/durr-vc-65-sebeszeti-elszivo\/#breadcrumb"},"inLanguage":"de","potentialAction":[{"@type":"ReadAction","target":["https:\/\/pharmabog.hu\/product\/durr-vc-65-sebeszeti-elszivo\/"]}]},{"@type":"ImageObject","inLanguage":"de","@id":"https:\/\/pharmabog.hu\/product\/durr-vc-65-sebeszeti-elszivo\/#primaryimage","url":"https:\/\/pharmabog.hu\/wp-content\/uploads\/2025\/07\/L-DD_VC65_07.jpg","contentUrl":"https:\/\/pharmabog.hu\/wp-content\/uploads\/2025\/07\/L-DD_VC65_07.jpg","width":1440,"height":1080},{"@type":"BreadcrumbList","@id":"https:\/\/pharmabog.hu\/product\/durr-vc-65-sebeszeti-elszivo\/#breadcrumb","itemListElement":[{"@type":"ListItem","position":1,"name":"Kezd\u0151lap","item":"https:\/\/pharmabog.hu\/"},{"@type":"ListItem","position":2,"name":"Shop","item":"https:\/\/pharmabog.hu\/shop\/"},{"@type":"ListItem","position":3,"name":"D\u00dcRR VC 65 SEB\u00c9SZETI ELSZ\u00cdV\u00d3"}]},{"@type":"WebSite","@id":"https:\/\/pharmabog.hu\/#website","url":"https:\/\/pharmabog.hu\/","name":"Pharmabog Ltd. - Zahnbehandlungseinheit","description":"","publisher":{"@id":"https:\/\/pharmabog.hu\/#organization"},"potentialAction":[{"@type":"SearchAction","target":{"@type":"EntryPoint","urlTemplate":"https:\/\/pharmabog.hu\/?s={search_term_string}"},"query-input":{"@type":"PropertyValueSpecification","valueRequired":true,"valueName":"search_term_string"}}],"inLanguage":"de"},{"@type":"Organization","@id":"https:\/\/pharmabog.hu\/#organization","name":"Pharmabog Ltd. - Zahnbehandlungseinheit","url":"https:\/\/pharmabog.hu\/","logo":{"@type":"ImageObject","inLanguage":"de","@id":"https:\/\/pharmabog.hu\/#\/schema\/logo\/image\/","url":"https:\/\/pharmabog.hu\/wp-content\/uploads\/2025\/07\/cropped-logo-16-e1644481099702-4.png","contentUrl":"https:\/\/pharmabog.hu\/wp-content\/uploads\/2025\/07\/cropped-logo-16-e1644481099702-4.png","width":296,"height":87,"caption":"Pharmabog Kft. - Fog\u00e1szati kezel\u0151egys\u00e9g"},"image":{"@id":"https:\/\/pharmabog.hu\/#\/schema\/logo\/image\/"},"sameAs":["https:\/\/www.facebook.com\/pharmabog.hu"]}]}},"_links":{"self":[{"href":"https:\/\/pharmabog.hu\/de\/wp-json\/wp\/v2\/product\/264","targetHints":{"allow":["GET"]}}],"collection":[{"href":"https:\/\/pharmabog.hu\/de\/wp-json\/wp\/v2\/product"}],"about":[{"href":"https:\/\/pharmabog.hu\/de\/wp-json\/wp\/v2\/types\/product"}],"replies":[{"embeddable":true,"href":"https:\/\/pharmabog.hu\/de\/wp-json\/wp\/v2\/comments?post=264"}],"wp:featuredmedia":[{"embeddable":true,"href":"https:\/\/pharmabog.hu\/de\/wp-json\/wp\/v2\/media\/299"}],"wp:attachment":[{"href":"https:\/\/pharmabog.hu\/de\/wp-json\/wp\/v2\/media?parent=264"}],"wp:term":[{"taxonomy":"product_brand","embeddable":true,"href":"https:\/\/pharmabog.hu\/de\/wp-json\/wp\/v2\/product_brand?post=264"},{"taxonomy":"product_cat","embeddable":true,"href":"https:\/\/pharmabog.hu\/de\/wp-json\/wp\/v2\/product_cat?post=264"},{"taxonomy":"product_tag","embeddable":true,"href":"https:\/\/pharmabog.hu\/de\/wp-json\/wp\/v2\/product_tag?post=264"}],"curies":[{"name":"wp","href":"https:\/\/api.w.org\/{rel}","templated":true}]}}