{"id":260,"date":"2025-07-22T11:00:59","date_gmt":"2025-07-22T11:00:59","guid":{"rendered":"https:\/\/pharmabog.hu\/?post_type=product&#038;p=260"},"modified":"2025-07-22T11:01:02","modified_gmt":"2025-07-22T11:01:02","slug":"pura","status":"publish","type":"product","link":"https:\/\/pharmabog.hu\/de\/product\/pura\/","title":{"rendered":"REIN"},"content":{"rendered":"","protected":false},"excerpt":{"rendered":"<div class=\"\">Umkehrosmose-Wasserenth\u00e4rtungsanlage<\/div>\n<div class=\"\"><\/div>\n<div class=\"\"><\/div>\n<div class=\"\">\n<div class=\"\">Pura ist ein kompaktes Osmoseger\u00e4t, das direkt an den Autoklaven angeschlossen werden kann und eine kontinuierliche Versorgung mit sauberem Wasser gew\u00e4hrleistet.<\/div>\n<div class=\"\">Das System kann an verschiedenen Positionen installiert werden, was die Installation und Nutzung im verf\u00fcgbaren Raum erleichtert.<\/div>\n<div class=\"\">Pura ist mit Filtern und osmotischen Membranen ausgestattet, die je nach Ausgangsh\u00e4rte des verwendeten Wassers einen durchschnittlichen Zyklus von 600-800 Litern erm\u00f6glichen.<\/div>\n<div class=\"\">Daher sollte die Filterkartusche einmal j\u00e4hrlich oder nach 600\/700 Zyklen ausgetauscht werden. Der Filterwechsel ist sehr einfach und kann vom Benutzer selbst durchgef\u00fchrt werden.<\/div>\n<div class=\"\">Die Gesamtkosten der Filter sind ebenfalls sehr moderat, was zu einem sehr niedrigen Preis pro Liter f\u00fchrt.<\/div>\n<div><\/div>\n<div class=\"\">\n<div class=\"\">Preis f\u00fcr STERILAIR PRO:<\/div>\n<div class=\"\"><\/div>\n<div class=\"\">1.600,-\u20ac + 27% MwSt. Brutto: 2.032,-\u20ac<\/div>\n<div class=\"\"><\/div>\n<div class=\"\">ORMA-Preis:<\/div>\n<div class=\"\"><\/div>\n<div class=\"\">1.780,-\u20ac + 27% MwSt. Brutto: 2.260,-\u20ac<\/div>\n<\/div>\n<\/div>","protected":false},"featured_media":293,"comment_status":"closed","ping_status":"closed","template":"","meta":[],"product_brand":[],"product_cat":[25],"product_tag":[],"class_list":{"0":"post-260","1":"product","2":"type-product","3":"status-publish","4":"has-post-thumbnail","6":"product_cat-fogaszati-vizdesztillalo","8":"first","9":"instock","10":"shipping-taxable","11":"purchasable","12":"product-type-simple"},"yoast_head":"<!-- This site is optimized with the Yoast SEO plugin v25.5 - https:\/\/yoast.com\/wordpress\/plugins\/seo\/ -->\n<title>PURA - Pharmabog Kft. - Fog\u00e1szati kezel\u0151egys\u00e9g<\/title>\n<meta name=\"robots\" content=\"index, follow, max-snippet:-1, max-image-preview:large, max-video-preview:-1\" \/>\n<link rel=\"canonical\" href=\"https:\/\/pharmabog.hu\/de\/product\/pura\/\" \/>\n<meta property=\"og:locale\" content=\"de_DE\" \/>\n<meta property=\"og:type\" content=\"article\" \/>\n<meta property=\"og:title\" content=\"PURA - Pharmabog Kft. - Fog\u00e1szati kezel\u0151egys\u00e9g\" \/>\n<meta property=\"og:description\" content=\"Regozm\u00f3zisos v\u00edzl\u00e1gy\u00edt\u00f3 rendszer    A Pura egy kompakt ozm\u00f3zisk\u00e9sz\u00fcl\u00e9k, amely k\u00f6zvetlen\u00fcl az autokl\u00e1vhoz csatlakoztathat\u00f3, \u00e9s garant\u00e1lja a tiszta v\u00edz folyamatos ell\u00e1t\u00e1s\u00e1t. A rendszer t\u00f6bbf\u00e9le poz\u00edci\u00f3ba telep\u00edthet\u0151, \u00edgy a rendelkez\u00e9sre \u00e1ll\u00f3 helyen k\u00f6nnyen felszerelhet\u0151 \u00e9s haszn\u00e1lhat\u00f3. A Pura sz\u0171r\u0151kkel \u00e9s ozmotikus membr\u00e1nokkal van felszerelve, amelyek \u00e1tlagos ciklusa 600-800 liter a haszn\u00e1lt v\u00edz kezdeti kem\u00e9nys\u00e9g\u00e9t\u0151l f\u00fcgg\u0151en. Ez\u00e9rt a patront \u00e9vente egyszer vagy 600\/700 ciklusonk\u00e9nt kell cser\u00e9lni. A sz\u0171r\u0151k cser\u00e9je nagyon egyszer\u0171, \u00e9s a felhaszn\u00e1l\u00f3k is elv\u00e9gezhetik. A sz\u0171r\u0151k \u00f6sszk\u00f6lts\u00e9ge is nagyon m\u00e9rs\u00e9kelt, ami nagyon alacsony literenk\u00e9nti k\u00f6lts\u00e9get eredm\u00e9nyez.   A STERILAIR PRO \u00e1ra:  1.600,-\u20ac + 27% \u00c1fa Brutt\u00f3: 2.032,-\u20ac  Az ORMA \u00e1ra:  1.780,-\u20ac + 27% \u00c1fa Brutt\u00f3: 2.260,-\u20ac\" \/>\n<meta property=\"og:url\" content=\"https:\/\/pharmabog.hu\/de\/product\/pura\/\" \/>\n<meta property=\"og:site_name\" content=\"Pharmabog Kft. - Fog\u00e1szati kezel\u0151egys\u00e9g\" \/>\n<meta property=\"article:publisher\" content=\"https:\/\/www.facebook.com\/pharmabog.hu\" \/>\n<meta property=\"article:modified_time\" content=\"2025-07-22T11:01:02+00:00\" \/>\n<meta property=\"og:image\" content=\"https:\/\/pharmabog.hu\/wp-content\/uploads\/2025\/07\/Pura.jpeg\" \/>\n\t<meta property=\"og:image:width\" content=\"720\" \/>\n\t<meta property=\"og:image:height\" content=\"800\" \/>\n\t<meta property=\"og:image:type\" content=\"image\/jpeg\" \/>\n<meta name=\"twitter:card\" content=\"summary_large_image\" \/>\n<meta name=\"twitter:label1\" content=\"Gesch\u00e4tzte Lesezeit\" \/>\n\t<meta name=\"twitter:data1\" content=\"1\u00a0Minute\" \/>\n<script type=\"application\/ld+json\" class=\"yoast-schema-graph\">{\"@context\":\"https:\/\/schema.org\",\"@graph\":[{\"@type\":\"WebPage\",\"@id\":\"https:\/\/pharmabog.hu\/product\/pura\/\",\"url\":\"https:\/\/pharmabog.hu\/product\/pura\/\",\"name\":\"PURA - Pharmabog Kft. - Fog\u00e1szati kezel\u0151egys\u00e9g\",\"isPartOf\":{\"@id\":\"https:\/\/pharmabog.hu\/#website\"},\"primaryImageOfPage\":{\"@id\":\"https:\/\/pharmabog.hu\/product\/pura\/#primaryimage\"},\"image\":{\"@id\":\"https:\/\/pharmabog.hu\/product\/pura\/#primaryimage\"},\"thumbnailUrl\":\"https:\/\/pharmabog.hu\/wp-content\/uploads\/2025\/07\/Pura.jpeg\",\"datePublished\":\"2025-07-22T11:00:59+00:00\",\"dateModified\":\"2025-07-22T11:01:02+00:00\",\"breadcrumb\":{\"@id\":\"https:\/\/pharmabog.hu\/product\/pura\/#breadcrumb\"},\"inLanguage\":\"de\",\"potentialAction\":[{\"@type\":\"ReadAction\",\"target\":[\"https:\/\/pharmabog.hu\/product\/pura\/\"]}]},{\"@type\":\"ImageObject\",\"inLanguage\":\"de\",\"@id\":\"https:\/\/pharmabog.hu\/product\/pura\/#primaryimage\",\"url\":\"https:\/\/pharmabog.hu\/wp-content\/uploads\/2025\/07\/Pura.jpeg\",\"contentUrl\":\"https:\/\/pharmabog.hu\/wp-content\/uploads\/2025\/07\/Pura.jpeg\",\"width\":720,\"height\":800},{\"@type\":\"BreadcrumbList\",\"@id\":\"https:\/\/pharmabog.hu\/product\/pura\/#breadcrumb\",\"itemListElement\":[{\"@type\":\"ListItem\",\"position\":1,\"name\":\"Kezd\u0151lap\",\"item\":\"https:\/\/pharmabog.hu\/\"},{\"@type\":\"ListItem\",\"position\":2,\"name\":\"Shop\",\"item\":\"https:\/\/pharmabog.hu\/shop\/\"},{\"@type\":\"ListItem\",\"position\":3,\"name\":\"PURA\"}]},{\"@type\":\"WebSite\",\"@id\":\"https:\/\/pharmabog.hu\/#website\",\"url\":\"https:\/\/pharmabog.hu\/\",\"name\":\"Pharmabog Kft. - Fog\u00e1szati kezel\u0151egys\u00e9g\",\"description\":\"\",\"publisher\":{\"@id\":\"https:\/\/pharmabog.hu\/#organization\"},\"potentialAction\":[{\"@type\":\"SearchAction\",\"target\":{\"@type\":\"EntryPoint\",\"urlTemplate\":\"https:\/\/pharmabog.hu\/?s={search_term_string}\"},\"query-input\":{\"@type\":\"PropertyValueSpecification\",\"valueRequired\":true,\"valueName\":\"search_term_string\"}}],\"inLanguage\":\"de\"},{\"@type\":\"Organization\",\"@id\":\"https:\/\/pharmabog.hu\/#organization\",\"name\":\"Pharmabog Kft. - Fog\u00e1szati kezel\u0151egys\u00e9g\",\"url\":\"https:\/\/pharmabog.hu\/\",\"logo\":{\"@type\":\"ImageObject\",\"inLanguage\":\"de\",\"@id\":\"https:\/\/pharmabog.hu\/#\/schema\/logo\/image\/\",\"url\":\"https:\/\/pharmabog.hu\/wp-content\/uploads\/2025\/07\/cropped-logo-16-e1644481099702-4.png\",\"contentUrl\":\"https:\/\/pharmabog.hu\/wp-content\/uploads\/2025\/07\/cropped-logo-16-e1644481099702-4.png\",\"width\":296,\"height\":87,\"caption\":\"Pharmabog Kft. - Fog\u00e1szati kezel\u0151egys\u00e9g\"},\"image\":{\"@id\":\"https:\/\/pharmabog.hu\/#\/schema\/logo\/image\/\"},\"sameAs\":[\"https:\/\/www.facebook.com\/pharmabog.hu\"]}]}<\/script>\n<!-- \/ Yoast SEO plugin. -->","yoast_head_json":{"title":"PURA - Pharmabog Kft. - Fog\u00e1szati kezel\u0151egys\u00e9g","robots":{"index":"index","follow":"follow","max-snippet":"max-snippet:-1","max-image-preview":"max-image-preview:large","max-video-preview":"max-video-preview:-1"},"canonical":"https:\/\/pharmabog.hu\/de\/product\/pura\/","og_locale":"de_DE","og_type":"article","og_title":"PURA - Pharmabog Kft. - Fog\u00e1szati kezel\u0151egys\u00e9g","og_description":"Regozm\u00f3zisos v\u00edzl\u00e1gy\u00edt\u00f3 rendszer    A Pura egy kompakt ozm\u00f3zisk\u00e9sz\u00fcl\u00e9k, amely k\u00f6zvetlen\u00fcl az autokl\u00e1vhoz csatlakoztathat\u00f3, \u00e9s garant\u00e1lja a tiszta v\u00edz folyamatos ell\u00e1t\u00e1s\u00e1t. A rendszer t\u00f6bbf\u00e9le poz\u00edci\u00f3ba telep\u00edthet\u0151, \u00edgy a rendelkez\u00e9sre \u00e1ll\u00f3 helyen k\u00f6nnyen felszerelhet\u0151 \u00e9s haszn\u00e1lhat\u00f3. A Pura sz\u0171r\u0151kkel \u00e9s ozmotikus membr\u00e1nokkal van felszerelve, amelyek \u00e1tlagos ciklusa 600-800 liter a haszn\u00e1lt v\u00edz kezdeti kem\u00e9nys\u00e9g\u00e9t\u0151l f\u00fcgg\u0151en. Ez\u00e9rt a patront \u00e9vente egyszer vagy 600\/700 ciklusonk\u00e9nt kell cser\u00e9lni. A sz\u0171r\u0151k cser\u00e9je nagyon egyszer\u0171, \u00e9s a felhaszn\u00e1l\u00f3k is elv\u00e9gezhetik. A sz\u0171r\u0151k \u00f6sszk\u00f6lts\u00e9ge is nagyon m\u00e9rs\u00e9kelt, ami nagyon alacsony literenk\u00e9nti k\u00f6lts\u00e9get eredm\u00e9nyez.   A STERILAIR PRO \u00e1ra:  1.600,-\u20ac + 27% \u00c1fa Brutt\u00f3: 2.032,-\u20ac  Az ORMA \u00e1ra:  1.780,-\u20ac + 27% \u00c1fa Brutt\u00f3: 2.260,-\u20ac","og_url":"https:\/\/pharmabog.hu\/de\/product\/pura\/","og_site_name":"Pharmabog Kft. - Fog\u00e1szati kezel\u0151egys\u00e9g","article_publisher":"https:\/\/www.facebook.com\/pharmabog.hu","article_modified_time":"2025-07-22T11:01:02+00:00","og_image":[{"width":720,"height":800,"url":"https:\/\/pharmabog.hu\/wp-content\/uploads\/2025\/07\/Pura.jpeg","type":"image\/jpeg"}],"twitter_card":"summary_large_image","twitter_misc":{"Gesch\u00e4tzte Lesezeit":"1\u00a0Minute"},"schema":{"@context":"https:\/\/schema.org","@graph":[{"@type":"WebPage","@id":"https:\/\/pharmabog.hu\/product\/pura\/","url":"https:\/\/pharmabog.hu\/product\/pura\/","name":"PURA - Pharmabog Kft. - Fog\u00e1szati kezel\u0151egys\u00e9g","isPartOf":{"@id":"https:\/\/pharmabog.hu\/#website"},"primaryImageOfPage":{"@id":"https:\/\/pharmabog.hu\/product\/pura\/#primaryimage"},"image":{"@id":"https:\/\/pharmabog.hu\/product\/pura\/#primaryimage"},"thumbnailUrl":"https:\/\/pharmabog.hu\/wp-content\/uploads\/2025\/07\/Pura.jpeg","datePublished":"2025-07-22T11:00:59+00:00","dateModified":"2025-07-22T11:01:02+00:00","breadcrumb":{"@id":"https:\/\/pharmabog.hu\/product\/pura\/#breadcrumb"},"inLanguage":"de","potentialAction":[{"@type":"ReadAction","target":["https:\/\/pharmabog.hu\/product\/pura\/"]}]},{"@type":"ImageObject","inLanguage":"de","@id":"https:\/\/pharmabog.hu\/product\/pura\/#primaryimage","url":"https:\/\/pharmabog.hu\/wp-content\/uploads\/2025\/07\/Pura.jpeg","contentUrl":"https:\/\/pharmabog.hu\/wp-content\/uploads\/2025\/07\/Pura.jpeg","width":720,"height":800},{"@type":"BreadcrumbList","@id":"https:\/\/pharmabog.hu\/product\/pura\/#breadcrumb","itemListElement":[{"@type":"ListItem","position":1,"name":"Kezd\u0151lap","item":"https:\/\/pharmabog.hu\/"},{"@type":"ListItem","position":2,"name":"Shop","item":"https:\/\/pharmabog.hu\/shop\/"},{"@type":"ListItem","position":3,"name":"PURA"}]},{"@type":"WebSite","@id":"https:\/\/pharmabog.hu\/#website","url":"https:\/\/pharmabog.hu\/","name":"Pharmabog Ltd. - Zahnbehandlungseinheit","description":"","publisher":{"@id":"https:\/\/pharmabog.hu\/#organization"},"potentialAction":[{"@type":"SearchAction","target":{"@type":"EntryPoint","urlTemplate":"https:\/\/pharmabog.hu\/?s={search_term_string}"},"query-input":{"@type":"PropertyValueSpecification","valueRequired":true,"valueName":"search_term_string"}}],"inLanguage":"de"},{"@type":"Organization","@id":"https:\/\/pharmabog.hu\/#organization","name":"Pharmabog Ltd. - Zahnbehandlungseinheit","url":"https:\/\/pharmabog.hu\/","logo":{"@type":"ImageObject","inLanguage":"de","@id":"https:\/\/pharmabog.hu\/#\/schema\/logo\/image\/","url":"https:\/\/pharmabog.hu\/wp-content\/uploads\/2025\/07\/cropped-logo-16-e1644481099702-4.png","contentUrl":"https:\/\/pharmabog.hu\/wp-content\/uploads\/2025\/07\/cropped-logo-16-e1644481099702-4.png","width":296,"height":87,"caption":"Pharmabog Kft. - Fog\u00e1szati kezel\u0151egys\u00e9g"},"image":{"@id":"https:\/\/pharmabog.hu\/#\/schema\/logo\/image\/"},"sameAs":["https:\/\/www.facebook.com\/pharmabog.hu"]}]}},"_links":{"self":[{"href":"https:\/\/pharmabog.hu\/de\/wp-json\/wp\/v2\/product\/260","targetHints":{"allow":["GET"]}}],"collection":[{"href":"https:\/\/pharmabog.hu\/de\/wp-json\/wp\/v2\/product"}],"about":[{"href":"https:\/\/pharmabog.hu\/de\/wp-json\/wp\/v2\/types\/product"}],"replies":[{"embeddable":true,"href":"https:\/\/pharmabog.hu\/de\/wp-json\/wp\/v2\/comments?post=260"}],"wp:featuredmedia":[{"embeddable":true,"href":"https:\/\/pharmabog.hu\/de\/wp-json\/wp\/v2\/media\/293"}],"wp:attachment":[{"href":"https:\/\/pharmabog.hu\/de\/wp-json\/wp\/v2\/media?parent=260"}],"wp:term":[{"taxonomy":"product_brand","embeddable":true,"href":"https:\/\/pharmabog.hu\/de\/wp-json\/wp\/v2\/product_brand?post=260"},{"taxonomy":"product_cat","embeddable":true,"href":"https:\/\/pharmabog.hu\/de\/wp-json\/wp\/v2\/product_cat?post=260"},{"taxonomy":"product_tag","embeddable":true,"href":"https:\/\/pharmabog.hu\/de\/wp-json\/wp\/v2\/product_tag?post=260"}],"curies":[{"name":"wp","href":"https:\/\/api.w.org\/{rel}","templated":true}]}}