{"id":257,"date":"2025-07-22T11:00:59","date_gmt":"2025-07-22T11:00:59","guid":{"rendered":"https:\/\/pharmabog.hu\/?post_type=product&#038;p=257"},"modified":"2025-07-22T11:01:01","modified_gmt":"2025-07-22T11:01:01","slug":"durr-hygoclave-40-autoklav","status":"publish","type":"product","link":"https:\/\/pharmabog.hu\/de\/product\/durr-hygoclave-40-autoklav\/","title":{"rendered":"D\u00dcRR HYGOCLAVE 40 AUTOKLAVE"},"content":{"rendered":"","protected":false},"excerpt":{"rendered":"<div>Entspricht h\u00f6chsten professionellen Standards.<\/div>\n<div>-17 Liter, 5-Schubladenkammer<\/div>\n<div>Automatische, motorisierte T\u00fcr: sicheres und bequemes Be- und Entladen<\/div>\n<div>5-Zoll-Farb-Touchscreen mit hoher Aufl\u00f6sung<\/div>\n<div>Ungarisches Sprachmen\u00fc<\/div>\n<div>Hochleistungstrocknung<\/div>\n<div>Dokumentation und Zyklussteuerung, Benutzerverwaltung, Zyklusprotokoll.<\/div>\n<div><\/div>\n<div><strong>Preis: 6.000 \u20ac + 27% MwSt. = erh\u00e4ltlich ab 7.620 \u20ac.<\/strong><\/div>\n<div>\n<div id=\"product_details_container\">\n<div id=\"product_details\" class=\"product-details\">\n<div class=\"price-container\"><\/div>\n<\/div>\n<\/div>\n<div id=\"after-product-details\" class=\"after-product-details ic_tabs_container\">\n<div class=\"ic_tabs\">Brosch\u00fcre:<\/div>\n<div><\/div>\n<div><\/div>\n<div id=\"product_description\" class=\"product-description ic_tab_content active\">\n<p>&nbsp;<\/p>\n<\/div>\n<\/div>\n<\/div>\n<p><iframe title=\"YouTube-Videoplayer\" src=\"https:\/\/www.youtube.com\/embed\/wlnh4xcPB60\" width=\"560\" height=\"315\" frameborder=\"0\" allowfullscreen=\"allowfullscreen\"><\/iframe><\/p>","protected":false},"featured_media":289,"comment_status":"closed","ping_status":"closed","template":"","meta":[],"product_brand":[],"product_cat":[24],"product_tag":[],"class_list":{"0":"post-257","1":"product","2":"type-product","3":"status-publish","4":"has-post-thumbnail","6":"product_cat-fogaszati-autoklavok","8":"first","9":"instock","10":"shipping-taxable","11":"purchasable","12":"product-type-simple"},"yoast_head":"<!-- This site is optimized with the Yoast SEO plugin v25.5 - https:\/\/yoast.com\/wordpress\/plugins\/seo\/ -->\n<title>D\u00dcRR HYGOCLAVE 40 AUTOKL\u00c1V - Pharmabog Kft. - Fog\u00e1szati kezel\u0151egys\u00e9g<\/title>\n<meta name=\"robots\" content=\"index, follow, max-snippet:-1, max-image-preview:large, max-video-preview:-1\" \/>\n<link rel=\"canonical\" href=\"https:\/\/pharmabog.hu\/de\/product\/durr-hygoclave-40-autoklav\/\" \/>\n<meta property=\"og:locale\" content=\"de_DE\" \/>\n<meta property=\"og:type\" content=\"article\" \/>\n<meta property=\"og:title\" content=\"D\u00dcRR HYGOCLAVE 40 AUTOKL\u00c1V - Pharmabog Kft. - Fog\u00e1szati kezel\u0151egys\u00e9g\" \/>\n<meta property=\"og:description\" content=\"Megfelel a legmagasabb szakmai k\u00f6vetelm\u00e9nyeknek. -17 literes, 5 t\u00e1lc\u00e1s kamra Automata, motoriz\u00e1lt ajt\u00f3:\u00a0biztons\u00e1gos \u00e9s k\u00e9nyelmes ki-\u00e9s bepakol\u00e1s 5\u201d-os nagy felbont\u00e1s\u00fa sz\u00ednes \u00e9rint\u0151k\u00e9perny\u0151 Magyar nyelv\u0171 men\u0171 Nagy teljes\u00edtm\u00e9ny\u0171 sz\u00e1r\u00edt\u00e1s Dokument\u00e1ci\u00f3 \u00e9s ciklus ellen\u0151rz\u00e9s, felhaszn\u00e1l\u00f3k kezel\u00e9se, ciklusnapl\u00f3.  \u00c1r: 6.000.- \u20ac + 27% \u00c1fa = 7.620.-\u20ac-t\u00f3l el\u00e9rhet\u0151.        Prospektus:     &nbsp;\" \/>\n<meta property=\"og:url\" content=\"https:\/\/pharmabog.hu\/de\/product\/durr-hygoclave-40-autoklav\/\" \/>\n<meta property=\"og:site_name\" content=\"Pharmabog Kft. - Fog\u00e1szati kezel\u0151egys\u00e9g\" \/>\n<meta property=\"article:publisher\" content=\"https:\/\/www.facebook.com\/pharmabog.hu\" \/>\n<meta property=\"article:modified_time\" content=\"2025-07-22T11:01:01+00:00\" \/>\n<meta property=\"og:image\" content=\"https:\/\/pharmabog.hu\/wp-content\/uploads\/2025\/07\/M-Hygoclave-40-Open.jpeg\" \/>\n\t<meta property=\"og:image:width\" content=\"960\" \/>\n\t<meta property=\"og:image:height\" content=\"640\" \/>\n\t<meta property=\"og:image:type\" content=\"image\/jpeg\" \/>\n<meta name=\"twitter:card\" content=\"summary_large_image\" \/>\n<script type=\"application\/ld+json\" class=\"yoast-schema-graph\">{\"@context\":\"https:\/\/schema.org\",\"@graph\":[{\"@type\":\"WebPage\",\"@id\":\"https:\/\/pharmabog.hu\/product\/durr-hygoclave-40-autoklav\/\",\"url\":\"https:\/\/pharmabog.hu\/product\/durr-hygoclave-40-autoklav\/\",\"name\":\"D\u00dcRR HYGOCLAVE 40 AUTOKL\u00c1V - Pharmabog Kft. - Fog\u00e1szati kezel\u0151egys\u00e9g\",\"isPartOf\":{\"@id\":\"https:\/\/pharmabog.hu\/#website\"},\"primaryImageOfPage\":{\"@id\":\"https:\/\/pharmabog.hu\/product\/durr-hygoclave-40-autoklav\/#primaryimage\"},\"image\":{\"@id\":\"https:\/\/pharmabog.hu\/product\/durr-hygoclave-40-autoklav\/#primaryimage\"},\"thumbnailUrl\":\"https:\/\/pharmabog.hu\/wp-content\/uploads\/2025\/07\/M-Hygoclave-40-Open.jpeg\",\"datePublished\":\"2025-07-22T11:00:59+00:00\",\"dateModified\":\"2025-07-22T11:01:01+00:00\",\"breadcrumb\":{\"@id\":\"https:\/\/pharmabog.hu\/product\/durr-hygoclave-40-autoklav\/#breadcrumb\"},\"inLanguage\":\"de\",\"potentialAction\":[{\"@type\":\"ReadAction\",\"target\":[\"https:\/\/pharmabog.hu\/product\/durr-hygoclave-40-autoklav\/\"]}]},{\"@type\":\"ImageObject\",\"inLanguage\":\"de\",\"@id\":\"https:\/\/pharmabog.hu\/product\/durr-hygoclave-40-autoklav\/#primaryimage\",\"url\":\"https:\/\/pharmabog.hu\/wp-content\/uploads\/2025\/07\/M-Hygoclave-40-Open.jpeg\",\"contentUrl\":\"https:\/\/pharmabog.hu\/wp-content\/uploads\/2025\/07\/M-Hygoclave-40-Open.jpeg\",\"width\":960,\"height\":640},{\"@type\":\"BreadcrumbList\",\"@id\":\"https:\/\/pharmabog.hu\/product\/durr-hygoclave-40-autoklav\/#breadcrumb\",\"itemListElement\":[{\"@type\":\"ListItem\",\"position\":1,\"name\":\"Kezd\u0151lap\",\"item\":\"https:\/\/pharmabog.hu\/\"},{\"@type\":\"ListItem\",\"position\":2,\"name\":\"Shop\",\"item\":\"https:\/\/pharmabog.hu\/shop\/\"},{\"@type\":\"ListItem\",\"position\":3,\"name\":\"D\u00dcRR HYGOCLAVE 40 AUTOKL\u00c1V\"}]},{\"@type\":\"WebSite\",\"@id\":\"https:\/\/pharmabog.hu\/#website\",\"url\":\"https:\/\/pharmabog.hu\/\",\"name\":\"Pharmabog Kft. - Fog\u00e1szati kezel\u0151egys\u00e9g\",\"description\":\"\",\"publisher\":{\"@id\":\"https:\/\/pharmabog.hu\/#organization\"},\"potentialAction\":[{\"@type\":\"SearchAction\",\"target\":{\"@type\":\"EntryPoint\",\"urlTemplate\":\"https:\/\/pharmabog.hu\/?s={search_term_string}\"},\"query-input\":{\"@type\":\"PropertyValueSpecification\",\"valueRequired\":true,\"valueName\":\"search_term_string\"}}],\"inLanguage\":\"de\"},{\"@type\":\"Organization\",\"@id\":\"https:\/\/pharmabog.hu\/#organization\",\"name\":\"Pharmabog Kft. - Fog\u00e1szati kezel\u0151egys\u00e9g\",\"url\":\"https:\/\/pharmabog.hu\/\",\"logo\":{\"@type\":\"ImageObject\",\"inLanguage\":\"de\",\"@id\":\"https:\/\/pharmabog.hu\/#\/schema\/logo\/image\/\",\"url\":\"https:\/\/pharmabog.hu\/wp-content\/uploads\/2025\/07\/cropped-logo-16-e1644481099702-4.png\",\"contentUrl\":\"https:\/\/pharmabog.hu\/wp-content\/uploads\/2025\/07\/cropped-logo-16-e1644481099702-4.png\",\"width\":296,\"height\":87,\"caption\":\"Pharmabog Kft. - Fog\u00e1szati kezel\u0151egys\u00e9g\"},\"image\":{\"@id\":\"https:\/\/pharmabog.hu\/#\/schema\/logo\/image\/\"},\"sameAs\":[\"https:\/\/www.facebook.com\/pharmabog.hu\"]}]}<\/script>\n<!-- \/ Yoast SEO plugin. -->","yoast_head_json":{"title":"D\u00dcRR HYGOCLAVE 40 AUTOKL\u00c1V - Pharmabog Kft. - Fog\u00e1szati kezel\u0151egys\u00e9g","robots":{"index":"index","follow":"follow","max-snippet":"max-snippet:-1","max-image-preview":"max-image-preview:large","max-video-preview":"max-video-preview:-1"},"canonical":"https:\/\/pharmabog.hu\/de\/product\/durr-hygoclave-40-autoklav\/","og_locale":"de_DE","og_type":"article","og_title":"D\u00dcRR HYGOCLAVE 40 AUTOKL\u00c1V - Pharmabog Kft. - Fog\u00e1szati kezel\u0151egys\u00e9g","og_description":"Megfelel a legmagasabb szakmai k\u00f6vetelm\u00e9nyeknek. -17 literes, 5 t\u00e1lc\u00e1s kamra Automata, motoriz\u00e1lt ajt\u00f3:\u00a0biztons\u00e1gos \u00e9s k\u00e9nyelmes ki-\u00e9s bepakol\u00e1s 5\u201d-os nagy felbont\u00e1s\u00fa sz\u00ednes \u00e9rint\u0151k\u00e9perny\u0151 Magyar nyelv\u0171 men\u0171 Nagy teljes\u00edtm\u00e9ny\u0171 sz\u00e1r\u00edt\u00e1s Dokument\u00e1ci\u00f3 \u00e9s ciklus ellen\u0151rz\u00e9s, felhaszn\u00e1l\u00f3k kezel\u00e9se, ciklusnapl\u00f3.  \u00c1r: 6.000.- \u20ac + 27% \u00c1fa = 7.620.-\u20ac-t\u00f3l el\u00e9rhet\u0151.        Prospektus:     &nbsp;","og_url":"https:\/\/pharmabog.hu\/de\/product\/durr-hygoclave-40-autoklav\/","og_site_name":"Pharmabog Kft. - Fog\u00e1szati kezel\u0151egys\u00e9g","article_publisher":"https:\/\/www.facebook.com\/pharmabog.hu","article_modified_time":"2025-07-22T11:01:01+00:00","og_image":[{"width":960,"height":640,"url":"https:\/\/pharmabog.hu\/wp-content\/uploads\/2025\/07\/M-Hygoclave-40-Open.jpeg","type":"image\/jpeg"}],"twitter_card":"summary_large_image","schema":{"@context":"https:\/\/schema.org","@graph":[{"@type":"WebPage","@id":"https:\/\/pharmabog.hu\/product\/durr-hygoclave-40-autoklav\/","url":"https:\/\/pharmabog.hu\/product\/durr-hygoclave-40-autoklav\/","name":"D\u00dcRR HYGOCLAVE 40 AUTOKL\u00c1V - Pharmabog Kft. - Fog\u00e1szati kezel\u0151egys\u00e9g","isPartOf":{"@id":"https:\/\/pharmabog.hu\/#website"},"primaryImageOfPage":{"@id":"https:\/\/pharmabog.hu\/product\/durr-hygoclave-40-autoklav\/#primaryimage"},"image":{"@id":"https:\/\/pharmabog.hu\/product\/durr-hygoclave-40-autoklav\/#primaryimage"},"thumbnailUrl":"https:\/\/pharmabog.hu\/wp-content\/uploads\/2025\/07\/M-Hygoclave-40-Open.jpeg","datePublished":"2025-07-22T11:00:59+00:00","dateModified":"2025-07-22T11:01:01+00:00","breadcrumb":{"@id":"https:\/\/pharmabog.hu\/product\/durr-hygoclave-40-autoklav\/#breadcrumb"},"inLanguage":"de","potentialAction":[{"@type":"ReadAction","target":["https:\/\/pharmabog.hu\/product\/durr-hygoclave-40-autoklav\/"]}]},{"@type":"ImageObject","inLanguage":"de","@id":"https:\/\/pharmabog.hu\/product\/durr-hygoclave-40-autoklav\/#primaryimage","url":"https:\/\/pharmabog.hu\/wp-content\/uploads\/2025\/07\/M-Hygoclave-40-Open.jpeg","contentUrl":"https:\/\/pharmabog.hu\/wp-content\/uploads\/2025\/07\/M-Hygoclave-40-Open.jpeg","width":960,"height":640},{"@type":"BreadcrumbList","@id":"https:\/\/pharmabog.hu\/product\/durr-hygoclave-40-autoklav\/#breadcrumb","itemListElement":[{"@type":"ListItem","position":1,"name":"Kezd\u0151lap","item":"https:\/\/pharmabog.hu\/"},{"@type":"ListItem","position":2,"name":"Shop","item":"https:\/\/pharmabog.hu\/shop\/"},{"@type":"ListItem","position":3,"name":"D\u00dcRR HYGOCLAVE 40 AUTOKL\u00c1V"}]},{"@type":"WebSite","@id":"https:\/\/pharmabog.hu\/#website","url":"https:\/\/pharmabog.hu\/","name":"Pharmabog Ltd. - Zahnbehandlungseinheit","description":"","publisher":{"@id":"https:\/\/pharmabog.hu\/#organization"},"potentialAction":[{"@type":"SearchAction","target":{"@type":"EntryPoint","urlTemplate":"https:\/\/pharmabog.hu\/?s={search_term_string}"},"query-input":{"@type":"PropertyValueSpecification","valueRequired":true,"valueName":"search_term_string"}}],"inLanguage":"de"},{"@type":"Organization","@id":"https:\/\/pharmabog.hu\/#organization","name":"Pharmabog Ltd. - Zahnbehandlungseinheit","url":"https:\/\/pharmabog.hu\/","logo":{"@type":"ImageObject","inLanguage":"de","@id":"https:\/\/pharmabog.hu\/#\/schema\/logo\/image\/","url":"https:\/\/pharmabog.hu\/wp-content\/uploads\/2025\/07\/cropped-logo-16-e1644481099702-4.png","contentUrl":"https:\/\/pharmabog.hu\/wp-content\/uploads\/2025\/07\/cropped-logo-16-e1644481099702-4.png","width":296,"height":87,"caption":"Pharmabog Kft. - Fog\u00e1szati kezel\u0151egys\u00e9g"},"image":{"@id":"https:\/\/pharmabog.hu\/#\/schema\/logo\/image\/"},"sameAs":["https:\/\/www.facebook.com\/pharmabog.hu"]}]}},"_links":{"self":[{"href":"https:\/\/pharmabog.hu\/de\/wp-json\/wp\/v2\/product\/257","targetHints":{"allow":["GET"]}}],"collection":[{"href":"https:\/\/pharmabog.hu\/de\/wp-json\/wp\/v2\/product"}],"about":[{"href":"https:\/\/pharmabog.hu\/de\/wp-json\/wp\/v2\/types\/product"}],"replies":[{"embeddable":true,"href":"https:\/\/pharmabog.hu\/de\/wp-json\/wp\/v2\/comments?post=257"}],"wp:featuredmedia":[{"embeddable":true,"href":"https:\/\/pharmabog.hu\/de\/wp-json\/wp\/v2\/media\/289"}],"wp:attachment":[{"href":"https:\/\/pharmabog.hu\/de\/wp-json\/wp\/v2\/media?parent=257"}],"wp:term":[{"taxonomy":"product_brand","embeddable":true,"href":"https:\/\/pharmabog.hu\/de\/wp-json\/wp\/v2\/product_brand?post=257"},{"taxonomy":"product_cat","embeddable":true,"href":"https:\/\/pharmabog.hu\/de\/wp-json\/wp\/v2\/product_cat?post=257"},{"taxonomy":"product_tag","embeddable":true,"href":"https:\/\/pharmabog.hu\/de\/wp-json\/wp\/v2\/product_tag?post=257"}],"curies":[{"name":"wp","href":"https:\/\/api.w.org\/{rel}","templated":true}]}}