{"id":254,"date":"2025-07-22T11:00:58","date_gmt":"2025-07-22T11:00:58","guid":{"rendered":"https:\/\/pharmabog.hu\/?post_type=product&#038;p=254"},"modified":"2025-07-22T11:01:00","modified_gmt":"2025-07-22T11:01:00","slug":"oms-linea-90-fogaszati-kezeloegyseg","status":"publish","type":"product","link":"https:\/\/pharmabog.hu\/de\/product\/oms-linea-90-fogaszati-kezeloegyseg\/","title":{"rendered":"OMS LINEA 90 ZAHNBEHANDLUNGSEINHEIT"},"content":{"rendered":"<p>\u2013 gl\u00e4nzender Turbinenschlauch,<br \/>\n\u2013 gl\u00e4nzender MC3-Schlauch<br \/>\n\u2013 Bien Air heller Mikromotor<br \/>\n\u2013 Luzzani Puster<br \/>\n\u2013 Abgasanlage mit Metasys-Abscheider<br \/>\n\u2013 Faro OP Lampe<\/p>\n<p><strong>General\u00fcberholt! \u2013 Mit Garantie!<\/strong><\/p>","protected":false},"excerpt":{"rendered":"<p>\u2013 gl\u00e4nzender Turbinenschlauch,<br \/>\n\u2013 gl\u00e4nzender MC3-Schlauch<br \/>\n\u2013 Bien Air heller Mikromotor<br \/>\n\u2013 Luzzani Puster<br \/>\n\u2013 Abgasanlage mit Metasys-Abscheider<br \/>\n\u2013 Faro OP Lampe<\/p>\n<p><strong>Preis: 10.000 \u20ac<\/strong><\/p>\n<p><strong>General\u00fcberholt! \u2013 Mit Garantie!<\/strong><\/p>","protected":false},"featured_media":284,"comment_status":"closed","ping_status":"closed","template":"","meta":[],"product_brand":[],"product_cat":[21],"product_tag":[],"class_list":{"0":"post-254","1":"product","2":"type-product","3":"status-publish","4":"has-post-thumbnail","6":"product_cat-felujitott-fogaszati-kezeloegyseg","8":"first","9":"instock","10":"shipping-taxable","11":"purchasable","12":"product-type-simple"},"yoast_head":"<!-- This site is optimized with the Yoast SEO plugin v25.5 - https:\/\/yoast.com\/wordpress\/plugins\/seo\/ -->\n<title>OMS LINEA 90 FOG\u00c1SZATI KEZEL\u0150EGYS\u00c9G - Pharmabog Kft. - Fog\u00e1szati kezel\u0151egys\u00e9g<\/title>\n<meta name=\"robots\" content=\"index, follow, max-snippet:-1, max-image-preview:large, max-video-preview:-1\" \/>\n<link rel=\"canonical\" href=\"https:\/\/pharmabog.hu\/de\/product\/oms-linea-90-fogaszati-kezeloegyseg\/\" \/>\n<meta property=\"og:locale\" content=\"de_DE\" \/>\n<meta property=\"og:type\" content=\"article\" \/>\n<meta property=\"og:title\" content=\"OMS LINEA 90 FOG\u00c1SZATI KEZEL\u0150EGYS\u00c9G - Pharmabog Kft. - Fog\u00e1szati kezel\u0151egys\u00e9g\" \/>\n<meta property=\"og:description\" content=\"\u2013 f\u00e9nyes turbinat\u00f6ml\u0151, \u2013 f\u00e9nyes MC3-as t\u00f6ml\u0151 \u2013 Bien Air f\u00e9nyes mikromotor \u2013 Luzzani puszter \u2013 elsz\u00edv\u00f3 Metasys szepar\u00e1torral \u2013 Faro \u00a0OP-l\u00e1mpa  \u00c1r: 10000 \u20ac  FEL\u00daJ\u00cdTVA! \u2013 GARANCI\u00c1VAL!\" \/>\n<meta property=\"og:url\" content=\"https:\/\/pharmabog.hu\/de\/product\/oms-linea-90-fogaszati-kezeloegyseg\/\" \/>\n<meta property=\"og:site_name\" content=\"Pharmabog Kft. - Fog\u00e1szati kezel\u0151egys\u00e9g\" \/>\n<meta property=\"article:publisher\" content=\"https:\/\/www.facebook.com\/pharmabog.hu\" \/>\n<meta property=\"article:modified_time\" content=\"2025-07-22T11:01:00+00:00\" \/>\n<meta property=\"og:image\" content=\"https:\/\/pharmabog.hu\/wp-content\/uploads\/2025\/07\/kezeloegyseg_oms1.jpeg\" \/>\n\t<meta property=\"og:image:width\" content=\"600\" \/>\n\t<meta property=\"og:image:height\" content=\"800\" \/>\n\t<meta property=\"og:image:type\" content=\"image\/jpeg\" \/>\n<meta name=\"twitter:card\" content=\"summary_large_image\" \/>\n<script type=\"application\/ld+json\" class=\"yoast-schema-graph\">{\"@context\":\"https:\/\/schema.org\",\"@graph\":[{\"@type\":\"WebPage\",\"@id\":\"https:\/\/pharmabog.hu\/product\/oms-linea-90-fogaszati-kezeloegyseg\/\",\"url\":\"https:\/\/pharmabog.hu\/product\/oms-linea-90-fogaszati-kezeloegyseg\/\",\"name\":\"OMS LINEA 90 FOG\u00c1SZATI KEZEL\u0150EGYS\u00c9G - Pharmabog Kft. - Fog\u00e1szati kezel\u0151egys\u00e9g\",\"isPartOf\":{\"@id\":\"https:\/\/pharmabog.hu\/#website\"},\"primaryImageOfPage\":{\"@id\":\"https:\/\/pharmabog.hu\/product\/oms-linea-90-fogaszati-kezeloegyseg\/#primaryimage\"},\"image\":{\"@id\":\"https:\/\/pharmabog.hu\/product\/oms-linea-90-fogaszati-kezeloegyseg\/#primaryimage\"},\"thumbnailUrl\":\"https:\/\/pharmabog.hu\/wp-content\/uploads\/2025\/07\/kezeloegyseg_oms1.jpeg\",\"datePublished\":\"2025-07-22T11:00:58+00:00\",\"dateModified\":\"2025-07-22T11:01:00+00:00\",\"breadcrumb\":{\"@id\":\"https:\/\/pharmabog.hu\/product\/oms-linea-90-fogaszati-kezeloegyseg\/#breadcrumb\"},\"inLanguage\":\"de\",\"potentialAction\":[{\"@type\":\"ReadAction\",\"target\":[\"https:\/\/pharmabog.hu\/product\/oms-linea-90-fogaszati-kezeloegyseg\/\"]}]},{\"@type\":\"ImageObject\",\"inLanguage\":\"de\",\"@id\":\"https:\/\/pharmabog.hu\/product\/oms-linea-90-fogaszati-kezeloegyseg\/#primaryimage\",\"url\":\"https:\/\/pharmabog.hu\/wp-content\/uploads\/2025\/07\/kezeloegyseg_oms1.jpeg\",\"contentUrl\":\"https:\/\/pharmabog.hu\/wp-content\/uploads\/2025\/07\/kezeloegyseg_oms1.jpeg\",\"width\":600,\"height\":800},{\"@type\":\"BreadcrumbList\",\"@id\":\"https:\/\/pharmabog.hu\/product\/oms-linea-90-fogaszati-kezeloegyseg\/#breadcrumb\",\"itemListElement\":[{\"@type\":\"ListItem\",\"position\":1,\"name\":\"Kezd\u0151lap\",\"item\":\"https:\/\/pharmabog.hu\/\"},{\"@type\":\"ListItem\",\"position\":2,\"name\":\"Shop\",\"item\":\"https:\/\/pharmabog.hu\/shop\/\"},{\"@type\":\"ListItem\",\"position\":3,\"name\":\"OMS LINEA 90 FOG\u00c1SZATI KEZEL\u0150EGYS\u00c9G\"}]},{\"@type\":\"WebSite\",\"@id\":\"https:\/\/pharmabog.hu\/#website\",\"url\":\"https:\/\/pharmabog.hu\/\",\"name\":\"Pharmabog Kft. - Fog\u00e1szati kezel\u0151egys\u00e9g\",\"description\":\"\",\"publisher\":{\"@id\":\"https:\/\/pharmabog.hu\/#organization\"},\"potentialAction\":[{\"@type\":\"SearchAction\",\"target\":{\"@type\":\"EntryPoint\",\"urlTemplate\":\"https:\/\/pharmabog.hu\/?s={search_term_string}\"},\"query-input\":{\"@type\":\"PropertyValueSpecification\",\"valueRequired\":true,\"valueName\":\"search_term_string\"}}],\"inLanguage\":\"de\"},{\"@type\":\"Organization\",\"@id\":\"https:\/\/pharmabog.hu\/#organization\",\"name\":\"Pharmabog Kft. - Fog\u00e1szati kezel\u0151egys\u00e9g\",\"url\":\"https:\/\/pharmabog.hu\/\",\"logo\":{\"@type\":\"ImageObject\",\"inLanguage\":\"de\",\"@id\":\"https:\/\/pharmabog.hu\/#\/schema\/logo\/image\/\",\"url\":\"https:\/\/pharmabog.hu\/wp-content\/uploads\/2025\/07\/cropped-logo-16-e1644481099702-4.png\",\"contentUrl\":\"https:\/\/pharmabog.hu\/wp-content\/uploads\/2025\/07\/cropped-logo-16-e1644481099702-4.png\",\"width\":296,\"height\":87,\"caption\":\"Pharmabog Kft. - Fog\u00e1szati kezel\u0151egys\u00e9g\"},\"image\":{\"@id\":\"https:\/\/pharmabog.hu\/#\/schema\/logo\/image\/\"},\"sameAs\":[\"https:\/\/www.facebook.com\/pharmabog.hu\"]}]}<\/script>\n<!-- \/ Yoast SEO plugin. -->","yoast_head_json":{"title":"OMS LINEA 90 FOG\u00c1SZATI KEZEL\u0150EGYS\u00c9G - Pharmabog Kft. - Fog\u00e1szati kezel\u0151egys\u00e9g","robots":{"index":"index","follow":"follow","max-snippet":"max-snippet:-1","max-image-preview":"max-image-preview:large","max-video-preview":"max-video-preview:-1"},"canonical":"https:\/\/pharmabog.hu\/de\/product\/oms-linea-90-fogaszati-kezeloegyseg\/","og_locale":"de_DE","og_type":"article","og_title":"OMS LINEA 90 FOG\u00c1SZATI KEZEL\u0150EGYS\u00c9G - Pharmabog Kft. - Fog\u00e1szati kezel\u0151egys\u00e9g","og_description":"\u2013 f\u00e9nyes turbinat\u00f6ml\u0151, \u2013 f\u00e9nyes MC3-as t\u00f6ml\u0151 \u2013 Bien Air f\u00e9nyes mikromotor \u2013 Luzzani puszter \u2013 elsz\u00edv\u00f3 Metasys szepar\u00e1torral \u2013 Faro \u00a0OP-l\u00e1mpa  \u00c1r: 10000 \u20ac  FEL\u00daJ\u00cdTVA! \u2013 GARANCI\u00c1VAL!","og_url":"https:\/\/pharmabog.hu\/de\/product\/oms-linea-90-fogaszati-kezeloegyseg\/","og_site_name":"Pharmabog Kft. - Fog\u00e1szati kezel\u0151egys\u00e9g","article_publisher":"https:\/\/www.facebook.com\/pharmabog.hu","article_modified_time":"2025-07-22T11:01:00+00:00","og_image":[{"width":600,"height":800,"url":"https:\/\/pharmabog.hu\/wp-content\/uploads\/2025\/07\/kezeloegyseg_oms1.jpeg","type":"image\/jpeg"}],"twitter_card":"summary_large_image","schema":{"@context":"https:\/\/schema.org","@graph":[{"@type":"WebPage","@id":"https:\/\/pharmabog.hu\/product\/oms-linea-90-fogaszati-kezeloegyseg\/","url":"https:\/\/pharmabog.hu\/product\/oms-linea-90-fogaszati-kezeloegyseg\/","name":"OMS LINEA 90 FOG\u00c1SZATI KEZEL\u0150EGYS\u00c9G - Pharmabog Kft. - Fog\u00e1szati kezel\u0151egys\u00e9g","isPartOf":{"@id":"https:\/\/pharmabog.hu\/#website"},"primaryImageOfPage":{"@id":"https:\/\/pharmabog.hu\/product\/oms-linea-90-fogaszati-kezeloegyseg\/#primaryimage"},"image":{"@id":"https:\/\/pharmabog.hu\/product\/oms-linea-90-fogaszati-kezeloegyseg\/#primaryimage"},"thumbnailUrl":"https:\/\/pharmabog.hu\/wp-content\/uploads\/2025\/07\/kezeloegyseg_oms1.jpeg","datePublished":"2025-07-22T11:00:58+00:00","dateModified":"2025-07-22T11:01:00+00:00","breadcrumb":{"@id":"https:\/\/pharmabog.hu\/product\/oms-linea-90-fogaszati-kezeloegyseg\/#breadcrumb"},"inLanguage":"de","potentialAction":[{"@type":"ReadAction","target":["https:\/\/pharmabog.hu\/product\/oms-linea-90-fogaszati-kezeloegyseg\/"]}]},{"@type":"ImageObject","inLanguage":"de","@id":"https:\/\/pharmabog.hu\/product\/oms-linea-90-fogaszati-kezeloegyseg\/#primaryimage","url":"https:\/\/pharmabog.hu\/wp-content\/uploads\/2025\/07\/kezeloegyseg_oms1.jpeg","contentUrl":"https:\/\/pharmabog.hu\/wp-content\/uploads\/2025\/07\/kezeloegyseg_oms1.jpeg","width":600,"height":800},{"@type":"BreadcrumbList","@id":"https:\/\/pharmabog.hu\/product\/oms-linea-90-fogaszati-kezeloegyseg\/#breadcrumb","itemListElement":[{"@type":"ListItem","position":1,"name":"Kezd\u0151lap","item":"https:\/\/pharmabog.hu\/"},{"@type":"ListItem","position":2,"name":"Shop","item":"https:\/\/pharmabog.hu\/shop\/"},{"@type":"ListItem","position":3,"name":"OMS LINEA 90 FOG\u00c1SZATI KEZEL\u0150EGYS\u00c9G"}]},{"@type":"WebSite","@id":"https:\/\/pharmabog.hu\/#website","url":"https:\/\/pharmabog.hu\/","name":"Pharmabog Ltd. - Zahnbehandlungseinheit","description":"","publisher":{"@id":"https:\/\/pharmabog.hu\/#organization"},"potentialAction":[{"@type":"SearchAction","target":{"@type":"EntryPoint","urlTemplate":"https:\/\/pharmabog.hu\/?s={search_term_string}"},"query-input":{"@type":"PropertyValueSpecification","valueRequired":true,"valueName":"search_term_string"}}],"inLanguage":"de"},{"@type":"Organization","@id":"https:\/\/pharmabog.hu\/#organization","name":"Pharmabog Ltd. - Zahnbehandlungseinheit","url":"https:\/\/pharmabog.hu\/","logo":{"@type":"ImageObject","inLanguage":"de","@id":"https:\/\/pharmabog.hu\/#\/schema\/logo\/image\/","url":"https:\/\/pharmabog.hu\/wp-content\/uploads\/2025\/07\/cropped-logo-16-e1644481099702-4.png","contentUrl":"https:\/\/pharmabog.hu\/wp-content\/uploads\/2025\/07\/cropped-logo-16-e1644481099702-4.png","width":296,"height":87,"caption":"Pharmabog Kft. - Fog\u00e1szati kezel\u0151egys\u00e9g"},"image":{"@id":"https:\/\/pharmabog.hu\/#\/schema\/logo\/image\/"},"sameAs":["https:\/\/www.facebook.com\/pharmabog.hu"]}]}},"_links":{"self":[{"href":"https:\/\/pharmabog.hu\/de\/wp-json\/wp\/v2\/product\/254","targetHints":{"allow":["GET"]}}],"collection":[{"href":"https:\/\/pharmabog.hu\/de\/wp-json\/wp\/v2\/product"}],"about":[{"href":"https:\/\/pharmabog.hu\/de\/wp-json\/wp\/v2\/types\/product"}],"replies":[{"embeddable":true,"href":"https:\/\/pharmabog.hu\/de\/wp-json\/wp\/v2\/comments?post=254"}],"wp:featuredmedia":[{"embeddable":true,"href":"https:\/\/pharmabog.hu\/de\/wp-json\/wp\/v2\/media\/284"}],"wp:attachment":[{"href":"https:\/\/pharmabog.hu\/de\/wp-json\/wp\/v2\/media?parent=254"}],"wp:term":[{"taxonomy":"product_brand","embeddable":true,"href":"https:\/\/pharmabog.hu\/de\/wp-json\/wp\/v2\/product_brand?post=254"},{"taxonomy":"product_cat","embeddable":true,"href":"https:\/\/pharmabog.hu\/de\/wp-json\/wp\/v2\/product_cat?post=254"},{"taxonomy":"product_tag","embeddable":true,"href":"https:\/\/pharmabog.hu\/de\/wp-json\/wp\/v2\/product_tag?post=254"}],"curies":[{"name":"wp","href":"https:\/\/api.w.org\/{rel}","templated":true}]}}