{"id":899,"date":"2025-07-23T10:04:11","date_gmt":"2025-07-23T10:04:11","guid":{"rendered":"https:\/\/pharmabog.hu\/?page_id=899"},"modified":"2025-07-23T10:05:50","modified_gmt":"2025-07-23T10:05:50","slug":"owandy-i-max","status":"publish","type":"page","link":"https:\/\/pharmabog.hu\/de\/owandy-i-max\/","title":{"rendered":"OWANDY I-MAX"},"content":{"rendered":"<div data-elementor-type=\"wp-page\" data-elementor-id=\"899\" class=\"elementor elementor-899\" data-elementor-post-type=\"page\">\n\t\t\t\t<div class=\"elementor-element elementor-element-533324ee e-flex e-con-boxed e-con e-parent\" data-id=\"533324ee\" data-element_type=\"container\" data-settings=\"{&quot;background_background&quot;:&quot;classic&quot;}\">\n\t\t\t\t\t<div class=\"e-con-inner\">\n\t\t\t\t\t<\/div>\n\t\t\t\t<\/div>\n\t\t<div class=\"elementor-element elementor-element-e6dc60b e-flex e-con-boxed e-con e-parent\" data-id=\"e6dc60b\" data-element_type=\"container\">\n\t\t\t\t\t<div class=\"e-con-inner\">\n\t\t<div class=\"elementor-element elementor-element-70800be e-con-full e-flex e-con e-child\" data-id=\"70800be\" data-element_type=\"container\">\n\t\t\t\t<div class=\"elementor-element elementor-element-597decc elementor-nav-menu--dropdown-tablet elementor-nav-menu__text-align-aside elementor-nav-menu--toggle elementor-nav-menu--burger elementor-widget elementor-widget-nav-menu\" data-id=\"597decc\" data-element_type=\"widget\" data-settings=\"{&quot;layout&quot;:&quot;vertical&quot;,&quot;submenu_icon&quot;:{&quot;value&quot;:&quot;&lt;svg aria-hidden=\\&quot;true\\&quot; class=\\&quot;e-font-icon-svg e-fas-caret-down\\&quot; viewBox=\\&quot;0 0 320 512\\&quot; xmlns=\\&quot;http:\\\/\\\/www.w3.org\\\/2000\\\/svg\\&quot;&gt;&lt;path d=\\&quot;M31.3 192h257.3c17.8 0 26.7 21.5 14.1 34.1L174.1 354.8c-7.8 7.8-20.5 7.8-28.3 0L17.2 226.1C4.6 213.5 13.5 192 31.3 192z\\&quot;&gt;&lt;\\\/path&gt;&lt;\\\/svg&gt;&quot;,&quot;library&quot;:&quot;fa-solid&quot;},&quot;toggle&quot;:&quot;burger&quot;}\" data-widget_type=\"nav-menu.default\">\n\t\t\t\t\t\t\t\t<nav aria-label=\"Speisekarte\" class=\"elementor-nav-menu--main elementor-nav-menu__container elementor-nav-menu--layout-vertical e--pointer-underline e--animation-fade\">\n\t\t\t\t<ul id=\"menu-1-597decc\" class=\"elementor-nav-menu sm-vertical\"><li class=\"menu-item menu-item-type-post_type menu-item-object-page menu-item-543\"><a href=\"https:\/\/pharmabog.hu\/de\/kezeloegysegek\/\" class=\"elementor-item\">Behandlungseinheiten<\/a><\/li>\n<li class=\"menu-item menu-item-type-post_type menu-item-object-page menu-item-556\"><a href=\"https:\/\/pharmabog.hu\/de\/rontgen-diagnosztika\/\" class=\"elementor-item\">R\u00f6ntgen &amp; Diagnostik<\/a><\/li>\n<li class=\"menu-item menu-item-type-post_type menu-item-object-page menu-item-555\"><a href=\"https:\/\/pharmabog.hu\/de\/sterilizalas\/\" class=\"elementor-item\">Sterilisation<\/a><\/li>\n<li class=\"menu-item menu-item-type-post_type menu-item-object-page menu-item-582\"><a href=\"https:\/\/pharmabog.hu\/de\/szajsebeszet\/\" class=\"elementor-item\">Oralchirurgie<\/a><\/li>\n<li class=\"menu-item menu-item-type-post_type menu-item-object-page menu-item-581\"><a href=\"https:\/\/pharmabog.hu\/de\/owandy-ios-vezetek-nelkuli-intraoralis-szkenner\/\" class=\"elementor-item\">Intraoralscanner<\/a><\/li>\n<li class=\"menu-item menu-item-type-post_type menu-item-object-page menu-item-580\"><a href=\"https:\/\/pharmabog.hu\/de\/wh-turbinak-kezidarabok\/\" class=\"elementor-item\">W&amp;H-Turbinen, Handst\u00fccke<\/a><\/li>\n<li class=\"menu-item menu-item-type-post_type menu-item-object-page menu-item-628\"><a href=\"https:\/\/pharmabog.hu\/de\/kompresszorok\/\" class=\"elementor-item\">Kompressoren<\/a><\/li>\n<li class=\"menu-item menu-item-type-post_type menu-item-object-page menu-item-627\"><a href=\"https:\/\/pharmabog.hu\/de\/elszivomotorok\/\" class=\"elementor-item\">Absaugmotoren<\/a><\/li>\n<li class=\"menu-item menu-item-type-post_type menu-item-object-page menu-item-626\"><a href=\"https:\/\/pharmabog.hu\/de\/amalgam-szeparatorok\/\" class=\"elementor-item\">Amalgamabscheider<\/a><\/li>\n<li class=\"menu-item menu-item-type-post_type menu-item-object-page menu-item-646\"><a href=\"https:\/\/pharmabog.hu\/de\/higienia\/\" class=\"elementor-item\">Hygiene\/Pflege<\/a><\/li>\n<li class=\"menu-item menu-item-type-post_type menu-item-object-page menu-item-645\"><a href=\"https:\/\/pharmabog.hu\/de\/prophylaxis\/\" class=\"elementor-item\">Prophylaxe<\/a><\/li>\n<li class=\"menu-item menu-item-type-post_type menu-item-object-page menu-item-644\"><a href=\"https:\/\/pharmabog.hu\/de\/eber-szedalas\/\" class=\"elementor-item\">Sedierung im Wachzustand<\/a><\/li>\n<li class=\"menu-item menu-item-type-post_type menu-item-object-page menu-item-643\"><a href=\"https:\/\/pharmabog.hu\/de\/fogaszati-mikroszkop\/\" class=\"elementor-item\">Zahnmedizinische Mikroskope<\/a><\/li>\n<li class=\"menu-item menu-item-type-post_type menu-item-object-page menu-item-642\"><a href=\"https:\/\/pharmabog.hu\/de\/kisgepek\/\" class=\"elementor-item\">Kleinger\u00e4te<\/a><\/li>\n<li class=\"menu-item menu-item-type-post_type menu-item-object-page menu-item-641\"><a href=\"https:\/\/pharmabog.hu\/de\/butorok-kartok\/\" class=\"elementor-item\">M\u00f6bel &amp; St\u00fchle<\/a><\/li>\n<\/ul>\t\t\t<\/nav>\n\t\t\t\t\t<div class=\"elementor-menu-toggle\" role=\"button\" tabindex=\"0\" aria-label=\"Menu Toggle\" aria-expanded=\"false\">\n\t\t\t<svg aria-hidden=\"true\" role=\"presentation\" class=\"elementor-menu-toggle__icon--open e-font-icon-svg e-eicon-menu-bar\" viewbox=\"0 0 1000 1000\" xmlns=\"http:\/\/www.w3.org\/2000\/svg\"><path d=\"M104 333H896C929 333 958 304 958 271S929 208 896 208H104C71 208 42 237 42 271S71 333 104 333ZM104 583H896C929 583 958 554 958 521S929 458 896 458H104C71 458 42 487 42 521S71 583 104 583ZM104 833H896C929 833 958 804 958 771S929 708 896 708H104C71 708 42 737 42 771S71 833 104 833Z\"><\/path><\/svg><svg aria-hidden=\"true\" role=\"presentation\" class=\"elementor-menu-toggle__icon--close e-font-icon-svg e-eicon-close\" viewbox=\"0 0 1000 1000\" xmlns=\"http:\/\/www.w3.org\/2000\/svg\"><path d=\"M742 167L500 408 258 167C246 154 233 150 217 150 196 150 179 158 167 167 154 179 150 196 150 212 150 229 154 242 171 254L408 500 167 742C138 771 138 800 167 829 196 858 225 858 254 829L496 587 738 829C750 842 767 846 783 846 800 846 817 842 829 829 842 817 846 804 846 783 846 767 842 750 829 737L588 500 833 258C863 229 863 200 833 171 804 137 775 137 742 167Z\"><\/path><\/svg>\t\t<\/div>\n\t\t\t\t\t<nav class=\"elementor-nav-menu--dropdown elementor-nav-menu__container\" aria-hidden=\"true\">\n\t\t\t\t<ul id=\"menu-2-597decc\" class=\"elementor-nav-menu sm-vertical\"><li class=\"menu-item menu-item-type-post_type menu-item-object-page menu-item-543\"><a href=\"https:\/\/pharmabog.hu\/de\/kezeloegysegek\/\" class=\"elementor-item\" tabindex=\"-1\">Behandlungseinheiten<\/a><\/li>\n<li class=\"menu-item menu-item-type-post_type menu-item-object-page menu-item-556\"><a href=\"https:\/\/pharmabog.hu\/de\/rontgen-diagnosztika\/\" class=\"elementor-item\" tabindex=\"-1\">R\u00f6ntgen &amp; Diagnostik<\/a><\/li>\n<li class=\"menu-item menu-item-type-post_type menu-item-object-page menu-item-555\"><a href=\"https:\/\/pharmabog.hu\/de\/sterilizalas\/\" class=\"elementor-item\" tabindex=\"-1\">Sterilisation<\/a><\/li>\n<li class=\"menu-item menu-item-type-post_type menu-item-object-page menu-item-582\"><a href=\"https:\/\/pharmabog.hu\/de\/szajsebeszet\/\" class=\"elementor-item\" tabindex=\"-1\">Oralchirurgie<\/a><\/li>\n<li class=\"menu-item menu-item-type-post_type menu-item-object-page menu-item-581\"><a href=\"https:\/\/pharmabog.hu\/de\/owandy-ios-vezetek-nelkuli-intraoralis-szkenner\/\" class=\"elementor-item\" tabindex=\"-1\">Intraoralscanner<\/a><\/li>\n<li class=\"menu-item menu-item-type-post_type menu-item-object-page menu-item-580\"><a href=\"https:\/\/pharmabog.hu\/de\/wh-turbinak-kezidarabok\/\" class=\"elementor-item\" tabindex=\"-1\">W&amp;H-Turbinen, Handst\u00fccke<\/a><\/li>\n<li class=\"menu-item menu-item-type-post_type menu-item-object-page menu-item-628\"><a href=\"https:\/\/pharmabog.hu\/de\/kompresszorok\/\" class=\"elementor-item\" tabindex=\"-1\">Kompressoren<\/a><\/li>\n<li class=\"menu-item menu-item-type-post_type menu-item-object-page menu-item-627\"><a href=\"https:\/\/pharmabog.hu\/de\/elszivomotorok\/\" class=\"elementor-item\" tabindex=\"-1\">Absaugmotoren<\/a><\/li>\n<li class=\"menu-item menu-item-type-post_type menu-item-object-page menu-item-626\"><a href=\"https:\/\/pharmabog.hu\/de\/amalgam-szeparatorok\/\" class=\"elementor-item\" tabindex=\"-1\">Amalgamabscheider<\/a><\/li>\n<li class=\"menu-item menu-item-type-post_type menu-item-object-page menu-item-646\"><a href=\"https:\/\/pharmabog.hu\/de\/higienia\/\" class=\"elementor-item\" tabindex=\"-1\">Hygiene\/Pflege<\/a><\/li>\n<li class=\"menu-item menu-item-type-post_type menu-item-object-page menu-item-645\"><a href=\"https:\/\/pharmabog.hu\/de\/prophylaxis\/\" class=\"elementor-item\" tabindex=\"-1\">Prophylaxe<\/a><\/li>\n<li class=\"menu-item menu-item-type-post_type menu-item-object-page menu-item-644\"><a href=\"https:\/\/pharmabog.hu\/de\/eber-szedalas\/\" class=\"elementor-item\" tabindex=\"-1\">Sedierung im Wachzustand<\/a><\/li>\n<li class=\"menu-item menu-item-type-post_type menu-item-object-page menu-item-643\"><a href=\"https:\/\/pharmabog.hu\/de\/fogaszati-mikroszkop\/\" class=\"elementor-item\" tabindex=\"-1\">Zahnmedizinische Mikroskope<\/a><\/li>\n<li class=\"menu-item menu-item-type-post_type menu-item-object-page menu-item-642\"><a href=\"https:\/\/pharmabog.hu\/de\/kisgepek\/\" class=\"elementor-item\" tabindex=\"-1\">Kleinger\u00e4te<\/a><\/li>\n<li class=\"menu-item menu-item-type-post_type menu-item-object-page menu-item-641\"><a href=\"https:\/\/pharmabog.hu\/de\/butorok-kartok\/\" class=\"elementor-item\" tabindex=\"-1\">M\u00f6bel &amp; St\u00fchle<\/a><\/li>\n<\/ul>\t\t\t<\/nav>\n\t\t\t\t\t\t<\/div>\n\t\t\t\t<\/div>\n\t\t<div class=\"elementor-element elementor-element-c09fe4a e-con-full e-flex e-con e-child\" data-id=\"c09fe4a\" data-element_type=\"container\">\n\t\t\t\t<div class=\"elementor-element elementor-element-77d9ba0 elementor-widget elementor-widget-heading\" data-id=\"77d9ba0\" data-element_type=\"widget\" data-widget_type=\"heading.default\">\n\t\t\t\t\t<h2 class=\"elementor-heading-title elementor-size-default\">OWANDY I-Max Wandmontiertes digitales Panorama-R\u00f6ntgenger\u00e4t\n<\/h2>\t\t\t\t<\/div>\n\t\t\t\t<div class=\"elementor-element elementor-element-339f9bc elementor-widget elementor-widget-image\" data-id=\"339f9bc\" data-element_type=\"widget\" data-widget_type=\"image.default\">\n\t\t\t\t\t\t\t\t\t\t\t\t\t\t\t<img fetchpriority=\"high\" decoding=\"async\" width=\"379\" height=\"800\" src=\"https:\/\/pharmabog.hu\/wp-content\/uploads\/2025\/07\/panoramarontgen_i-max.jpeg\" class=\"attachment-large size-large wp-image-843\" alt=\"\" srcset=\"https:\/\/pharmabog.hu\/wp-content\/uploads\/2025\/07\/panoramarontgen_i-max.jpeg 379w, https:\/\/pharmabog.hu\/wp-content\/uploads\/2025\/07\/panoramarontgen_i-max-142x300.jpeg 142w\" sizes=\"(max-width: 379px) 100vw, 379px\" \/>\t\t\t\t\t\t\t\t\t\t\t\t\t\t\t<\/div>\n\t\t\t\t<div class=\"elementor-element elementor-element-3617591 elementor-widget elementor-widget-text-editor\" data-id=\"3617591\" data-element_type=\"widget\" data-widget_type=\"text-editor.default\">\n\t\t\t\t\t\t\t\t\t<div>Das weltweit kleinste wandmontierte 2D-Panorama-R\u00f6ntgenger\u00e4t.<\/div><p>-Wandmontierte Version (62 kg!)<\/p><p>-Positionierung des Patienten von Angesicht zu Angesicht<\/p><p>-Nadelpunktaufnahmen<\/p><p>-einfach zu bedienende Quick Vision Software<\/p><div><p>Preis: 15.900 \u20ac + 27% MwSt. Brutto:\u00a0<strong>20.193.- \u20ac<\/strong><\/p><\/div>\t\t\t\t\t\t\t\t<\/div>\n\t\t\t\t<div class=\"elementor-element elementor-element-337f33c elementor-align-center elementor-widget elementor-widget-button\" data-id=\"337f33c\" data-element_type=\"widget\" data-widget_type=\"button.default\">\n\t\t\t\t\t\t\t\t\t\t<a class=\"elementor-button elementor-button-link elementor-size-sm\" href=\"\/wp-content\/uploads\/2025\/07\/owandy_imax_touch.pdf\">\n\t\t\t\t\t\t<span class=\"elementor-button-content-wrapper\">\n\t\t\t\t\t\t<span class=\"elementor-button-icon\">\n\t\t\t\t<svg aria-hidden=\"true\" class=\"e-font-icon-svg e-fas-book\" viewbox=\"0 0 448 512\" xmlns=\"http:\/\/www.w3.org\/2000\/svg\"><path d=\"M448 360V24c0-13.3-10.7-24-24-24H96C43 0 0 43 0 96v320c0 53 43 96 96 96h328c13.3 0 24-10.7 24-24v-16c0-7.5-3.5-14.3-8.9-18.7-4.2-15.4-4.2-59.3 0-74.7 5.4-4.3 8.9-11.1 8.9-18.6zM128 134c0-3.3 2.7-6 6-6h212c3.3 0 6 2.7 6 6v20c0 3.3-2.7 6-6 6H134c-3.3 0-6-2.7-6-6v-20zm0 64c0-3.3 2.7-6 6-6h212c3.3 0 6 2.7 6 6v20c0 3.3-2.7 6-6 6H134c-3.3 0-6-2.7-6-6v-20zm253.4 250H96c-17.7 0-32-14.3-32-32 0-17.6 14.4-32 32-32h285.4c-1.9 17.1-1.9 46.9 0 64z\"><\/path><\/svg>\t\t\t<\/span>\n\t\t\t\t\t\t\t\t\t<span class=\"elementor-button-text\">I-Max-Brosch\u00fcre<\/span>\n\t\t\t\t\t<\/span>\n\t\t\t\t\t<\/a>\n\t\t\t\t\t\t\t\t<\/div>\n\t\t\t\t<div class=\"elementor-element elementor-element-b35f0d8 elementor-align-center elementor-widget elementor-widget-button\" data-id=\"b35f0d8\" data-element_type=\"widget\" data-widget_type=\"button.default\">\n\t\t\t\t\t\t\t\t\t\t<a class=\"elementor-button elementor-button-link elementor-size-sm\" href=\"\/wp-content\/uploads\/2025\/07\/BR_IMAX_EN_REV02.pdf\">\n\t\t\t\t\t\t<span class=\"elementor-button-content-wrapper\">\n\t\t\t\t\t\t<span class=\"elementor-button-icon\">\n\t\t\t\t<svg aria-hidden=\"true\" class=\"e-font-icon-svg e-fas-book\" viewbox=\"0 0 448 512\" xmlns=\"http:\/\/www.w3.org\/2000\/svg\"><path d=\"M448 360V24c0-13.3-10.7-24-24-24H96C43 0 0 43 0 96v320c0 53 43 96 96 96h328c13.3 0 24-10.7 24-24v-16c0-7.5-3.5-14.3-8.9-18.7-4.2-15.4-4.2-59.3 0-74.7 5.4-4.3 8.9-11.1 8.9-18.6zM128 134c0-3.3 2.7-6 6-6h212c3.3 0 6 2.7 6 6v20c0 3.3-2.7 6-6 6H134c-3.3 0-6-2.7-6-6v-20zm0 64c0-3.3 2.7-6 6-6h212c3.3 0 6 2.7 6 6v20c0 3.3-2.7 6-6 6H134c-3.3 0-6-2.7-6-6v-20zm253.4 250H96c-17.7 0-32-14.3-32-32 0-17.6 14.4-32 32-32h285.4c-1.9 17.1-1.9 46.9 0 64z\"><\/path><\/svg>\t\t\t<\/span>\n\t\t\t\t\t\t\t\t\t<span class=\"elementor-button-text\">I-Max<\/span>\n\t\t\t\t\t<\/span>\n\t\t\t\t\t<\/a>\n\t\t\t\t\t\t\t\t<\/div>\n\t\t\t\t<\/div>\n\t\t\t\t\t<\/div>\n\t\t\t\t<\/div>\n\t\t\t\t<\/div>","protected":false},"excerpt":{"rendered":"<p>OWANDY I-Max falraszerelhet\u0151 digit\u00e1lis panor\u00e1ma r\u00f6ntgen A vil\u00e1g legkisebb, falra szerelhet\u0151 2D panor\u00e1ma r\u00f6ntgene. -falra szerelhet\u0151 v\u00e1ltozat (62kg!) -szemt\u0151l szembeni p\u00e1ciens pozicion\u00e1l\u00e1s -t\u0171pontos felv\u00e9telek -k\u00f6nnyen kezelhet\u0151 Quick Vision szoftver \u00c1r: 15.900,-\u20ac + 27% \u00c1fa\u00a0 \u00a0Brutt\u00f3:\u00a020.193.- \u20ac I-Max prospektus I-Max<\/p>","protected":false},"author":1,"featured_media":0,"parent":0,"menu_order":0,"comment_status":"closed","ping_status":"closed","template":"","meta":{"footnotes":""},"class_list":["post-899","page","type-page","status-publish","hentry"],"yoast_head":"<!-- This site is optimized with the Yoast SEO plugin v25.5 - https:\/\/yoast.com\/wordpress\/plugins\/seo\/ -->\n<title>OWANDY I-MAX - Pharmabog Kft. - Fog\u00e1szati kezel\u0151egys\u00e9g<\/title>\n<meta name=\"robots\" content=\"index, follow, max-snippet:-1, max-image-preview:large, max-video-preview:-1\" \/>\n<link rel=\"canonical\" href=\"https:\/\/pharmabog.hu\/de\/owandy-i-max\/\" \/>\n<meta property=\"og:locale\" content=\"de_DE\" \/>\n<meta property=\"og:type\" content=\"article\" \/>\n<meta property=\"og:title\" content=\"OWANDY I-MAX - Pharmabog Kft. - Fog\u00e1szati kezel\u0151egys\u00e9g\" \/>\n<meta property=\"og:description\" content=\"OWANDY I-Max falraszerelhet\u0151 digit\u00e1lis panor\u00e1ma r\u00f6ntgen A vil\u00e1g legkisebb, falra szerelhet\u0151 2D panor\u00e1ma r\u00f6ntgene. -falra szerelhet\u0151 v\u00e1ltozat (62kg!) -szemt\u0151l szembeni p\u00e1ciens pozicion\u00e1l\u00e1s -t\u0171pontos felv\u00e9telek -k\u00f6nnyen kezelhet\u0151 Quick Vision szoftver \u00c1r: 15.900,-\u20ac + 27% \u00c1fa\u00a0 \u00a0Brutt\u00f3:\u00a020.193.- \u20ac I-Max prospektus I-Max\" \/>\n<meta property=\"og:url\" content=\"https:\/\/pharmabog.hu\/de\/owandy-i-max\/\" \/>\n<meta property=\"og:site_name\" content=\"Pharmabog Kft. - Fog\u00e1szati kezel\u0151egys\u00e9g\" \/>\n<meta property=\"article:publisher\" content=\"https:\/\/www.facebook.com\/pharmabog.hu\" \/>\n<meta property=\"article:modified_time\" content=\"2025-07-23T10:05:50+00:00\" \/>\n<meta property=\"og:image\" content=\"https:\/\/pharmabog.hu\/wp-content\/uploads\/2025\/07\/panoramarontgen_i-max.jpeg\" \/>\n\t<meta property=\"og:image:width\" content=\"379\" \/>\n\t<meta property=\"og:image:height\" content=\"800\" \/>\n\t<meta property=\"og:image:type\" content=\"image\/jpeg\" \/>\n<meta name=\"twitter:card\" content=\"summary_large_image\" \/>\n<script type=\"application\/ld+json\" class=\"yoast-schema-graph\">{\"@context\":\"https:\/\/schema.org\",\"@graph\":[{\"@type\":\"WebPage\",\"@id\":\"https:\/\/pharmabog.hu\/owandy-i-max\/\",\"url\":\"https:\/\/pharmabog.hu\/owandy-i-max\/\",\"name\":\"OWANDY I-MAX - Pharmabog Kft. - Fog\u00e1szati kezel\u0151egys\u00e9g\",\"isPartOf\":{\"@id\":\"https:\/\/pharmabog.hu\/#website\"},\"primaryImageOfPage\":{\"@id\":\"https:\/\/pharmabog.hu\/owandy-i-max\/#primaryimage\"},\"image\":{\"@id\":\"https:\/\/pharmabog.hu\/owandy-i-max\/#primaryimage\"},\"thumbnailUrl\":\"https:\/\/pharmabog.hu\/wp-content\/uploads\/2025\/07\/panoramarontgen_i-max.jpeg\",\"datePublished\":\"2025-07-23T10:04:11+00:00\",\"dateModified\":\"2025-07-23T10:05:50+00:00\",\"breadcrumb\":{\"@id\":\"https:\/\/pharmabog.hu\/owandy-i-max\/#breadcrumb\"},\"inLanguage\":\"de\",\"potentialAction\":[{\"@type\":\"ReadAction\",\"target\":[\"https:\/\/pharmabog.hu\/owandy-i-max\/\"]}]},{\"@type\":\"ImageObject\",\"inLanguage\":\"de\",\"@id\":\"https:\/\/pharmabog.hu\/owandy-i-max\/#primaryimage\",\"url\":\"https:\/\/pharmabog.hu\/wp-content\/uploads\/2025\/07\/panoramarontgen_i-max.jpeg\",\"contentUrl\":\"https:\/\/pharmabog.hu\/wp-content\/uploads\/2025\/07\/panoramarontgen_i-max.jpeg\"},{\"@type\":\"BreadcrumbList\",\"@id\":\"https:\/\/pharmabog.hu\/owandy-i-max\/#breadcrumb\",\"itemListElement\":[{\"@type\":\"ListItem\",\"position\":1,\"name\":\"Kezd\u0151lap\",\"item\":\"https:\/\/pharmabog.hu\/\"},{\"@type\":\"ListItem\",\"position\":2,\"name\":\"OWANDY I-MAX\"}]},{\"@type\":\"WebSite\",\"@id\":\"https:\/\/pharmabog.hu\/#website\",\"url\":\"https:\/\/pharmabog.hu\/\",\"name\":\"Pharmabog Kft. - Fog\u00e1szati kezel\u0151egys\u00e9g\",\"description\":\"\",\"publisher\":{\"@id\":\"https:\/\/pharmabog.hu\/#organization\"},\"potentialAction\":[{\"@type\":\"SearchAction\",\"target\":{\"@type\":\"EntryPoint\",\"urlTemplate\":\"https:\/\/pharmabog.hu\/?s={search_term_string}\"},\"query-input\":{\"@type\":\"PropertyValueSpecification\",\"valueRequired\":true,\"valueName\":\"search_term_string\"}}],\"inLanguage\":\"de\"},{\"@type\":\"Organization\",\"@id\":\"https:\/\/pharmabog.hu\/#organization\",\"name\":\"Pharmabog Kft. - Fog\u00e1szati kezel\u0151egys\u00e9g\",\"url\":\"https:\/\/pharmabog.hu\/\",\"logo\":{\"@type\":\"ImageObject\",\"inLanguage\":\"de\",\"@id\":\"https:\/\/pharmabog.hu\/#\/schema\/logo\/image\/\",\"url\":\"https:\/\/pharmabog.hu\/wp-content\/uploads\/2025\/07\/cropped-logo-16-e1644481099702-4.png\",\"contentUrl\":\"https:\/\/pharmabog.hu\/wp-content\/uploads\/2025\/07\/cropped-logo-16-e1644481099702-4.png\",\"width\":296,\"height\":87,\"caption\":\"Pharmabog Kft. - Fog\u00e1szati kezel\u0151egys\u00e9g\"},\"image\":{\"@id\":\"https:\/\/pharmabog.hu\/#\/schema\/logo\/image\/\"},\"sameAs\":[\"https:\/\/www.facebook.com\/pharmabog.hu\"]}]}<\/script>\n<!-- \/ Yoast SEO plugin. -->","yoast_head_json":{"title":"OWANDY I-MAX - Pharmabog Kft. - Fog\u00e1szati kezel\u0151egys\u00e9g","robots":{"index":"index","follow":"follow","max-snippet":"max-snippet:-1","max-image-preview":"max-image-preview:large","max-video-preview":"max-video-preview:-1"},"canonical":"https:\/\/pharmabog.hu\/de\/owandy-i-max\/","og_locale":"de_DE","og_type":"article","og_title":"OWANDY I-MAX - Pharmabog Kft. - Fog\u00e1szati kezel\u0151egys\u00e9g","og_description":"OWANDY I-Max falraszerelhet\u0151 digit\u00e1lis panor\u00e1ma r\u00f6ntgen A vil\u00e1g legkisebb, falra szerelhet\u0151 2D panor\u00e1ma r\u00f6ntgene. -falra szerelhet\u0151 v\u00e1ltozat (62kg!) -szemt\u0151l szembeni p\u00e1ciens pozicion\u00e1l\u00e1s -t\u0171pontos felv\u00e9telek -k\u00f6nnyen kezelhet\u0151 Quick Vision szoftver \u00c1r: 15.900,-\u20ac + 27% \u00c1fa\u00a0 \u00a0Brutt\u00f3:\u00a020.193.- \u20ac I-Max prospektus I-Max","og_url":"https:\/\/pharmabog.hu\/de\/owandy-i-max\/","og_site_name":"Pharmabog Kft. - Fog\u00e1szati kezel\u0151egys\u00e9g","article_publisher":"https:\/\/www.facebook.com\/pharmabog.hu","article_modified_time":"2025-07-23T10:05:50+00:00","og_image":[{"width":379,"height":800,"url":"https:\/\/pharmabog.hu\/wp-content\/uploads\/2025\/07\/panoramarontgen_i-max.jpeg","type":"image\/jpeg"}],"twitter_card":"summary_large_image","schema":{"@context":"https:\/\/schema.org","@graph":[{"@type":"WebPage","@id":"https:\/\/pharmabog.hu\/owandy-i-max\/","url":"https:\/\/pharmabog.hu\/owandy-i-max\/","name":"OWANDY I-MAX - Pharmabog Kft. - Fog\u00e1szati kezel\u0151egys\u00e9g","isPartOf":{"@id":"https:\/\/pharmabog.hu\/#website"},"primaryImageOfPage":{"@id":"https:\/\/pharmabog.hu\/owandy-i-max\/#primaryimage"},"image":{"@id":"https:\/\/pharmabog.hu\/owandy-i-max\/#primaryimage"},"thumbnailUrl":"https:\/\/pharmabog.hu\/wp-content\/uploads\/2025\/07\/panoramarontgen_i-max.jpeg","datePublished":"2025-07-23T10:04:11+00:00","dateModified":"2025-07-23T10:05:50+00:00","breadcrumb":{"@id":"https:\/\/pharmabog.hu\/owandy-i-max\/#breadcrumb"},"inLanguage":"de","potentialAction":[{"@type":"ReadAction","target":["https:\/\/pharmabog.hu\/owandy-i-max\/"]}]},{"@type":"ImageObject","inLanguage":"de","@id":"https:\/\/pharmabog.hu\/owandy-i-max\/#primaryimage","url":"https:\/\/pharmabog.hu\/wp-content\/uploads\/2025\/07\/panoramarontgen_i-max.jpeg","contentUrl":"https:\/\/pharmabog.hu\/wp-content\/uploads\/2025\/07\/panoramarontgen_i-max.jpeg"},{"@type":"BreadcrumbList","@id":"https:\/\/pharmabog.hu\/owandy-i-max\/#breadcrumb","itemListElement":[{"@type":"ListItem","position":1,"name":"Kezd\u0151lap","item":"https:\/\/pharmabog.hu\/"},{"@type":"ListItem","position":2,"name":"OWANDY I-MAX"}]},{"@type":"WebSite","@id":"https:\/\/pharmabog.hu\/#website","url":"https:\/\/pharmabog.hu\/","name":"Pharmabog Ltd. - Zahnbehandlungseinheit","description":"","publisher":{"@id":"https:\/\/pharmabog.hu\/#organization"},"potentialAction":[{"@type":"SearchAction","target":{"@type":"EntryPoint","urlTemplate":"https:\/\/pharmabog.hu\/?s={search_term_string}"},"query-input":{"@type":"PropertyValueSpecification","valueRequired":true,"valueName":"search_term_string"}}],"inLanguage":"de"},{"@type":"Organization","@id":"https:\/\/pharmabog.hu\/#organization","name":"Pharmabog Ltd. - Zahnbehandlungseinheit","url":"https:\/\/pharmabog.hu\/","logo":{"@type":"ImageObject","inLanguage":"de","@id":"https:\/\/pharmabog.hu\/#\/schema\/logo\/image\/","url":"https:\/\/pharmabog.hu\/wp-content\/uploads\/2025\/07\/cropped-logo-16-e1644481099702-4.png","contentUrl":"https:\/\/pharmabog.hu\/wp-content\/uploads\/2025\/07\/cropped-logo-16-e1644481099702-4.png","width":296,"height":87,"caption":"Pharmabog Kft. - Fog\u00e1szati kezel\u0151egys\u00e9g"},"image":{"@id":"https:\/\/pharmabog.hu\/#\/schema\/logo\/image\/"},"sameAs":["https:\/\/www.facebook.com\/pharmabog.hu"]}]}},"_links":{"self":[{"href":"https:\/\/pharmabog.hu\/de\/wp-json\/wp\/v2\/pages\/899","targetHints":{"allow":["GET"]}}],"collection":[{"href":"https:\/\/pharmabog.hu\/de\/wp-json\/wp\/v2\/pages"}],"about":[{"href":"https:\/\/pharmabog.hu\/de\/wp-json\/wp\/v2\/types\/page"}],"author":[{"embeddable":true,"href":"https:\/\/pharmabog.hu\/de\/wp-json\/wp\/v2\/users\/1"}],"replies":[{"embeddable":true,"href":"https:\/\/pharmabog.hu\/de\/wp-json\/wp\/v2\/comments?post=899"}],"version-history":[{"count":7,"href":"https:\/\/pharmabog.hu\/de\/wp-json\/wp\/v2\/pages\/899\/revisions"}],"predecessor-version":[{"id":909,"href":"https:\/\/pharmabog.hu\/de\/wp-json\/wp\/v2\/pages\/899\/revisions\/909"}],"wp:attachment":[{"href":"https:\/\/pharmabog.hu\/de\/wp-json\/wp\/v2\/media?parent=899"}],"curies":[{"name":"wp","href":"https:\/\/api.w.org\/{rel}","templated":true}]}}