{"id":800,"date":"2025-07-23T09:24:36","date_gmt":"2025-07-23T09:24:36","guid":{"rendered":"https:\/\/pharmabog.hu\/?page_id=800"},"modified":"2025-07-23T09:26:19","modified_gmt":"2025-07-23T09:26:19","slug":"fogaszati-foliahegeszto","status":"publish","type":"page","link":"https:\/\/pharmabog.hu\/de\/fogaszati-foliahegeszto\/","title":{"rendered":"Zahnfolienschwei\u00dfer"},"content":{"rendered":"<div data-elementor-type=\"wp-page\" data-elementor-id=\"800\" class=\"elementor elementor-800\" data-elementor-post-type=\"page\">\n\t\t\t\t<div class=\"elementor-element elementor-element-533324ee e-flex e-con-boxed e-con e-parent\" data-id=\"533324ee\" data-element_type=\"container\" data-settings=\"{&quot;background_background&quot;:&quot;classic&quot;}\">\n\t\t\t\t\t<div class=\"e-con-inner\">\n\t\t\t\t\t<\/div>\n\t\t\t\t<\/div>\n\t\t<div class=\"elementor-element elementor-element-e6dc60b e-flex e-con-boxed e-con e-parent\" data-id=\"e6dc60b\" data-element_type=\"container\">\n\t\t\t\t\t<div class=\"e-con-inner\">\n\t\t<div class=\"elementor-element elementor-element-70800be e-con-full e-flex e-con e-child\" data-id=\"70800be\" data-element_type=\"container\">\n\t\t\t\t<div class=\"elementor-element elementor-element-597decc elementor-nav-menu--dropdown-tablet elementor-nav-menu__text-align-aside elementor-nav-menu--toggle elementor-nav-menu--burger elementor-widget elementor-widget-nav-menu\" data-id=\"597decc\" data-element_type=\"widget\" data-settings=\"{&quot;layout&quot;:&quot;vertical&quot;,&quot;submenu_icon&quot;:{&quot;value&quot;:&quot;&lt;svg aria-hidden=\\&quot;true\\&quot; class=\\&quot;e-font-icon-svg e-fas-caret-down\\&quot; viewBox=\\&quot;0 0 320 512\\&quot; xmlns=\\&quot;http:\\\/\\\/www.w3.org\\\/2000\\\/svg\\&quot;&gt;&lt;path d=\\&quot;M31.3 192h257.3c17.8 0 26.7 21.5 14.1 34.1L174.1 354.8c-7.8 7.8-20.5 7.8-28.3 0L17.2 226.1C4.6 213.5 13.5 192 31.3 192z\\&quot;&gt;&lt;\\\/path&gt;&lt;\\\/svg&gt;&quot;,&quot;library&quot;:&quot;fa-solid&quot;},&quot;toggle&quot;:&quot;burger&quot;}\" data-widget_type=\"nav-menu.default\">\n\t\t\t\t\t\t\t\t<nav aria-label=\"Speisekarte\" class=\"elementor-nav-menu--main elementor-nav-menu__container elementor-nav-menu--layout-vertical e--pointer-underline e--animation-fade\">\n\t\t\t\t<ul id=\"menu-1-597decc\" class=\"elementor-nav-menu sm-vertical\"><li class=\"menu-item menu-item-type-post_type menu-item-object-page menu-item-543\"><a href=\"https:\/\/pharmabog.hu\/de\/kezeloegysegek\/\" class=\"elementor-item\">Behandlungseinheiten<\/a><\/li>\n<li class=\"menu-item menu-item-type-post_type menu-item-object-page menu-item-556\"><a href=\"https:\/\/pharmabog.hu\/de\/rontgen-diagnosztika\/\" class=\"elementor-item\">R\u00f6ntgen &amp; Diagnostik<\/a><\/li>\n<li class=\"menu-item menu-item-type-post_type menu-item-object-page menu-item-555\"><a href=\"https:\/\/pharmabog.hu\/de\/sterilizalas\/\" class=\"elementor-item\">Sterilisation<\/a><\/li>\n<li class=\"menu-item menu-item-type-post_type menu-item-object-page menu-item-582\"><a href=\"https:\/\/pharmabog.hu\/de\/szajsebeszet\/\" class=\"elementor-item\">Oralchirurgie<\/a><\/li>\n<li class=\"menu-item menu-item-type-post_type menu-item-object-page menu-item-581\"><a href=\"https:\/\/pharmabog.hu\/de\/owandy-ios-vezetek-nelkuli-intraoralis-szkenner\/\" class=\"elementor-item\">Intraoralscanner<\/a><\/li>\n<li class=\"menu-item menu-item-type-post_type menu-item-object-page menu-item-580\"><a href=\"https:\/\/pharmabog.hu\/de\/wh-turbinak-kezidarabok\/\" class=\"elementor-item\">W&amp;H-Turbinen, Handst\u00fccke<\/a><\/li>\n<li class=\"menu-item menu-item-type-post_type menu-item-object-page menu-item-628\"><a href=\"https:\/\/pharmabog.hu\/de\/kompresszorok\/\" class=\"elementor-item\">Kompressoren<\/a><\/li>\n<li class=\"menu-item menu-item-type-post_type menu-item-object-page menu-item-627\"><a href=\"https:\/\/pharmabog.hu\/de\/elszivomotorok\/\" class=\"elementor-item\">Absaugmotoren<\/a><\/li>\n<li class=\"menu-item menu-item-type-post_type menu-item-object-page menu-item-626\"><a href=\"https:\/\/pharmabog.hu\/de\/amalgam-szeparatorok\/\" class=\"elementor-item\">Amalgamabscheider<\/a><\/li>\n<li class=\"menu-item menu-item-type-post_type menu-item-object-page menu-item-646\"><a href=\"https:\/\/pharmabog.hu\/de\/higienia\/\" class=\"elementor-item\">Hygiene\/Pflege<\/a><\/li>\n<li class=\"menu-item menu-item-type-post_type menu-item-object-page menu-item-645\"><a href=\"https:\/\/pharmabog.hu\/de\/prophylaxis\/\" class=\"elementor-item\">Prophylaxe<\/a><\/li>\n<li class=\"menu-item menu-item-type-post_type menu-item-object-page menu-item-644\"><a href=\"https:\/\/pharmabog.hu\/de\/eber-szedalas\/\" class=\"elementor-item\">Sedierung im Wachzustand<\/a><\/li>\n<li class=\"menu-item menu-item-type-post_type menu-item-object-page menu-item-643\"><a href=\"https:\/\/pharmabog.hu\/de\/fogaszati-mikroszkop\/\" class=\"elementor-item\">Zahnmedizinische Mikroskope<\/a><\/li>\n<li class=\"menu-item menu-item-type-post_type menu-item-object-page menu-item-642\"><a href=\"https:\/\/pharmabog.hu\/de\/kisgepek\/\" class=\"elementor-item\">Kleinger\u00e4te<\/a><\/li>\n<li class=\"menu-item menu-item-type-post_type menu-item-object-page menu-item-641\"><a href=\"https:\/\/pharmabog.hu\/de\/butorok-kartok\/\" class=\"elementor-item\">M\u00f6bel &amp; St\u00fchle<\/a><\/li>\n<\/ul>\t\t\t<\/nav>\n\t\t\t\t\t<div class=\"elementor-menu-toggle\" role=\"button\" tabindex=\"0\" aria-label=\"Menu Toggle\" aria-expanded=\"false\">\n\t\t\t<svg aria-hidden=\"true\" role=\"presentation\" class=\"elementor-menu-toggle__icon--open e-font-icon-svg e-eicon-menu-bar\" viewbox=\"0 0 1000 1000\" xmlns=\"http:\/\/www.w3.org\/2000\/svg\"><path d=\"M104 333H896C929 333 958 304 958 271S929 208 896 208H104C71 208 42 237 42 271S71 333 104 333ZM104 583H896C929 583 958 554 958 521S929 458 896 458H104C71 458 42 487 42 521S71 583 104 583ZM104 833H896C929 833 958 804 958 771S929 708 896 708H104C71 708 42 737 42 771S71 833 104 833Z\"><\/path><\/svg><svg aria-hidden=\"true\" role=\"presentation\" class=\"elementor-menu-toggle__icon--close e-font-icon-svg e-eicon-close\" viewbox=\"0 0 1000 1000\" xmlns=\"http:\/\/www.w3.org\/2000\/svg\"><path d=\"M742 167L500 408 258 167C246 154 233 150 217 150 196 150 179 158 167 167 154 179 150 196 150 212 150 229 154 242 171 254L408 500 167 742C138 771 138 800 167 829 196 858 225 858 254 829L496 587 738 829C750 842 767 846 783 846 800 846 817 842 829 829 842 817 846 804 846 783 846 767 842 750 829 737L588 500 833 258C863 229 863 200 833 171 804 137 775 137 742 167Z\"><\/path><\/svg>\t\t<\/div>\n\t\t\t\t\t<nav class=\"elementor-nav-menu--dropdown elementor-nav-menu__container\" aria-hidden=\"true\">\n\t\t\t\t<ul id=\"menu-2-597decc\" class=\"elementor-nav-menu sm-vertical\"><li class=\"menu-item menu-item-type-post_type menu-item-object-page menu-item-543\"><a href=\"https:\/\/pharmabog.hu\/de\/kezeloegysegek\/\" class=\"elementor-item\" tabindex=\"-1\">Behandlungseinheiten<\/a><\/li>\n<li class=\"menu-item menu-item-type-post_type menu-item-object-page menu-item-556\"><a href=\"https:\/\/pharmabog.hu\/de\/rontgen-diagnosztika\/\" class=\"elementor-item\" tabindex=\"-1\">R\u00f6ntgen &amp; Diagnostik<\/a><\/li>\n<li class=\"menu-item menu-item-type-post_type menu-item-object-page menu-item-555\"><a href=\"https:\/\/pharmabog.hu\/de\/sterilizalas\/\" class=\"elementor-item\" tabindex=\"-1\">Sterilisation<\/a><\/li>\n<li class=\"menu-item menu-item-type-post_type menu-item-object-page menu-item-582\"><a href=\"https:\/\/pharmabog.hu\/de\/szajsebeszet\/\" class=\"elementor-item\" tabindex=\"-1\">Oralchirurgie<\/a><\/li>\n<li class=\"menu-item menu-item-type-post_type menu-item-object-page menu-item-581\"><a href=\"https:\/\/pharmabog.hu\/de\/owandy-ios-vezetek-nelkuli-intraoralis-szkenner\/\" class=\"elementor-item\" tabindex=\"-1\">Intraoralscanner<\/a><\/li>\n<li class=\"menu-item menu-item-type-post_type menu-item-object-page menu-item-580\"><a href=\"https:\/\/pharmabog.hu\/de\/wh-turbinak-kezidarabok\/\" class=\"elementor-item\" tabindex=\"-1\">W&amp;H-Turbinen, Handst\u00fccke<\/a><\/li>\n<li class=\"menu-item menu-item-type-post_type menu-item-object-page menu-item-628\"><a href=\"https:\/\/pharmabog.hu\/de\/kompresszorok\/\" class=\"elementor-item\" tabindex=\"-1\">Kompressoren<\/a><\/li>\n<li class=\"menu-item menu-item-type-post_type menu-item-object-page menu-item-627\"><a href=\"https:\/\/pharmabog.hu\/de\/elszivomotorok\/\" class=\"elementor-item\" tabindex=\"-1\">Absaugmotoren<\/a><\/li>\n<li class=\"menu-item menu-item-type-post_type menu-item-object-page menu-item-626\"><a href=\"https:\/\/pharmabog.hu\/de\/amalgam-szeparatorok\/\" class=\"elementor-item\" tabindex=\"-1\">Amalgamabscheider<\/a><\/li>\n<li class=\"menu-item menu-item-type-post_type menu-item-object-page menu-item-646\"><a href=\"https:\/\/pharmabog.hu\/de\/higienia\/\" class=\"elementor-item\" tabindex=\"-1\">Hygiene\/Pflege<\/a><\/li>\n<li class=\"menu-item menu-item-type-post_type menu-item-object-page menu-item-645\"><a href=\"https:\/\/pharmabog.hu\/de\/prophylaxis\/\" class=\"elementor-item\" tabindex=\"-1\">Prophylaxe<\/a><\/li>\n<li class=\"menu-item menu-item-type-post_type menu-item-object-page menu-item-644\"><a href=\"https:\/\/pharmabog.hu\/de\/eber-szedalas\/\" class=\"elementor-item\" tabindex=\"-1\">Sedierung im Wachzustand<\/a><\/li>\n<li class=\"menu-item menu-item-type-post_type menu-item-object-page menu-item-643\"><a href=\"https:\/\/pharmabog.hu\/de\/fogaszati-mikroszkop\/\" class=\"elementor-item\" tabindex=\"-1\">Zahnmedizinische Mikroskope<\/a><\/li>\n<li class=\"menu-item menu-item-type-post_type menu-item-object-page menu-item-642\"><a href=\"https:\/\/pharmabog.hu\/de\/kisgepek\/\" class=\"elementor-item\" tabindex=\"-1\">Kleinger\u00e4te<\/a><\/li>\n<li class=\"menu-item menu-item-type-post_type menu-item-object-page menu-item-641\"><a href=\"https:\/\/pharmabog.hu\/de\/butorok-kartok\/\" class=\"elementor-item\" tabindex=\"-1\">M\u00f6bel &amp; St\u00fchle<\/a><\/li>\n<\/ul>\t\t\t<\/nav>\n\t\t\t\t\t\t<\/div>\n\t\t\t\t<\/div>\n\t\t<div class=\"elementor-element elementor-element-c09fe4a e-con-full e-flex e-con e-child\" data-id=\"c09fe4a\" data-element_type=\"container\">\n\t\t\t\t<div class=\"elementor-element elementor-element-473277e elementor-widget elementor-widget-heading\" data-id=\"473277e\" data-element_type=\"widget\" data-widget_type=\"heading.default\">\n\t\t\t\t\t<h2 class=\"elementor-heading-title elementor-size-default\">Zahnfolienschwei\u00dfer\n<\/h2>\t\t\t\t<\/div>\n\t\t<div class=\"elementor-element elementor-element-97cf2ec e-con-full e-flex e-con e-child\" data-id=\"97cf2ec\" data-element_type=\"container\">\n\t\t<div class=\"elementor-element elementor-element-40316e5 e-con-full e-flex e-con e-child\" data-id=\"40316e5\" data-element_type=\"container\">\n\t\t\t\t<div class=\"elementor-element elementor-element-4b0c19f elementor-widget elementor-widget-image\" data-id=\"4b0c19f\" data-element_type=\"widget\" data-widget_type=\"image.default\">\n\t\t\t\t\t\t\t\t\t\t\t\t\t\t\t<img fetchpriority=\"high\" decoding=\"async\" width=\"721\" height=\"516\" src=\"https:\/\/pharmabog.hu\/wp-content\/uploads\/2025\/07\/one_foliahegeszto-1.jpeg\" class=\"attachment-large size-large wp-image-567\" alt=\"\" srcset=\"https:\/\/pharmabog.hu\/wp-content\/uploads\/2025\/07\/one_foliahegeszto-1.jpeg 721w, https:\/\/pharmabog.hu\/wp-content\/uploads\/2025\/07\/one_foliahegeszto-1-600x429.jpeg 600w, https:\/\/pharmabog.hu\/wp-content\/uploads\/2025\/07\/one_foliahegeszto-1-300x215.jpeg 300w\" sizes=\"(max-width: 721px) 100vw, 721px\" \/>\t\t\t\t\t\t\t\t\t\t\t\t\t\t\t<\/div>\n\t\t\t\t<\/div>\n\t\t<div class=\"elementor-element elementor-element-e080ace e-con-full e-flex e-con e-child\" data-id=\"e080ace\" data-element_type=\"container\">\n\t\t\t\t<div class=\"elementor-element elementor-element-e6ff1b6 elementor-widget elementor-widget-text-editor\" data-id=\"e6ff1b6\" data-element_type=\"widget\" data-widget_type=\"text-editor.default\">\n\t\t\t\t\t\t\t\t\t<p><strong>ONE Folienversiegler<\/strong><\/p><div class=\"\">-Schwei\u00dfbreite 12 mm, maximale L\u00e4nge 32 mm<\/div><div class=\"\">-320W<\/div><p><strong>Preis: 630 \u20ac<\/strong>\u00a0+ 27% MwSt. Brutto \u20ac800.-<\/p><hr \/><p>\u00a0<\/p>\t\t\t\t\t\t\t\t<\/div>\n\t\t\t\t<div class=\"elementor-element elementor-element-0ea495a elementor-widget elementor-widget-image\" data-id=\"0ea495a\" data-element_type=\"widget\" data-widget_type=\"image.default\">\n\t\t\t\t\t\t\t\t\t\t\t\t\t\t\t<img decoding=\"async\" width=\"600\" height=\"139\" src=\"https:\/\/pharmabog.hu\/wp-content\/uploads\/2025\/07\/One-5.jpg\" class=\"attachment-large size-large wp-image-815\" alt=\"\" srcset=\"https:\/\/pharmabog.hu\/wp-content\/uploads\/2025\/07\/One-5.jpg 600w, https:\/\/pharmabog.hu\/wp-content\/uploads\/2025\/07\/One-5-300x70.jpg 300w\" sizes=\"(max-width: 600px) 100vw, 600px\" \/>\t\t\t\t\t\t\t\t\t\t\t\t\t\t\t<\/div>\n\t\t\t\t<\/div>\n\t\t\t\t<\/div>\n\t\t\t\t<\/div>\n\t\t\t\t\t<\/div>\n\t\t\t\t<\/div>\n\t\t\t\t<\/div>","protected":false},"excerpt":{"rendered":"<p>FOG\u00c1SZATI F\u00d3LIAHEGESZT\u0150 ONE f\u00f3liahegeszt\u0151 -a hegeszt\u00e9s sz\u00e9less\u00e9ge 12 mm, hossza max 32 mm-320 W \u00c1ra: 630-,\u20ac\u00a0+ 27% \u00c1fa Brutt\u00f3 800.-\u20ac \u00a0<\/p>","protected":false},"author":1,"featured_media":0,"parent":0,"menu_order":0,"comment_status":"closed","ping_status":"closed","template":"","meta":{"footnotes":""},"class_list":["post-800","page","type-page","status-publish","hentry"],"yoast_head":"<!-- This site is optimized with the Yoast SEO plugin v25.5 - https:\/\/yoast.com\/wordpress\/plugins\/seo\/ -->\n<title>FOG\u00c1SZATI F\u00d3LIAHEGESZT\u0150 - Pharmabog Kft. - Fog\u00e1szati kezel\u0151egys\u00e9g<\/title>\n<meta name=\"robots\" content=\"index, follow, max-snippet:-1, max-image-preview:large, max-video-preview:-1\" \/>\n<link rel=\"canonical\" href=\"https:\/\/pharmabog.hu\/de\/fogaszati-foliahegeszto\/\" \/>\n<meta property=\"og:locale\" content=\"de_DE\" \/>\n<meta property=\"og:type\" content=\"article\" \/>\n<meta property=\"og:title\" content=\"FOG\u00c1SZATI F\u00d3LIAHEGESZT\u0150 - Pharmabog Kft. - Fog\u00e1szati kezel\u0151egys\u00e9g\" \/>\n<meta property=\"og:description\" content=\"FOG\u00c1SZATI F\u00d3LIAHEGESZT\u0150 ONE f\u00f3liahegeszt\u0151 -a hegeszt\u00e9s sz\u00e9less\u00e9ge 12 mm, hossza max 32 mm-320 W \u00c1ra: 630-,\u20ac\u00a0+ 27% \u00c1fa Brutt\u00f3 800.-\u20ac \u00a0\" \/>\n<meta property=\"og:url\" content=\"https:\/\/pharmabog.hu\/de\/fogaszati-foliahegeszto\/\" \/>\n<meta property=\"og:site_name\" content=\"Pharmabog Kft. - Fog\u00e1szati kezel\u0151egys\u00e9g\" \/>\n<meta property=\"article:publisher\" content=\"https:\/\/www.facebook.com\/pharmabog.hu\" \/>\n<meta property=\"article:modified_time\" content=\"2025-07-23T09:26:19+00:00\" \/>\n<meta property=\"og:image\" content=\"https:\/\/pharmabog.hu\/wp-content\/uploads\/2025\/07\/one_foliahegeszto-1.jpeg\" \/>\n\t<meta property=\"og:image:width\" content=\"721\" \/>\n\t<meta property=\"og:image:height\" content=\"516\" \/>\n\t<meta property=\"og:image:type\" content=\"image\/jpeg\" \/>\n<meta name=\"twitter:card\" content=\"summary_large_image\" \/>\n<script type=\"application\/ld+json\" class=\"yoast-schema-graph\">{\"@context\":\"https:\/\/schema.org\",\"@graph\":[{\"@type\":\"WebPage\",\"@id\":\"https:\/\/pharmabog.hu\/fogaszati-foliahegeszto\/\",\"url\":\"https:\/\/pharmabog.hu\/fogaszati-foliahegeszto\/\",\"name\":\"FOG\u00c1SZATI F\u00d3LIAHEGESZT\u0150 - Pharmabog Kft. - Fog\u00e1szati kezel\u0151egys\u00e9g\",\"isPartOf\":{\"@id\":\"https:\/\/pharmabog.hu\/#website\"},\"primaryImageOfPage\":{\"@id\":\"https:\/\/pharmabog.hu\/fogaszati-foliahegeszto\/#primaryimage\"},\"image\":{\"@id\":\"https:\/\/pharmabog.hu\/fogaszati-foliahegeszto\/#primaryimage\"},\"thumbnailUrl\":\"https:\/\/pharmabog.hu\/wp-content\/uploads\/2025\/07\/one_foliahegeszto-1.jpeg\",\"datePublished\":\"2025-07-23T09:24:36+00:00\",\"dateModified\":\"2025-07-23T09:26:19+00:00\",\"breadcrumb\":{\"@id\":\"https:\/\/pharmabog.hu\/fogaszati-foliahegeszto\/#breadcrumb\"},\"inLanguage\":\"de\",\"potentialAction\":[{\"@type\":\"ReadAction\",\"target\":[\"https:\/\/pharmabog.hu\/fogaszati-foliahegeszto\/\"]}]},{\"@type\":\"ImageObject\",\"inLanguage\":\"de\",\"@id\":\"https:\/\/pharmabog.hu\/fogaszati-foliahegeszto\/#primaryimage\",\"url\":\"https:\/\/pharmabog.hu\/wp-content\/uploads\/2025\/07\/one_foliahegeszto-1.jpeg\",\"contentUrl\":\"https:\/\/pharmabog.hu\/wp-content\/uploads\/2025\/07\/one_foliahegeszto-1.jpeg\"},{\"@type\":\"BreadcrumbList\",\"@id\":\"https:\/\/pharmabog.hu\/fogaszati-foliahegeszto\/#breadcrumb\",\"itemListElement\":[{\"@type\":\"ListItem\",\"position\":1,\"name\":\"Kezd\u0151lap\",\"item\":\"https:\/\/pharmabog.hu\/\"},{\"@type\":\"ListItem\",\"position\":2,\"name\":\"FOG\u00c1SZATI F\u00d3LIAHEGESZT\u0150\"}]},{\"@type\":\"WebSite\",\"@id\":\"https:\/\/pharmabog.hu\/#website\",\"url\":\"https:\/\/pharmabog.hu\/\",\"name\":\"Pharmabog Kft. - Fog\u00e1szati kezel\u0151egys\u00e9g\",\"description\":\"\",\"publisher\":{\"@id\":\"https:\/\/pharmabog.hu\/#organization\"},\"potentialAction\":[{\"@type\":\"SearchAction\",\"target\":{\"@type\":\"EntryPoint\",\"urlTemplate\":\"https:\/\/pharmabog.hu\/?s={search_term_string}\"},\"query-input\":{\"@type\":\"PropertyValueSpecification\",\"valueRequired\":true,\"valueName\":\"search_term_string\"}}],\"inLanguage\":\"de\"},{\"@type\":\"Organization\",\"@id\":\"https:\/\/pharmabog.hu\/#organization\",\"name\":\"Pharmabog Kft. - Fog\u00e1szati kezel\u0151egys\u00e9g\",\"url\":\"https:\/\/pharmabog.hu\/\",\"logo\":{\"@type\":\"ImageObject\",\"inLanguage\":\"de\",\"@id\":\"https:\/\/pharmabog.hu\/#\/schema\/logo\/image\/\",\"url\":\"https:\/\/pharmabog.hu\/wp-content\/uploads\/2025\/07\/cropped-logo-16-e1644481099702-4.png\",\"contentUrl\":\"https:\/\/pharmabog.hu\/wp-content\/uploads\/2025\/07\/cropped-logo-16-e1644481099702-4.png\",\"width\":296,\"height\":87,\"caption\":\"Pharmabog Kft. - Fog\u00e1szati kezel\u0151egys\u00e9g\"},\"image\":{\"@id\":\"https:\/\/pharmabog.hu\/#\/schema\/logo\/image\/\"},\"sameAs\":[\"https:\/\/www.facebook.com\/pharmabog.hu\"]}]}<\/script>\n<!-- \/ Yoast SEO plugin. -->","yoast_head_json":{"title":"FOG\u00c1SZATI F\u00d3LIAHEGESZT\u0150 - Pharmabog Kft. - Fog\u00e1szati kezel\u0151egys\u00e9g","robots":{"index":"index","follow":"follow","max-snippet":"max-snippet:-1","max-image-preview":"max-image-preview:large","max-video-preview":"max-video-preview:-1"},"canonical":"https:\/\/pharmabog.hu\/de\/fogaszati-foliahegeszto\/","og_locale":"de_DE","og_type":"article","og_title":"FOG\u00c1SZATI F\u00d3LIAHEGESZT\u0150 - Pharmabog Kft. - Fog\u00e1szati kezel\u0151egys\u00e9g","og_description":"FOG\u00c1SZATI F\u00d3LIAHEGESZT\u0150 ONE f\u00f3liahegeszt\u0151 -a hegeszt\u00e9s sz\u00e9less\u00e9ge 12 mm, hossza max 32 mm-320 W \u00c1ra: 630-,\u20ac\u00a0+ 27% \u00c1fa Brutt\u00f3 800.-\u20ac \u00a0","og_url":"https:\/\/pharmabog.hu\/de\/fogaszati-foliahegeszto\/","og_site_name":"Pharmabog Kft. - Fog\u00e1szati kezel\u0151egys\u00e9g","article_publisher":"https:\/\/www.facebook.com\/pharmabog.hu","article_modified_time":"2025-07-23T09:26:19+00:00","og_image":[{"width":721,"height":516,"url":"https:\/\/pharmabog.hu\/wp-content\/uploads\/2025\/07\/one_foliahegeszto-1.jpeg","type":"image\/jpeg"}],"twitter_card":"summary_large_image","schema":{"@context":"https:\/\/schema.org","@graph":[{"@type":"WebPage","@id":"https:\/\/pharmabog.hu\/fogaszati-foliahegeszto\/","url":"https:\/\/pharmabog.hu\/fogaszati-foliahegeszto\/","name":"FOG\u00c1SZATI F\u00d3LIAHEGESZT\u0150 - Pharmabog Kft. - Fog\u00e1szati kezel\u0151egys\u00e9g","isPartOf":{"@id":"https:\/\/pharmabog.hu\/#website"},"primaryImageOfPage":{"@id":"https:\/\/pharmabog.hu\/fogaszati-foliahegeszto\/#primaryimage"},"image":{"@id":"https:\/\/pharmabog.hu\/fogaszati-foliahegeszto\/#primaryimage"},"thumbnailUrl":"https:\/\/pharmabog.hu\/wp-content\/uploads\/2025\/07\/one_foliahegeszto-1.jpeg","datePublished":"2025-07-23T09:24:36+00:00","dateModified":"2025-07-23T09:26:19+00:00","breadcrumb":{"@id":"https:\/\/pharmabog.hu\/fogaszati-foliahegeszto\/#breadcrumb"},"inLanguage":"de","potentialAction":[{"@type":"ReadAction","target":["https:\/\/pharmabog.hu\/fogaszati-foliahegeszto\/"]}]},{"@type":"ImageObject","inLanguage":"de","@id":"https:\/\/pharmabog.hu\/fogaszati-foliahegeszto\/#primaryimage","url":"https:\/\/pharmabog.hu\/wp-content\/uploads\/2025\/07\/one_foliahegeszto-1.jpeg","contentUrl":"https:\/\/pharmabog.hu\/wp-content\/uploads\/2025\/07\/one_foliahegeszto-1.jpeg"},{"@type":"BreadcrumbList","@id":"https:\/\/pharmabog.hu\/fogaszati-foliahegeszto\/#breadcrumb","itemListElement":[{"@type":"ListItem","position":1,"name":"Kezd\u0151lap","item":"https:\/\/pharmabog.hu\/"},{"@type":"ListItem","position":2,"name":"FOG\u00c1SZATI F\u00d3LIAHEGESZT\u0150"}]},{"@type":"WebSite","@id":"https:\/\/pharmabog.hu\/#website","url":"https:\/\/pharmabog.hu\/","name":"Pharmabog Ltd. - Zahnbehandlungseinheit","description":"","publisher":{"@id":"https:\/\/pharmabog.hu\/#organization"},"potentialAction":[{"@type":"SearchAction","target":{"@type":"EntryPoint","urlTemplate":"https:\/\/pharmabog.hu\/?s={search_term_string}"},"query-input":{"@type":"PropertyValueSpecification","valueRequired":true,"valueName":"search_term_string"}}],"inLanguage":"de"},{"@type":"Organization","@id":"https:\/\/pharmabog.hu\/#organization","name":"Pharmabog Ltd. - Zahnbehandlungseinheit","url":"https:\/\/pharmabog.hu\/","logo":{"@type":"ImageObject","inLanguage":"de","@id":"https:\/\/pharmabog.hu\/#\/schema\/logo\/image\/","url":"https:\/\/pharmabog.hu\/wp-content\/uploads\/2025\/07\/cropped-logo-16-e1644481099702-4.png","contentUrl":"https:\/\/pharmabog.hu\/wp-content\/uploads\/2025\/07\/cropped-logo-16-e1644481099702-4.png","width":296,"height":87,"caption":"Pharmabog Kft. - Fog\u00e1szati kezel\u0151egys\u00e9g"},"image":{"@id":"https:\/\/pharmabog.hu\/#\/schema\/logo\/image\/"},"sameAs":["https:\/\/www.facebook.com\/pharmabog.hu"]}]}},"_links":{"self":[{"href":"https:\/\/pharmabog.hu\/de\/wp-json\/wp\/v2\/pages\/800","targetHints":{"allow":["GET"]}}],"collection":[{"href":"https:\/\/pharmabog.hu\/de\/wp-json\/wp\/v2\/pages"}],"about":[{"href":"https:\/\/pharmabog.hu\/de\/wp-json\/wp\/v2\/types\/page"}],"author":[{"embeddable":true,"href":"https:\/\/pharmabog.hu\/de\/wp-json\/wp\/v2\/users\/1"}],"replies":[{"embeddable":true,"href":"https:\/\/pharmabog.hu\/de\/wp-json\/wp\/v2\/comments?post=800"}],"version-history":[{"count":4,"href":"https:\/\/pharmabog.hu\/de\/wp-json\/wp\/v2\/pages\/800\/revisions"}],"predecessor-version":[{"id":818,"href":"https:\/\/pharmabog.hu\/de\/wp-json\/wp\/v2\/pages\/800\/revisions\/818"}],"wp:attachment":[{"href":"https:\/\/pharmabog.hu\/de\/wp-json\/wp\/v2\/media?parent=800"}],"curies":[{"name":"wp","href":"https:\/\/api.w.org\/{rel}","templated":true}]}}