{"id":632,"date":"2025-07-22T13:24:03","date_gmt":"2025-07-22T13:24:03","guid":{"rendered":"https:\/\/pharmabog.hu\/?page_id=632"},"modified":"2025-07-22T13:45:22","modified_gmt":"2025-07-22T13:45:22","slug":"fogaszati-mikroszkop","status":"publish","type":"page","link":"https:\/\/pharmabog.hu\/de\/fogaszati-mikroszkop\/","title":{"rendered":"Zahnmedizinische Mikroskope"},"content":{"rendered":"<div data-elementor-type=\"wp-page\" data-elementor-id=\"632\" class=\"elementor elementor-632\" data-elementor-post-type=\"page\">\n\t\t\t\t<div class=\"elementor-element elementor-element-533324ee e-flex e-con-boxed e-con e-parent\" data-id=\"533324ee\" data-element_type=\"container\" data-settings=\"{&quot;background_background&quot;:&quot;classic&quot;}\">\n\t\t\t\t\t<div class=\"e-con-inner\">\n\t\t\t\t\t<\/div>\n\t\t\t\t<\/div>\n\t\t<div class=\"elementor-element elementor-element-e6dc60b e-flex e-con-boxed e-con e-parent\" data-id=\"e6dc60b\" data-element_type=\"container\">\n\t\t\t\t\t<div class=\"e-con-inner\">\n\t\t<div class=\"elementor-element elementor-element-70800be e-con-full e-flex e-con e-child\" data-id=\"70800be\" data-element_type=\"container\">\n\t\t\t\t<div class=\"elementor-element elementor-element-597decc elementor-nav-menu--dropdown-tablet elementor-nav-menu__text-align-aside elementor-nav-menu--toggle elementor-nav-menu--burger elementor-widget elementor-widget-nav-menu\" data-id=\"597decc\" data-element_type=\"widget\" data-settings=\"{&quot;layout&quot;:&quot;vertical&quot;,&quot;submenu_icon&quot;:{&quot;value&quot;:&quot;&lt;svg aria-hidden=\\&quot;true\\&quot; class=\\&quot;e-font-icon-svg e-fas-caret-down\\&quot; viewBox=\\&quot;0 0 320 512\\&quot; xmlns=\\&quot;http:\\\/\\\/www.w3.org\\\/2000\\\/svg\\&quot;&gt;&lt;path d=\\&quot;M31.3 192h257.3c17.8 0 26.7 21.5 14.1 34.1L174.1 354.8c-7.8 7.8-20.5 7.8-28.3 0L17.2 226.1C4.6 213.5 13.5 192 31.3 192z\\&quot;&gt;&lt;\\\/path&gt;&lt;\\\/svg&gt;&quot;,&quot;library&quot;:&quot;fa-solid&quot;},&quot;toggle&quot;:&quot;burger&quot;}\" data-widget_type=\"nav-menu.default\">\n\t\t\t\t\t\t\t\t<nav aria-label=\"Speisekarte\" class=\"elementor-nav-menu--main elementor-nav-menu__container elementor-nav-menu--layout-vertical e--pointer-underline e--animation-fade\">\n\t\t\t\t<ul id=\"menu-1-597decc\" class=\"elementor-nav-menu sm-vertical\"><li class=\"menu-item menu-item-type-post_type menu-item-object-page menu-item-543\"><a href=\"https:\/\/pharmabog.hu\/de\/kezeloegysegek\/\" class=\"elementor-item\">Behandlungseinheiten<\/a><\/li>\n<li class=\"menu-item menu-item-type-post_type menu-item-object-page menu-item-556\"><a href=\"https:\/\/pharmabog.hu\/de\/rontgen-diagnosztika\/\" class=\"elementor-item\">R\u00f6ntgen &amp; Diagnostik<\/a><\/li>\n<li class=\"menu-item menu-item-type-post_type menu-item-object-page menu-item-555\"><a href=\"https:\/\/pharmabog.hu\/de\/sterilizalas\/\" class=\"elementor-item\">Sterilisation<\/a><\/li>\n<li class=\"menu-item menu-item-type-post_type menu-item-object-page menu-item-582\"><a href=\"https:\/\/pharmabog.hu\/de\/szajsebeszet\/\" class=\"elementor-item\">Oralchirurgie<\/a><\/li>\n<li class=\"menu-item menu-item-type-post_type menu-item-object-page menu-item-581\"><a href=\"https:\/\/pharmabog.hu\/de\/owandy-ios-vezetek-nelkuli-intraoralis-szkenner\/\" class=\"elementor-item\">Intraoralscanner<\/a><\/li>\n<li class=\"menu-item menu-item-type-post_type menu-item-object-page menu-item-580\"><a href=\"https:\/\/pharmabog.hu\/de\/wh-turbinak-kezidarabok\/\" class=\"elementor-item\">W&amp;H-Turbinen, Handst\u00fccke<\/a><\/li>\n<li class=\"menu-item menu-item-type-post_type menu-item-object-page menu-item-628\"><a href=\"https:\/\/pharmabog.hu\/de\/kompresszorok\/\" class=\"elementor-item\">Kompressoren<\/a><\/li>\n<li class=\"menu-item menu-item-type-post_type menu-item-object-page menu-item-627\"><a href=\"https:\/\/pharmabog.hu\/de\/elszivomotorok\/\" class=\"elementor-item\">Absaugmotoren<\/a><\/li>\n<li class=\"menu-item menu-item-type-post_type menu-item-object-page menu-item-626\"><a href=\"https:\/\/pharmabog.hu\/de\/amalgam-szeparatorok\/\" class=\"elementor-item\">Amalgamabscheider<\/a><\/li>\n<li class=\"menu-item menu-item-type-post_type menu-item-object-page menu-item-646\"><a href=\"https:\/\/pharmabog.hu\/de\/higienia\/\" class=\"elementor-item\">Hygiene\/Pflege<\/a><\/li>\n<li class=\"menu-item menu-item-type-post_type menu-item-object-page menu-item-645\"><a href=\"https:\/\/pharmabog.hu\/de\/prophylaxis\/\" class=\"elementor-item\">Prophylaxe<\/a><\/li>\n<li class=\"menu-item menu-item-type-post_type menu-item-object-page menu-item-644\"><a href=\"https:\/\/pharmabog.hu\/de\/eber-szedalas\/\" class=\"elementor-item\">Sedierung im Wachzustand<\/a><\/li>\n<li class=\"menu-item menu-item-type-post_type menu-item-object-page menu-item-643\"><a href=\"https:\/\/pharmabog.hu\/de\/fogaszati-mikroszkop\/\" class=\"elementor-item\">Zahnmedizinische Mikroskope<\/a><\/li>\n<li class=\"menu-item menu-item-type-post_type menu-item-object-page menu-item-642\"><a href=\"https:\/\/pharmabog.hu\/de\/kisgepek\/\" class=\"elementor-item\">Kleinger\u00e4te<\/a><\/li>\n<li class=\"menu-item menu-item-type-post_type menu-item-object-page menu-item-641\"><a href=\"https:\/\/pharmabog.hu\/de\/butorok-kartok\/\" class=\"elementor-item\">M\u00f6bel &amp; St\u00fchle<\/a><\/li>\n<\/ul>\t\t\t<\/nav>\n\t\t\t\t\t<div class=\"elementor-menu-toggle\" role=\"button\" tabindex=\"0\" aria-label=\"Menu Toggle\" aria-expanded=\"false\">\n\t\t\t<svg aria-hidden=\"true\" role=\"presentation\" class=\"elementor-menu-toggle__icon--open e-font-icon-svg e-eicon-menu-bar\" viewbox=\"0 0 1000 1000\" xmlns=\"http:\/\/www.w3.org\/2000\/svg\"><path d=\"M104 333H896C929 333 958 304 958 271S929 208 896 208H104C71 208 42 237 42 271S71 333 104 333ZM104 583H896C929 583 958 554 958 521S929 458 896 458H104C71 458 42 487 42 521S71 583 104 583ZM104 833H896C929 833 958 804 958 771S929 708 896 708H104C71 708 42 737 42 771S71 833 104 833Z\"><\/path><\/svg><svg aria-hidden=\"true\" role=\"presentation\" class=\"elementor-menu-toggle__icon--close e-font-icon-svg e-eicon-close\" viewbox=\"0 0 1000 1000\" xmlns=\"http:\/\/www.w3.org\/2000\/svg\"><path d=\"M742 167L500 408 258 167C246 154 233 150 217 150 196 150 179 158 167 167 154 179 150 196 150 212 150 229 154 242 171 254L408 500 167 742C138 771 138 800 167 829 196 858 225 858 254 829L496 587 738 829C750 842 767 846 783 846 800 846 817 842 829 829 842 817 846 804 846 783 846 767 842 750 829 737L588 500 833 258C863 229 863 200 833 171 804 137 775 137 742 167Z\"><\/path><\/svg>\t\t<\/div>\n\t\t\t\t\t<nav class=\"elementor-nav-menu--dropdown elementor-nav-menu__container\" aria-hidden=\"true\">\n\t\t\t\t<ul id=\"menu-2-597decc\" class=\"elementor-nav-menu sm-vertical\"><li class=\"menu-item menu-item-type-post_type menu-item-object-page menu-item-543\"><a href=\"https:\/\/pharmabog.hu\/de\/kezeloegysegek\/\" class=\"elementor-item\" tabindex=\"-1\">Behandlungseinheiten<\/a><\/li>\n<li class=\"menu-item menu-item-type-post_type menu-item-object-page menu-item-556\"><a href=\"https:\/\/pharmabog.hu\/de\/rontgen-diagnosztika\/\" class=\"elementor-item\" tabindex=\"-1\">R\u00f6ntgen &amp; Diagnostik<\/a><\/li>\n<li class=\"menu-item menu-item-type-post_type menu-item-object-page menu-item-555\"><a href=\"https:\/\/pharmabog.hu\/de\/sterilizalas\/\" class=\"elementor-item\" tabindex=\"-1\">Sterilisation<\/a><\/li>\n<li class=\"menu-item menu-item-type-post_type menu-item-object-page menu-item-582\"><a href=\"https:\/\/pharmabog.hu\/de\/szajsebeszet\/\" class=\"elementor-item\" tabindex=\"-1\">Oralchirurgie<\/a><\/li>\n<li class=\"menu-item menu-item-type-post_type menu-item-object-page menu-item-581\"><a href=\"https:\/\/pharmabog.hu\/de\/owandy-ios-vezetek-nelkuli-intraoralis-szkenner\/\" class=\"elementor-item\" tabindex=\"-1\">Intraoralscanner<\/a><\/li>\n<li class=\"menu-item menu-item-type-post_type menu-item-object-page menu-item-580\"><a href=\"https:\/\/pharmabog.hu\/de\/wh-turbinak-kezidarabok\/\" class=\"elementor-item\" tabindex=\"-1\">W&amp;H-Turbinen, Handst\u00fccke<\/a><\/li>\n<li class=\"menu-item menu-item-type-post_type menu-item-object-page menu-item-628\"><a href=\"https:\/\/pharmabog.hu\/de\/kompresszorok\/\" class=\"elementor-item\" tabindex=\"-1\">Kompressoren<\/a><\/li>\n<li class=\"menu-item menu-item-type-post_type menu-item-object-page menu-item-627\"><a href=\"https:\/\/pharmabog.hu\/de\/elszivomotorok\/\" class=\"elementor-item\" tabindex=\"-1\">Absaugmotoren<\/a><\/li>\n<li class=\"menu-item menu-item-type-post_type menu-item-object-page menu-item-626\"><a href=\"https:\/\/pharmabog.hu\/de\/amalgam-szeparatorok\/\" class=\"elementor-item\" tabindex=\"-1\">Amalgamabscheider<\/a><\/li>\n<li class=\"menu-item menu-item-type-post_type menu-item-object-page menu-item-646\"><a href=\"https:\/\/pharmabog.hu\/de\/higienia\/\" class=\"elementor-item\" tabindex=\"-1\">Hygiene\/Pflege<\/a><\/li>\n<li class=\"menu-item menu-item-type-post_type menu-item-object-page menu-item-645\"><a href=\"https:\/\/pharmabog.hu\/de\/prophylaxis\/\" class=\"elementor-item\" tabindex=\"-1\">Prophylaxe<\/a><\/li>\n<li class=\"menu-item menu-item-type-post_type menu-item-object-page menu-item-644\"><a href=\"https:\/\/pharmabog.hu\/de\/eber-szedalas\/\" class=\"elementor-item\" tabindex=\"-1\">Sedierung im Wachzustand<\/a><\/li>\n<li class=\"menu-item menu-item-type-post_type menu-item-object-page menu-item-643\"><a href=\"https:\/\/pharmabog.hu\/de\/fogaszati-mikroszkop\/\" class=\"elementor-item\" tabindex=\"-1\">Zahnmedizinische Mikroskope<\/a><\/li>\n<li class=\"menu-item menu-item-type-post_type menu-item-object-page menu-item-642\"><a href=\"https:\/\/pharmabog.hu\/de\/kisgepek\/\" class=\"elementor-item\" tabindex=\"-1\">Kleinger\u00e4te<\/a><\/li>\n<li class=\"menu-item menu-item-type-post_type menu-item-object-page menu-item-641\"><a href=\"https:\/\/pharmabog.hu\/de\/butorok-kartok\/\" class=\"elementor-item\" tabindex=\"-1\">M\u00f6bel &amp; St\u00fchle<\/a><\/li>\n<\/ul>\t\t\t<\/nav>\n\t\t\t\t\t\t<\/div>\n\t\t\t\t<\/div>\n\t\t<div class=\"elementor-element elementor-element-c09fe4a e-con-full e-flex e-con e-child\" data-id=\"c09fe4a\" data-element_type=\"container\">\n\t\t\t\t<div class=\"elementor-element elementor-element-6b15f08 elementor-widget elementor-widget-text-editor\" data-id=\"6b15f08\" data-element_type=\"widget\" data-widget_type=\"text-editor.default\">\n\t\t\t\t\t\t\t\t\t<div id=\"tm-heading-687f946ad95bb\" class=\"tm-heading center tm-animation move-up animate\"><div class=\"heading\">Zahnmedizinische Mikroskope<\/div><\/div>\t\t\t\t\t\t\t\t<\/div>\n\t\t\t\t<div class=\"elementor-element elementor-element-9032527 elementor-widget elementor-widget-heading\" data-id=\"9032527\" data-element_type=\"widget\" data-widget_type=\"heading.default\">\n\t\t\t\t\t<h2 class=\"elementor-heading-title elementor-size-default\">ZUMAX OMS2380 DENTALMIKROSKOP\n<\/h2>\t\t\t\t<\/div>\n\t\t<div class=\"elementor-element elementor-element-a597392 e-con-full e-flex e-con e-child\" data-id=\"a597392\" data-element_type=\"container\">\n\t\t<div class=\"elementor-element elementor-element-241f10b e-con-full e-flex e-con e-child\" data-id=\"241f10b\" data-element_type=\"container\">\n\t\t\t\t<div class=\"elementor-element elementor-element-1363fca elementor-widget elementor-widget-image\" data-id=\"1363fca\" data-element_type=\"widget\" data-widget_type=\"image.default\">\n\t\t\t\t\t\t\t\t\t\t\t\t\t\t\t<img fetchpriority=\"high\" decoding=\"async\" width=\"800\" height=\"800\" src=\"https:\/\/pharmabog.hu\/wp-content\/uploads\/2025\/07\/OMS2380_da_sotto-2.jpeg\" class=\"attachment-large size-large wp-image-671\" alt=\"\" srcset=\"https:\/\/pharmabog.hu\/wp-content\/uploads\/2025\/07\/OMS2380_da_sotto-2.jpeg 800w, https:\/\/pharmabog.hu\/wp-content\/uploads\/2025\/07\/OMS2380_da_sotto-2-300x300.jpeg 300w, https:\/\/pharmabog.hu\/wp-content\/uploads\/2025\/07\/OMS2380_da_sotto-2-100x100.jpeg 100w, https:\/\/pharmabog.hu\/wp-content\/uploads\/2025\/07\/OMS2380_da_sotto-2-600x600.jpeg 600w, https:\/\/pharmabog.hu\/wp-content\/uploads\/2025\/07\/OMS2380_da_sotto-2-150x150.jpeg 150w, https:\/\/pharmabog.hu\/wp-content\/uploads\/2025\/07\/OMS2380_da_sotto-2-768x768.jpeg 768w\" sizes=\"(max-width: 800px) 100vw, 800px\" \/>\t\t\t\t\t\t\t\t\t\t\t\t\t\t\t<\/div>\n\t\t\t\t<\/div>\n\t\t<div class=\"elementor-element elementor-element-5075959 e-con-full e-flex e-con e-child\" data-id=\"5075959\" data-element_type=\"container\">\n\t\t\t\t<div class=\"elementor-element elementor-element-2b97292 elementor-widget elementor-widget-text-editor\" data-id=\"2b97292\" data-element_type=\"widget\" data-widget_type=\"text-editor.default\">\n\t\t\t\t\t\t\t\t\t<div class=\"shortdesc\"><div>\u2013 Stufenlose Vergr\u00f6\u00dferung (nicht stufenweise!)<\/div><div>\u2013 LED-Beleuchtung: 90.000 LUX<\/div><div>\u2013 Integrierte Full-HD-Kamera<\/div><div>\u2013 Neigbarer Binokulartubus von 0-180 Grad<\/div><div>\u2013 Variofokalobjektiv mit einer Brennweite von 200-450 mm (das beste auf dem Markt)<\/div><div>\u2013 Rollversion mit bremsbaren R\u00e4dern<\/div><\/div><div>\u00a0<\/div><div><strong>Preis: 21.000 \u20ac + 27% MwSt. = erh\u00e4ltlich ab 26.670 \u20ac.<\/strong><\/div>\t\t\t\t\t\t\t\t<\/div>\n\t\t\t\t<div class=\"elementor-element elementor-element-ceb7fb3 elementor-widget-divider--view-line elementor-widget elementor-widget-divider\" data-id=\"ceb7fb3\" data-element_type=\"widget\" data-widget_type=\"divider.default\">\n\t\t\t\t\t\t\t<div class=\"elementor-divider\">\n\t\t\t<span class=\"elementor-divider-separator\">\n\t\t\t\t\t\t<\/span>\n\t\t<\/div>\n\t\t\t\t\t\t<\/div>\n\t\t\t\t<div class=\"elementor-element elementor-element-3ff57a0 elementor-widget elementor-widget-gallery\" data-id=\"3ff57a0\" data-element_type=\"widget\" data-settings=\"{&quot;columns&quot;:2,&quot;aspect_ratio&quot;:&quot;9:16&quot;,&quot;lazyload&quot;:&quot;yes&quot;,&quot;gallery_layout&quot;:&quot;grid&quot;,&quot;columns_tablet&quot;:2,&quot;columns_mobile&quot;:1,&quot;gap&quot;:{&quot;unit&quot;:&quot;px&quot;,&quot;size&quot;:10,&quot;sizes&quot;:[]},&quot;gap_tablet&quot;:{&quot;unit&quot;:&quot;px&quot;,&quot;size&quot;:10,&quot;sizes&quot;:[]},&quot;gap_mobile&quot;:{&quot;unit&quot;:&quot;px&quot;,&quot;size&quot;:10,&quot;sizes&quot;:[]},&quot;link_to&quot;:&quot;file&quot;,&quot;overlay_background&quot;:&quot;yes&quot;,&quot;content_hover_animation&quot;:&quot;fade-in&quot;}\" data-widget_type=\"gallery.default\">\n\t\t\t\t\t\t\t<div class=\"elementor-gallery__container\">\n\t\t\t\t\t\t\t<a class=\"e-gallery-item elementor-gallery-item elementor-animated-content\" href=\"https:\/\/pharmabog.hu\/wp-content\/uploads\/2025\/07\/mikroszkop_fogaszati-2.jpeg\" data-elementor-open-lightbox=\"yes\" data-elementor-lightbox-slideshow=\"3ff57a0\" data-elementor-lightbox-title=\"mikroszkop_fogaszati (2)\" data-e-action-hash=\"#elementor-action%3Aaction%3Dlightbox%26settings%3DeyJpZCI6NjczLCJ1cmwiOiJodHRwczpcL1wvcGhhcm1hYm9nLmh1XC93cC1jb250ZW50XC91cGxvYWRzXC8yMDI1XC8wN1wvbWlrcm9zemtvcF9mb2dhc3phdGktMi5qcGVnIiwic2xpZGVzaG93IjoiM2ZmNTdhMCJ9\">\n\t\t\t\t\t<div class=\"e-gallery-image elementor-gallery-item__image\" data-thumbnail=\"https:\/\/pharmabog.hu\/wp-content\/uploads\/2025\/07\/mikroszkop_fogaszati-2.jpeg\" data-width=\"422\" data-height=\"800\" aria-label=\"\" role=\"img\" ><\/div>\n\t\t\t\t\t\t\t\t\t\t\t<div class=\"elementor-gallery-item__overlay\"><\/div>\n\t\t\t\t\t\t\t\t\t\t\t\t\t\t<\/a>\n\t\t\t\t\t\t\t<a class=\"e-gallery-item elementor-gallery-item elementor-animated-content\" href=\"https:\/\/pharmabog.hu\/wp-content\/uploads\/2025\/07\/testacopia-2.jpeg\" data-elementor-open-lightbox=\"yes\" data-elementor-lightbox-slideshow=\"3ff57a0\" data-elementor-lightbox-title=\"testacopia (2)\" data-e-action-hash=\"#elementor-action%3Aaction%3Dlightbox%26settings%3DeyJpZCI6Njc0LCJ1cmwiOiJodHRwczpcL1wvcGhhcm1hYm9nLmh1XC93cC1jb250ZW50XC91cGxvYWRzXC8yMDI1XC8wN1wvdGVzdGFjb3BpYS0yLmpwZWciLCJzbGlkZXNob3ciOiIzZmY1N2EwIn0%3D\">\n\t\t\t\t\t<div class=\"e-gallery-image elementor-gallery-item__image\" data-thumbnail=\"https:\/\/pharmabog.hu\/wp-content\/uploads\/2025\/07\/testacopia-2.jpeg\" data-width=\"800\" data-height=\"731\" aria-label=\"\" role=\"img\" ><\/div>\n\t\t\t\t\t\t\t\t\t\t\t<div class=\"elementor-gallery-item__overlay\"><\/div>\n\t\t\t\t\t\t\t\t\t\t\t\t\t\t<\/a>\n\t\t\t\t\t<\/div>\n\t\t\t\t\t<\/div>\n\t\t\t\t<\/div>\n\t\t\t\t<\/div>\n\t\t\t\t<\/div>\n\t\t\t\t\t<\/div>\n\t\t\t\t<\/div>\n\t\t\t\t<\/div>","protected":false},"excerpt":{"rendered":"<p>Fog\u00e1szati mikroszk\u00f3p ZUMAX OMS2380 FOG\u00c1SZATI MIKROSZK\u00d3P \u2013 Folyamatosan v\u00e1ltoztathat\u00f3 nagy\u00edt\u00e1s ( nem l\u00e9p\u00e9senk\u00e9nt!)\u2013 LED vil\u00e1g\u00edt\u00e1s: 90.000 LUX\u2013 Integr\u00e1lt Full HD kamera\u2013 0-180 fokban d\u00f6nthet\u0151 binokul\u00e1ris cs\u0151\u2013 Variolencse 200-450mm f\u00f3kuszt\u00e1vols\u00e1ggal (a legjobb a piacon)\u2013 Gurul\u00f3s kivite,l f\u00e9kezhet\u0151 kerekekkel\u00a0\u00c1r: 21.000.- \u20ac + 27% \u00c1fa = 26.670.-\u20ac-t\u00f3l el\u00e9rhet\u0151.<\/p>","protected":false},"author":1,"featured_media":0,"parent":0,"menu_order":0,"comment_status":"closed","ping_status":"closed","template":"","meta":{"footnotes":""},"class_list":["post-632","page","type-page","status-publish","hentry"],"yoast_head":"<!-- This site is optimized with the Yoast SEO plugin v25.5 - https:\/\/yoast.com\/wordpress\/plugins\/seo\/ -->\n<title>Fog\u00e1szati mikroszk\u00f3p - Pharmabog Kft. - Fog\u00e1szati kezel\u0151egys\u00e9g<\/title>\n<meta name=\"robots\" content=\"index, follow, max-snippet:-1, max-image-preview:large, max-video-preview:-1\" \/>\n<link rel=\"canonical\" href=\"https:\/\/pharmabog.hu\/de\/fogaszati-mikroszkop\/\" \/>\n<meta property=\"og:locale\" content=\"de_DE\" \/>\n<meta property=\"og:type\" content=\"article\" \/>\n<meta property=\"og:title\" content=\"Fog\u00e1szati mikroszk\u00f3p - Pharmabog Kft. - Fog\u00e1szati kezel\u0151egys\u00e9g\" \/>\n<meta property=\"og:description\" content=\"Fog\u00e1szati mikroszk\u00f3p ZUMAX OMS2380 FOG\u00c1SZATI MIKROSZK\u00d3P \u2013 Folyamatosan v\u00e1ltoztathat\u00f3 nagy\u00edt\u00e1s ( nem l\u00e9p\u00e9senk\u00e9nt!)\u2013 LED vil\u00e1g\u00edt\u00e1s: 90.000 LUX\u2013 Integr\u00e1lt Full HD kamera\u2013 0-180 fokban d\u00f6nthet\u0151 binokul\u00e1ris cs\u0151\u2013 Variolencse 200-450mm f\u00f3kuszt\u00e1vols\u00e1ggal (a legjobb a piacon)\u2013 Gurul\u00f3s kivite,l f\u00e9kezhet\u0151 kerekekkel\u00a0\u00c1r: 21.000.- \u20ac + 27% \u00c1fa = 26.670.-\u20ac-t\u00f3l el\u00e9rhet\u0151.\" \/>\n<meta property=\"og:url\" content=\"https:\/\/pharmabog.hu\/de\/fogaszati-mikroszkop\/\" \/>\n<meta property=\"og:site_name\" content=\"Pharmabog Kft. - Fog\u00e1szati kezel\u0151egys\u00e9g\" \/>\n<meta property=\"article:publisher\" content=\"https:\/\/www.facebook.com\/pharmabog.hu\" \/>\n<meta property=\"article:modified_time\" content=\"2025-07-22T13:45:22+00:00\" \/>\n<meta property=\"og:image\" content=\"https:\/\/pharmabog.hu\/wp-content\/uploads\/2025\/07\/OMS2380_da_sotto-2.jpeg\" \/>\n\t<meta property=\"og:image:width\" content=\"800\" \/>\n\t<meta property=\"og:image:height\" content=\"800\" \/>\n\t<meta property=\"og:image:type\" content=\"image\/jpeg\" \/>\n<meta name=\"twitter:card\" content=\"summary_large_image\" \/>\n<script type=\"application\/ld+json\" class=\"yoast-schema-graph\">{\"@context\":\"https:\/\/schema.org\",\"@graph\":[{\"@type\":\"WebPage\",\"@id\":\"https:\/\/pharmabog.hu\/fogaszati-mikroszkop\/\",\"url\":\"https:\/\/pharmabog.hu\/fogaszati-mikroszkop\/\",\"name\":\"Fog\u00e1szati mikroszk\u00f3p - Pharmabog Kft. - Fog\u00e1szati kezel\u0151egys\u00e9g\",\"isPartOf\":{\"@id\":\"https:\/\/pharmabog.hu\/#website\"},\"primaryImageOfPage\":{\"@id\":\"https:\/\/pharmabog.hu\/fogaszati-mikroszkop\/#primaryimage\"},\"image\":{\"@id\":\"https:\/\/pharmabog.hu\/fogaszati-mikroszkop\/#primaryimage\"},\"thumbnailUrl\":\"https:\/\/pharmabog.hu\/wp-content\/uploads\/2025\/07\/OMS2380_da_sotto-2.jpeg\",\"datePublished\":\"2025-07-22T13:24:03+00:00\",\"dateModified\":\"2025-07-22T13:45:22+00:00\",\"breadcrumb\":{\"@id\":\"https:\/\/pharmabog.hu\/fogaszati-mikroszkop\/#breadcrumb\"},\"inLanguage\":\"de\",\"potentialAction\":[{\"@type\":\"ReadAction\",\"target\":[\"https:\/\/pharmabog.hu\/fogaszati-mikroszkop\/\"]}]},{\"@type\":\"ImageObject\",\"inLanguage\":\"de\",\"@id\":\"https:\/\/pharmabog.hu\/fogaszati-mikroszkop\/#primaryimage\",\"url\":\"https:\/\/pharmabog.hu\/wp-content\/uploads\/2025\/07\/OMS2380_da_sotto-2.jpeg\",\"contentUrl\":\"https:\/\/pharmabog.hu\/wp-content\/uploads\/2025\/07\/OMS2380_da_sotto-2.jpeg\"},{\"@type\":\"BreadcrumbList\",\"@id\":\"https:\/\/pharmabog.hu\/fogaszati-mikroszkop\/#breadcrumb\",\"itemListElement\":[{\"@type\":\"ListItem\",\"position\":1,\"name\":\"Kezd\u0151lap\",\"item\":\"https:\/\/pharmabog.hu\/\"},{\"@type\":\"ListItem\",\"position\":2,\"name\":\"Fog\u00e1szati mikroszk\u00f3p\"}]},{\"@type\":\"WebSite\",\"@id\":\"https:\/\/pharmabog.hu\/#website\",\"url\":\"https:\/\/pharmabog.hu\/\",\"name\":\"Pharmabog Kft. - Fog\u00e1szati kezel\u0151egys\u00e9g\",\"description\":\"\",\"publisher\":{\"@id\":\"https:\/\/pharmabog.hu\/#organization\"},\"potentialAction\":[{\"@type\":\"SearchAction\",\"target\":{\"@type\":\"EntryPoint\",\"urlTemplate\":\"https:\/\/pharmabog.hu\/?s={search_term_string}\"},\"query-input\":{\"@type\":\"PropertyValueSpecification\",\"valueRequired\":true,\"valueName\":\"search_term_string\"}}],\"inLanguage\":\"de\"},{\"@type\":\"Organization\",\"@id\":\"https:\/\/pharmabog.hu\/#organization\",\"name\":\"Pharmabog Kft. - Fog\u00e1szati kezel\u0151egys\u00e9g\",\"url\":\"https:\/\/pharmabog.hu\/\",\"logo\":{\"@type\":\"ImageObject\",\"inLanguage\":\"de\",\"@id\":\"https:\/\/pharmabog.hu\/#\/schema\/logo\/image\/\",\"url\":\"https:\/\/pharmabog.hu\/wp-content\/uploads\/2025\/07\/cropped-logo-16-e1644481099702-4.png\",\"contentUrl\":\"https:\/\/pharmabog.hu\/wp-content\/uploads\/2025\/07\/cropped-logo-16-e1644481099702-4.png\",\"width\":296,\"height\":87,\"caption\":\"Pharmabog Kft. - Fog\u00e1szati kezel\u0151egys\u00e9g\"},\"image\":{\"@id\":\"https:\/\/pharmabog.hu\/#\/schema\/logo\/image\/\"},\"sameAs\":[\"https:\/\/www.facebook.com\/pharmabog.hu\"]}]}<\/script>\n<!-- \/ Yoast SEO plugin. -->","yoast_head_json":{"title":"Fog\u00e1szati mikroszk\u00f3p - Pharmabog Kft. - Fog\u00e1szati kezel\u0151egys\u00e9g","robots":{"index":"index","follow":"follow","max-snippet":"max-snippet:-1","max-image-preview":"max-image-preview:large","max-video-preview":"max-video-preview:-1"},"canonical":"https:\/\/pharmabog.hu\/de\/fogaszati-mikroszkop\/","og_locale":"de_DE","og_type":"article","og_title":"Fog\u00e1szati mikroszk\u00f3p - Pharmabog Kft. - Fog\u00e1szati kezel\u0151egys\u00e9g","og_description":"Fog\u00e1szati mikroszk\u00f3p ZUMAX OMS2380 FOG\u00c1SZATI MIKROSZK\u00d3P \u2013 Folyamatosan v\u00e1ltoztathat\u00f3 nagy\u00edt\u00e1s ( nem l\u00e9p\u00e9senk\u00e9nt!)\u2013 LED vil\u00e1g\u00edt\u00e1s: 90.000 LUX\u2013 Integr\u00e1lt Full HD kamera\u2013 0-180 fokban d\u00f6nthet\u0151 binokul\u00e1ris cs\u0151\u2013 Variolencse 200-450mm f\u00f3kuszt\u00e1vols\u00e1ggal (a legjobb a piacon)\u2013 Gurul\u00f3s kivite,l f\u00e9kezhet\u0151 kerekekkel\u00a0\u00c1r: 21.000.- \u20ac + 27% \u00c1fa = 26.670.-\u20ac-t\u00f3l el\u00e9rhet\u0151.","og_url":"https:\/\/pharmabog.hu\/de\/fogaszati-mikroszkop\/","og_site_name":"Pharmabog Kft. - Fog\u00e1szati kezel\u0151egys\u00e9g","article_publisher":"https:\/\/www.facebook.com\/pharmabog.hu","article_modified_time":"2025-07-22T13:45:22+00:00","og_image":[{"width":800,"height":800,"url":"https:\/\/pharmabog.hu\/wp-content\/uploads\/2025\/07\/OMS2380_da_sotto-2.jpeg","type":"image\/jpeg"}],"twitter_card":"summary_large_image","schema":{"@context":"https:\/\/schema.org","@graph":[{"@type":"WebPage","@id":"https:\/\/pharmabog.hu\/fogaszati-mikroszkop\/","url":"https:\/\/pharmabog.hu\/fogaszati-mikroszkop\/","name":"Fog\u00e1szati mikroszk\u00f3p - Pharmabog Kft. - Fog\u00e1szati kezel\u0151egys\u00e9g","isPartOf":{"@id":"https:\/\/pharmabog.hu\/#website"},"primaryImageOfPage":{"@id":"https:\/\/pharmabog.hu\/fogaszati-mikroszkop\/#primaryimage"},"image":{"@id":"https:\/\/pharmabog.hu\/fogaszati-mikroszkop\/#primaryimage"},"thumbnailUrl":"https:\/\/pharmabog.hu\/wp-content\/uploads\/2025\/07\/OMS2380_da_sotto-2.jpeg","datePublished":"2025-07-22T13:24:03+00:00","dateModified":"2025-07-22T13:45:22+00:00","breadcrumb":{"@id":"https:\/\/pharmabog.hu\/fogaszati-mikroszkop\/#breadcrumb"},"inLanguage":"de","potentialAction":[{"@type":"ReadAction","target":["https:\/\/pharmabog.hu\/fogaszati-mikroszkop\/"]}]},{"@type":"ImageObject","inLanguage":"de","@id":"https:\/\/pharmabog.hu\/fogaszati-mikroszkop\/#primaryimage","url":"https:\/\/pharmabog.hu\/wp-content\/uploads\/2025\/07\/OMS2380_da_sotto-2.jpeg","contentUrl":"https:\/\/pharmabog.hu\/wp-content\/uploads\/2025\/07\/OMS2380_da_sotto-2.jpeg"},{"@type":"BreadcrumbList","@id":"https:\/\/pharmabog.hu\/fogaszati-mikroszkop\/#breadcrumb","itemListElement":[{"@type":"ListItem","position":1,"name":"Kezd\u0151lap","item":"https:\/\/pharmabog.hu\/"},{"@type":"ListItem","position":2,"name":"Fog\u00e1szati mikroszk\u00f3p"}]},{"@type":"WebSite","@id":"https:\/\/pharmabog.hu\/#website","url":"https:\/\/pharmabog.hu\/","name":"Pharmabog Ltd. - Zahnbehandlungseinheit","description":"","publisher":{"@id":"https:\/\/pharmabog.hu\/#organization"},"potentialAction":[{"@type":"SearchAction","target":{"@type":"EntryPoint","urlTemplate":"https:\/\/pharmabog.hu\/?s={search_term_string}"},"query-input":{"@type":"PropertyValueSpecification","valueRequired":true,"valueName":"search_term_string"}}],"inLanguage":"de"},{"@type":"Organization","@id":"https:\/\/pharmabog.hu\/#organization","name":"Pharmabog Ltd. - Zahnbehandlungseinheit","url":"https:\/\/pharmabog.hu\/","logo":{"@type":"ImageObject","inLanguage":"de","@id":"https:\/\/pharmabog.hu\/#\/schema\/logo\/image\/","url":"https:\/\/pharmabog.hu\/wp-content\/uploads\/2025\/07\/cropped-logo-16-e1644481099702-4.png","contentUrl":"https:\/\/pharmabog.hu\/wp-content\/uploads\/2025\/07\/cropped-logo-16-e1644481099702-4.png","width":296,"height":87,"caption":"Pharmabog Kft. - Fog\u00e1szati kezel\u0151egys\u00e9g"},"image":{"@id":"https:\/\/pharmabog.hu\/#\/schema\/logo\/image\/"},"sameAs":["https:\/\/www.facebook.com\/pharmabog.hu"]}]}},"_links":{"self":[{"href":"https:\/\/pharmabog.hu\/de\/wp-json\/wp\/v2\/pages\/632","targetHints":{"allow":["GET"]}}],"collection":[{"href":"https:\/\/pharmabog.hu\/de\/wp-json\/wp\/v2\/pages"}],"about":[{"href":"https:\/\/pharmabog.hu\/de\/wp-json\/wp\/v2\/types\/page"}],"author":[{"embeddable":true,"href":"https:\/\/pharmabog.hu\/de\/wp-json\/wp\/v2\/users\/1"}],"replies":[{"embeddable":true,"href":"https:\/\/pharmabog.hu\/de\/wp-json\/wp\/v2\/comments?post=632"}],"version-history":[{"count":4,"href":"https:\/\/pharmabog.hu\/de\/wp-json\/wp\/v2\/pages\/632\/revisions"}],"predecessor-version":[{"id":677,"href":"https:\/\/pharmabog.hu\/de\/wp-json\/wp\/v2\/pages\/632\/revisions\/677"}],"wp:attachment":[{"href":"https:\/\/pharmabog.hu\/de\/wp-json\/wp\/v2\/media?parent=632"}],"curies":[{"name":"wp","href":"https:\/\/api.w.org\/{rel}","templated":true}]}}