{"id":190,"date":"2025-07-22T10:09:18","date_gmt":"2025-07-22T10:09:18","guid":{"rendered":"https:\/\/pharmabog.hu\/?page_id=190"},"modified":"2025-07-22T10:10:02","modified_gmt":"2025-07-22T10:10:02","slug":"a-pharmabog-kft-eszkozkorszerusitesi-projektje","status":"publish","type":"page","link":"https:\/\/pharmabog.hu\/de\/a-pharmabog-kft-eszkozkorszerusitesi-projektje\/","title":{"rendered":"Modernisierungsprojekt der Ausr\u00fcstung von Pharmabog Kft."},"content":{"rendered":"<div data-elementor-type=\"wp-page\" data-elementor-id=\"190\" class=\"elementor elementor-190\" data-elementor-post-type=\"page\">\n\t\t\t\t<div class=\"elementor-element elementor-element-6b161c1 e-flex e-con-boxed e-con e-parent\" data-id=\"6b161c1\" data-element_type=\"container\" data-settings=\"{&quot;background_background&quot;:&quot;classic&quot;}\">\n\t\t\t\t\t<div class=\"e-con-inner\">\n\t\t\t\t\t<\/div>\n\t\t\t\t<\/div>\n\t\t<div class=\"elementor-element elementor-element-9da54bb e-flex e-con-boxed e-con e-parent\" data-id=\"9da54bb\" data-element_type=\"container\">\n\t\t\t\t\t<div class=\"e-con-inner\">\n\t\t\t\t<div class=\"elementor-element elementor-element-ca1e856 elementor-widget elementor-widget-text-editor\" data-id=\"ca1e856\" data-element_type=\"widget\" data-widget_type=\"text-editor.default\">\n\t\t\t\t\t\t\t\t\t<p><strong>Unser Unternehmen erhielt Unterst\u00fctzung im Rahmen des Antrags mit dem Titel \u201eProjekt zur Modernisierung der Ausr\u00fcstung der Pharmabog Kft.\u201d mit der Kennnummer GINOP-1.2.9-20-2021-04277. Das Projekt wurde durch einen r\u00fcckzahlbaren Zuschuss aus dem Europ\u00e4ischen Fonds f\u00fcr regionale Entwicklung und durch Mittel aus dem nationalen Staatshaushalt finanziert.<\/strong><\/p><p><strong>\u00a0<\/strong><\/p><p><strong>H\u00d6HE DER UNTERST\u00dcTZUNG: 9.976.501,- HUF<\/strong><\/p><p><strong>INTENSIT\u00c4T: 70%<\/strong><\/p><p><strong>TATS\u00c4CHLICHE FERTIGSTELLUNG: 28.07.2022.<\/strong><\/p><p><strong>\u00a0<\/strong><\/p><p>Mit der Umsetzung des Projekts haben wir zwei Apple MBP 13.3 Laptops, eine Fluke 451P Ionisationskammer und einen TCM FTB 14 Frontstapler f\u00fcr unser Unternehmen erworben.<\/p><p>Der Frontstapler erleichtert die Logistik unseres Lagers, da das Gewicht der von uns verkauften R\u00f6ntgenger\u00e4te und Bedieneinheiten oft 60\u2013100 kg erreicht oder sogar \u00fcbersteigt. Diese Paletten konnten vor der Anschaffung nicht mit den vorhandenen Sackkarren bewegt werden.<\/p><p>Wir m\u00f6chten eine Fluke 451P Ionisationskammer von Medirex erwerben. Gem\u00e4\u00df der neuen Verordnung der ungarischen Atomenergiebeh\u00f6rde (OAE) sind alle Unternehmen, die R\u00f6ntgenanlagen installieren, verpflichtet, nach der Installation die Streustrahlung der R\u00f6ntgenstrahlen mit einer Ionisationskammer geeigneter Leistung zu messen und die Ergebnisse der Beh\u00f6rde zu melden. Mit dem Kauf haben wir diese Verpflichtung erf\u00fcllt.<\/p><p>Die veralteten Laptops unseres Unternehmens waren in unserer Zentrale sehr langsam, da unsere Software auf dem Macintosh-System l\u00e4uft. Die neuen Laptops sind f\u00fcr unsere Kollegen eine gro\u00dfe Hilfe, da sie die Nutzung von Datenbanken und Programmen auf den Laptops deutlich vereinfachen.<\/p><p>Durch die Implementierung der Anwendung wurde unser Unternehmen modernisiert, seine Kapazit\u00e4ten erweitert, unsere Marktposition verbessert und unsere Ertragskraft gesteigert.<\/p>\t\t\t\t\t\t\t\t<\/div>\n\t\t\t\t\t<\/div>\n\t\t\t\t<\/div>\n\t\t\t\t<\/div>","protected":false},"excerpt":{"rendered":"<p>A \u201eA Pharmabog Kft eszk\u00f6zkorszer\u0171s\u00edt\u00e9si projektje\u201d c\u00edm\u0171, GINOP-1.2.9-20-2021-04277 k\u00f3dsz\u00e1m\u00fa p\u00e1ly\u00e1zatban v\u00e1llalkoz\u00e1sunk t\u00e1mogat\u00e1sban r\u00e9szes\u00fclt. A projekt finansz\u00edroz\u00e1sa\u00a0az\u00a0Eur\u00f3pai Region\u00e1lis Fejleszt\u00e9si Alapb\u00f3l\u00a0\u00e9s a\u00a0hazai k\u00f6zponti k\u00f6lts\u00e9gvet\u00e9si el\u0151ir\u00e1nyzatb\u00f3l\u00a0 visszat\u00e9r\u00edtend\u0151 t\u00e1mogat\u00e1s form\u00e1j\u00e1ban t\u00f6rt\u00e9nt. \u00a0 T\u00c1MOGAT\u00c1S \u00d6SSZEGE:\u00a0\u00a0\u00a0\u00a0\u00a0\u00a0\u00a0 9\u00a0976 501.- Ft INTENZIT\u00c1S:\u00a0\u00a0\u00a0\u00a0\u00a0\u00a0\u00a0\u00a0\u00a0\u00a0\u00a0\u00a0\u00a0\u00a0\u00a0\u00a0\u00a0\u00a0\u00a0\u00a0\u00a0\u00a0\u00a0\u00a0\u00a0\u00a0 70% T\u00c9NYLEGES BEFEJEZ\u00c9S:\u00a0\u00a0\u00a0\u00a0\u00a0 2022.07.28. \u00a0 A projekt megval\u00f3s\u00edt\u00e1s\u00e1val k\u00e9t Apple MBP 13,3 laptopot, egy Fluke 451P ioniz\u00e1ci\u00f3s kamr\u00e1t, valamint egy TCM [&hellip;]<\/p>","protected":false},"author":1,"featured_media":0,"parent":0,"menu_order":0,"comment_status":"closed","ping_status":"closed","template":"","meta":{"footnotes":""},"class_list":["post-190","page","type-page","status-publish","hentry"],"yoast_head":"<!-- This site is optimized with the Yoast SEO plugin v25.5 - https:\/\/yoast.com\/wordpress\/plugins\/seo\/ -->\n<title>A Pharmabog Kft. eszk\u00f6zkorszer\u0171s\u00edt\u00e9si projektje - Pharmabog Kft. - Fog\u00e1szati kezel\u0151egys\u00e9g<\/title>\n<meta name=\"robots\" content=\"index, follow, max-snippet:-1, max-image-preview:large, max-video-preview:-1\" \/>\n<link rel=\"canonical\" href=\"https:\/\/pharmabog.hu\/de\/a-pharmabog-kft-eszkozkorszerusitesi-projektje\/\" \/>\n<meta property=\"og:locale\" content=\"de_DE\" \/>\n<meta property=\"og:type\" content=\"article\" \/>\n<meta property=\"og:title\" content=\"A Pharmabog Kft. eszk\u00f6zkorszer\u0171s\u00edt\u00e9si projektje - Pharmabog Kft. - Fog\u00e1szati kezel\u0151egys\u00e9g\" \/>\n<meta property=\"og:description\" content=\"A \u201eA Pharmabog Kft eszk\u00f6zkorszer\u0171s\u00edt\u00e9si projektje\u201d c\u00edm\u0171, GINOP-1.2.9-20-2021-04277 k\u00f3dsz\u00e1m\u00fa p\u00e1ly\u00e1zatban v\u00e1llalkoz\u00e1sunk t\u00e1mogat\u00e1sban r\u00e9szes\u00fclt. A projekt finansz\u00edroz\u00e1sa\u00a0az\u00a0Eur\u00f3pai Region\u00e1lis Fejleszt\u00e9si Alapb\u00f3l\u00a0\u00e9s a\u00a0hazai k\u00f6zponti k\u00f6lts\u00e9gvet\u00e9si el\u0151ir\u00e1nyzatb\u00f3l\u00a0 visszat\u00e9r\u00edtend\u0151 t\u00e1mogat\u00e1s form\u00e1j\u00e1ban t\u00f6rt\u00e9nt. \u00a0 T\u00c1MOGAT\u00c1S \u00d6SSZEGE:\u00a0\u00a0\u00a0\u00a0\u00a0\u00a0\u00a0 9\u00a0976 501.- Ft INTENZIT\u00c1S:\u00a0\u00a0\u00a0\u00a0\u00a0\u00a0\u00a0\u00a0\u00a0\u00a0\u00a0\u00a0\u00a0\u00a0\u00a0\u00a0\u00a0\u00a0\u00a0\u00a0\u00a0\u00a0\u00a0\u00a0\u00a0\u00a0 70% T\u00c9NYLEGES BEFEJEZ\u00c9S:\u00a0\u00a0\u00a0\u00a0\u00a0 2022.07.28. \u00a0 A projekt megval\u00f3s\u00edt\u00e1s\u00e1val k\u00e9t Apple MBP 13,3 laptopot, egy Fluke 451P ioniz\u00e1ci\u00f3s kamr\u00e1t, valamint egy TCM [&hellip;]\" \/>\n<meta property=\"og:url\" content=\"https:\/\/pharmabog.hu\/de\/a-pharmabog-kft-eszkozkorszerusitesi-projektje\/\" \/>\n<meta property=\"og:site_name\" content=\"Pharmabog Kft. - Fog\u00e1szati kezel\u0151egys\u00e9g\" \/>\n<meta property=\"article:publisher\" content=\"https:\/\/www.facebook.com\/pharmabog.hu\" \/>\n<meta property=\"article:modified_time\" content=\"2025-07-22T10:10:02+00:00\" \/>\n<meta name=\"twitter:card\" content=\"summary_large_image\" \/>\n<meta name=\"twitter:label1\" content=\"Gesch\u00e4tzte Lesezeit\" \/>\n\t<meta name=\"twitter:data1\" content=\"2\u00a0Minuten\" \/>\n<script type=\"application\/ld+json\" class=\"yoast-schema-graph\">{\"@context\":\"https:\/\/schema.org\",\"@graph\":[{\"@type\":\"WebPage\",\"@id\":\"https:\/\/pharmabog.hu\/a-pharmabog-kft-eszkozkorszerusitesi-projektje\/\",\"url\":\"https:\/\/pharmabog.hu\/a-pharmabog-kft-eszkozkorszerusitesi-projektje\/\",\"name\":\"A Pharmabog Kft. eszk\u00f6zkorszer\u0171s\u00edt\u00e9si projektje - Pharmabog Kft. - Fog\u00e1szati kezel\u0151egys\u00e9g\",\"isPartOf\":{\"@id\":\"https:\/\/pharmabog.hu\/#website\"},\"datePublished\":\"2025-07-22T10:09:18+00:00\",\"dateModified\":\"2025-07-22T10:10:02+00:00\",\"breadcrumb\":{\"@id\":\"https:\/\/pharmabog.hu\/a-pharmabog-kft-eszkozkorszerusitesi-projektje\/#breadcrumb\"},\"inLanguage\":\"de\",\"potentialAction\":[{\"@type\":\"ReadAction\",\"target\":[\"https:\/\/pharmabog.hu\/a-pharmabog-kft-eszkozkorszerusitesi-projektje\/\"]}]},{\"@type\":\"BreadcrumbList\",\"@id\":\"https:\/\/pharmabog.hu\/a-pharmabog-kft-eszkozkorszerusitesi-projektje\/#breadcrumb\",\"itemListElement\":[{\"@type\":\"ListItem\",\"position\":1,\"name\":\"Kezd\u0151lap\",\"item\":\"https:\/\/pharmabog.hu\/\"},{\"@type\":\"ListItem\",\"position\":2,\"name\":\"A Pharmabog Kft. eszk\u00f6zkorszer\u0171s\u00edt\u00e9si projektje\"}]},{\"@type\":\"WebSite\",\"@id\":\"https:\/\/pharmabog.hu\/#website\",\"url\":\"https:\/\/pharmabog.hu\/\",\"name\":\"Pharmabog Kft. - Fog\u00e1szati kezel\u0151egys\u00e9g\",\"description\":\"\",\"publisher\":{\"@id\":\"https:\/\/pharmabog.hu\/#organization\"},\"potentialAction\":[{\"@type\":\"SearchAction\",\"target\":{\"@type\":\"EntryPoint\",\"urlTemplate\":\"https:\/\/pharmabog.hu\/?s={search_term_string}\"},\"query-input\":{\"@type\":\"PropertyValueSpecification\",\"valueRequired\":true,\"valueName\":\"search_term_string\"}}],\"inLanguage\":\"de\"},{\"@type\":\"Organization\",\"@id\":\"https:\/\/pharmabog.hu\/#organization\",\"name\":\"Pharmabog Kft. - Fog\u00e1szati kezel\u0151egys\u00e9g\",\"url\":\"https:\/\/pharmabog.hu\/\",\"logo\":{\"@type\":\"ImageObject\",\"inLanguage\":\"de\",\"@id\":\"https:\/\/pharmabog.hu\/#\/schema\/logo\/image\/\",\"url\":\"https:\/\/pharmabog.hu\/wp-content\/uploads\/2025\/07\/cropped-logo-16-e1644481099702-4.png\",\"contentUrl\":\"https:\/\/pharmabog.hu\/wp-content\/uploads\/2025\/07\/cropped-logo-16-e1644481099702-4.png\",\"width\":296,\"height\":87,\"caption\":\"Pharmabog Kft. - Fog\u00e1szati kezel\u0151egys\u00e9g\"},\"image\":{\"@id\":\"https:\/\/pharmabog.hu\/#\/schema\/logo\/image\/\"},\"sameAs\":[\"https:\/\/www.facebook.com\/pharmabog.hu\"]}]}<\/script>\n<!-- \/ Yoast SEO plugin. -->","yoast_head_json":{"title":"A Pharmabog Kft. eszk\u00f6zkorszer\u0171s\u00edt\u00e9si projektje - Pharmabog Kft. - Fog\u00e1szati kezel\u0151egys\u00e9g","robots":{"index":"index","follow":"follow","max-snippet":"max-snippet:-1","max-image-preview":"max-image-preview:large","max-video-preview":"max-video-preview:-1"},"canonical":"https:\/\/pharmabog.hu\/de\/a-pharmabog-kft-eszkozkorszerusitesi-projektje\/","og_locale":"de_DE","og_type":"article","og_title":"A Pharmabog Kft. eszk\u00f6zkorszer\u0171s\u00edt\u00e9si projektje - Pharmabog Kft. - Fog\u00e1szati kezel\u0151egys\u00e9g","og_description":"A \u201eA Pharmabog Kft eszk\u00f6zkorszer\u0171s\u00edt\u00e9si projektje\u201d c\u00edm\u0171, GINOP-1.2.9-20-2021-04277 k\u00f3dsz\u00e1m\u00fa p\u00e1ly\u00e1zatban v\u00e1llalkoz\u00e1sunk t\u00e1mogat\u00e1sban r\u00e9szes\u00fclt. A projekt finansz\u00edroz\u00e1sa\u00a0az\u00a0Eur\u00f3pai Region\u00e1lis Fejleszt\u00e9si Alapb\u00f3l\u00a0\u00e9s a\u00a0hazai k\u00f6zponti k\u00f6lts\u00e9gvet\u00e9si el\u0151ir\u00e1nyzatb\u00f3l\u00a0 visszat\u00e9r\u00edtend\u0151 t\u00e1mogat\u00e1s form\u00e1j\u00e1ban t\u00f6rt\u00e9nt. \u00a0 T\u00c1MOGAT\u00c1S \u00d6SSZEGE:\u00a0\u00a0\u00a0\u00a0\u00a0\u00a0\u00a0 9\u00a0976 501.- Ft INTENZIT\u00c1S:\u00a0\u00a0\u00a0\u00a0\u00a0\u00a0\u00a0\u00a0\u00a0\u00a0\u00a0\u00a0\u00a0\u00a0\u00a0\u00a0\u00a0\u00a0\u00a0\u00a0\u00a0\u00a0\u00a0\u00a0\u00a0\u00a0 70% T\u00c9NYLEGES BEFEJEZ\u00c9S:\u00a0\u00a0\u00a0\u00a0\u00a0 2022.07.28. \u00a0 A projekt megval\u00f3s\u00edt\u00e1s\u00e1val k\u00e9t Apple MBP 13,3 laptopot, egy Fluke 451P ioniz\u00e1ci\u00f3s kamr\u00e1t, valamint egy TCM [&hellip;]","og_url":"https:\/\/pharmabog.hu\/de\/a-pharmabog-kft-eszkozkorszerusitesi-projektje\/","og_site_name":"Pharmabog Kft. - Fog\u00e1szati kezel\u0151egys\u00e9g","article_publisher":"https:\/\/www.facebook.com\/pharmabog.hu","article_modified_time":"2025-07-22T10:10:02+00:00","twitter_card":"summary_large_image","twitter_misc":{"Gesch\u00e4tzte Lesezeit":"2\u00a0Minuten"},"schema":{"@context":"https:\/\/schema.org","@graph":[{"@type":"WebPage","@id":"https:\/\/pharmabog.hu\/a-pharmabog-kft-eszkozkorszerusitesi-projektje\/","url":"https:\/\/pharmabog.hu\/a-pharmabog-kft-eszkozkorszerusitesi-projektje\/","name":"A Pharmabog Kft. eszk\u00f6zkorszer\u0171s\u00edt\u00e9si projektje - Pharmabog Kft. - Fog\u00e1szati kezel\u0151egys\u00e9g","isPartOf":{"@id":"https:\/\/pharmabog.hu\/#website"},"datePublished":"2025-07-22T10:09:18+00:00","dateModified":"2025-07-22T10:10:02+00:00","breadcrumb":{"@id":"https:\/\/pharmabog.hu\/a-pharmabog-kft-eszkozkorszerusitesi-projektje\/#breadcrumb"},"inLanguage":"de","potentialAction":[{"@type":"ReadAction","target":["https:\/\/pharmabog.hu\/a-pharmabog-kft-eszkozkorszerusitesi-projektje\/"]}]},{"@type":"BreadcrumbList","@id":"https:\/\/pharmabog.hu\/a-pharmabog-kft-eszkozkorszerusitesi-projektje\/#breadcrumb","itemListElement":[{"@type":"ListItem","position":1,"name":"Kezd\u0151lap","item":"https:\/\/pharmabog.hu\/"},{"@type":"ListItem","position":2,"name":"A Pharmabog Kft. eszk\u00f6zkorszer\u0171s\u00edt\u00e9si projektje"}]},{"@type":"WebSite","@id":"https:\/\/pharmabog.hu\/#website","url":"https:\/\/pharmabog.hu\/","name":"Pharmabog Ltd. - Zahnbehandlungseinheit","description":"","publisher":{"@id":"https:\/\/pharmabog.hu\/#organization"},"potentialAction":[{"@type":"SearchAction","target":{"@type":"EntryPoint","urlTemplate":"https:\/\/pharmabog.hu\/?s={search_term_string}"},"query-input":{"@type":"PropertyValueSpecification","valueRequired":true,"valueName":"search_term_string"}}],"inLanguage":"de"},{"@type":"Organization","@id":"https:\/\/pharmabog.hu\/#organization","name":"Pharmabog Ltd. - Zahnbehandlungseinheit","url":"https:\/\/pharmabog.hu\/","logo":{"@type":"ImageObject","inLanguage":"de","@id":"https:\/\/pharmabog.hu\/#\/schema\/logo\/image\/","url":"https:\/\/pharmabog.hu\/wp-content\/uploads\/2025\/07\/cropped-logo-16-e1644481099702-4.png","contentUrl":"https:\/\/pharmabog.hu\/wp-content\/uploads\/2025\/07\/cropped-logo-16-e1644481099702-4.png","width":296,"height":87,"caption":"Pharmabog Kft. - Fog\u00e1szati kezel\u0151egys\u00e9g"},"image":{"@id":"https:\/\/pharmabog.hu\/#\/schema\/logo\/image\/"},"sameAs":["https:\/\/www.facebook.com\/pharmabog.hu"]}]}},"_links":{"self":[{"href":"https:\/\/pharmabog.hu\/de\/wp-json\/wp\/v2\/pages\/190","targetHints":{"allow":["GET"]}}],"collection":[{"href":"https:\/\/pharmabog.hu\/de\/wp-json\/wp\/v2\/pages"}],"about":[{"href":"https:\/\/pharmabog.hu\/de\/wp-json\/wp\/v2\/types\/page"}],"author":[{"embeddable":true,"href":"https:\/\/pharmabog.hu\/de\/wp-json\/wp\/v2\/users\/1"}],"replies":[{"embeddable":true,"href":"https:\/\/pharmabog.hu\/de\/wp-json\/wp\/v2\/comments?post=190"}],"version-history":[{"count":4,"href":"https:\/\/pharmabog.hu\/de\/wp-json\/wp\/v2\/pages\/190\/revisions"}],"predecessor-version":[{"id":195,"href":"https:\/\/pharmabog.hu\/de\/wp-json\/wp\/v2\/pages\/190\/revisions\/195"}],"wp:attachment":[{"href":"https:\/\/pharmabog.hu\/de\/wp-json\/wp\/v2\/media?parent=190"}],"curies":[{"name":"wp","href":"https:\/\/api.w.org\/{rel}","templated":true}]}}