{"id":176,"date":"2025-07-22T10:03:49","date_gmt":"2025-07-22T10:03:49","guid":{"rendered":"https:\/\/pharmabog.hu\/?page_id=176"},"modified":"2025-07-24T12:19:59","modified_gmt":"2025-07-24T12:19:59","slug":"palyazat","status":"publish","type":"page","link":"https:\/\/pharmabog.hu\/de\/palyazat\/","title":{"rendered":"Anwendung"},"content":{"rendered":"<div data-elementor-type=\"wp-page\" data-elementor-id=\"176\" class=\"elementor elementor-176\" data-elementor-post-type=\"page\">\n\t\t\t\t<div class=\"elementor-element elementor-element-533324ee e-flex e-con-boxed e-con e-parent\" data-id=\"533324ee\" data-element_type=\"container\" data-settings=\"{&quot;background_background&quot;:&quot;classic&quot;}\">\n\t\t\t\t\t<div class=\"e-con-inner\">\n\t\t\t\t\t<\/div>\n\t\t\t\t<\/div>\n\t\t<div class=\"elementor-element elementor-element-8d05283 e-flex e-con-boxed e-con e-parent\" data-id=\"8d05283\" data-element_type=\"container\">\n\t\t\t\t\t<div class=\"e-con-inner\">\n\t\t\t\t<div class=\"elementor-element elementor-element-fa0a2df elementor-widget__width-initial elementor-widget elementor-widget-text-editor\" data-id=\"fa0a2df\" data-element_type=\"widget\" data-widget_type=\"text-editor.default\">\n\t\t\t\t\t\t\t\t\t<div id=\"tm-heading-687f5fcb1dbd9\" class=\"tm-heading center tm-animation move-up animate\"><div class=\"heading\"><div id=\"tm-heading-687f60909c732\" class=\"tm-heading center tm-animation move-up animate\"><div id=\"tm-heading-687f614cd9c7f\" class=\"tm-heading center tm-animation move-up animate\"><div class=\"heading\">Vollst\u00e4ndiger Bewerbungsprozess<\/div><\/div><\/div><\/div><\/div>\t\t\t\t\t\t\t\t<\/div>\n\t\t\t\t<div class=\"elementor-element elementor-element-6e9d211 elementor-widget__width-initial elementor-invisible elementor-widget elementor-widget-heading\" data-id=\"6e9d211\" data-element_type=\"widget\" data-settings=\"{&quot;_animation&quot;:&quot;slideInUp&quot;}\" data-widget_type=\"heading.default\">\n\t\t\t\t\t<h3 class=\"elementor-heading-title elementor-size-default\">Anwendung<\/h3>\t\t\t\t<\/div>\n\t\t\t\t<div class=\"elementor-element elementor-element-16d3d8a elementor-widget elementor-widget-text-editor\" data-id=\"16d3d8a\" data-element_type=\"widget\" data-widget_type=\"text-editor.default\">\n\t\t\t\t\t\t\t\t\t<div style=\"text-align: center;\"><strong>Sehr geehrter Partner,<\/strong><\/div><div style=\"text-align: center;\"><strong>\u00a0<\/strong><\/div><div style=\"text-align: center;\"><strong>GINOP 1.2.4-24 ge\u00f6ffnet\u00a0<\/strong><strong>Ausschreibung zur Beschaffung von Ausr\u00fcstung,<\/strong><\/div><div style=\"text-align: center;\"><strong>innerhalb dessen - abh\u00e4ngig von der Region-\u00a0<em>50% R\u00fcckseite<\/em>\u00a0Es wird Unterst\u00fctzung angeboten, die nicht erstattet wird!<\/strong><\/div><div style=\"text-align: center;\"><strong>\u00a0<\/strong><\/div><div style=\"text-align: center;\"><strong>Unser Unternehmen \u00fcbernimmt die vollst\u00e4ndige Umsetzung des Projekts:<br \/><em>\u2013 Bewerbungsschreiben<\/em><br \/><em>\u2013 Ausr\u00fcstungsbeschaffung<\/em><br \/><em>- nachverfolgen.<\/em><\/strong><\/div><div style=\"text-align: center;\"><strong>\u00dcber die Werkzeuge und Maschinen auf unserer Website\u00a0<a href=\"http:\/\/pharmabog.hu\/de\/\" target=\"_blank\" rel=\"noopener\" data-saferedirecturl=\"https:\/\/www.google.com\/url?q=http:\/\/pharmabog.hu\/&amp;source=gmail&amp;ust=1637523193474000&amp;usg=AOvVaw2RhYsxhm13lo9Jvwx5UVu9\">pharmabog.hu<\/a>\u00a0<\/strong><\/div><div style=\"text-align: center;\"><strong>Oder rufen Sie 06-30 9488 151 an, um weitere Informationen zu erhalten.<\/strong><\/div><div style=\"text-align: center;\"><strong>\u00a0<\/strong><\/div><div><div title=\"Seite 1\"><div><div><p style=\"text-align: center;\"><strong>Wir f\u00fcgen eine kurze Zusammenfassung bei.<\/strong><\/p><p style=\"text-align: center;\"><strong>WIR ERWARTEN IHRE BEWERBUNGEN!<br \/><\/strong><strong>06-30-9488-151<\/strong><strong><br \/><\/strong>Beste gr\u00fc\u00dfe:<br \/>Tam\u00e1s Bogd\u00e1n \u2013 Pharmabog Ltd.<\/p><p style=\"text-align: center;\"><strong>Anlagen:<\/strong><\/p><\/div><\/div><\/div><\/div>\t\t\t\t\t\t\t\t<\/div>\n\t\t\t\t<div class=\"elementor-element elementor-element-316d011 elementor-widget elementor-widget-image\" data-id=\"316d011\" data-element_type=\"widget\" data-widget_type=\"image.default\">\n\t\t\t\t\t\t\t\t\t\t\t\t\t\t\t<img fetchpriority=\"high\" decoding=\"async\" width=\"1170\" height=\"1655\" src=\"https:\/\/pharmabog.hu\/wp-content\/uploads\/2025\/07\/letoltes-37.png\" class=\"attachment-full size-full wp-image-178\" alt=\"\" srcset=\"https:\/\/pharmabog.hu\/wp-content\/uploads\/2025\/07\/letoltes-37.png 1170w, https:\/\/pharmabog.hu\/wp-content\/uploads\/2025\/07\/letoltes-37-600x849.png 600w, https:\/\/pharmabog.hu\/wp-content\/uploads\/2025\/07\/letoltes-37-212x300.png 212w, https:\/\/pharmabog.hu\/wp-content\/uploads\/2025\/07\/letoltes-37-724x1024.png 724w, https:\/\/pharmabog.hu\/wp-content\/uploads\/2025\/07\/letoltes-37-768x1086.png 768w, https:\/\/pharmabog.hu\/wp-content\/uploads\/2025\/07\/letoltes-37-1086x1536.png 1086w\" sizes=\"(max-width: 1170px) 100vw, 1170px\" \/>\t\t\t\t\t\t\t\t\t\t\t\t\t\t\t<\/div>\n\t\t\t\t<div class=\"elementor-element elementor-element-d2c6dde elementor-widget elementor-widget-spacer\" data-id=\"d2c6dde\" data-element_type=\"widget\" data-widget_type=\"spacer.default\">\n\t\t\t\t\t\t\t<div class=\"elementor-spacer\">\n\t\t\t<div class=\"elementor-spacer-inner\"><\/div>\n\t\t<\/div>\n\t\t\t\t\t\t<\/div>\n\t\t\t\t<div class=\"elementor-element elementor-element-9add440 elementor-widget elementor-widget-text-editor\" data-id=\"9add440\" data-element_type=\"widget\" data-widget_type=\"text-editor.default\">\n\t\t\t\t\t\t\t\t\t<p><a href=\"\/wp-content\/uploads\/2025\/07\/Szabad-vallalkozasi-zonak.pdf\">Siedlungsliste<\/a><\/p>\t\t\t\t\t\t\t\t<\/div>\n\t\t\t\t\t<\/div>\n\t\t\t\t<\/div>\n\t\t<div class=\"elementor-element elementor-element-6532b27 e-flex e-con-boxed e-con e-parent\" data-id=\"6532b27\" data-element_type=\"container\" data-settings=\"{&quot;background_background&quot;:&quot;classic&quot;}\">\n\t\t\t\t\t<div class=\"e-con-inner\">\n\t\t<div class=\"elementor-element elementor-element-1b964e67 e-con-full e-flex elementor-invisible e-con e-child\" data-id=\"1b964e67\" data-element_type=\"container\" data-settings=\"{&quot;animation&quot;:&quot;slideInLeft&quot;}\">\n\t\t\t\t<div class=\"elementor-element elementor-element-31f3c231 elementor-invisible elementor-widget elementor-widget-heading\" data-id=\"31f3c231\" data-element_type=\"widget\" data-settings=\"{&quot;_animation&quot;:&quot;slideInUp&quot;}\" data-widget_type=\"heading.default\">\n\t\t\t\t\t<h3 class=\"elementor-heading-title elementor-size-default\">Kontaktieren Sie uns!<\/h3>\t\t\t\t<\/div>\n\t\t\t\t<div class=\"elementor-element elementor-element-491acf43 elementor-widget__width-initial elementor-widget elementor-widget-text-editor\" data-id=\"491acf43\" data-element_type=\"widget\" data-widget_type=\"text-editor.default\">\n\t\t\t\t\t\t\t\t\t<p>Wenn Sie Fragen oder Anmerkungen haben oder Informationen zu einem bestimmten Thema w\u00fcnschen, f\u00fcllen Sie bitte das untenstehende Formular aus. Wir werden uns dann mit Ihnen in Verbindung setzen! Vielen Dank!<\/p>\t\t\t\t\t\t\t\t<\/div>\n\t\t\t\t<div class=\"elementor-element elementor-element-eb38b5d elementor-widget elementor-widget-shortcode\" data-id=\"eb38b5d\" data-element_type=\"widget\" data-widget_type=\"shortcode.default\">\n\t\t\t\t\t\t\t<div class=\"elementor-shortcode\"><div class=\"forminator-ui forminator-custom-form forminator-custom-form-160 forminator-design--default  forminator_ajax\" data-forminator-render=\"0\" data-form=\"forminator-module-160\" data-uid=\"69fa2d0b9b37e\"><br\/><\/div><form\n\t\t\t\tid=\"forminator-module-160\"\n\t\t\t\tclass=\"forminator-ui forminator-custom-form forminator-custom-form-160 forminator-design--default  forminator_ajax\"\n\t\t\t\tmethod=\"post\"\n\t\t\t\tdata-forminator-render=\"0\"\n\t\t\t\tdata-form-id=\"160\"\n\t\t\t\t\n\t\t\t\tdata-design=\"default\"\n\t\t\t\t\n\t\t\t\t\n\t\t\t\t\n\t\t\t\tdata-grid=\"open\"\n\t\t\t\t\n\t\t\t\t\n\t\t\t\tstyle=\"display: none;\"\n\t\t\t\t\n\t\t\t\tdata-uid=\"69fa2d0b9b37e\" action=\"\"\n\t\t\t><div role=\"alert\" aria-live=\"polite\" class=\"forminator-response-message forminator-error\" aria-hidden=\"true\"><\/div><div class=\"forminator-row\"><div id=\"name-1\" class=\"forminator-field-name forminator-col forminator-col-12\"><div class=\"forminator-field\"><label for=\"forminator-field-name-1_69fa2d0b9b37e\" id=\"forminator-field-name-1_69fa2d0b9b37e-label\" class=\"forminator-label\">Name <span class=\"forminator-required\">*<\/span><\/label><input type=\"text\" name=\"name-1\" value=\"\" placeholder=\"Vollst\u00e4ndiger Name\" id=\"forminator-field-name-1_69fa2d0b9b37e\" class=\"forminator-input forminator-name--field\" aria-required=\"true\" \/><\/div><\/div><\/div><div class=\"forminator-row\"><div id=\"email-1\" class=\"forminator-field-email forminator-col forminator-col-6\"><div class=\"forminator-field\"><label for=\"forminator-field-email-1_69fa2d0b9b37e\" id=\"forminator-field-email-1_69fa2d0b9b37e-label\" class=\"forminator-label\">E-Mail-Adresse <span class=\"forminator-required\">*<\/span><\/label><input type=\"email\" name=\"email-1\" value=\"\" placeholder=\"Geben Sie Ihre E-Mail-Adresse ein...\" id=\"forminator-field-email-1_69fa2d0b9b37e\" class=\"forminator-input forminator-email--field\" data-required=\"true\" aria-required=\"true\" \/><\/div><\/div><div id=\"phone-1\" class=\"forminator-field-phone forminator-col forminator-col-6\"><div class=\"forminator-field\"><label for=\"forminator-field-phone-1_69fa2d0b9b37e\" id=\"forminator-field-phone-1_69fa2d0b9b37e-label\" class=\"forminator-label\">Telefonnummer <span class=\"forminator-required\">*<\/span><\/label><input type=\"text\" name=\"phone-1\" value=\"\" placeholder=\"Geben Sie Ihre Telefonnummer ein...\" id=\"forminator-field-phone-1_69fa2d0b9b37e\" class=\"forminator-input forminator-field--phone\" data-required=\"1\" aria-required=\"true\" autocomplete=\"off\" \/><\/div><\/div><\/div><div class=\"forminator-row\"><div id=\"textarea-1\" class=\"forminator-field-textarea forminator-col forminator-col-12\"><div class=\"forminator-field\"><label for=\"forminator-field-textarea-1_69fa2d0b9b37e\" id=\"forminator-field-textarea-1_69fa2d0b9b37e-label\" class=\"forminator-label\">Nachricht <span class=\"forminator-required\">*<\/span><\/label><textarea name=\"textarea-1\" placeholder=\"Schreiben Sie hier Ihre Nachricht...\" id=\"forminator-field-textarea-1_69fa2d0b9b37e\" class=\"forminator-textarea\" rows=\"6\" style=\"min-height:140px;\" maxlength=\"180\" ><\/textarea><span id=\"forminator-field-textarea-1_69fa2d0b9b37e-description\" class=\"forminator-description\"><span data-limit=\"180\" data-type=\"characters\" data-editor=\"\">0 \/ 180<\/span><\/span><\/div><\/div><\/div><input type=\"hidden\" name=\"referer_url\" value=\"\" \/><div class=\"forminator-row forminator-row-last\"><div class=\"forminator-col\"><div class=\"forminator-field\"><button class=\"forminator-button forminator-button-submit\">Schicken<\/button><\/div><\/div><\/div><input type=\"hidden\" id=\"forminator_nonce\" name=\"forminator_nonce\" value=\"ab27bb596e\" \/><input type=\"hidden\" name=\"_wp_http_referer\" value=\"\/de\/wp-json\/wp\/v2\/pages\/176\" \/><input type=\"hidden\" name=\"form_id\" value=\"160\"><input type=\"hidden\" name=\"page_id\" value=\"176\"><input type=\"hidden\" name=\"form_type\" value=\"default\"><input type=\"hidden\" name=\"current_url\" value=\"https:\/\/pharmabog.hu\/de\/palyazat\/\"><input type=\"hidden\" name=\"render_id\" value=\"0\"><input type=\"hidden\" name=\"action\" value=\"forminator_submit_form_custom-forms\"><input type=\"hidden\" name=\"trp-form-language\" value=\"de\"\/><\/form><\/div>\n\t\t\t\t\t\t<\/div>\n\t\t\t\t<\/div>\n\t\t<div class=\"elementor-element elementor-element-7a520396 e-con-full e-flex elementor-invisible e-con e-child\" data-id=\"7a520396\" data-element_type=\"container\" data-settings=\"{&quot;background_background&quot;:&quot;classic&quot;,&quot;animation&quot;:&quot;slideInUp&quot;}\">\n\t\t\t\t<div class=\"elementor-element elementor-element-4f93d64 elementor-view-default elementor-position-top elementor-mobile-position-top elementor-widget elementor-widget-icon-box\" data-id=\"4f93d64\" data-element_type=\"widget\" data-widget_type=\"icon-box.default\">\n\t\t\t\t\t\t\t<div class=\"elementor-icon-box-wrapper\">\n\n\t\t\t\t\t\t<div class=\"elementor-icon-box-icon\">\n\t\t\t\t<span  class=\"elementor-icon\">\n\t\t\t\t<svg aria-hidden=\"true\" class=\"e-font-icon-svg e-fas-map-marker-alt\" viewbox=\"0 0 384 512\" xmlns=\"http:\/\/www.w3.org\/2000\/svg\"><path d=\"M172.268 501.67C26.97 291.031 0 269.413 0 192 0 85.961 85.961 0 192 0s192 85.961 192 192c0 77.413-26.97 99.031-172.268 309.67-9.535 13.774-29.93 13.773-39.464 0zM192 272c44.183 0 80-35.817 80-80s-35.817-80-80-80-80 35.817-80 80 35.817 80 80 80z\"><\/path><\/svg>\t\t\t\t<\/span>\n\t\t\t<\/div>\n\t\t\t\n\t\t\t\t\t\t<div class=\"elementor-icon-box-content\">\n\n\t\t\t\t\t\t\t\t\t<h3 class=\"elementor-icon-box-title\">\n\t\t\t\t\t\t<span  >\n\t\t\t\t\t\t\tBADACSONY STREET 15.\t\t\t\t\t\t<\/span>\n\t\t\t\t\t<\/h3>\n\t\t\t\t\n\t\t\t\t\t\t\t\t\t<p class=\"elementor-icon-box-description\">\n\t\t\t\t\t\t8640 FONYOD 3\t\t\t\t\t<\/p>\n\t\t\t\t\n\t\t\t<\/div>\n\t\t\t\n\t\t<\/div>\n\t\t\t\t\t\t<\/div>\n\t\t\t\t<div class=\"elementor-element elementor-element-ad5653b elementor-view-default elementor-position-top elementor-mobile-position-top elementor-widget elementor-widget-icon-box\" data-id=\"ad5653b\" data-element_type=\"widget\" data-widget_type=\"icon-box.default\">\n\t\t\t\t\t\t\t<div class=\"elementor-icon-box-wrapper\">\n\n\t\t\t\t\t\t<div class=\"elementor-icon-box-icon\">\n\t\t\t\t<span  class=\"elementor-icon\">\n\t\t\t\t<svg aria-hidden=\"true\" class=\"e-font-icon-svg e-fas-envelope\" viewbox=\"0 0 512 512\" xmlns=\"http:\/\/www.w3.org\/2000\/svg\"><path d=\"M502.3 190.8c3.9-3.1 9.7-.2 9.7 4.7V400c0 26.5-21.5 48-48 48H48c-26.5 0-48-21.5-48-48V195.6c0-5 5.7-7.8 9.7-4.7 22.4 17.4 52.1 39.5 154.1 113.6 21.1 15.4 56.7 47.8 92.2 47.6 35.7.3 72-32.8 92.3-47.6 102-74.1 131.6-96.3 154-113.7zM256 320c23.2.4 56.6-29.2 73.4-41.4 132.7-96.3 142.8-104.7 173.4-128.7 5.8-4.5 9.2-11.5 9.2-18.9v-19c0-26.5-21.5-48-48-48H48C21.5 64 0 85.5 0 112v19c0 7.4 3.4 14.3 9.2 18.9 30.6 23.9 40.7 32.4 173.4 128.7 16.8 12.2 50.2 41.8 73.4 41.4z\"><\/path><\/svg>\t\t\t\t<\/span>\n\t\t\t<\/div>\n\t\t\t\n\t\t\t\t\t\t<div class=\"elementor-icon-box-content\">\n\n\t\t\t\t\t\t\t\t\t<h3 class=\"elementor-icon-box-title\">\n\t\t\t\t\t\t<span  >\n\t\t\t\t\t\t\tpharmabog@gmail.com\t\t\t\t\t\t<\/span>\n\t\t\t\t\t<\/h3>\n\t\t\t\t\n\t\t\t\t\t\t\t\t\t<p class=\"elementor-icon-box-description\">\n\t\t\t\t\t\tSchreiben Sie uns jetzt eine E-Mail.\t\t\t\t\t<\/p>\n\t\t\t\t\n\t\t\t<\/div>\n\t\t\t\n\t\t<\/div>\n\t\t\t\t\t\t<\/div>\n\t\t\t\t<div class=\"elementor-element elementor-element-558f114 elementor-view-default elementor-position-top elementor-mobile-position-top elementor-widget elementor-widget-icon-box\" data-id=\"558f114\" data-element_type=\"widget\" data-widget_type=\"icon-box.default\">\n\t\t\t\t\t\t\t<div class=\"elementor-icon-box-wrapper\">\n\n\t\t\t\t\t\t<div class=\"elementor-icon-box-icon\">\n\t\t\t\t<span  class=\"elementor-icon\">\n\t\t\t\t<svg aria-hidden=\"true\" class=\"e-font-icon-svg e-fas-phone-alt\" viewbox=\"0 0 512 512\" xmlns=\"http:\/\/www.w3.org\/2000\/svg\"><path d=\"M497.39 361.8l-112-48a24 24 0 0 0-28 6.9l-49.6 60.6A370.66 370.66 0 0 1 130.6 204.11l60.6-49.6a23.94 23.94 0 0 0 6.9-28l-48-112A24.16 24.16 0 0 0 122.6.61l-104 24A24 24 0 0 0 0 48c0 256.5 207.9 464 464 464a24 24 0 0 0 23.4-18.6l24-104a24.29 24.29 0 0 0-14.01-27.6z\"><\/path><\/svg>\t\t\t\t<\/span>\n\t\t\t<\/div>\n\t\t\t\n\t\t\t\t\t\t<div class=\"elementor-icon-box-content\">\n\n\t\t\t\t\t\t\t\t\t<h3 class=\"elementor-icon-box-title\">\n\t\t\t\t\t\t<span  >\n\t\t\t\t\t\t\t06-30-9488-151\t\t\t\t\t\t<\/span>\n\t\t\t\t\t<\/h3>\n\t\t\t\t\n\t\t\t\t\t\t\t\t\t<p class=\"elementor-icon-box-description\">\n\t\t\t\t\t\tJetzt anrufen!\t\t\t\t\t<\/p>\n\t\t\t\t\n\t\t\t<\/div>\n\t\t\t\n\t\t<\/div>\n\t\t\t\t\t\t<\/div>\n\t\t\t\t<\/div>\n\t\t\t\t\t<\/div>\n\t\t\t\t<\/div>\n\t\t\t\t<\/div>","protected":false},"excerpt":{"rendered":"<p>Komplett p\u00e1ly\u00e1zat lebonyol\u00edt\u00e1s P\u00e1ly\u00e1zat Kedves Partner\u00fcnk,\u00a0Megny\u00edlt a GINOP 1.2.4-24\u00a0eszk\u00f6zbeszerz\u00e9si p\u00e1ly\u00e1zat,mely keret\u00e9ben -r\u00e9gi\u00f3t\u00f3l f\u00fcgg\u0151en-\u00a050%-os vissza\u00a0nem t\u00e9r\u00edtend\u0151 t\u00e1mogat\u00e1s nyerhet\u0151!\u00a0C\u00e9g\u00fcnk v\u00e1llalja a projekt komplett lebonyol\u00edt\u00e1s\u00e1t: \u2013 p\u00e1ly\u00e1zat\u00edr\u00e1s \u2013 eszk\u00f6zbeszerz\u00e9s \u2013 ut\u00e1nk\u00f6vet\u00e9s.Az eszk\u00f6z\u00f6kr\u0151l, g\u00e9pekr\u0151l honlapunkon\u00a0pharmabog.hu\u00a0vagy telefonon 06-30 9488 151 t\u00e1j\u00e9koz\u00f3dhat.\u00a0 Mell\u00e9kelj\u00fck a r\u00f6vid \u00f6sszefoglal\u00f3t. V\u00c1RJUK JELENTKEZ\u00c9S\u00dcKET! 06-30-9488-151 \u00dcdv\u00f6zlettel: Bogd\u00e1n Tam\u00e1s \u2013 Pharmabog Kft. Mell\u00e9kletek: Telep\u00fcl\u00e9s lista Vegye fel vel\u00fcnk [&hellip;]<\/p>","protected":false},"author":1,"featured_media":0,"parent":0,"menu_order":0,"comment_status":"closed","ping_status":"closed","template":"","meta":{"footnotes":""},"class_list":["post-176","page","type-page","status-publish","hentry"],"yoast_head":"<!-- This site is optimized with the Yoast SEO plugin v25.5 - https:\/\/yoast.com\/wordpress\/plugins\/seo\/ -->\n<title>P\u00e1ly\u00e1zat - Fog\u00e1szati kezel\u0151egys\u00e9gek<\/title>\n<meta name=\"description\" content=\"P\u00e1ly\u00e1zat fog\u00e1szati kezel\u0151egys\u00e9gek. C\u00e9g\u00fcnk v\u00e1llalja komplett p\u00e1ly\u00e1zat lebonyol\u00edt\u00e1s\u00e1t.\" \/>\n<meta name=\"robots\" content=\"index, follow, max-snippet:-1, max-image-preview:large, max-video-preview:-1\" \/>\n<link rel=\"canonical\" href=\"https:\/\/pharmabog.hu\/de\/palyazat\/\" \/>\n<meta property=\"og:locale\" content=\"de_DE\" \/>\n<meta property=\"og:type\" content=\"article\" \/>\n<meta property=\"og:title\" content=\"P\u00e1ly\u00e1zat - Fog\u00e1szati kezel\u0151egys\u00e9gek\" \/>\n<meta property=\"og:description\" content=\"P\u00e1ly\u00e1zat fog\u00e1szati kezel\u0151egys\u00e9gek. C\u00e9g\u00fcnk v\u00e1llalja komplett p\u00e1ly\u00e1zat lebonyol\u00edt\u00e1s\u00e1t.\" \/>\n<meta property=\"og:url\" content=\"https:\/\/pharmabog.hu\/de\/palyazat\/\" \/>\n<meta property=\"og:site_name\" content=\"Pharmabog Kft. - Fog\u00e1szati kezel\u0151egys\u00e9g\" \/>\n<meta property=\"article:publisher\" content=\"https:\/\/www.facebook.com\/pharmabog.hu\" \/>\n<meta property=\"article:modified_time\" content=\"2025-07-24T12:19:59+00:00\" \/>\n<meta property=\"og:image\" content=\"https:\/\/pharmabog.hu\/wp-content\/uploads\/2025\/07\/letoltes-37.png\" \/>\n<meta name=\"twitter:card\" content=\"summary_large_image\" \/>\n<meta name=\"twitter:label1\" content=\"Gesch\u00e4tzte Lesezeit\" \/>\n\t<meta name=\"twitter:data1\" content=\"1\u00a0Minute\" \/>\n<script type=\"application\/ld+json\" class=\"yoast-schema-graph\">{\"@context\":\"https:\/\/schema.org\",\"@graph\":[{\"@type\":\"WebPage\",\"@id\":\"https:\/\/pharmabog.hu\/palyazat\/\",\"url\":\"https:\/\/pharmabog.hu\/palyazat\/\",\"name\":\"P\u00e1ly\u00e1zat - Fog\u00e1szati kezel\u0151egys\u00e9gek\",\"isPartOf\":{\"@id\":\"https:\/\/pharmabog.hu\/#website\"},\"primaryImageOfPage\":{\"@id\":\"https:\/\/pharmabog.hu\/palyazat\/#primaryimage\"},\"image\":{\"@id\":\"https:\/\/pharmabog.hu\/palyazat\/#primaryimage\"},\"thumbnailUrl\":\"https:\/\/pharmabog.hu\/wp-content\/uploads\/2025\/07\/letoltes-37.png\",\"datePublished\":\"2025-07-22T10:03:49+00:00\",\"dateModified\":\"2025-07-24T12:19:59+00:00\",\"description\":\"P\u00e1ly\u00e1zat fog\u00e1szati kezel\u0151egys\u00e9gek. C\u00e9g\u00fcnk v\u00e1llalja komplett p\u00e1ly\u00e1zat lebonyol\u00edt\u00e1s\u00e1t.\",\"breadcrumb\":{\"@id\":\"https:\/\/pharmabog.hu\/palyazat\/#breadcrumb\"},\"inLanguage\":\"de\",\"potentialAction\":[{\"@type\":\"ReadAction\",\"target\":[\"https:\/\/pharmabog.hu\/palyazat\/\"]}]},{\"@type\":\"ImageObject\",\"inLanguage\":\"de\",\"@id\":\"https:\/\/pharmabog.hu\/palyazat\/#primaryimage\",\"url\":\"https:\/\/pharmabog.hu\/wp-content\/uploads\/2025\/07\/letoltes-37.png\",\"contentUrl\":\"https:\/\/pharmabog.hu\/wp-content\/uploads\/2025\/07\/letoltes-37.png\"},{\"@type\":\"BreadcrumbList\",\"@id\":\"https:\/\/pharmabog.hu\/palyazat\/#breadcrumb\",\"itemListElement\":[{\"@type\":\"ListItem\",\"position\":1,\"name\":\"Kezd\u0151lap\",\"item\":\"https:\/\/pharmabog.hu\/\"},{\"@type\":\"ListItem\",\"position\":2,\"name\":\"P\u00e1ly\u00e1zat\"}]},{\"@type\":\"WebSite\",\"@id\":\"https:\/\/pharmabog.hu\/#website\",\"url\":\"https:\/\/pharmabog.hu\/\",\"name\":\"Pharmabog Kft. - Fog\u00e1szati kezel\u0151egys\u00e9g\",\"description\":\"\",\"publisher\":{\"@id\":\"https:\/\/pharmabog.hu\/#organization\"},\"potentialAction\":[{\"@type\":\"SearchAction\",\"target\":{\"@type\":\"EntryPoint\",\"urlTemplate\":\"https:\/\/pharmabog.hu\/?s={search_term_string}\"},\"query-input\":{\"@type\":\"PropertyValueSpecification\",\"valueRequired\":true,\"valueName\":\"search_term_string\"}}],\"inLanguage\":\"de\"},{\"@type\":\"Organization\",\"@id\":\"https:\/\/pharmabog.hu\/#organization\",\"name\":\"Pharmabog Kft. - Fog\u00e1szati kezel\u0151egys\u00e9g\",\"url\":\"https:\/\/pharmabog.hu\/\",\"logo\":{\"@type\":\"ImageObject\",\"inLanguage\":\"de\",\"@id\":\"https:\/\/pharmabog.hu\/#\/schema\/logo\/image\/\",\"url\":\"https:\/\/pharmabog.hu\/wp-content\/uploads\/2025\/07\/cropped-logo-16-e1644481099702-4.png\",\"contentUrl\":\"https:\/\/pharmabog.hu\/wp-content\/uploads\/2025\/07\/cropped-logo-16-e1644481099702-4.png\",\"width\":296,\"height\":87,\"caption\":\"Pharmabog Kft. - Fog\u00e1szati kezel\u0151egys\u00e9g\"},\"image\":{\"@id\":\"https:\/\/pharmabog.hu\/#\/schema\/logo\/image\/\"},\"sameAs\":[\"https:\/\/www.facebook.com\/pharmabog.hu\"]}]}<\/script>\n<!-- \/ Yoast SEO plugin. -->","yoast_head_json":{"title":"P\u00e1ly\u00e1zat - Fog\u00e1szati kezel\u0151egys\u00e9gek","description":"P\u00e1ly\u00e1zat fog\u00e1szati kezel\u0151egys\u00e9gek. C\u00e9g\u00fcnk v\u00e1llalja komplett p\u00e1ly\u00e1zat lebonyol\u00edt\u00e1s\u00e1t.","robots":{"index":"index","follow":"follow","max-snippet":"max-snippet:-1","max-image-preview":"max-image-preview:large","max-video-preview":"max-video-preview:-1"},"canonical":"https:\/\/pharmabog.hu\/de\/palyazat\/","og_locale":"de_DE","og_type":"article","og_title":"P\u00e1ly\u00e1zat - Fog\u00e1szati kezel\u0151egys\u00e9gek","og_description":"P\u00e1ly\u00e1zat fog\u00e1szati kezel\u0151egys\u00e9gek. C\u00e9g\u00fcnk v\u00e1llalja komplett p\u00e1ly\u00e1zat lebonyol\u00edt\u00e1s\u00e1t.","og_url":"https:\/\/pharmabog.hu\/de\/palyazat\/","og_site_name":"Pharmabog Kft. - Fog\u00e1szati kezel\u0151egys\u00e9g","article_publisher":"https:\/\/www.facebook.com\/pharmabog.hu","article_modified_time":"2025-07-24T12:19:59+00:00","og_image":[{"url":"https:\/\/pharmabog.hu\/wp-content\/uploads\/2025\/07\/letoltes-37.png","type":"","width":"","height":""}],"twitter_card":"summary_large_image","twitter_misc":{"Gesch\u00e4tzte Lesezeit":"1\u00a0Minute"},"schema":{"@context":"https:\/\/schema.org","@graph":[{"@type":"WebPage","@id":"https:\/\/pharmabog.hu\/palyazat\/","url":"https:\/\/pharmabog.hu\/palyazat\/","name":"P\u00e1ly\u00e1zat - Fog\u00e1szati kezel\u0151egys\u00e9gek","isPartOf":{"@id":"https:\/\/pharmabog.hu\/#website"},"primaryImageOfPage":{"@id":"https:\/\/pharmabog.hu\/palyazat\/#primaryimage"},"image":{"@id":"https:\/\/pharmabog.hu\/palyazat\/#primaryimage"},"thumbnailUrl":"https:\/\/pharmabog.hu\/wp-content\/uploads\/2025\/07\/letoltes-37.png","datePublished":"2025-07-22T10:03:49+00:00","dateModified":"2025-07-24T12:19:59+00:00","description":"P\u00e1ly\u00e1zat fog\u00e1szati kezel\u0151egys\u00e9gek. C\u00e9g\u00fcnk v\u00e1llalja komplett p\u00e1ly\u00e1zat lebonyol\u00edt\u00e1s\u00e1t.","breadcrumb":{"@id":"https:\/\/pharmabog.hu\/palyazat\/#breadcrumb"},"inLanguage":"de","potentialAction":[{"@type":"ReadAction","target":["https:\/\/pharmabog.hu\/palyazat\/"]}]},{"@type":"ImageObject","inLanguage":"de","@id":"https:\/\/pharmabog.hu\/palyazat\/#primaryimage","url":"https:\/\/pharmabog.hu\/wp-content\/uploads\/2025\/07\/letoltes-37.png","contentUrl":"https:\/\/pharmabog.hu\/wp-content\/uploads\/2025\/07\/letoltes-37.png"},{"@type":"BreadcrumbList","@id":"https:\/\/pharmabog.hu\/palyazat\/#breadcrumb","itemListElement":[{"@type":"ListItem","position":1,"name":"Kezd\u0151lap","item":"https:\/\/pharmabog.hu\/"},{"@type":"ListItem","position":2,"name":"P\u00e1ly\u00e1zat"}]},{"@type":"WebSite","@id":"https:\/\/pharmabog.hu\/#website","url":"https:\/\/pharmabog.hu\/","name":"Pharmabog Ltd. - Zahnbehandlungseinheit","description":"","publisher":{"@id":"https:\/\/pharmabog.hu\/#organization"},"potentialAction":[{"@type":"SearchAction","target":{"@type":"EntryPoint","urlTemplate":"https:\/\/pharmabog.hu\/?s={search_term_string}"},"query-input":{"@type":"PropertyValueSpecification","valueRequired":true,"valueName":"search_term_string"}}],"inLanguage":"de"},{"@type":"Organization","@id":"https:\/\/pharmabog.hu\/#organization","name":"Pharmabog Ltd. - Zahnbehandlungseinheit","url":"https:\/\/pharmabog.hu\/","logo":{"@type":"ImageObject","inLanguage":"de","@id":"https:\/\/pharmabog.hu\/#\/schema\/logo\/image\/","url":"https:\/\/pharmabog.hu\/wp-content\/uploads\/2025\/07\/cropped-logo-16-e1644481099702-4.png","contentUrl":"https:\/\/pharmabog.hu\/wp-content\/uploads\/2025\/07\/cropped-logo-16-e1644481099702-4.png","width":296,"height":87,"caption":"Pharmabog Kft. - Fog\u00e1szati kezel\u0151egys\u00e9g"},"image":{"@id":"https:\/\/pharmabog.hu\/#\/schema\/logo\/image\/"},"sameAs":["https:\/\/www.facebook.com\/pharmabog.hu"]}]}},"_links":{"self":[{"href":"https:\/\/pharmabog.hu\/de\/wp-json\/wp\/v2\/pages\/176","targetHints":{"allow":["GET"]}}],"collection":[{"href":"https:\/\/pharmabog.hu\/de\/wp-json\/wp\/v2\/pages"}],"about":[{"href":"https:\/\/pharmabog.hu\/de\/wp-json\/wp\/v2\/types\/page"}],"author":[{"embeddable":true,"href":"https:\/\/pharmabog.hu\/de\/wp-json\/wp\/v2\/users\/1"}],"replies":[{"embeddable":true,"href":"https:\/\/pharmabog.hu\/de\/wp-json\/wp\/v2\/comments?post=176"}],"version-history":[{"count":5,"href":"https:\/\/pharmabog.hu\/de\/wp-json\/wp\/v2\/pages\/176\/revisions"}],"predecessor-version":[{"id":1195,"href":"https:\/\/pharmabog.hu\/de\/wp-json\/wp\/v2\/pages\/176\/revisions\/1195"}],"wp:attachment":[{"href":"https:\/\/pharmabog.hu\/de\/wp-json\/wp\/v2\/media?parent=176"}],"curies":[{"name":"wp","href":"https:\/\/api.w.org\/{rel}","templated":true}]}}