{"id":164,"date":"2025-07-22T09:54:30","date_gmt":"2025-07-22T09:54:30","guid":{"rendered":"https:\/\/pharmabog.hu\/?page_id=164"},"modified":"2025-07-24T12:14:53","modified_gmt":"2025-07-24T12:14:53","slug":"szerviz","status":"publish","type":"page","link":"https:\/\/pharmabog.hu\/de\/szerviz\/","title":{"rendered":"Service"},"content":{"rendered":"<div data-elementor-type=\"wp-page\" data-elementor-id=\"164\" class=\"elementor elementor-164\" data-elementor-post-type=\"page\">\n\t\t\t\t<div class=\"elementor-element elementor-element-533324ee e-flex e-con-boxed e-con e-parent\" data-id=\"533324ee\" data-element_type=\"container\" data-settings=\"{&quot;background_background&quot;:&quot;classic&quot;}\">\n\t\t\t\t\t<div class=\"e-con-inner\">\n\t\t\t\t\t<\/div>\n\t\t\t\t<\/div>\n\t\t<div class=\"elementor-element elementor-element-8d05283 e-flex e-con-boxed e-con e-parent\" data-id=\"8d05283\" data-element_type=\"container\">\n\t\t\t\t\t<div class=\"e-con-inner\">\n\t\t\t\t<div class=\"elementor-element elementor-element-6e9d211 elementor-widget__width-initial elementor-invisible elementor-widget elementor-widget-heading\" data-id=\"6e9d211\" data-element_type=\"widget\" data-settings=\"{&quot;_animation&quot;:&quot;slideInUp&quot;}\" data-widget_type=\"heading.default\">\n\t\t\t\t\t<h3 class=\"elementor-heading-title elementor-size-default\">Service\n<\/h3>\t\t\t\t<\/div>\n\t\t\t\t<div class=\"elementor-element elementor-element-fa0a2df elementor-widget__width-initial elementor-widget elementor-widget-text-editor\" data-id=\"fa0a2df\" data-element_type=\"widget\" data-widget_type=\"text-editor.default\">\n\t\t\t\t\t\t\t\t\t<div id=\"tm-heading-687f5fcb1dbd9\" class=\"tm-heading center tm-animation move-up animate\"><div class=\"heading\">Schneller &amp; pr\u00e4ziser Service\u00a0\u00f6sterreichweit und in Ungarn<\/div><\/div>\t\t\t\t\t\t\t\t<\/div>\n\t\t<div class=\"elementor-element elementor-element-5eb1412 e-grid e-con-full e-con e-child\" data-id=\"5eb1412\" data-element_type=\"container\">\n\t\t\t\t<div class=\"elementor-element elementor-element-5836e12 elementor-widget elementor-widget-text-editor\" data-id=\"5836e12\" data-element_type=\"widget\" data-widget_type=\"text-editor.default\">\n\t\t\t\t\t\t\t\t\t<div class=\"team-header\"><h6 class=\"name\"><strong>David Horvath<\/strong><\/h6><div class=\"position\">Fonyod<\/div><\/div><div class=\"description\">Telefon: 06-30-3560434<\/div>\t\t\t\t\t\t\t\t<\/div>\n\t\t\t\t<div class=\"elementor-element elementor-element-32d5aa2 elementor-widget elementor-widget-text-editor\" data-id=\"32d5aa2\" data-element_type=\"widget\" data-widget_type=\"text-editor.default\">\n\t\t\t\t\t\t\t\t\t<div class=\"team-header\"><div class=\"team-header\"><h6 class=\"name\">John Ricci<\/h6><div class=\"position\">Budapest<\/div><\/div><div class=\"description\">Telefon: 06-30-8249-159<\/div><div class=\"team-footer\"><div class=\"social-networks\">\u00a0<\/div><\/div><\/div>\t\t\t\t\t\t\t\t<\/div>\n\t\t\t\t<div class=\"elementor-element elementor-element-14a14f3 elementor-widget elementor-widget-text-editor\" data-id=\"14a14f3\" data-element_type=\"widget\" data-widget_type=\"text-editor.default\">\n\t\t\t\t\t\t\t\t\t<div class=\"team-header\"><div class=\"team-header\"><h6 class=\"name\">Zsolt Santha<\/h6><div class=\"position\">Budapest<\/div><\/div><div class=\"description\">Telefon: 06-70-2240351<\/div><\/div>\t\t\t\t\t\t\t\t<\/div>\n\t\t\t\t<div class=\"elementor-element elementor-element-c79c645 elementor-widget elementor-widget-text-editor\" data-id=\"c79c645\" data-element_type=\"widget\" data-widget_type=\"text-editor.default\">\n\t\t\t\t\t\t\t\t\t<div class=\"team-header\"><div class=\"team-header\"><h6 class=\"name\">Peter Gyetvai<\/h6><div class=\"position\">Budapest<\/div><\/div><div class=\"description\">Telefon: 06-30-4029110<\/div><div class=\"team-footer\"><div class=\"social-networks\">\u00a0<\/div><\/div><\/div>\t\t\t\t\t\t\t\t<\/div>\n\t\t\t\t<div class=\"elementor-element elementor-element-daaf640 elementor-widget elementor-widget-text-editor\" data-id=\"daaf640\" data-element_type=\"widget\" data-widget_type=\"text-editor.default\">\n\t\t\t\t\t\t\t\t\t<div class=\"team-header\"><div class=\"team-header\"><h6 class=\"name\">Charles Black<\/h6><div class=\"position\">Szeged<\/div><\/div><div class=\"description\">Telefon: 06-30-9784-266<\/div><\/div>\t\t\t\t\t\t\t\t<\/div>\n\t\t\t\t<div class=\"elementor-element elementor-element-39476fb elementor-widget elementor-widget-text-editor\" data-id=\"39476fb\" data-element_type=\"widget\" data-widget_type=\"text-editor.default\">\n\t\t\t\t\t\t\t\t\t<div class=\"team-header\"><div class=\"team-header\"><h6 class=\"name\">Charles Lecner<\/h6><div class=\"position\">Debrecen<\/div><\/div><div class=\"description\">Telefon: 06-20-9678-641<\/div><\/div>\t\t\t\t\t\t\t\t<\/div>\n\t\t\t\t<div class=\"elementor-element elementor-element-d6b578c elementor-widget elementor-widget-text-editor\" data-id=\"d6b578c\" data-element_type=\"widget\" data-widget_type=\"text-editor.default\">\n\t\t\t\t\t\t\t\t\t<div class=\"team-header\"><div class=\"team-header\"><h6 class=\"name\">John Havasi<\/h6><div class=\"position\">Gyor<\/div><\/div><div class=\"description\">Telefon: 06-20-9518-312<\/div><\/div>\t\t\t\t\t\t\t\t<\/div>\n\t\t\t\t<\/div>\n\t\t\t\t<div class=\"elementor-element elementor-element-9fc919e elementor-widget__width-initial elementor-invisible elementor-widget elementor-widget-heading\" data-id=\"9fc919e\" data-element_type=\"widget\" data-settings=\"{&quot;_animation&quot;:&quot;slideInUp&quot;}\" data-widget_type=\"heading.default\">\n\t\t\t\t\t<h3 class=\"elementor-heading-title elementor-size-default\">Servicevertrag<\/h3>\t\t\t\t<\/div>\n\t\t\t\t<div class=\"elementor-element elementor-element-f5ca4e0 elementor-widget__width-initial elementor-widget elementor-widget-text-editor\" data-id=\"f5ca4e0\" data-element_type=\"widget\" data-widget_type=\"text-editor.default\">\n\t\t\t\t\t\t\t\t\t<div id=\"tm-heading-687f5fcb1dbd9\" class=\"tm-heading center tm-animation move-up animate\"><div class=\"heading\"><p dir=\"ltr\"><strong>Servicenetzwerk<\/strong>:<br \/>landesweit, mit von OMS geschulten Technikern.<\/p><p dir=\"ltr\"><strong>Garantiezeitraum<\/strong><strong>:<\/strong><br \/>-F\u00fcr neue Ger\u00e4te: 12 Monate f\u00fcr das gesamte Sortiment und alle von OMS hergestellten Teile<br \/>36 Monate.<\/p><p dir=\"ltr\">In den ersten 12 Monaten sind Austritts- und Arbeitskosten kostenlos.<\/p><p dir=\"ltr\">Im Zeitraum von 13 bis 36 Monaten fallen keine Kosten f\u00fcr von OMS hergestellte Teile an, jedoch entstehen Kosten f\u00fcr Ausbau und Arbeitsaufwand.<\/p><p dir=\"ltr\"><strong>F\u00fcr \u00fcberholte Steuereinheit<\/strong>:<br \/>6 Monate volle Garantie und 12 Monate Garantie auf neu eingebaute Teile<\/p><p dir=\"ltr\"><strong>Abreisegeb\u00fchr:<\/strong> 0,6 \u20ac\/km \/ 240 Ft\/km<\/p><p dir=\"ltr\"><strong>Arbeitskosten:<\/strong> 70 \u20ac\/Stunde \/ 28.000 Ft\/Stunde<\/p><p><strong>Fehlerbehebung<\/strong><strong>:<\/strong><br \/>\u2013 im Falle der Funktionsunf\u00e4higkeit sofort, sp\u00e4testens jedoch innerhalb von 24 Stunden<\/p><p dir=\"ltr\">\u2013 im Falle kleinerer M\u00e4ngel nach Vereinbarung, jedoch maximal 72 Stunden<\/p><\/div><\/div>\t\t\t\t\t\t\t\t<\/div>\n\t\t\t\t\t<\/div>\n\t\t\t\t<\/div>\n\t\t<div class=\"elementor-element elementor-element-6532b27 e-flex e-con-boxed e-con e-parent\" data-id=\"6532b27\" data-element_type=\"container\" data-settings=\"{&quot;background_background&quot;:&quot;classic&quot;}\">\n\t\t\t\t\t<div class=\"e-con-inner\">\n\t\t<div class=\"elementor-element elementor-element-1b964e67 e-con-full e-flex elementor-invisible e-con e-child\" data-id=\"1b964e67\" data-element_type=\"container\" data-settings=\"{&quot;animation&quot;:&quot;slideInLeft&quot;}\">\n\t\t\t\t<div class=\"elementor-element elementor-element-31f3c231 elementor-invisible elementor-widget elementor-widget-heading\" data-id=\"31f3c231\" data-element_type=\"widget\" data-settings=\"{&quot;_animation&quot;:&quot;slideInUp&quot;}\" data-widget_type=\"heading.default\">\n\t\t\t\t\t<h3 class=\"elementor-heading-title elementor-size-default\">Kontaktieren Sie uns!<\/h3>\t\t\t\t<\/div>\n\t\t\t\t<div class=\"elementor-element elementor-element-491acf43 elementor-widget__width-initial elementor-widget elementor-widget-text-editor\" data-id=\"491acf43\" data-element_type=\"widget\" data-widget_type=\"text-editor.default\">\n\t\t\t\t\t\t\t\t\t<p>Wenn Sie Fragen oder Anmerkungen haben oder Informationen zu einem bestimmten Thema w\u00fcnschen, f\u00fcllen Sie bitte das untenstehende Formular aus. Wir werden uns dann mit Ihnen in Verbindung setzen! Vielen Dank!<\/p>\t\t\t\t\t\t\t\t<\/div>\n\t\t\t\t<div class=\"elementor-element elementor-element-eb38b5d elementor-widget elementor-widget-shortcode\" data-id=\"eb38b5d\" data-element_type=\"widget\" data-widget_type=\"shortcode.default\">\n\t\t\t\t\t\t\t<div class=\"elementor-shortcode\"><div class=\"forminator-ui forminator-custom-form forminator-custom-form-160 forminator-design--default  forminator_ajax\" data-forminator-render=\"0\" data-form=\"forminator-module-160\" data-uid=\"6a09635335b92\"><br\/><\/div><form\n\t\t\t\tid=\"forminator-module-160\"\n\t\t\t\tclass=\"forminator-ui forminator-custom-form forminator-custom-form-160 forminator-design--default  forminator_ajax\"\n\t\t\t\tmethod=\"post\"\n\t\t\t\tdata-forminator-render=\"0\"\n\t\t\t\tdata-form-id=\"160\"\n\t\t\t\t\n\t\t\t\tdata-design=\"default\"\n\t\t\t\t\n\t\t\t\t\n\t\t\t\t\n\t\t\t\tdata-grid=\"open\"\n\t\t\t\t\n\t\t\t\t\n\t\t\t\tstyle=\"display: none;\"\n\t\t\t\t\n\t\t\t\tdata-uid=\"6a09635335b92\" action=\"\"\n\t\t\t><div role=\"alert\" aria-live=\"polite\" class=\"forminator-response-message forminator-error\" aria-hidden=\"true\"><\/div><div class=\"forminator-row\"><div id=\"name-1\" class=\"forminator-field-name forminator-col forminator-col-12\"><div class=\"forminator-field\"><label for=\"forminator-field-name-1_6a09635335b92\" id=\"forminator-field-name-1_6a09635335b92-label\" class=\"forminator-label\">Name <span class=\"forminator-required\">*<\/span><\/label><input type=\"text\" name=\"name-1\" value=\"\" placeholder=\"Vollst\u00e4ndiger Name\" id=\"forminator-field-name-1_6a09635335b92\" class=\"forminator-input forminator-name--field\" aria-required=\"true\" \/><\/div><\/div><\/div><div class=\"forminator-row\"><div id=\"email-1\" class=\"forminator-field-email forminator-col forminator-col-6\"><div class=\"forminator-field\"><label for=\"forminator-field-email-1_6a09635335b92\" id=\"forminator-field-email-1_6a09635335b92-label\" class=\"forminator-label\">E-Mail-Adresse <span class=\"forminator-required\">*<\/span><\/label><input type=\"email\" name=\"email-1\" value=\"\" placeholder=\"Geben Sie Ihre E-Mail-Adresse ein...\" id=\"forminator-field-email-1_6a09635335b92\" class=\"forminator-input forminator-email--field\" data-required=\"true\" aria-required=\"true\" \/><\/div><\/div><div id=\"phone-1\" class=\"forminator-field-phone forminator-col forminator-col-6\"><div class=\"forminator-field\"><label for=\"forminator-field-phone-1_6a09635335b92\" id=\"forminator-field-phone-1_6a09635335b92-label\" class=\"forminator-label\">Telefonnummer <span class=\"forminator-required\">*<\/span><\/label><input type=\"text\" name=\"phone-1\" value=\"\" placeholder=\"Geben Sie Ihre Telefonnummer ein...\" id=\"forminator-field-phone-1_6a09635335b92\" class=\"forminator-input forminator-field--phone\" data-required=\"1\" aria-required=\"true\" autocomplete=\"off\" \/><\/div><\/div><\/div><div class=\"forminator-row\"><div id=\"textarea-1\" class=\"forminator-field-textarea forminator-col forminator-col-12\"><div class=\"forminator-field\"><label for=\"forminator-field-textarea-1_6a09635335b92\" id=\"forminator-field-textarea-1_6a09635335b92-label\" class=\"forminator-label\">Nachricht <span class=\"forminator-required\">*<\/span><\/label><textarea name=\"textarea-1\" placeholder=\"Schreiben Sie hier Ihre Nachricht...\" id=\"forminator-field-textarea-1_6a09635335b92\" class=\"forminator-textarea\" rows=\"6\" style=\"min-height:140px;\" maxlength=\"180\" ><\/textarea><span id=\"forminator-field-textarea-1_6a09635335b92-description\" class=\"forminator-description\"><span data-limit=\"180\" data-type=\"characters\" data-editor=\"\">0 \/ 180<\/span><\/span><\/div><\/div><\/div><input type=\"hidden\" name=\"referer_url\" value=\"\" \/><div class=\"forminator-row forminator-row-last\"><div class=\"forminator-col\"><div class=\"forminator-field\"><button class=\"forminator-button forminator-button-submit\">Schicken<\/button><\/div><\/div><\/div><input type=\"hidden\" id=\"forminator_nonce\" name=\"forminator_nonce\" value=\"cc72466009\" \/><input type=\"hidden\" name=\"_wp_http_referer\" value=\"\/de\/wp-json\/wp\/v2\/pages\/164\" \/><input type=\"hidden\" name=\"form_id\" value=\"160\"><input type=\"hidden\" name=\"page_id\" value=\"164\"><input type=\"hidden\" name=\"form_type\" value=\"default\"><input type=\"hidden\" name=\"current_url\" value=\"https:\/\/pharmabog.hu\/de\/szerviz\/\"><input type=\"hidden\" name=\"render_id\" value=\"0\"><input type=\"hidden\" name=\"action\" value=\"forminator_submit_form_custom-forms\"><input type=\"hidden\" name=\"trp-form-language\" value=\"de\"\/><\/form><\/div>\n\t\t\t\t\t\t<\/div>\n\t\t\t\t<\/div>\n\t\t<div class=\"elementor-element elementor-element-7a520396 e-con-full e-flex elementor-invisible e-con e-child\" data-id=\"7a520396\" data-element_type=\"container\" data-settings=\"{&quot;background_background&quot;:&quot;classic&quot;,&quot;animation&quot;:&quot;slideInUp&quot;}\">\n\t\t\t\t<div class=\"elementor-element elementor-element-4f93d64 elementor-view-default elementor-position-top elementor-mobile-position-top elementor-widget elementor-widget-icon-box\" data-id=\"4f93d64\" data-element_type=\"widget\" data-widget_type=\"icon-box.default\">\n\t\t\t\t\t\t\t<div class=\"elementor-icon-box-wrapper\">\n\n\t\t\t\t\t\t<div class=\"elementor-icon-box-icon\">\n\t\t\t\t<span  class=\"elementor-icon\">\n\t\t\t\t<svg aria-hidden=\"true\" class=\"e-font-icon-svg e-fas-map-marker-alt\" viewbox=\"0 0 384 512\" xmlns=\"http:\/\/www.w3.org\/2000\/svg\"><path d=\"M172.268 501.67C26.97 291.031 0 269.413 0 192 0 85.961 85.961 0 192 0s192 85.961 192 192c0 77.413-26.97 99.031-172.268 309.67-9.535 13.774-29.93 13.773-39.464 0zM192 272c44.183 0 80-35.817 80-80s-35.817-80-80-80-80 35.817-80 80 35.817 80 80 80z\"><\/path><\/svg>\t\t\t\t<\/span>\n\t\t\t<\/div>\n\t\t\t\n\t\t\t\t\t\t<div class=\"elementor-icon-box-content\">\n\n\t\t\t\t\t\t\t\t\t<h3 class=\"elementor-icon-box-title\">\n\t\t\t\t\t\t<span  >\n\t\t\t\t\t\t\tBADACSONY STREET 15.\t\t\t\t\t\t<\/span>\n\t\t\t\t\t<\/h3>\n\t\t\t\t\n\t\t\t\t\t\t\t\t\t<p class=\"elementor-icon-box-description\">\n\t\t\t\t\t\t8640 FONYOD 3\t\t\t\t\t<\/p>\n\t\t\t\t\n\t\t\t<\/div>\n\t\t\t\n\t\t<\/div>\n\t\t\t\t\t\t<\/div>\n\t\t\t\t<div class=\"elementor-element elementor-element-ad5653b elementor-view-default elementor-position-top elementor-mobile-position-top elementor-widget elementor-widget-icon-box\" data-id=\"ad5653b\" data-element_type=\"widget\" data-widget_type=\"icon-box.default\">\n\t\t\t\t\t\t\t<div class=\"elementor-icon-box-wrapper\">\n\n\t\t\t\t\t\t<div class=\"elementor-icon-box-icon\">\n\t\t\t\t<span  class=\"elementor-icon\">\n\t\t\t\t<svg aria-hidden=\"true\" class=\"e-font-icon-svg e-fas-envelope\" viewbox=\"0 0 512 512\" xmlns=\"http:\/\/www.w3.org\/2000\/svg\"><path d=\"M502.3 190.8c3.9-3.1 9.7-.2 9.7 4.7V400c0 26.5-21.5 48-48 48H48c-26.5 0-48-21.5-48-48V195.6c0-5 5.7-7.8 9.7-4.7 22.4 17.4 52.1 39.5 154.1 113.6 21.1 15.4 56.7 47.8 92.2 47.6 35.7.3 72-32.8 92.3-47.6 102-74.1 131.6-96.3 154-113.7zM256 320c23.2.4 56.6-29.2 73.4-41.4 132.7-96.3 142.8-104.7 173.4-128.7 5.8-4.5 9.2-11.5 9.2-18.9v-19c0-26.5-21.5-48-48-48H48C21.5 64 0 85.5 0 112v19c0 7.4 3.4 14.3 9.2 18.9 30.6 23.9 40.7 32.4 173.4 128.7 16.8 12.2 50.2 41.8 73.4 41.4z\"><\/path><\/svg>\t\t\t\t<\/span>\n\t\t\t<\/div>\n\t\t\t\n\t\t\t\t\t\t<div class=\"elementor-icon-box-content\">\n\n\t\t\t\t\t\t\t\t\t<h3 class=\"elementor-icon-box-title\">\n\t\t\t\t\t\t<span  >\n\t\t\t\t\t\t\tpharmabog@gmail.com\t\t\t\t\t\t<\/span>\n\t\t\t\t\t<\/h3>\n\t\t\t\t\n\t\t\t\t\t\t\t\t\t<p class=\"elementor-icon-box-description\">\n\t\t\t\t\t\tSchreiben Sie uns jetzt eine E-Mail.\t\t\t\t\t<\/p>\n\t\t\t\t\n\t\t\t<\/div>\n\t\t\t\n\t\t<\/div>\n\t\t\t\t\t\t<\/div>\n\t\t\t\t<div class=\"elementor-element elementor-element-558f114 elementor-view-default elementor-position-top elementor-mobile-position-top elementor-widget elementor-widget-icon-box\" data-id=\"558f114\" data-element_type=\"widget\" data-widget_type=\"icon-box.default\">\n\t\t\t\t\t\t\t<div class=\"elementor-icon-box-wrapper\">\n\n\t\t\t\t\t\t<div class=\"elementor-icon-box-icon\">\n\t\t\t\t<span  class=\"elementor-icon\">\n\t\t\t\t<svg aria-hidden=\"true\" class=\"e-font-icon-svg e-fas-phone-alt\" viewbox=\"0 0 512 512\" xmlns=\"http:\/\/www.w3.org\/2000\/svg\"><path d=\"M497.39 361.8l-112-48a24 24 0 0 0-28 6.9l-49.6 60.6A370.66 370.66 0 0 1 130.6 204.11l60.6-49.6a23.94 23.94 0 0 0 6.9-28l-48-112A24.16 24.16 0 0 0 122.6.61l-104 24A24 24 0 0 0 0 48c0 256.5 207.9 464 464 464a24 24 0 0 0 23.4-18.6l24-104a24.29 24.29 0 0 0-14.01-27.6z\"><\/path><\/svg>\t\t\t\t<\/span>\n\t\t\t<\/div>\n\t\t\t\n\t\t\t\t\t\t<div class=\"elementor-icon-box-content\">\n\n\t\t\t\t\t\t\t\t\t<h3 class=\"elementor-icon-box-title\">\n\t\t\t\t\t\t<span  >\n\t\t\t\t\t\t\t06-30-9488-151\t\t\t\t\t\t<\/span>\n\t\t\t\t\t<\/h3>\n\t\t\t\t\n\t\t\t\t\t\t\t\t\t<p class=\"elementor-icon-box-description\">\n\t\t\t\t\t\tJetzt anrufen!\t\t\t\t\t<\/p>\n\t\t\t\t\n\t\t\t<\/div>\n\t\t\t\n\t\t<\/div>\n\t\t\t\t\t\t<\/div>\n\t\t\t\t<\/div>\n\t\t\t\t\t<\/div>\n\t\t\t\t<\/div>\n\t\t\t\t<\/div>","protected":false},"excerpt":{"rendered":"<p>Szerviz Gyors \u00e9s prec\u00edz szerviz szolg\u00e1ltat\u00e1st biztos\u00edtunk Magyarorsz\u00e1g eg\u00e9sz ter\u00fclet\u00e9n. Horv\u00e1th D\u00e1vid Fony\u00f3dTel.: 06-30-3560434 Ricsli J\u00e1nos BudapestTel.: 06-30-8249-159 S\u00e1ntha Zsolt BudapestTel.: 06-70-2240351 Gyetvai P\u00e9ter BudapestTel.: 06-30-4029110 Fekete K\u00e1roly SzegedTel.: 06-30-9784-266 Lecner K\u00e1roly DebrecenTel.: 06-20-9678-641 Havasi J\u00e1nos Gy\u0151rTel.:06-20-9518-312 Szervizszerz\u0151d\u00e9s Szervizh\u00e1l\u00f3zat: orsz\u00e1gos, az OMS \u00e1ltal kik\u00e9pzett technikusokkal Garanci\u00e1lis id\u0151: -\u00faj k\u00e9sz\u00fcl\u00e9kekn\u00e9l:12 h\u00f3nap teljesk\u00f6r\u0171, illetve \u00a0OMS \u00e1ltal gy\u00e1rtott [&hellip;]<\/p>","protected":false},"author":1,"featured_media":0,"parent":0,"menu_order":0,"comment_status":"closed","ping_status":"closed","template":"","meta":{"footnotes":""},"class_list":["post-164","page","type-page","status-publish","hentry"],"yoast_head":"<!-- This site is optimized with the Yoast SEO plugin v25.5 - https:\/\/yoast.com\/wordpress\/plugins\/seo\/ -->\n<title>Szerviz - Fog\u00e1szati kezel\u0151egys\u00e9gek<\/title>\n<meta name=\"description\" content=\"SZERVIZSZERZ\u0150D\u00c9S. Szervizh\u00e1l\u00f3zat: orsz\u00e1gos, az OMS \u00e1ltal kik\u00e9pzett technikusokkal. Fog\u00e1szati kezel\u0151egys\u00e9gek szerviz.\" \/>\n<meta name=\"robots\" content=\"index, follow, max-snippet:-1, max-image-preview:large, max-video-preview:-1\" \/>\n<link rel=\"canonical\" href=\"https:\/\/pharmabog.hu\/de\/szerviz\/\" \/>\n<meta property=\"og:locale\" content=\"de_DE\" \/>\n<meta property=\"og:type\" content=\"article\" \/>\n<meta property=\"og:title\" content=\"Szerviz - Fog\u00e1szati kezel\u0151egys\u00e9gek\" \/>\n<meta property=\"og:description\" content=\"SZERVIZSZERZ\u0150D\u00c9S. Szervizh\u00e1l\u00f3zat: orsz\u00e1gos, az OMS \u00e1ltal kik\u00e9pzett technikusokkal. Fog\u00e1szati kezel\u0151egys\u00e9gek szerviz.\" \/>\n<meta property=\"og:url\" content=\"https:\/\/pharmabog.hu\/de\/szerviz\/\" \/>\n<meta property=\"og:site_name\" content=\"Pharmabog Kft. - Fog\u00e1szati kezel\u0151egys\u00e9g\" \/>\n<meta property=\"article:publisher\" content=\"https:\/\/www.facebook.com\/pharmabog.hu\" \/>\n<meta property=\"article:modified_time\" content=\"2025-07-24T12:14:53+00:00\" \/>\n<meta name=\"twitter:card\" content=\"summary_large_image\" \/>\n<meta name=\"twitter:label1\" content=\"Gesch\u00e4tzte Lesezeit\" \/>\n\t<meta name=\"twitter:data1\" content=\"1\u00a0Minute\" \/>\n<script type=\"application\/ld+json\" class=\"yoast-schema-graph\">{\"@context\":\"https:\/\/schema.org\",\"@graph\":[{\"@type\":\"WebPage\",\"@id\":\"https:\/\/pharmabog.hu\/szerviz\/\",\"url\":\"https:\/\/pharmabog.hu\/szerviz\/\",\"name\":\"Szerviz - Fog\u00e1szati kezel\u0151egys\u00e9gek\",\"isPartOf\":{\"@id\":\"https:\/\/pharmabog.hu\/#website\"},\"datePublished\":\"2025-07-22T09:54:30+00:00\",\"dateModified\":\"2025-07-24T12:14:53+00:00\",\"description\":\"SZERVIZSZERZ\u0150D\u00c9S. Szervizh\u00e1l\u00f3zat: orsz\u00e1gos, az OMS \u00e1ltal kik\u00e9pzett technikusokkal. Fog\u00e1szati kezel\u0151egys\u00e9gek szerviz.\",\"breadcrumb\":{\"@id\":\"https:\/\/pharmabog.hu\/szerviz\/#breadcrumb\"},\"inLanguage\":\"de\",\"potentialAction\":[{\"@type\":\"ReadAction\",\"target\":[\"https:\/\/pharmabog.hu\/szerviz\/\"]}]},{\"@type\":\"BreadcrumbList\",\"@id\":\"https:\/\/pharmabog.hu\/szerviz\/#breadcrumb\",\"itemListElement\":[{\"@type\":\"ListItem\",\"position\":1,\"name\":\"Kezd\u0151lap\",\"item\":\"https:\/\/pharmabog.hu\/\"},{\"@type\":\"ListItem\",\"position\":2,\"name\":\"Szerviz\"}]},{\"@type\":\"WebSite\",\"@id\":\"https:\/\/pharmabog.hu\/#website\",\"url\":\"https:\/\/pharmabog.hu\/\",\"name\":\"Pharmabog Kft. - Fog\u00e1szati kezel\u0151egys\u00e9g\",\"description\":\"\",\"publisher\":{\"@id\":\"https:\/\/pharmabog.hu\/#organization\"},\"potentialAction\":[{\"@type\":\"SearchAction\",\"target\":{\"@type\":\"EntryPoint\",\"urlTemplate\":\"https:\/\/pharmabog.hu\/?s={search_term_string}\"},\"query-input\":{\"@type\":\"PropertyValueSpecification\",\"valueRequired\":true,\"valueName\":\"search_term_string\"}}],\"inLanguage\":\"de\"},{\"@type\":\"Organization\",\"@id\":\"https:\/\/pharmabog.hu\/#organization\",\"name\":\"Pharmabog Kft. - Fog\u00e1szati kezel\u0151egys\u00e9g\",\"url\":\"https:\/\/pharmabog.hu\/\",\"logo\":{\"@type\":\"ImageObject\",\"inLanguage\":\"de\",\"@id\":\"https:\/\/pharmabog.hu\/#\/schema\/logo\/image\/\",\"url\":\"https:\/\/pharmabog.hu\/wp-content\/uploads\/2025\/07\/cropped-logo-16-e1644481099702-4.png\",\"contentUrl\":\"https:\/\/pharmabog.hu\/wp-content\/uploads\/2025\/07\/cropped-logo-16-e1644481099702-4.png\",\"width\":296,\"height\":87,\"caption\":\"Pharmabog Kft. - Fog\u00e1szati kezel\u0151egys\u00e9g\"},\"image\":{\"@id\":\"https:\/\/pharmabog.hu\/#\/schema\/logo\/image\/\"},\"sameAs\":[\"https:\/\/www.facebook.com\/pharmabog.hu\"]}]}<\/script>\n<!-- \/ Yoast SEO plugin. -->","yoast_head_json":{"title":"Szerviz - Fog\u00e1szati kezel\u0151egys\u00e9gek","description":"SZERVIZSZERZ\u0150D\u00c9S. Szervizh\u00e1l\u00f3zat: orsz\u00e1gos, az OMS \u00e1ltal kik\u00e9pzett technikusokkal. Fog\u00e1szati kezel\u0151egys\u00e9gek szerviz.","robots":{"index":"index","follow":"follow","max-snippet":"max-snippet:-1","max-image-preview":"max-image-preview:large","max-video-preview":"max-video-preview:-1"},"canonical":"https:\/\/pharmabog.hu\/de\/szerviz\/","og_locale":"de_DE","og_type":"article","og_title":"Szerviz - Fog\u00e1szati kezel\u0151egys\u00e9gek","og_description":"SZERVIZSZERZ\u0150D\u00c9S. Szervizh\u00e1l\u00f3zat: orsz\u00e1gos, az OMS \u00e1ltal kik\u00e9pzett technikusokkal. Fog\u00e1szati kezel\u0151egys\u00e9gek szerviz.","og_url":"https:\/\/pharmabog.hu\/de\/szerviz\/","og_site_name":"Pharmabog Kft. - Fog\u00e1szati kezel\u0151egys\u00e9g","article_publisher":"https:\/\/www.facebook.com\/pharmabog.hu","article_modified_time":"2025-07-24T12:14:53+00:00","twitter_card":"summary_large_image","twitter_misc":{"Gesch\u00e4tzte Lesezeit":"1\u00a0Minute"},"schema":{"@context":"https:\/\/schema.org","@graph":[{"@type":"WebPage","@id":"https:\/\/pharmabog.hu\/szerviz\/","url":"https:\/\/pharmabog.hu\/szerviz\/","name":"Szerviz - Fog\u00e1szati kezel\u0151egys\u00e9gek","isPartOf":{"@id":"https:\/\/pharmabog.hu\/#website"},"datePublished":"2025-07-22T09:54:30+00:00","dateModified":"2025-07-24T12:14:53+00:00","description":"SZERVIZSZERZ\u0150D\u00c9S. Szervizh\u00e1l\u00f3zat: orsz\u00e1gos, az OMS \u00e1ltal kik\u00e9pzett technikusokkal. Fog\u00e1szati kezel\u0151egys\u00e9gek szerviz.","breadcrumb":{"@id":"https:\/\/pharmabog.hu\/szerviz\/#breadcrumb"},"inLanguage":"de","potentialAction":[{"@type":"ReadAction","target":["https:\/\/pharmabog.hu\/szerviz\/"]}]},{"@type":"BreadcrumbList","@id":"https:\/\/pharmabog.hu\/szerviz\/#breadcrumb","itemListElement":[{"@type":"ListItem","position":1,"name":"Kezd\u0151lap","item":"https:\/\/pharmabog.hu\/"},{"@type":"ListItem","position":2,"name":"Szerviz"}]},{"@type":"WebSite","@id":"https:\/\/pharmabog.hu\/#website","url":"https:\/\/pharmabog.hu\/","name":"Pharmabog Ltd. - Zahnbehandlungseinheit","description":"","publisher":{"@id":"https:\/\/pharmabog.hu\/#organization"},"potentialAction":[{"@type":"SearchAction","target":{"@type":"EntryPoint","urlTemplate":"https:\/\/pharmabog.hu\/?s={search_term_string}"},"query-input":{"@type":"PropertyValueSpecification","valueRequired":true,"valueName":"search_term_string"}}],"inLanguage":"de"},{"@type":"Organization","@id":"https:\/\/pharmabog.hu\/#organization","name":"Pharmabog Ltd. - Zahnbehandlungseinheit","url":"https:\/\/pharmabog.hu\/","logo":{"@type":"ImageObject","inLanguage":"de","@id":"https:\/\/pharmabog.hu\/#\/schema\/logo\/image\/","url":"https:\/\/pharmabog.hu\/wp-content\/uploads\/2025\/07\/cropped-logo-16-e1644481099702-4.png","contentUrl":"https:\/\/pharmabog.hu\/wp-content\/uploads\/2025\/07\/cropped-logo-16-e1644481099702-4.png","width":296,"height":87,"caption":"Pharmabog Kft. - Fog\u00e1szati kezel\u0151egys\u00e9g"},"image":{"@id":"https:\/\/pharmabog.hu\/#\/schema\/logo\/image\/"},"sameAs":["https:\/\/www.facebook.com\/pharmabog.hu"]}]}},"_links":{"self":[{"href":"https:\/\/pharmabog.hu\/de\/wp-json\/wp\/v2\/pages\/164","targetHints":{"allow":["GET"]}}],"collection":[{"href":"https:\/\/pharmabog.hu\/de\/wp-json\/wp\/v2\/pages"}],"about":[{"href":"https:\/\/pharmabog.hu\/de\/wp-json\/wp\/v2\/types\/page"}],"author":[{"embeddable":true,"href":"https:\/\/pharmabog.hu\/de\/wp-json\/wp\/v2\/users\/1"}],"replies":[{"embeddable":true,"href":"https:\/\/pharmabog.hu\/de\/wp-json\/wp\/v2\/comments?post=164"}],"version-history":[{"count":5,"href":"https:\/\/pharmabog.hu\/de\/wp-json\/wp\/v2\/pages\/164\/revisions"}],"predecessor-version":[{"id":1193,"href":"https:\/\/pharmabog.hu\/de\/wp-json\/wp\/v2\/pages\/164\/revisions\/1193"}],"wp:attachment":[{"href":"https:\/\/pharmabog.hu\/de\/wp-json\/wp\/v2\/media?parent=164"}],"curies":[{"name":"wp","href":"https:\/\/api.w.org\/{rel}","templated":true}]}}