{"id":1239,"date":"2025-12-28T18:53:06","date_gmt":"2025-12-28T18:53:06","guid":{"rendered":"https:\/\/pharmabog.hu\/?page_id=1239"},"modified":"2025-12-28T18:53:06","modified_gmt":"2025-12-28T18:53:06","slug":"szervizszabalyzat-hasznalt-fogaszati-berendezesek","status":"publish","type":"page","link":"https:\/\/pharmabog.hu\/de\/szervizszabalyzat-hasznalt-fogaszati-berendezesek\/","title":{"rendered":"Servicerichtlinie \u2013 Gebrauchte zahn\u00e4rztliche Ger\u00e4te"},"content":{"rendered":"<p class=\"p1\"><b>G\u00fcltig:<\/b>\u00a0Ab dem 1. Januar 2025<\/p>\n<p class=\"p1\">Diese Serviceregeln sind\u00a0<b>Pharmabog Ltd.<\/b>\u00a0(nachfolgend genannt:\u00a0<b>Dienstleister<\/b>) verkauft und\/oder gewartet von\u00a0<b>gebrauchte zahn\u00e4rztliche und medizinische Ger\u00e4te<\/b>\u00a0enth\u00e4lt ausschlie\u00dflich die geltenden Service- und Garantiebedingungen.\u00a0<b>Gesch\u00e4ftspartner (B2B)<\/b>\u00a0f\u00fcr.<\/p>\n<p class=\"p3\"><b>1. Anwendungsbereich der Verordnung<\/b><\/p>\n<p class=\"p1\">Der Anwendungsbereich der Dienstleistungsordnung erstreckt sich auf alle juristischen Personen oder Unternehmensvereinigungen ohne Rechtspers\u00f6nlichkeit (nachfolgend als solche bezeichnet):\u00a0<b>Kunde<\/b>), die gebrauchte Ger\u00e4te kauft oder Dienstleistungen des Serviceanbieters in Anspruch nimmt.<\/p>\n<p class=\"p1\">Der Kunde erkl\u00e4rt, dass\u00a0<b>wird nicht als Verbraucher betrachtet<\/b>, Daher gelten die obligatorischen Gew\u00e4hrleistungsbestimmungen f\u00fcr Verbraucher nicht.<\/p>\n<p class=\"p3\"><b>2. Zustand der gebrauchten Ger\u00e4te<\/b><\/p>\n<p class=\"p1\">Der Kunde best\u00e4tigt, dass die verwendeten Ger\u00e4te:<\/p>\n<ul class=\"ul1\">\n<li class=\"li1\">Sie stammen aus vorheriger Verwendung.,<\/li>\n<li class=\"li1\">kann \u00e4sthetische und technische Gebrauchsspuren aufweisen,<\/li>\n<li class=\"li1\">Sie gelten nicht als neu oder neuartig.<\/li>\n<\/ul>\n<p class=\"p1\">Der Serviceanbieter pr\u00fcft die Ger\u00e4te vor der Auslieferung auf ihren Betriebszustand, \u00fcbernimmt jedoch keine Haftung f\u00fcr Verschlei\u00df, der durch bestimmungsgem\u00e4\u00dfen Gebrauch w\u00e4hrend des Betriebs entsteht.<\/p>\n<p class=\"p3\"><b>3. Garantie f\u00fcr gebrauchte Ger\u00e4te<\/b><\/p>\n<p class=\"p1\">Der Dienstanbieter ist f\u00fcr die eingesetzte Ausr\u00fcstung verantwortlich.\u00a0<b>3 (drei) Monate Servicegarantie<\/b>\u00a0unternimmt ausschlie\u00dflich:<\/p>\n<ul class=\"ul1\">\n<li class=\"li1\">Reparaturen, die vom Serviceanbieter durchgef\u00fchrt werden,<\/li>\n<li class=\"li1\">umfasst vom Dienstanbieter installierte Komponenten.<\/li>\n<\/ul>\n<p class=\"p1\">Die Garantie\u00a0<b>stellt keine Garantie dar<\/b>, sondern nur eine vertragliche Servicegarantie.<\/p>\n<p class=\"p3\"><b>4. Ausdr\u00fccklicher Gew\u00e4hrleistungsausschluss<\/b><\/p>\n<p class=\"p1\">Die Parteien halten hiermit fest:<\/p>\n<ul class=\"ul1\">\n<li class=\"li1\">Verkauf von Gebrauchtger\u00e4ten\u00a0<b>nicht durch die obligatorische Garantie abgedeckt<\/b>,<\/li>\n<li class=\"li1\">der Dienstanbieter, soweit dies nach dem B\u00fcrgerlichen Gesetzbuch zul\u00e4ssig ist,\u00a0<b>Garantie vollst\u00e4ndig ausgeschlossen<\/b>.<\/li>\n<\/ul>\n<p class=\"p1\">Der Kunde akzeptiert diesen Ausschluss ausdr\u00fccklich durch den Abschluss des Vertrags.<\/p>\n<p class=\"p3\"><b>5. Die Garantie deckt folgende F\u00e4lle nicht ab:<\/b><\/p>\n<p class=\"p1\">Die dreimonatige Servicegarantie kann nicht in Anspruch genommen werden, wenn die Ursache des Defekts folgende ist:<\/p>\n<ul class=\"ul1\">\n<li class=\"li1\">nat\u00fcrliche Abnutzung,<\/li>\n<li class=\"li1\">unsachgem\u00e4\u00dfe Verwendung,<\/li>\n<li class=\"li1\">Versto\u00df gegen Betriebs- oder Wartungsanweisungen,<\/li>\n<li class=\"li1\">\u00e4u\u00dfere Einwirkung (mechanische Besch\u00e4digung, Fl\u00fcssigkeit, \u00dcberspannung),<\/li>\n<li class=\"li1\">h\u00f6here Gewalt,<\/li>\n<li class=\"li1\">Reparatur oder Eingriff durch Dritte.<\/li>\n<\/ul>\n<p class=\"p3\"><b>6. Servicebedingungen und R\u00fcckgabe<\/b><\/p>\n<p class=\"p1\">Fehlermeldungen erfolgen per E-Mail oder Telefon. Abreise:<\/p>\n<ul class=\"ul1\">\n<li class=\"li1\">ein separater kostenpflichtiger Service,<\/li>\n<li class=\"li1\">Die Abrechnung erfolgt gem\u00e4\u00df den jeweils g\u00fcltigen Tarifen des Dienstanbieters.<\/li>\n<\/ul>\n<p class=\"p1\">Der Kunde ist verpflichtet, die Voraussetzungen f\u00fcr die Arbeiten vor Ort zu gew\u00e4hrleisten.<\/p>\n<p class=\"p3\"><b>7. Haftungsbeschr\u00e4nkung (B2B)<\/b><\/p>\n<p class=\"p1\">Der Dienstanbieter ist nicht verantwortlich f\u00fcr:<\/p>\n<ul class=\"ul1\">\n<li class=\"li1\">f\u00fcr entgangene Gewinne,<\/li>\n<li class=\"li1\">f\u00fcr B\u00fcroausf\u00e4lle,<\/li>\n<li class=\"li1\">wegen Einkommensverlust,<\/li>\n<li class=\"li1\">f\u00fcr indirekte oder Folgesch\u00e4den.<\/li>\n<\/ul>\n<p class=\"p1\">Die Gesamthaftung des Dienstleisters darf den Nettokaufpreis der jeweiligen gebrauchten Ger\u00e4te nicht \u00fcbersteigen.<\/p>\n<p class=\"p3\"><b>8. Streitbeilegung und anwendbares Recht<\/b><\/p>\n<p class=\"p1\">Diese Serviceregeln gelten f\u00fcr\u00a0<b>Ungarisches Recht<\/b>\u00a0Im Falle eines Rechtsstreits ist ausschlie\u00dflich das Gericht am Sitz des Dienstanbieters zust\u00e4ndig.<\/p>\n<p class=\"p1\"><b>Dienstanbieter:<\/b><\/p>\n<p class=\"p1\">Pharmabog Ltd.<\/p>\n<p class=\"p1\">8640 Fony\u00f3d, Badacsony Stra\u00dfe 15.<\/p>\n<p class=\"p1\">Fony\u00f3d, 1. Januar 2025.<\/p>","protected":false},"excerpt":{"rendered":"<p>Hat\u00e1lyos:\u00a02025. janu\u00e1r 1-t\u0151l Jelen Szervizszab\u00e1lyzat a\u00a0Pharmabog Kft.\u00a0(a tov\u00e1bbiakban:\u00a0Szolg\u00e1ltat\u00f3) \u00e1ltal forgalmazott \u00e9s\/vagy szervizelt\u00a0haszn\u00e1lt fog\u00e1szati \u00e9s eg\u00e9szs\u00e9g\u00fcgyi berendez\u00e9sekre\u00a0vonatkoz\u00f3 szervizel\u00e9si \u00e9s garanci\u00e1lis felt\u00e9teleket tartalmazza, kiz\u00e1r\u00f3lag\u00a0\u00fczleti partnerek (B2B)\u00a0r\u00e9sz\u00e9re. 1. A szab\u00e1lyzat hat\u00e1lya A Szervizszab\u00e1lyzat hat\u00e1lya kiterjed minden olyan jogi szem\u00e9lyre vagy jogi szem\u00e9lyis\u00e9ggel nem rendelkez\u0151 gazdas\u00e1gi t\u00e1rsas\u00e1gra (a tov\u00e1bbiakban:\u00a0Megrendel\u0151), amely a Szolg\u00e1ltat\u00f3t\u00f3l haszn\u00e1lt berendez\u00e9st v\u00e1s\u00e1rol, illetve szervizszolg\u00e1ltat\u00e1st vesz ig\u00e9nybe. [&hellip;]<\/p>","protected":false},"author":1,"featured_media":0,"parent":0,"menu_order":0,"comment_status":"closed","ping_status":"closed","template":"","meta":{"footnotes":""},"class_list":["post-1239","page","type-page","status-publish","hentry"],"yoast_head":"<!-- This site is optimized with the Yoast SEO plugin v25.5 - https:\/\/yoast.com\/wordpress\/plugins\/seo\/ -->\n<title>Szervizszab\u00e1lyzat \u2013 Haszn\u00e1lt fog\u00e1szati berendez\u00e9sek - Pharmabog Kft. - Fog\u00e1szati kezel\u0151egys\u00e9g<\/title>\n<meta name=\"robots\" content=\"index, follow, max-snippet:-1, max-image-preview:large, max-video-preview:-1\" \/>\n<link rel=\"canonical\" href=\"https:\/\/pharmabog.hu\/de\/szervizszabalyzat-hasznalt-fogaszati-berendezesek\/\" \/>\n<meta property=\"og:locale\" content=\"de_DE\" \/>\n<meta property=\"og:type\" content=\"article\" \/>\n<meta property=\"og:title\" content=\"Szervizszab\u00e1lyzat \u2013 Haszn\u00e1lt fog\u00e1szati berendez\u00e9sek - Pharmabog Kft. - Fog\u00e1szati kezel\u0151egys\u00e9g\" \/>\n<meta property=\"og:description\" content=\"Hat\u00e1lyos:\u00a02025. janu\u00e1r 1-t\u0151l Jelen Szervizszab\u00e1lyzat a\u00a0Pharmabog Kft.\u00a0(a tov\u00e1bbiakban:\u00a0Szolg\u00e1ltat\u00f3) \u00e1ltal forgalmazott \u00e9s\/vagy szervizelt\u00a0haszn\u00e1lt fog\u00e1szati \u00e9s eg\u00e9szs\u00e9g\u00fcgyi berendez\u00e9sekre\u00a0vonatkoz\u00f3 szervizel\u00e9si \u00e9s garanci\u00e1lis felt\u00e9teleket tartalmazza, kiz\u00e1r\u00f3lag\u00a0\u00fczleti partnerek (B2B)\u00a0r\u00e9sz\u00e9re. 1. A szab\u00e1lyzat hat\u00e1lya A Szervizszab\u00e1lyzat hat\u00e1lya kiterjed minden olyan jogi szem\u00e9lyre vagy jogi szem\u00e9lyis\u00e9ggel nem rendelkez\u0151 gazdas\u00e1gi t\u00e1rsas\u00e1gra (a tov\u00e1bbiakban:\u00a0Megrendel\u0151), amely a Szolg\u00e1ltat\u00f3t\u00f3l haszn\u00e1lt berendez\u00e9st v\u00e1s\u00e1rol, illetve szervizszolg\u00e1ltat\u00e1st vesz ig\u00e9nybe. [&hellip;]\" \/>\n<meta property=\"og:url\" content=\"https:\/\/pharmabog.hu\/de\/szervizszabalyzat-hasznalt-fogaszati-berendezesek\/\" \/>\n<meta property=\"og:site_name\" content=\"Pharmabog Kft. - Fog\u00e1szati kezel\u0151egys\u00e9g\" \/>\n<meta property=\"article:publisher\" content=\"https:\/\/www.facebook.com\/pharmabog.hu\" \/>\n<meta name=\"twitter:card\" content=\"summary_large_image\" \/>\n<meta name=\"twitter:label1\" content=\"Gesch\u00e4tzte Lesezeit\" \/>\n\t<meta name=\"twitter:data1\" content=\"2\u00a0Minuten\" \/>\n<script type=\"application\/ld+json\" class=\"yoast-schema-graph\">{\"@context\":\"https:\/\/schema.org\",\"@graph\":[{\"@type\":\"WebPage\",\"@id\":\"https:\/\/pharmabog.hu\/szervizszabalyzat-hasznalt-fogaszati-berendezesek\/\",\"url\":\"https:\/\/pharmabog.hu\/szervizszabalyzat-hasznalt-fogaszati-berendezesek\/\",\"name\":\"Szervizszab\u00e1lyzat \u2013 Haszn\u00e1lt fog\u00e1szati berendez\u00e9sek - Pharmabog Kft. - Fog\u00e1szati kezel\u0151egys\u00e9g\",\"isPartOf\":{\"@id\":\"https:\/\/pharmabog.hu\/#website\"},\"datePublished\":\"2025-12-28T18:53:06+00:00\",\"breadcrumb\":{\"@id\":\"https:\/\/pharmabog.hu\/szervizszabalyzat-hasznalt-fogaszati-berendezesek\/#breadcrumb\"},\"inLanguage\":\"de\",\"potentialAction\":[{\"@type\":\"ReadAction\",\"target\":[\"https:\/\/pharmabog.hu\/szervizszabalyzat-hasznalt-fogaszati-berendezesek\/\"]}]},{\"@type\":\"BreadcrumbList\",\"@id\":\"https:\/\/pharmabog.hu\/szervizszabalyzat-hasznalt-fogaszati-berendezesek\/#breadcrumb\",\"itemListElement\":[{\"@type\":\"ListItem\",\"position\":1,\"name\":\"Kezd\u0151lap\",\"item\":\"https:\/\/pharmabog.hu\/\"},{\"@type\":\"ListItem\",\"position\":2,\"name\":\"Szervizszab\u00e1lyzat \u2013 Haszn\u00e1lt fog\u00e1szati berendez\u00e9sek\"}]},{\"@type\":\"WebSite\",\"@id\":\"https:\/\/pharmabog.hu\/#website\",\"url\":\"https:\/\/pharmabog.hu\/\",\"name\":\"Pharmabog Kft. - Fog\u00e1szati kezel\u0151egys\u00e9g\",\"description\":\"\",\"publisher\":{\"@id\":\"https:\/\/pharmabog.hu\/#organization\"},\"potentialAction\":[{\"@type\":\"SearchAction\",\"target\":{\"@type\":\"EntryPoint\",\"urlTemplate\":\"https:\/\/pharmabog.hu\/?s={search_term_string}\"},\"query-input\":{\"@type\":\"PropertyValueSpecification\",\"valueRequired\":true,\"valueName\":\"search_term_string\"}}],\"inLanguage\":\"de\"},{\"@type\":\"Organization\",\"@id\":\"https:\/\/pharmabog.hu\/#organization\",\"name\":\"Pharmabog Kft. - Fog\u00e1szati kezel\u0151egys\u00e9g\",\"url\":\"https:\/\/pharmabog.hu\/\",\"logo\":{\"@type\":\"ImageObject\",\"inLanguage\":\"de\",\"@id\":\"https:\/\/pharmabog.hu\/#\/schema\/logo\/image\/\",\"url\":\"https:\/\/pharmabog.hu\/wp-content\/uploads\/2025\/07\/cropped-logo-16-e1644481099702-4.png\",\"contentUrl\":\"https:\/\/pharmabog.hu\/wp-content\/uploads\/2025\/07\/cropped-logo-16-e1644481099702-4.png\",\"width\":296,\"height\":87,\"caption\":\"Pharmabog Kft. - Fog\u00e1szati kezel\u0151egys\u00e9g\"},\"image\":{\"@id\":\"https:\/\/pharmabog.hu\/#\/schema\/logo\/image\/\"},\"sameAs\":[\"https:\/\/www.facebook.com\/pharmabog.hu\"]}]}<\/script>\n<!-- \/ Yoast SEO plugin. -->","yoast_head_json":{"title":"Szervizszab\u00e1lyzat \u2013 Haszn\u00e1lt fog\u00e1szati berendez\u00e9sek - Pharmabog Kft. - Fog\u00e1szati kezel\u0151egys\u00e9g","robots":{"index":"index","follow":"follow","max-snippet":"max-snippet:-1","max-image-preview":"max-image-preview:large","max-video-preview":"max-video-preview:-1"},"canonical":"https:\/\/pharmabog.hu\/de\/szervizszabalyzat-hasznalt-fogaszati-berendezesek\/","og_locale":"de_DE","og_type":"article","og_title":"Szervizszab\u00e1lyzat \u2013 Haszn\u00e1lt fog\u00e1szati berendez\u00e9sek - Pharmabog Kft. - Fog\u00e1szati kezel\u0151egys\u00e9g","og_description":"Hat\u00e1lyos:\u00a02025. janu\u00e1r 1-t\u0151l Jelen Szervizszab\u00e1lyzat a\u00a0Pharmabog Kft.\u00a0(a tov\u00e1bbiakban:\u00a0Szolg\u00e1ltat\u00f3) \u00e1ltal forgalmazott \u00e9s\/vagy szervizelt\u00a0haszn\u00e1lt fog\u00e1szati \u00e9s eg\u00e9szs\u00e9g\u00fcgyi berendez\u00e9sekre\u00a0vonatkoz\u00f3 szervizel\u00e9si \u00e9s garanci\u00e1lis felt\u00e9teleket tartalmazza, kiz\u00e1r\u00f3lag\u00a0\u00fczleti partnerek (B2B)\u00a0r\u00e9sz\u00e9re. 1. A szab\u00e1lyzat hat\u00e1lya A Szervizszab\u00e1lyzat hat\u00e1lya kiterjed minden olyan jogi szem\u00e9lyre vagy jogi szem\u00e9lyis\u00e9ggel nem rendelkez\u0151 gazdas\u00e1gi t\u00e1rsas\u00e1gra (a tov\u00e1bbiakban:\u00a0Megrendel\u0151), amely a Szolg\u00e1ltat\u00f3t\u00f3l haszn\u00e1lt berendez\u00e9st v\u00e1s\u00e1rol, illetve szervizszolg\u00e1ltat\u00e1st vesz ig\u00e9nybe. [&hellip;]","og_url":"https:\/\/pharmabog.hu\/de\/szervizszabalyzat-hasznalt-fogaszati-berendezesek\/","og_site_name":"Pharmabog Kft. - Fog\u00e1szati kezel\u0151egys\u00e9g","article_publisher":"https:\/\/www.facebook.com\/pharmabog.hu","twitter_card":"summary_large_image","twitter_misc":{"Gesch\u00e4tzte Lesezeit":"2\u00a0Minuten"},"schema":{"@context":"https:\/\/schema.org","@graph":[{"@type":"WebPage","@id":"https:\/\/pharmabog.hu\/szervizszabalyzat-hasznalt-fogaszati-berendezesek\/","url":"https:\/\/pharmabog.hu\/szervizszabalyzat-hasznalt-fogaszati-berendezesek\/","name":"Szervizszab\u00e1lyzat \u2013 Haszn\u00e1lt fog\u00e1szati berendez\u00e9sek - Pharmabog Kft. - Fog\u00e1szati kezel\u0151egys\u00e9g","isPartOf":{"@id":"https:\/\/pharmabog.hu\/#website"},"datePublished":"2025-12-28T18:53:06+00:00","breadcrumb":{"@id":"https:\/\/pharmabog.hu\/szervizszabalyzat-hasznalt-fogaszati-berendezesek\/#breadcrumb"},"inLanguage":"de","potentialAction":[{"@type":"ReadAction","target":["https:\/\/pharmabog.hu\/szervizszabalyzat-hasznalt-fogaszati-berendezesek\/"]}]},{"@type":"BreadcrumbList","@id":"https:\/\/pharmabog.hu\/szervizszabalyzat-hasznalt-fogaszati-berendezesek\/#breadcrumb","itemListElement":[{"@type":"ListItem","position":1,"name":"Kezd\u0151lap","item":"https:\/\/pharmabog.hu\/"},{"@type":"ListItem","position":2,"name":"Szervizszab\u00e1lyzat \u2013 Haszn\u00e1lt fog\u00e1szati berendez\u00e9sek"}]},{"@type":"WebSite","@id":"https:\/\/pharmabog.hu\/#website","url":"https:\/\/pharmabog.hu\/","name":"Pharmabog Ltd. - Zahnbehandlungseinheit","description":"","publisher":{"@id":"https:\/\/pharmabog.hu\/#organization"},"potentialAction":[{"@type":"SearchAction","target":{"@type":"EntryPoint","urlTemplate":"https:\/\/pharmabog.hu\/?s={search_term_string}"},"query-input":{"@type":"PropertyValueSpecification","valueRequired":true,"valueName":"search_term_string"}}],"inLanguage":"de"},{"@type":"Organization","@id":"https:\/\/pharmabog.hu\/#organization","name":"Pharmabog Ltd. - Zahnbehandlungseinheit","url":"https:\/\/pharmabog.hu\/","logo":{"@type":"ImageObject","inLanguage":"de","@id":"https:\/\/pharmabog.hu\/#\/schema\/logo\/image\/","url":"https:\/\/pharmabog.hu\/wp-content\/uploads\/2025\/07\/cropped-logo-16-e1644481099702-4.png","contentUrl":"https:\/\/pharmabog.hu\/wp-content\/uploads\/2025\/07\/cropped-logo-16-e1644481099702-4.png","width":296,"height":87,"caption":"Pharmabog Kft. - Fog\u00e1szati kezel\u0151egys\u00e9g"},"image":{"@id":"https:\/\/pharmabog.hu\/#\/schema\/logo\/image\/"},"sameAs":["https:\/\/www.facebook.com\/pharmabog.hu"]}]}},"_links":{"self":[{"href":"https:\/\/pharmabog.hu\/de\/wp-json\/wp\/v2\/pages\/1239","targetHints":{"allow":["GET"]}}],"collection":[{"href":"https:\/\/pharmabog.hu\/de\/wp-json\/wp\/v2\/pages"}],"about":[{"href":"https:\/\/pharmabog.hu\/de\/wp-json\/wp\/v2\/types\/page"}],"author":[{"embeddable":true,"href":"https:\/\/pharmabog.hu\/de\/wp-json\/wp\/v2\/users\/1"}],"replies":[{"embeddable":true,"href":"https:\/\/pharmabog.hu\/de\/wp-json\/wp\/v2\/comments?post=1239"}],"version-history":[{"count":1,"href":"https:\/\/pharmabog.hu\/de\/wp-json\/wp\/v2\/pages\/1239\/revisions"}],"predecessor-version":[{"id":1240,"href":"https:\/\/pharmabog.hu\/de\/wp-json\/wp\/v2\/pages\/1239\/revisions\/1240"}],"wp:attachment":[{"href":"https:\/\/pharmabog.hu\/de\/wp-json\/wp\/v2\/media?parent=1239"}],"curies":[{"name":"wp","href":"https:\/\/api.w.org\/{rel}","templated":true}]}}