{"id":1237,"date":"2025-12-28T18:52:01","date_gmt":"2025-12-28T18:52:01","guid":{"rendered":"https:\/\/pharmabog.hu\/?page_id=1237"},"modified":"2025-12-28T18:52:01","modified_gmt":"2025-12-28T18:52:01","slug":"altalanos-szerzodesi-feltetelek","status":"publish","type":"page","link":"https:\/\/pharmabog.hu\/de\/altalanos-szerzodesi-feltetelek\/","title":{"rendered":"Allgemeine Gesch\u00e4ftsbedingungen"},"content":{"rendered":"<p class=\"p1\">G\u00fcltig ab: 1. Januar 2025<\/p>\n<p class=\"p1\">Diese Allgemeinen Gesch\u00e4ftsbedingungen (nachfolgend: AGB) regeln die Bedingungen f\u00fcr die Nutzung der \u00fcber die Website pharmabog.hu (nachfolgend: Website) angebotenen Dienste.<\/p>\n<p class=\"p1\">Die Website bietet Informationen und Dienstleistungen ausschlie\u00dflich f\u00fcr Gesch\u00e4ftspartner (B2B) an.<\/p>\n<p class=\"p1\">1. Angaben zum Dienstanbieter<\/p>\n<p class=\"p1\">Firmenname: Pharmabog Limited Liability Company<\/p>\n<p class=\"p1\">Kurzname: Pharmabog Kft.<\/p>\n<p class=\"p1\">Sitz: 8640 Fony\u00f3d, Badacsony Stra\u00dfe 15<\/p>\n<p class=\"p1\">Firmenregistrierungsnummer: 14-09-313559<\/p>\n<p class=\"p1\">Steuernummer: 24355799-2-14<\/p>\n<p class=\"p1\">E-Mail: pharmabog@gmail.com<\/p>\n<p class=\"p1\">Telefonnummer: +36 30 948 8151<\/p>\n<p class=\"p1\">Im Folgenden: Dienstanbieter.<\/p>\n<p class=\"p1\">2. Geltungsbereich und Annahme der AGB<\/p>\n<p class=\"p1\">Der Anwendungsbereich dieser AGB erstreckt sich auf alle juristischen Personen oder nicht eingetragenen Unternehmen (nachfolgend: (Kunde) genannt), die eine Gesch\u00e4ftsbeziehung mit dem Dienstleister eingehen oder die Dienstleistungen des Dienstleisters in Anspruch nehmen.<\/p>\n<p class=\"p1\">Durch die Nutzung der Dienstleistungen des Dienstanbieters erkl\u00e4rt der Kunde, dass er kein Verbraucher ist und akzeptiert alle Bestimmungen dieser AGB.<\/p>\n<p class=\"p1\">3. Gegenstand der Dienstleistung<\/p>\n<p class=\"p1\">Hauptt\u00e4tigkeit des Dienstleisters:<\/p>\n<p class=\"p1\">Handel mit zahn\u00e4rztlichen und medizinischen Ger\u00e4ten,<\/p>\n<p class=\"p1\">Installation, Wartung und Reparatur von zahn\u00e4rztlichen Ger\u00e4ten (Service),<\/p>\n<p class=\"p1\">technische Beratung.<\/p>\n<p class=\"p1\">Die Informationen auf der Website dienen ausschlie\u00dflich Informationszwecken und stellen kein verbindliches Angebot dar.<\/p>\n<p class=\"p1\">4. Ausf\u00fchrliche Nutzungsbedingungen<\/p>\n<p class=\"p1\">4.1. So nutzen Sie den Dienst<\/p>\n<p class=\"p1\">Die Nutzung des Dienstes beginnt mit einer St\u00f6rungsmeldung per E-Mail oder Telefon. Die St\u00f6rungsmeldung muss Folgendes enthalten:<\/p>\n<p class=\"p1\">Art und Seriennummer des Ger\u00e4ts,<\/p>\n<p class=\"p1\">eine kurze Beschreibung des Fehlers,<\/p>\n<p class=\"p1\">der Standort der Installation,<\/p>\n<p class=\"p1\">Kontaktdaten der Kontaktperson.<\/p>\n<p class=\"p1\">4.2. Abreise und Arbeit<\/p>\n<p class=\"p1\">Der Dienstanbieter f\u00fchrt die Deinstallation zum vereinbarten Zeitpunkt nach Eingang der Fehlermeldung durch. Die Deinstallation:<\/p>\n<p class=\"p1\">Lohnkosten,<\/p>\n<p class=\"p1\">eine Dienstleistung mit separater Geb\u00fchr, deren H\u00f6he sich nach dem jeweils g\u00fcltigen Tarif richtet.<\/p>\n<p class=\"p1\">Der Kunde ist verpflichtet, die notwendigen Voraussetzungen f\u00fcr die Arbeiten (Strom, Zugang, Hygienebedingungen) zu schaffen.<\/p>\n<p class=\"p1\">4.3. Fristen<\/p>\n<p class=\"p1\">Der Serviceanbieter ist stets bem\u00fcht, den Fehler innerhalb eines angemessenen Zeitraums zu beheben. Die Reparaturdauer h\u00e4ngt von folgenden Faktoren ab:<\/p>\n<p class=\"p1\">die Art des Fehlers,<\/p>\n<p class=\"p1\">aus der Verf\u00fcgbarkeit von Teilen,<\/p>\n<p class=\"p1\">von der Leistung eines Dritten (Hersteller, Lieferant).<\/p>\n<p class=\"p1\">Der Serviceanbieter haftet nicht f\u00fcr Verz\u00f6gerungen, die durch Teilemangel oder Verz\u00f6gerungen seitens des Herstellers entstehen.<\/p>\n<p class=\"p1\">4.4. Servicegeb\u00fchren und Abrechnung<\/p>\n<p class=\"p1\">Die Servicegeb\u00fchr kann Folgendes umfassen:<\/p>\n<p class=\"p1\">L\u00f6hne,<\/p>\n<p class=\"p1\">Ausreisegeb\u00fchr,<\/p>\n<p class=\"p1\">Preis f\u00fcr gebrauchte Teile.<\/p>\n<p class=\"p1\">Der Dienstleister ist berechtigt, eine Vorauszahlung oder eine Zahlung vor Ort zu verlangen.<\/p>\n<p class=\"p1\">5. Abgrenzung der Herstellergarantie und der Haftung f\u00fcr Serviceleistungen<\/p>\n<p class=\"p1\">Die vom Serviceanbieter verkauften Ger\u00e4te unterliegen der Herstellergarantie. Gebrauchte Ger\u00e4te haben eine dreimonatige Garantie.<\/p>\n<p class=\"p1\">Der Dienstleister:<\/p>\n<p class=\"p1\">\u00fcbernimmt keine Verantwortung f\u00fcr \u00c4nderungen der Bedingungen der Herstellergarantie.,<\/p>\n<p class=\"p1\">\u00fcbernimmt keine Verantwortung f\u00fcr Entscheidungen oder Ablehnungen des Herstellers.<\/p>\n<p class=\"p1\">Die Garantie kann erl\u00f6schen, wenn:<\/p>\n<p class=\"p1\">Die Ausr\u00fcstung wird nicht bestimmungsgem\u00e4\u00df verwendet.,<\/p>\n<p class=\"p1\">Die Reparatur wird nicht von einer vom Serviceanbieter oder dem Hersteller autorisierten Person durchgef\u00fchrt.,<\/p>\n<p class=\"p1\">Der Kunde h\u00e4lt die Wartungsvorschriften nicht ein.<\/p>\n<p class=\"p1\">Die Haftung des Serviceanbieters erstreckt sich ausschlie\u00dflich auf die von ihm ausgef\u00fchrten Arbeiten und die von ihm eingebauten Teile.<\/p>\n<p class=\"p1\">6. Haftungsbeschr\u00e4nkung (B2B)<\/p>\n<p class=\"p1\">Die Haftung des Dienstanbieters ist im gesetzlich zul\u00e4ssigen Umfang beschr\u00e4nkt.<\/p>\n<p class=\"p1\">Der Dienstanbieter ist nicht verantwortlich f\u00fcr:<\/p>\n<p class=\"p1\">f\u00fcr entgangene Gewinne,<\/p>\n<p class=\"p1\">f\u00fcr indirekte oder Folgesch\u00e4den,<\/p>\n<p class=\"p1\">f\u00fcr Betriebsunterbrechungen,<\/p>\n<p class=\"p1\">zum Schutz vor Datenverlust,<\/p>\n<p class=\"p1\">f\u00fcr Sch\u00e4den, die aus Anspr\u00fcchen Dritter resultieren.<\/p>\n<p class=\"p1\">Die Gesamthaftung des Dienstleisters f\u00fcr Sch\u00e4den darf den vom Kunden f\u00fcr die jeweilige Dienstleistung gezahlten Nettobetrag nicht \u00fcbersteigen.<\/p>\n<p class=\"p1\">7. Urheberrecht<\/p>\n<p class=\"p1\">Alle Inhalte dieser Website sind urheberrechtlich gesch\u00fctzt. Die Nutzung der Inhalte zu kommerziellen Zwecken ist nur mit vorheriger schriftlicher Genehmigung des Dienstanbieters gestattet.<\/p>\n<p class=\"p1\">8. Datenmanagement<\/p>\n<p class=\"p1\">Der Dienstleister verarbeitet personenbezogene Daten ausschlie\u00dflich zum Zweck der Aufrechterhaltung der Gesch\u00e4ftsbeziehungen gem\u00e4\u00df den geltenden Gesetzen.<\/p>\n<p class=\"p1\">Einzelheiten zur Datenverarbeitung sind in der Datenschutzerkl\u00e4rung enthalten.<\/p>\n<p class=\"p1\">9. Beschwerdemanagement<\/p>\n<p class=\"p1\">Der Kunde kann seine Kommentare und Beschwerden an die folgenden Kontaktdaten senden:<\/p>\n<p class=\"p1\">E-Mail: pharmabog@gmail.com<\/p>\n<p class=\"p1\">Telefon: +36 30 948 8151<\/p>\n<p class=\"p1\">10. Schlussbestimmungen<\/p>\n<p class=\"p1\">Der Dienstanbieter ist berechtigt, diese AGB einseitig zu \u00e4ndern. Die \u00c4nderung tritt mit ihrer Ver\u00f6ffentlichung auf der Website in Kraft.<\/p>\n<p class=\"p1\">Diese AGB unterliegen ungarischem Recht, und f\u00fcr die Entscheidung von Rechtsstreitigkeiten ist das Gericht am Sitz des Dienstanbieters zust\u00e4ndig.<\/p>\n<p class=\"p1\">Dienstanbieter:<\/p>\n<p class=\"p1\">Pharmabog Ltd.<\/p>\n<p class=\"p1\">Fony\u00f3d, 1. Januar 2025.<\/p>","protected":false},"excerpt":{"rendered":"<p>Hat\u00e1lyos: 2025. janu\u00e1r 1-t\u0151l Jelen \u00c1ltal\u00e1nos Szerz\u0151d\u00e9si Felt\u00e9telek (a tov\u00e1bbiakban: \u00c1SZF) a pharmabog.hu weboldalon (a tov\u00e1bbiakban: Weboldal) kereszt\u00fcl ny\u00fajtott szolg\u00e1ltat\u00e1sok ig\u00e9nybev\u00e9tel\u00e9nek felt\u00e9teleit szab\u00e1lyozza. A Weboldal kiz\u00e1r\u00f3lag \u00fczleti partnerek (B2B) r\u00e9sz\u00e9re ny\u00fajt inform\u00e1ci\u00f3t \u00e9s szolg\u00e1ltat\u00e1sokat. 1. Szolg\u00e1ltat\u00f3 adatai C\u00e9gn\u00e9v: Pharmabog Korl\u00e1tolt Felel\u0151ss\u00e9g\u0171 T\u00e1rsas\u00e1g R\u00f6vid n\u00e9v: Pharmabog Kft. Sz\u00e9khely: 8640 Fony\u00f3d, Badacsony utca 15 C\u00e9gjegyz\u00e9ksz\u00e1m: 14-09-313559 Ad\u00f3sz\u00e1m: [&hellip;]<\/p>","protected":false},"author":1,"featured_media":0,"parent":0,"menu_order":0,"comment_status":"closed","ping_status":"closed","template":"","meta":{"footnotes":""},"class_list":["post-1237","page","type-page","status-publish","hentry"],"yoast_head":"<!-- This site is optimized with the Yoast SEO plugin v25.5 - https:\/\/yoast.com\/wordpress\/plugins\/seo\/ -->\n<title>\u00c1ltal\u00e1nos Szerz\u0151d\u00e9si Felt\u00e9telek - Pharmabog Kft. - Fog\u00e1szati kezel\u0151egys\u00e9g<\/title>\n<meta name=\"robots\" content=\"index, follow, max-snippet:-1, max-image-preview:large, max-video-preview:-1\" \/>\n<link rel=\"canonical\" href=\"https:\/\/pharmabog.hu\/de\/altalanos-szerzodesi-feltetelek\/\" \/>\n<meta property=\"og:locale\" content=\"de_DE\" \/>\n<meta property=\"og:type\" content=\"article\" \/>\n<meta property=\"og:title\" content=\"\u00c1ltal\u00e1nos Szerz\u0151d\u00e9si Felt\u00e9telek - Pharmabog Kft. - Fog\u00e1szati kezel\u0151egys\u00e9g\" \/>\n<meta property=\"og:description\" content=\"Hat\u00e1lyos: 2025. janu\u00e1r 1-t\u0151l Jelen \u00c1ltal\u00e1nos Szerz\u0151d\u00e9si Felt\u00e9telek (a tov\u00e1bbiakban: \u00c1SZF) a pharmabog.hu weboldalon (a tov\u00e1bbiakban: Weboldal) kereszt\u00fcl ny\u00fajtott szolg\u00e1ltat\u00e1sok ig\u00e9nybev\u00e9tel\u00e9nek felt\u00e9teleit szab\u00e1lyozza. A Weboldal kiz\u00e1r\u00f3lag \u00fczleti partnerek (B2B) r\u00e9sz\u00e9re ny\u00fajt inform\u00e1ci\u00f3t \u00e9s szolg\u00e1ltat\u00e1sokat. 1. Szolg\u00e1ltat\u00f3 adatai C\u00e9gn\u00e9v: Pharmabog Korl\u00e1tolt Felel\u0151ss\u00e9g\u0171 T\u00e1rsas\u00e1g R\u00f6vid n\u00e9v: Pharmabog Kft. Sz\u00e9khely: 8640 Fony\u00f3d, Badacsony utca 15 C\u00e9gjegyz\u00e9ksz\u00e1m: 14-09-313559 Ad\u00f3sz\u00e1m: [&hellip;]\" \/>\n<meta property=\"og:url\" content=\"https:\/\/pharmabog.hu\/de\/altalanos-szerzodesi-feltetelek\/\" \/>\n<meta property=\"og:site_name\" content=\"Pharmabog Kft. - Fog\u00e1szati kezel\u0151egys\u00e9g\" \/>\n<meta property=\"article:publisher\" content=\"https:\/\/www.facebook.com\/pharmabog.hu\" \/>\n<meta name=\"twitter:card\" content=\"summary_large_image\" \/>\n<meta name=\"twitter:label1\" content=\"Gesch\u00e4tzte Lesezeit\" \/>\n\t<meta name=\"twitter:data1\" content=\"3\u00a0Minuten\" \/>\n<script type=\"application\/ld+json\" class=\"yoast-schema-graph\">{\"@context\":\"https:\/\/schema.org\",\"@graph\":[{\"@type\":\"WebPage\",\"@id\":\"https:\/\/pharmabog.hu\/altalanos-szerzodesi-feltetelek\/\",\"url\":\"https:\/\/pharmabog.hu\/altalanos-szerzodesi-feltetelek\/\",\"name\":\"\u00c1ltal\u00e1nos Szerz\u0151d\u00e9si Felt\u00e9telek - Pharmabog Kft. - Fog\u00e1szati kezel\u0151egys\u00e9g\",\"isPartOf\":{\"@id\":\"https:\/\/pharmabog.hu\/#website\"},\"datePublished\":\"2025-12-28T18:52:01+00:00\",\"breadcrumb\":{\"@id\":\"https:\/\/pharmabog.hu\/altalanos-szerzodesi-feltetelek\/#breadcrumb\"},\"inLanguage\":\"de\",\"potentialAction\":[{\"@type\":\"ReadAction\",\"target\":[\"https:\/\/pharmabog.hu\/altalanos-szerzodesi-feltetelek\/\"]}]},{\"@type\":\"BreadcrumbList\",\"@id\":\"https:\/\/pharmabog.hu\/altalanos-szerzodesi-feltetelek\/#breadcrumb\",\"itemListElement\":[{\"@type\":\"ListItem\",\"position\":1,\"name\":\"Kezd\u0151lap\",\"item\":\"https:\/\/pharmabog.hu\/\"},{\"@type\":\"ListItem\",\"position\":2,\"name\":\"\u00c1ltal\u00e1nos Szerz\u0151d\u00e9si Felt\u00e9telek\"}]},{\"@type\":\"WebSite\",\"@id\":\"https:\/\/pharmabog.hu\/#website\",\"url\":\"https:\/\/pharmabog.hu\/\",\"name\":\"Pharmabog Kft. - Fog\u00e1szati kezel\u0151egys\u00e9g\",\"description\":\"\",\"publisher\":{\"@id\":\"https:\/\/pharmabog.hu\/#organization\"},\"potentialAction\":[{\"@type\":\"SearchAction\",\"target\":{\"@type\":\"EntryPoint\",\"urlTemplate\":\"https:\/\/pharmabog.hu\/?s={search_term_string}\"},\"query-input\":{\"@type\":\"PropertyValueSpecification\",\"valueRequired\":true,\"valueName\":\"search_term_string\"}}],\"inLanguage\":\"de\"},{\"@type\":\"Organization\",\"@id\":\"https:\/\/pharmabog.hu\/#organization\",\"name\":\"Pharmabog Kft. - Fog\u00e1szati kezel\u0151egys\u00e9g\",\"url\":\"https:\/\/pharmabog.hu\/\",\"logo\":{\"@type\":\"ImageObject\",\"inLanguage\":\"de\",\"@id\":\"https:\/\/pharmabog.hu\/#\/schema\/logo\/image\/\",\"url\":\"https:\/\/pharmabog.hu\/wp-content\/uploads\/2025\/07\/cropped-logo-16-e1644481099702-4.png\",\"contentUrl\":\"https:\/\/pharmabog.hu\/wp-content\/uploads\/2025\/07\/cropped-logo-16-e1644481099702-4.png\",\"width\":296,\"height\":87,\"caption\":\"Pharmabog Kft. - Fog\u00e1szati kezel\u0151egys\u00e9g\"},\"image\":{\"@id\":\"https:\/\/pharmabog.hu\/#\/schema\/logo\/image\/\"},\"sameAs\":[\"https:\/\/www.facebook.com\/pharmabog.hu\"]}]}<\/script>\n<!-- \/ Yoast SEO plugin. -->","yoast_head_json":{"title":"\u00c1ltal\u00e1nos Szerz\u0151d\u00e9si Felt\u00e9telek - Pharmabog Kft. - Fog\u00e1szati kezel\u0151egys\u00e9g","robots":{"index":"index","follow":"follow","max-snippet":"max-snippet:-1","max-image-preview":"max-image-preview:large","max-video-preview":"max-video-preview:-1"},"canonical":"https:\/\/pharmabog.hu\/de\/altalanos-szerzodesi-feltetelek\/","og_locale":"de_DE","og_type":"article","og_title":"\u00c1ltal\u00e1nos Szerz\u0151d\u00e9si Felt\u00e9telek - Pharmabog Kft. - Fog\u00e1szati kezel\u0151egys\u00e9g","og_description":"Hat\u00e1lyos: 2025. janu\u00e1r 1-t\u0151l Jelen \u00c1ltal\u00e1nos Szerz\u0151d\u00e9si Felt\u00e9telek (a tov\u00e1bbiakban: \u00c1SZF) a pharmabog.hu weboldalon (a tov\u00e1bbiakban: Weboldal) kereszt\u00fcl ny\u00fajtott szolg\u00e1ltat\u00e1sok ig\u00e9nybev\u00e9tel\u00e9nek felt\u00e9teleit szab\u00e1lyozza. A Weboldal kiz\u00e1r\u00f3lag \u00fczleti partnerek (B2B) r\u00e9sz\u00e9re ny\u00fajt inform\u00e1ci\u00f3t \u00e9s szolg\u00e1ltat\u00e1sokat. 1. Szolg\u00e1ltat\u00f3 adatai C\u00e9gn\u00e9v: Pharmabog Korl\u00e1tolt Felel\u0151ss\u00e9g\u0171 T\u00e1rsas\u00e1g R\u00f6vid n\u00e9v: Pharmabog Kft. Sz\u00e9khely: 8640 Fony\u00f3d, Badacsony utca 15 C\u00e9gjegyz\u00e9ksz\u00e1m: 14-09-313559 Ad\u00f3sz\u00e1m: [&hellip;]","og_url":"https:\/\/pharmabog.hu\/de\/altalanos-szerzodesi-feltetelek\/","og_site_name":"Pharmabog Kft. - Fog\u00e1szati kezel\u0151egys\u00e9g","article_publisher":"https:\/\/www.facebook.com\/pharmabog.hu","twitter_card":"summary_large_image","twitter_misc":{"Gesch\u00e4tzte Lesezeit":"3\u00a0Minuten"},"schema":{"@context":"https:\/\/schema.org","@graph":[{"@type":"WebPage","@id":"https:\/\/pharmabog.hu\/altalanos-szerzodesi-feltetelek\/","url":"https:\/\/pharmabog.hu\/altalanos-szerzodesi-feltetelek\/","name":"\u00c1ltal\u00e1nos Szerz\u0151d\u00e9si Felt\u00e9telek - Pharmabog Kft. - Fog\u00e1szati kezel\u0151egys\u00e9g","isPartOf":{"@id":"https:\/\/pharmabog.hu\/#website"},"datePublished":"2025-12-28T18:52:01+00:00","breadcrumb":{"@id":"https:\/\/pharmabog.hu\/altalanos-szerzodesi-feltetelek\/#breadcrumb"},"inLanguage":"de","potentialAction":[{"@type":"ReadAction","target":["https:\/\/pharmabog.hu\/altalanos-szerzodesi-feltetelek\/"]}]},{"@type":"BreadcrumbList","@id":"https:\/\/pharmabog.hu\/altalanos-szerzodesi-feltetelek\/#breadcrumb","itemListElement":[{"@type":"ListItem","position":1,"name":"Kezd\u0151lap","item":"https:\/\/pharmabog.hu\/"},{"@type":"ListItem","position":2,"name":"\u00c1ltal\u00e1nos Szerz\u0151d\u00e9si Felt\u00e9telek"}]},{"@type":"WebSite","@id":"https:\/\/pharmabog.hu\/#website","url":"https:\/\/pharmabog.hu\/","name":"Pharmabog Ltd. - Zahnbehandlungseinheit","description":"","publisher":{"@id":"https:\/\/pharmabog.hu\/#organization"},"potentialAction":[{"@type":"SearchAction","target":{"@type":"EntryPoint","urlTemplate":"https:\/\/pharmabog.hu\/?s={search_term_string}"},"query-input":{"@type":"PropertyValueSpecification","valueRequired":true,"valueName":"search_term_string"}}],"inLanguage":"de"},{"@type":"Organization","@id":"https:\/\/pharmabog.hu\/#organization","name":"Pharmabog Ltd. - Zahnbehandlungseinheit","url":"https:\/\/pharmabog.hu\/","logo":{"@type":"ImageObject","inLanguage":"de","@id":"https:\/\/pharmabog.hu\/#\/schema\/logo\/image\/","url":"https:\/\/pharmabog.hu\/wp-content\/uploads\/2025\/07\/cropped-logo-16-e1644481099702-4.png","contentUrl":"https:\/\/pharmabog.hu\/wp-content\/uploads\/2025\/07\/cropped-logo-16-e1644481099702-4.png","width":296,"height":87,"caption":"Pharmabog Kft. - Fog\u00e1szati kezel\u0151egys\u00e9g"},"image":{"@id":"https:\/\/pharmabog.hu\/#\/schema\/logo\/image\/"},"sameAs":["https:\/\/www.facebook.com\/pharmabog.hu"]}]}},"_links":{"self":[{"href":"https:\/\/pharmabog.hu\/de\/wp-json\/wp\/v2\/pages\/1237","targetHints":{"allow":["GET"]}}],"collection":[{"href":"https:\/\/pharmabog.hu\/de\/wp-json\/wp\/v2\/pages"}],"about":[{"href":"https:\/\/pharmabog.hu\/de\/wp-json\/wp\/v2\/types\/page"}],"author":[{"embeddable":true,"href":"https:\/\/pharmabog.hu\/de\/wp-json\/wp\/v2\/users\/1"}],"replies":[{"embeddable":true,"href":"https:\/\/pharmabog.hu\/de\/wp-json\/wp\/v2\/comments?post=1237"}],"version-history":[{"count":1,"href":"https:\/\/pharmabog.hu\/de\/wp-json\/wp\/v2\/pages\/1237\/revisions"}],"predecessor-version":[{"id":1238,"href":"https:\/\/pharmabog.hu\/de\/wp-json\/wp\/v2\/pages\/1237\/revisions\/1238"}],"wp:attachment":[{"href":"https:\/\/pharmabog.hu\/de\/wp-json\/wp\/v2\/media?parent=1237"}],"curies":[{"name":"wp","href":"https:\/\/api.w.org\/{rel}","templated":true}]}}