{"id":1235,"date":"2025-12-28T18:50:04","date_gmt":"2025-12-28T18:50:04","guid":{"rendered":"https:\/\/pharmabog.hu\/?page_id=1235"},"modified":"2025-12-28T18:50:04","modified_gmt":"2025-12-28T18:50:04","slug":"adatkezelesi-tajekoztato-2","status":"publish","type":"page","link":"https:\/\/pharmabog.hu\/de\/adatkezelesi-tajekoztato-2\/","title":{"rendered":"Datenschutzhinweis"},"content":{"rendered":"<p class=\"p1\"><b>G\u00fcltig:<\/b>\u00a0Ab dem 1. Januar 2025<\/p>\n<p class=\"p1\">Diese Datenschutzerkl\u00e4rung (nachfolgend \u201eDatenschutzhinweise\u201c genannt):\u00a0<b>Information<\/b>) Die\u00a0<b>pharmabog.hu<\/b>\u00a0Die Datenverarbeitung \u00fcber die Website erfolgt auf Grundlage der geltenden Datenschutzgesetze \u2013 insbesondere der Verordnung (EU) 2016\/679 des Europ\u00e4ischen Parlaments und des Rates (DSGVO).<\/p>\n<p class=\"p3\"><b>1. Daten des Datenverantwortlichen<\/b><\/p>\n<ul class=\"ul1\">\n<li class=\"li1\">Name der Firma:\u00a0<b>Pharmabog Gesellschaft mit beschr\u00e4nkter Haftung<\/b><\/li>\n<li class=\"li1\">Kurzname:\u00a0<b>Pharmabog Ltd.<\/b><\/li>\n<li class=\"li1\">Hauptsitz:\u00a0<b>8640 Fony\u00f3d, Badacsony Stra\u00dfe 15.<\/b><\/li>\n<li class=\"li1\">Firmenregistrierungsnummer:\u00a0<b>14-09-313559<\/b><\/li>\n<li class=\"li1\">Steuernummer:\u00a0<b>24355799-2-14<\/b><\/li>\n<li class=\"li1\">E-Mail:\u00a0<b>pharmabog@gmail.com<\/b><\/li>\n<li class=\"li1\">Telefonnummer:\u00a0<b>+36 30 948 8151<\/b><\/li>\n<\/ul>\n<p class=\"p1\">Jenseits:\u00a0<b>Datenverantwortlicher<\/b>.<\/p>\n<p class=\"p3\"><b>2. Umfang der Datenverarbeitung<\/b><\/p>\n<p class=\"p1\">Die Website ist ausschlie\u00dflich\u00a0<b>Gesch\u00e4ftspartner (B2B)<\/b>\u00a0bietet Dienstleistungen f\u00fcr an. Das Datenmanagement zielt nicht auf die Erfassung von Verbraucherdaten ab.<\/p>\n<p class=\"p3\"><b>3. Umfang der verarbeiteten Daten<\/b><\/p>\n<p class=\"p1\">Der Datenverantwortliche kann folgende personenbezogene Daten verarbeiten:<\/p>\n<ul class=\"ul1\">\n<li class=\"li1\">Name,<\/li>\n<li class=\"li1\">Name der Firma,<\/li>\n<li class=\"li1\">E-Mail-Adresse,<\/li>\n<li class=\"li1\">Telefonnummer,<\/li>\n<li class=\"li1\">Post,<\/li>\n<li class=\"li1\">technische Daten im Zusammenhang mit der Fehlerberichterstattung,<\/li>\n<li class=\"li1\">Inhalt der E-Mail-Kommunikation.<\/li>\n<\/ul>\n<p class=\"p3\"><b>4. Zweck und Rechtsgrundlage der Datenverarbeitung<\/b><\/p>\n<table class=\"t1\" cellspacing=\"0\" cellpadding=\"0\">\n<tbody>\n<tr>\n<td class=\"td1\" valign=\"middle\">\n<p class=\"p4\"><b>Zweck der Datenverarbeitung<\/b><\/p>\n<\/td>\n<td class=\"td1\" valign=\"middle\">\n<p class=\"p4\"><b>Rechtsgrundlage<\/b><\/p>\n<\/td>\n<\/tr>\n<tr>\n<td class=\"td1\" valign=\"middle\">\n<p class=\"p5\">Kontakt aufnehmen, Angebot<\/p>\n<\/td>\n<td class=\"td1\" valign=\"middle\">\n<p class=\"p5\">DSGVO Artikel 6 (1) b)<\/p>\n<\/td>\n<\/tr>\n<tr>\n<td class=\"td1\" valign=\"middle\">\n<p class=\"p5\">Dienstleistungserbringung<\/p>\n<\/td>\n<td class=\"td1\" valign=\"middle\">\n<p class=\"p5\">DSGVO Artikel 6 (1) b)<\/p>\n<\/td>\n<\/tr>\n<tr>\n<td class=\"td1\" valign=\"middle\">\n<p class=\"p5\">Gesch\u00e4ftskontakte<\/p>\n<\/td>\n<td class=\"td1\" valign=\"middle\">\n<p class=\"p5\">DSGVO Artikel 6 (1) f)<\/p>\n<\/td>\n<\/tr>\n<tr>\n<td class=\"td1\" valign=\"middle\">\n<p class=\"p5\">Rechnungsstellung, Buchhaltung<\/p>\n<\/td>\n<td class=\"td1\" valign=\"middle\">\n<p class=\"p5\">Artikel 6 Absatz 1 Buchstabe c) der DSGVO<\/p>\n<\/td>\n<\/tr>\n<\/tbody>\n<\/table>\n<p class=\"p3\"><b>5. Datenspeicherungsdauer<\/b><\/p>\n<p class=\"p1\">Der Verantwortliche f\u00fcr die Datenverarbeitung verarbeitet personenbezogene Daten:<\/p>\n<ul class=\"ul1\">\n<li class=\"li1\">w\u00e4hrend des Bestehens eines Vertragsverh\u00e4ltnisses,<\/li>\n<li class=\"li1\">Nach Beendigung des Rechtsverh\u00e4ltnisses werden die Daten gem\u00e4\u00df den gesetzlichen Bestimmungen f\u00fcr einen bestimmten Zeitraum verarbeitet.<\/li>\n<\/ul>\n<p class=\"p3\"><b>6. Daten\u00fcbertragung und Datenverarbeitung<\/b><\/p>\n<p class=\"p1\">Der Datenverantwortliche \u00fcbermittelt personenbezogene Daten an Dritte ausschlie\u00dflich zum Zweck der Erf\u00fcllung einer rechtlichen Verpflichtung oder eines Vertrags (z. B. an Buchhalter, Hosting-Anbieter).<\/p>\n<p class=\"p3\"><b>7. Rechte der betroffenen Personen<\/b><\/p>\n<p class=\"p1\">Die betroffene Person hat Anspruch auf:<\/p>\n<ul class=\"ul1\">\n<li class=\"li1\">Auskunft \u00fcber die Verarbeitung Ihrer personenbezogenen Daten anfordern,<\/li>\n<li class=\"li1\">fordern Sie deren Berichtigung oder L\u00f6schung an.,<\/li>\n<li class=\"li1\">der Datenverarbeitung widersprechen,<\/li>\n<li class=\"li1\">Antrag auf Einschr\u00e4nkung der Datenverarbeitung.<\/li>\n<\/ul>\n<p class=\"p1\">Eine Anfrage kann \u00fcber die Kontaktdaten des Datenverantwortlichen eingereicht werden.<\/p>\n<p class=\"p3\"><b>8. Datensicherheit<\/b><\/p>\n<p class=\"p1\">Der Datenverantwortliche sch\u00fctzt personenbezogene Daten durch geeignete technische und organisatorische Ma\u00dfnahmen vor unberechtigtem Zugriff.<\/p>\n<p class=\"p3\"><b>9. Rechtsbehelfe<\/b><\/p>\n<p class=\"p1\">Die betroffene Person kann eine Beschwerde einreichen:<\/p>\n<ul class=\"ul1\">\n<li class=\"li1\">beim Datenverantwortlichen,<\/li>\n<li class=\"li1\">bei der Nationalen Beh\u00f6rde f\u00fcr Datenschutz und Informationsfreiheit (NAIH).<\/li>\n<\/ul>\n<p class=\"p3\"><b>10. Schlussbestimmungen<\/b><\/p>\n<p class=\"p1\">Der Verantwortliche f\u00fcr die Datenverarbeitung ist berechtigt, diese Datenschutzerkl\u00e4rung zu \u00e4ndern. Die \u00c4nderung tritt mit ihrer Ver\u00f6ffentlichung auf der Website in Kraft.<\/p>\n<p class=\"p1\"><b>Verantwortlicher f\u00fcr die Datenverarbeitung:<\/b><\/p>\n<p class=\"p1\">Pharmabog Ltd.<\/p>\n<p class=\"p1\">Fony\u00f3d, 1. Januar 2025.<\/p>","protected":false},"excerpt":{"rendered":"<p>Hat\u00e1lyos:\u00a02025. janu\u00e1r 1-t\u0151l Jelen Adatkezel\u00e9si T\u00e1j\u00e9koztat\u00f3 (a tov\u00e1bbiakban:\u00a0T\u00e1j\u00e9koztat\u00f3) a\u00a0pharmabog.hu\u00a0weboldalon kereszt\u00fcl megval\u00f3sul\u00f3 adatkezel\u00e9seket szab\u00e1lyozza, a hat\u00e1lyos adatv\u00e9delmi jogszab\u00e1lyok \u2013 k\u00fcl\u00f6n\u00f6sen az Eur\u00f3pai Parlament \u00e9s a Tan\u00e1cs (EU) 2016\/679 rendelete (GDPR) \u2013 alapj\u00e1n. 1. Adatkezel\u0151 adatai C\u00e9gn\u00e9v:\u00a0Pharmabog Korl\u00e1tolt Felel\u0151ss\u00e9g\u0171 T\u00e1rsas\u00e1g R\u00f6vid n\u00e9v:\u00a0Pharmabog Kft. Sz\u00e9khely:\u00a08640 Fony\u00f3d, Badacsony utca 15. C\u00e9gjegyz\u00e9ksz\u00e1m:\u00a014-09-313559 Ad\u00f3sz\u00e1m:\u00a024355799-2-14 E-mail:\u00a0pharmabog@gmail.com Telefonsz\u00e1m:\u00a0+36 30 948 8151 A tov\u00e1bbiakban:\u00a0Adatkezel\u0151. [&hellip;]<\/p>","protected":false},"author":1,"featured_media":0,"parent":0,"menu_order":0,"comment_status":"closed","ping_status":"closed","template":"","meta":{"footnotes":""},"class_list":["post-1235","page","type-page","status-publish","hentry"],"yoast_head":"<!-- This site is optimized with the Yoast SEO plugin v25.5 - https:\/\/yoast.com\/wordpress\/plugins\/seo\/ -->\n<title>Adatkezel\u00e9si T\u00e1j\u00e9koztat\u00f3 - Pharmabog Kft. - Fog\u00e1szati kezel\u0151egys\u00e9g<\/title>\n<meta name=\"robots\" content=\"index, follow, max-snippet:-1, max-image-preview:large, max-video-preview:-1\" \/>\n<link rel=\"canonical\" href=\"https:\/\/pharmabog.hu\/de\/adatkezelesi-tajekoztato-2\/\" \/>\n<meta property=\"og:locale\" content=\"de_DE\" \/>\n<meta property=\"og:type\" content=\"article\" \/>\n<meta property=\"og:title\" content=\"Adatkezel\u00e9si T\u00e1j\u00e9koztat\u00f3 - Pharmabog Kft. - Fog\u00e1szati kezel\u0151egys\u00e9g\" \/>\n<meta property=\"og:description\" content=\"Hat\u00e1lyos:\u00a02025. janu\u00e1r 1-t\u0151l Jelen Adatkezel\u00e9si T\u00e1j\u00e9koztat\u00f3 (a tov\u00e1bbiakban:\u00a0T\u00e1j\u00e9koztat\u00f3) a\u00a0pharmabog.hu\u00a0weboldalon kereszt\u00fcl megval\u00f3sul\u00f3 adatkezel\u00e9seket szab\u00e1lyozza, a hat\u00e1lyos adatv\u00e9delmi jogszab\u00e1lyok \u2013 k\u00fcl\u00f6n\u00f6sen az Eur\u00f3pai Parlament \u00e9s a Tan\u00e1cs (EU) 2016\/679 rendelete (GDPR) \u2013 alapj\u00e1n. 1. Adatkezel\u0151 adatai C\u00e9gn\u00e9v:\u00a0Pharmabog Korl\u00e1tolt Felel\u0151ss\u00e9g\u0171 T\u00e1rsas\u00e1g R\u00f6vid n\u00e9v:\u00a0Pharmabog Kft. Sz\u00e9khely:\u00a08640 Fony\u00f3d, Badacsony utca 15. C\u00e9gjegyz\u00e9ksz\u00e1m:\u00a014-09-313559 Ad\u00f3sz\u00e1m:\u00a024355799-2-14 E-mail:\u00a0pharmabog@gmail.com Telefonsz\u00e1m:\u00a0+36 30 948 8151 A tov\u00e1bbiakban:\u00a0Adatkezel\u0151. [&hellip;]\" \/>\n<meta property=\"og:url\" content=\"https:\/\/pharmabog.hu\/de\/adatkezelesi-tajekoztato-2\/\" \/>\n<meta property=\"og:site_name\" content=\"Pharmabog Kft. - Fog\u00e1szati kezel\u0151egys\u00e9g\" \/>\n<meta property=\"article:publisher\" content=\"https:\/\/www.facebook.com\/pharmabog.hu\" \/>\n<meta name=\"twitter:card\" content=\"summary_large_image\" \/>\n<script type=\"application\/ld+json\" class=\"yoast-schema-graph\">{\"@context\":\"https:\/\/schema.org\",\"@graph\":[{\"@type\":\"WebPage\",\"@id\":\"https:\/\/pharmabog.hu\/adatkezelesi-tajekoztato-2\/\",\"url\":\"https:\/\/pharmabog.hu\/adatkezelesi-tajekoztato-2\/\",\"name\":\"Adatkezel\u00e9si T\u00e1j\u00e9koztat\u00f3 - Pharmabog Kft. - Fog\u00e1szati kezel\u0151egys\u00e9g\",\"isPartOf\":{\"@id\":\"https:\/\/pharmabog.hu\/#website\"},\"datePublished\":\"2025-12-28T18:50:04+00:00\",\"breadcrumb\":{\"@id\":\"https:\/\/pharmabog.hu\/adatkezelesi-tajekoztato-2\/#breadcrumb\"},\"inLanguage\":\"de\",\"potentialAction\":[{\"@type\":\"ReadAction\",\"target\":[\"https:\/\/pharmabog.hu\/adatkezelesi-tajekoztato-2\/\"]}]},{\"@type\":\"BreadcrumbList\",\"@id\":\"https:\/\/pharmabog.hu\/adatkezelesi-tajekoztato-2\/#breadcrumb\",\"itemListElement\":[{\"@type\":\"ListItem\",\"position\":1,\"name\":\"Kezd\u0151lap\",\"item\":\"https:\/\/pharmabog.hu\/\"},{\"@type\":\"ListItem\",\"position\":2,\"name\":\"Adatkezel\u00e9si T\u00e1j\u00e9koztat\u00f3\"}]},{\"@type\":\"WebSite\",\"@id\":\"https:\/\/pharmabog.hu\/#website\",\"url\":\"https:\/\/pharmabog.hu\/\",\"name\":\"Pharmabog Kft. - Fog\u00e1szati kezel\u0151egys\u00e9g\",\"description\":\"\",\"publisher\":{\"@id\":\"https:\/\/pharmabog.hu\/#organization\"},\"potentialAction\":[{\"@type\":\"SearchAction\",\"target\":{\"@type\":\"EntryPoint\",\"urlTemplate\":\"https:\/\/pharmabog.hu\/?s={search_term_string}\"},\"query-input\":{\"@type\":\"PropertyValueSpecification\",\"valueRequired\":true,\"valueName\":\"search_term_string\"}}],\"inLanguage\":\"de\"},{\"@type\":\"Organization\",\"@id\":\"https:\/\/pharmabog.hu\/#organization\",\"name\":\"Pharmabog Kft. - Fog\u00e1szati kezel\u0151egys\u00e9g\",\"url\":\"https:\/\/pharmabog.hu\/\",\"logo\":{\"@type\":\"ImageObject\",\"inLanguage\":\"de\",\"@id\":\"https:\/\/pharmabog.hu\/#\/schema\/logo\/image\/\",\"url\":\"https:\/\/pharmabog.hu\/wp-content\/uploads\/2025\/07\/cropped-logo-16-e1644481099702-4.png\",\"contentUrl\":\"https:\/\/pharmabog.hu\/wp-content\/uploads\/2025\/07\/cropped-logo-16-e1644481099702-4.png\",\"width\":296,\"height\":87,\"caption\":\"Pharmabog Kft. - Fog\u00e1szati kezel\u0151egys\u00e9g\"},\"image\":{\"@id\":\"https:\/\/pharmabog.hu\/#\/schema\/logo\/image\/\"},\"sameAs\":[\"https:\/\/www.facebook.com\/pharmabog.hu\"]}]}<\/script>\n<!-- \/ Yoast SEO plugin. -->","yoast_head_json":{"title":"Adatkezel\u00e9si T\u00e1j\u00e9koztat\u00f3 - Pharmabog Kft. - Fog\u00e1szati kezel\u0151egys\u00e9g","robots":{"index":"index","follow":"follow","max-snippet":"max-snippet:-1","max-image-preview":"max-image-preview:large","max-video-preview":"max-video-preview:-1"},"canonical":"https:\/\/pharmabog.hu\/de\/adatkezelesi-tajekoztato-2\/","og_locale":"de_DE","og_type":"article","og_title":"Adatkezel\u00e9si T\u00e1j\u00e9koztat\u00f3 - Pharmabog Kft. - Fog\u00e1szati kezel\u0151egys\u00e9g","og_description":"Hat\u00e1lyos:\u00a02025. janu\u00e1r 1-t\u0151l Jelen Adatkezel\u00e9si T\u00e1j\u00e9koztat\u00f3 (a tov\u00e1bbiakban:\u00a0T\u00e1j\u00e9koztat\u00f3) a\u00a0pharmabog.hu\u00a0weboldalon kereszt\u00fcl megval\u00f3sul\u00f3 adatkezel\u00e9seket szab\u00e1lyozza, a hat\u00e1lyos adatv\u00e9delmi jogszab\u00e1lyok \u2013 k\u00fcl\u00f6n\u00f6sen az Eur\u00f3pai Parlament \u00e9s a Tan\u00e1cs (EU) 2016\/679 rendelete (GDPR) \u2013 alapj\u00e1n. 1. Adatkezel\u0151 adatai C\u00e9gn\u00e9v:\u00a0Pharmabog Korl\u00e1tolt Felel\u0151ss\u00e9g\u0171 T\u00e1rsas\u00e1g R\u00f6vid n\u00e9v:\u00a0Pharmabog Kft. Sz\u00e9khely:\u00a08640 Fony\u00f3d, Badacsony utca 15. C\u00e9gjegyz\u00e9ksz\u00e1m:\u00a014-09-313559 Ad\u00f3sz\u00e1m:\u00a024355799-2-14 E-mail:\u00a0pharmabog@gmail.com Telefonsz\u00e1m:\u00a0+36 30 948 8151 A tov\u00e1bbiakban:\u00a0Adatkezel\u0151. [&hellip;]","og_url":"https:\/\/pharmabog.hu\/de\/adatkezelesi-tajekoztato-2\/","og_site_name":"Pharmabog Kft. - Fog\u00e1szati kezel\u0151egys\u00e9g","article_publisher":"https:\/\/www.facebook.com\/pharmabog.hu","twitter_card":"summary_large_image","schema":{"@context":"https:\/\/schema.org","@graph":[{"@type":"WebPage","@id":"https:\/\/pharmabog.hu\/adatkezelesi-tajekoztato-2\/","url":"https:\/\/pharmabog.hu\/adatkezelesi-tajekoztato-2\/","name":"Adatkezel\u00e9si T\u00e1j\u00e9koztat\u00f3 - Pharmabog Kft. - Fog\u00e1szati kezel\u0151egys\u00e9g","isPartOf":{"@id":"https:\/\/pharmabog.hu\/#website"},"datePublished":"2025-12-28T18:50:04+00:00","breadcrumb":{"@id":"https:\/\/pharmabog.hu\/adatkezelesi-tajekoztato-2\/#breadcrumb"},"inLanguage":"de","potentialAction":[{"@type":"ReadAction","target":["https:\/\/pharmabog.hu\/adatkezelesi-tajekoztato-2\/"]}]},{"@type":"BreadcrumbList","@id":"https:\/\/pharmabog.hu\/adatkezelesi-tajekoztato-2\/#breadcrumb","itemListElement":[{"@type":"ListItem","position":1,"name":"Kezd\u0151lap","item":"https:\/\/pharmabog.hu\/"},{"@type":"ListItem","position":2,"name":"Adatkezel\u00e9si T\u00e1j\u00e9koztat\u00f3"}]},{"@type":"WebSite","@id":"https:\/\/pharmabog.hu\/#website","url":"https:\/\/pharmabog.hu\/","name":"Pharmabog Ltd. - Zahnbehandlungseinheit","description":"","publisher":{"@id":"https:\/\/pharmabog.hu\/#organization"},"potentialAction":[{"@type":"SearchAction","target":{"@type":"EntryPoint","urlTemplate":"https:\/\/pharmabog.hu\/?s={search_term_string}"},"query-input":{"@type":"PropertyValueSpecification","valueRequired":true,"valueName":"search_term_string"}}],"inLanguage":"de"},{"@type":"Organization","@id":"https:\/\/pharmabog.hu\/#organization","name":"Pharmabog Ltd. - Zahnbehandlungseinheit","url":"https:\/\/pharmabog.hu\/","logo":{"@type":"ImageObject","inLanguage":"de","@id":"https:\/\/pharmabog.hu\/#\/schema\/logo\/image\/","url":"https:\/\/pharmabog.hu\/wp-content\/uploads\/2025\/07\/cropped-logo-16-e1644481099702-4.png","contentUrl":"https:\/\/pharmabog.hu\/wp-content\/uploads\/2025\/07\/cropped-logo-16-e1644481099702-4.png","width":296,"height":87,"caption":"Pharmabog Kft. - Fog\u00e1szati kezel\u0151egys\u00e9g"},"image":{"@id":"https:\/\/pharmabog.hu\/#\/schema\/logo\/image\/"},"sameAs":["https:\/\/www.facebook.com\/pharmabog.hu"]}]}},"_links":{"self":[{"href":"https:\/\/pharmabog.hu\/de\/wp-json\/wp\/v2\/pages\/1235","targetHints":{"allow":["GET"]}}],"collection":[{"href":"https:\/\/pharmabog.hu\/de\/wp-json\/wp\/v2\/pages"}],"about":[{"href":"https:\/\/pharmabog.hu\/de\/wp-json\/wp\/v2\/types\/page"}],"author":[{"embeddable":true,"href":"https:\/\/pharmabog.hu\/de\/wp-json\/wp\/v2\/users\/1"}],"replies":[{"embeddable":true,"href":"https:\/\/pharmabog.hu\/de\/wp-json\/wp\/v2\/comments?post=1235"}],"version-history":[{"count":1,"href":"https:\/\/pharmabog.hu\/de\/wp-json\/wp\/v2\/pages\/1235\/revisions"}],"predecessor-version":[{"id":1236,"href":"https:\/\/pharmabog.hu\/de\/wp-json\/wp\/v2\/pages\/1235\/revisions\/1236"}],"wp:attachment":[{"href":"https:\/\/pharmabog.hu\/de\/wp-json\/wp\/v2\/media?parent=1235"}],"curies":[{"name":"wp","href":"https:\/\/api.w.org\/{rel}","templated":true}]}}