{"id":1166,"date":"2025-07-24T11:48:31","date_gmt":"2025-07-24T11:48:31","guid":{"rendered":"https:\/\/pharmabog.hu\/?page_id=1166"},"modified":"2025-07-24T11:52:56","modified_gmt":"2025-07-24T11:52:56","slug":"fogaszati-kezeloegyseg-oms-logotomlos","status":"publish","type":"page","link":"https:\/\/pharmabog.hu\/de\/fogaszati-kezeloegyseg-oms-logotomlos\/","title":{"rendered":"Zahnbehandlungseinheit \u2013 OMS-Logo-Schlauch"},"content":{"rendered":"<div data-elementor-type=\"wp-page\" data-elementor-id=\"1166\" class=\"elementor elementor-1166\" data-elementor-post-type=\"page\">\n\t\t\t\t<div class=\"elementor-element elementor-element-533324ee e-flex e-con-boxed e-con e-parent\" data-id=\"533324ee\" data-element_type=\"container\" data-settings=\"{&quot;background_background&quot;:&quot;classic&quot;}\">\n\t\t\t\t\t<div class=\"e-con-inner\">\n\t\t\t\t\t<\/div>\n\t\t\t\t<\/div>\n\t\t<div class=\"elementor-element elementor-element-e48b31f e-flex e-con-boxed e-con e-parent\" data-id=\"e48b31f\" data-element_type=\"container\">\n\t\t\t\t\t<div class=\"e-con-inner\">\n\t\t\t\t<div class=\"elementor-element elementor-element-8af8362 elementor-widget elementor-widget-text-editor\" data-id=\"8af8362\" data-element_type=\"widget\" data-widget_type=\"text-editor.default\">\n\t\t\t\t\t\t\t\t\t<p>Behandlungseinheiten<\/p>\t\t\t\t\t\t\t\t<\/div>\n\t\t\t\t<div class=\"elementor-element elementor-element-72bd992 elementor-widget elementor-widget-heading\" data-id=\"72bd992\" data-element_type=\"widget\" data-widget_type=\"heading.default\">\n\t\t\t\t\t<h2 class=\"elementor-heading-title elementor-size-default\">ZAHN\u00c4RZTLICHES HANDSET \u2013 OMS-LOGO-SCHLAUCH\n<\/h2>\t\t\t\t<\/div>\n\t\t\t\t<div class=\"elementor-element elementor-element-2579b74 elementor-widget elementor-widget-image\" data-id=\"2579b74\" data-element_type=\"widget\" data-widget_type=\"image.default\">\n\t\t\t\t\t\t\t\t\t\t\t\t\t\t\t<img decoding=\"async\" width=\"300\" height=\"140\" src=\"https:\/\/pharmabog.hu\/wp-content\/uploads\/2025\/07\/logo_oms-300x140-1.png\" class=\"attachment-large size-large wp-image-83\" alt=\"\" \/>\t\t\t\t\t\t\t\t\t\t\t\t\t\t\t<\/div>\n\t\t\t\t<div class=\"elementor-element elementor-element-0e64541 elementor-widget elementor-widget-text-editor\" data-id=\"0e64541\" data-element_type=\"widget\" data-widget_type=\"text-editor.default\">\n\t\t\t\t\t\t\t\t\t<p style=\"text-align: center;\"><strong>Pharmabog Kft. ist der offizielle ungarische Vertriebspartner f\u00fcr OMS-Dentalbehandlungsger\u00e4te.<\/strong><\/p>\t\t\t\t\t\t\t\t<\/div>\n\t\t\t\t<div class=\"elementor-element elementor-element-e1a751f elementor-widget elementor-widget-image\" data-id=\"e1a751f\" data-element_type=\"widget\" data-widget_type=\"image.default\">\n\t\t\t\t\t\t\t\t\t\t\t\t<figure class=\"wp-caption\">\n\t\t\t\t\t\t\t\t\t\t<img fetchpriority=\"high\" decoding=\"async\" width=\"300\" height=\"300\" src=\"https:\/\/pharmabog.hu\/wp-content\/uploads\/2025\/07\/kezeloegyseg_esse-1-300x300-1.jpeg\" class=\"attachment-large size-large wp-image-1171\" alt=\"\" srcset=\"https:\/\/pharmabog.hu\/wp-content\/uploads\/2025\/07\/kezeloegyseg_esse-1-300x300-1.jpeg 300w, https:\/\/pharmabog.hu\/wp-content\/uploads\/2025\/07\/kezeloegyseg_esse-1-300x300-1-150x150.jpeg 150w, https:\/\/pharmabog.hu\/wp-content\/uploads\/2025\/07\/kezeloegyseg_esse-1-300x300-1-100x100.jpeg 100w\" sizes=\"(max-width: 300px) 100vw, 300px\" \/>\t\t\t\t\t\t\t\t\t\t\t<figcaption class=\"widget-image-caption wp-caption-text\">OMS-Zahnbehandlungseinheit \u2013 Zahnarztstuhl<\/figcaption>\n\t\t\t\t\t\t\t\t\t\t<\/figure>\n\t\t\t\t\t\t\t\t\t<\/div>\n\t\t\t\t<div class=\"elementor-element elementor-element-5c96320 elementor-widget elementor-widget-heading\" data-id=\"5c96320\" data-element_type=\"widget\" data-widget_type=\"heading.default\">\n\t\t\t\t\t<h2 class=\"elementor-heading-title elementor-size-default\">OMS DUKE Logo Schlauchsteuerger\u00e4t \/f\u00fcr Rechts- oder Linksh\u00e4nder\/\n<\/h2>\t\t\t\t<\/div>\n\t\t\t\t<div class=\"elementor-element elementor-element-5000ea3 elementor-widget elementor-widget-gallery\" data-id=\"5000ea3\" data-element_type=\"widget\" data-settings=\"{&quot;columns&quot;:2,&quot;aspect_ratio&quot;:&quot;1:1&quot;,&quot;lazyload&quot;:&quot;yes&quot;,&quot;gallery_layout&quot;:&quot;grid&quot;,&quot;columns_tablet&quot;:2,&quot;columns_mobile&quot;:1,&quot;gap&quot;:{&quot;unit&quot;:&quot;px&quot;,&quot;size&quot;:10,&quot;sizes&quot;:[]},&quot;gap_tablet&quot;:{&quot;unit&quot;:&quot;px&quot;,&quot;size&quot;:10,&quot;sizes&quot;:[]},&quot;gap_mobile&quot;:{&quot;unit&quot;:&quot;px&quot;,&quot;size&quot;:10,&quot;sizes&quot;:[]},&quot;link_to&quot;:&quot;file&quot;,&quot;overlay_background&quot;:&quot;yes&quot;,&quot;content_hover_animation&quot;:&quot;fade-in&quot;}\" data-widget_type=\"gallery.default\">\n\t\t\t\t\t\t\t<div class=\"elementor-gallery__container\">\n\t\t\t\t\t\t\t<a class=\"e-gallery-item elementor-gallery-item elementor-animated-content\" href=\"https:\/\/pharmabog.hu\/wp-content\/uploads\/2025\/07\/images-stories-gepek-duke01-173x150-1.jpeg\" data-elementor-open-lightbox=\"yes\" data-elementor-lightbox-slideshow=\"5000ea3\" data-elementor-lightbox-title=\"images-stories-gepek-duke01-173x150-1\" data-e-action-hash=\"#elementor-action%3Aaction%3Dlightbox%26settings%3DeyJpZCI6MTE3MiwidXJsIjoiaHR0cHM6XC9cL3BoYXJtYWJvZy5odVwvd3AtY29udGVudFwvdXBsb2Fkc1wvMjAyNVwvMDdcL2ltYWdlcy1zdG9yaWVzLWdlcGVrLWR1a2UwMS0xNzN4MTUwLTEuanBlZyIsInNsaWRlc2hvdyI6IjUwMDBlYTMifQ%3D%3D\">\n\t\t\t\t\t<div class=\"e-gallery-image elementor-gallery-item__image\" data-thumbnail=\"https:\/\/pharmabog.hu\/wp-content\/uploads\/2025\/07\/images-stories-gepek-duke01-173x150-1.jpeg\" data-width=\"173\" data-height=\"150\" aria-label=\"\" role=\"img\" ><\/div>\n\t\t\t\t\t\t\t\t\t\t\t<div class=\"elementor-gallery-item__overlay\"><\/div>\n\t\t\t\t\t\t\t\t\t\t\t\t\t\t<\/a>\n\t\t\t\t\t\t\t<a class=\"e-gallery-item elementor-gallery-item elementor-animated-content\" href=\"https:\/\/pharmabog.hu\/wp-content\/uploads\/2025\/07\/images-stories-gepek-duke02-200x150-1.jpeg\" data-elementor-open-lightbox=\"yes\" data-elementor-lightbox-slideshow=\"5000ea3\" data-elementor-lightbox-title=\"images-stories-gepek-duke02-200x150-1\" data-e-action-hash=\"#elementor-action%3Aaction%3Dlightbox%26settings%3DeyJpZCI6MTE3MywidXJsIjoiaHR0cHM6XC9cL3BoYXJtYWJvZy5odVwvd3AtY29udGVudFwvdXBsb2Fkc1wvMjAyNVwvMDdcL2ltYWdlcy1zdG9yaWVzLWdlcGVrLWR1a2UwMi0yMDB4MTUwLTEuanBlZyIsInNsaWRlc2hvdyI6IjUwMDBlYTMifQ%3D%3D\">\n\t\t\t\t\t<div class=\"e-gallery-image elementor-gallery-item__image\" data-thumbnail=\"https:\/\/pharmabog.hu\/wp-content\/uploads\/2025\/07\/images-stories-gepek-duke02-200x150-1.jpeg\" data-width=\"200\" data-height=\"150\" aria-label=\"\" role=\"img\" ><\/div>\n\t\t\t\t\t\t\t\t\t\t\t<div class=\"elementor-gallery-item__overlay\"><\/div>\n\t\t\t\t\t\t\t\t\t\t\t\t\t\t<\/a>\n\t\t\t\t\t<\/div>\n\t\t\t\t\t<\/div>\n\t\t\t\t<div class=\"elementor-element elementor-element-05f57dd elementor-widget-divider--view-line elementor-widget elementor-widget-divider\" data-id=\"05f57dd\" data-element_type=\"widget\" data-widget_type=\"divider.default\">\n\t\t\t\t\t\t\t<div class=\"elementor-divider\">\n\t\t\t<span class=\"elementor-divider-separator\">\n\t\t\t\t\t\t<\/span>\n\t\t<\/div>\n\t\t\t\t\t\t<\/div>\n\t\t\t\t<div class=\"elementor-element elementor-element-4a523f6 elementor-widget elementor-widget-heading\" data-id=\"4a523f6\" data-element_type=\"widget\" data-widget_type=\"heading.default\">\n\t\t\t\t\t<h2 class=\"elementor-heading-title elementor-size-default\">OMS PUNTO H\u00e4ngeschlauch-Zahnbehandlungseinheit\n<\/h2>\t\t\t\t<\/div>\n\t\t\t\t<div class=\"elementor-element elementor-element-9d74400 elementor-widget elementor-widget-image\" data-id=\"9d74400\" data-element_type=\"widget\" data-widget_type=\"image.default\">\n\t\t\t\t\t\t\t\t\t\t\t\t\t\t\t<img decoding=\"async\" width=\"300\" height=\"300\" src=\"https:\/\/pharmabog.hu\/wp-content\/uploads\/2025\/07\/punto01-300x300-1.jpeg\" class=\"attachment-large size-large wp-image-1174\" alt=\"\" srcset=\"https:\/\/pharmabog.hu\/wp-content\/uploads\/2025\/07\/punto01-300x300-1.jpeg 300w, https:\/\/pharmabog.hu\/wp-content\/uploads\/2025\/07\/punto01-300x300-1-150x150.jpeg 150w, https:\/\/pharmabog.hu\/wp-content\/uploads\/2025\/07\/punto01-300x300-1-100x100.jpeg 100w\" sizes=\"(max-width: 300px) 100vw, 300px\" \/>\t\t\t\t\t\t\t\t\t\t\t\t\t\t\t<\/div>\n\t\t\t\t<div class=\"elementor-element elementor-element-b0965be elementor-widget-divider--view-line elementor-widget elementor-widget-divider\" data-id=\"b0965be\" data-element_type=\"widget\" data-widget_type=\"divider.default\">\n\t\t\t\t\t\t\t<div class=\"elementor-divider\">\n\t\t\t<span class=\"elementor-divider-separator\">\n\t\t\t\t\t\t<\/span>\n\t\t<\/div>\n\t\t\t\t\t\t<\/div>\n\t\t\t\t<div class=\"elementor-element elementor-element-ee9ed07 elementor-widget elementor-widget-heading\" data-id=\"ee9ed07\" data-element_type=\"widget\" data-widget_type=\"heading.default\">\n\t\t\t\t\t<h2 class=\"elementor-heading-title elementor-size-default\">OMS TEMPO H\u00e4ngeschlauch-Behandlungsger\u00e4t mit bis zu 4 Instrumenten\n<\/h2>\t\t\t\t<\/div>\n\t\t\t\t<div class=\"elementor-element elementor-element-6a585e8 elementor-widget elementor-widget-text-editor\" data-id=\"6a585e8\" data-element_type=\"widget\" data-widget_type=\"text-editor.default\">\n\t\t\t\t\t\t\t\t\t<p>OMS-Basiseinheit f\u00fcr zahn\u00e4rztliche Behandlung<\/p><div>-gl\u00e4nzender Turbinenschlauch<\/div><div>-Bien Air heller Mikromotor<\/div><div>-Mektron-Depurator mit 4 D\u00fcsen<\/div><div>-6 Funktionsdr\u00fccker<\/div><div>\u00a0<\/div><div>Faro OP Lampe<\/div><div>Abluftventilatorinstallation<\/div><div>Arcadia Kompakt-Patientenstuhl<\/div><p>Hervorragendes Preis-Leistungs-Verh\u00e4ltnis.<\/p><div>14.000,- \u20ac + 27% MwSt. =\u00a0<strong>Ab 17.780 \u20ac.<\/strong>\u00a0verf\u00fcgbar.<br \/>Leasing: 10% (557.000 HUF) Bruttoanzahlung + 60 Monate x 88.000 HUF<\/div>\t\t\t\t\t\t\t\t<\/div>\n\t\t\t\t<div class=\"elementor-element elementor-element-3de99eb elementor-widget elementor-widget-image\" data-id=\"3de99eb\" data-element_type=\"widget\" data-widget_type=\"image.default\">\n\t\t\t\t\t\t\t\t\t\t\t\t<figure class=\"wp-caption\">\n\t\t\t\t\t\t\t\t\t\t<img loading=\"lazy\" decoding=\"async\" width=\"150\" height=\"150\" src=\"https:\/\/pharmabog.hu\/wp-content\/uploads\/2025\/07\/images-stories-gepek-tempo9elx-150x150-1.jpeg\" class=\"attachment-large size-large wp-image-1175\" alt=\"\" srcset=\"https:\/\/pharmabog.hu\/wp-content\/uploads\/2025\/07\/images-stories-gepek-tempo9elx-150x150-1.jpeg 150w, https:\/\/pharmabog.hu\/wp-content\/uploads\/2025\/07\/images-stories-gepek-tempo9elx-150x150-1-100x100.jpeg 100w\" sizes=\"(max-width: 150px) 100vw, 150px\" \/>\t\t\t\t\t\t\t\t\t\t\t<figcaption class=\"widget-image-caption wp-caption-text\">Zahnbehandlungseinheit OMS Universal<\/figcaption>\n\t\t\t\t\t\t\t\t\t\t<\/figure>\n\t\t\t\t\t\t\t\t\t<\/div>\n\t\t\t\t<div class=\"elementor-element elementor-element-e585e67 elementor-widget-divider--view-line elementor-widget elementor-widget-divider\" data-id=\"e585e67\" data-element_type=\"widget\" data-widget_type=\"divider.default\">\n\t\t\t\t\t\t\t<div class=\"elementor-divider\">\n\t\t\t<span class=\"elementor-divider-separator\">\n\t\t\t\t\t\t<\/span>\n\t\t<\/div>\n\t\t\t\t\t\t<\/div>\n\t\t\t\t<div class=\"elementor-element elementor-element-05adac0 elementor-widget elementor-widget-text-editor\" data-id=\"05adac0\" data-element_type=\"widget\" data-widget_type=\"text-editor.default\">\n\t\t\t\t\t\t\t\t\t<p><strong>Vorteile der OMS-Zahnbehandlungseinheit:<\/strong><\/p><ul><li>Der Patientenstuhl ist kompakt, sehr leise und hat eine d\u00fcnne R\u00fcckenlehne, was die Behandlung im Liegen komfortabel macht.<\/li><li>Die Aussparung auf der Arztseite des Stuhls erm\u00f6glicht es Ihnen, dem Patienten so nah wie m\u00f6glich zu kommen, egal ob Sie sitzen oder liegen.<\/li><li>Die Kopfst\u00fctze l\u00e4sst sich bis zur Mitte der R\u00fcckenlehne herunterklappen, was bei der Behandlung von Kindern ein gro\u00dfer Vorteil ist.<\/li><li>Der Stuhl kann an drei Stellen bewegt werden: an der R\u00fcckenlehne, mit dem Fu\u00dfschalter und am Tisch.<\/li><\/ul><p><strong>Der Hauptvorteil der Steuereinheit wird am Instrumententisch deutlich.<\/strong><\/p><ul><li>Im Gegensatz zu anderen Ger\u00e4ten verf\u00fcgt das OMS-Oberarmger\u00e4t nicht \u00fcber eine Peitsche, die die Hand w\u00e4hrend der Arbeit zur\u00fcckzieht! Stattdessen besitzt es Ausgleichsarme, die beispielsweise beim Anfertigen einer Oberkieferprothese nicht im OP-Licht h\u00e4ngen bleiben und eine freie Handbewegung gew\u00e4hrleisten.<\/li><li>Das Bedienfeld ist logisch, \u00fcbersichtlich und einfach zu bedienen.<\/li><li>Der Wasserblock, der sich um einen rechten Winkel drehen l\u00e4sst, erm\u00f6glicht es dem Assistenten, n\u00e4her an den Patienten heranzukommen.<\/li><li>Der Spucknapf ist aus randlosem Porzellan gefertigt und daher leicht zu reinigen.<\/li><li>Die Steuereinheit wird nach Ihren individuellen Bed\u00fcrfnissen gefertigt.<\/li><li>Sie k\u00f6nnen 3 Wochen nach der Bestellung mit der Arbeit an der Maschine beginnen.<\/li><li>Die Lieferung und Installation erfolgt kostenlos durch Pharmabog Kft., die ungarische Repr\u00e4sentanz von OMS!<\/li><li>Es ist beruhigend, dass die von OMS hergestellten Teile mit einer 3-j\u00e4hrigen Garantie ausgestattet sind und keine obligatorische Wartung erforderlich ist!<\/li><\/ul><p><strong>Insgesamt erhalten Sie eine ergonomische, zuverl\u00e4ssige Maschine, die Ihre Arbeit erheblich erleichtern wird.<\/strong><\/p>\t\t\t\t\t\t\t\t<\/div>\n\t\t\t\t\t<\/div>\n\t\t\t\t<\/div>\n\t\t\t\t<\/div>","protected":false},"excerpt":{"rendered":"<p>Kezel\u0151egys\u00e9gek FOG\u00c1SZATI KEZEL\u0150EGYS\u00c9G \u2013 OMS LOG\u00d3T\u00d6ML\u0150S Pharmabog Kft. az OMS fog\u00e1szati kezel\u0151egys\u00e9gek hivatalos Magyarorsz\u00e1gi forgalmaz\u00f3ja. OMS fog\u00e1szati kezel\u0151egys\u00e9g \u2013 fogorvosi sz\u00e9k OMS DUKE log\u00f3t\u00f6ml\u0151s kezel\u0151egys\u00e9g \/ jobb ill. balkezeseknek\/ OMS PUNTO l\u00f3g\u00f3t\u00f6ml\u0151s fog\u00e1szati kezel\u0151egys\u00e9g OMS TEMPO l\u00f3g\u00f3t\u00f6ml\u0151s kezel\u0151egys\u00e9g maximum 4 instrumenttel Az OMS alap fog\u00e1szati kezel\u0151egys\u00e9ge -f\u00e9nyes turbinat\u00f6ml\u0151-Bien Air f\u00e9nyes mikromotor-Mectron depur\u00e1tor 4 heggyel-6 funkci\u00f3s [&hellip;]<\/p>","protected":false},"author":1,"featured_media":0,"parent":0,"menu_order":0,"comment_status":"closed","ping_status":"closed","template":"","meta":{"footnotes":""},"class_list":["post-1166","page","type-page","status-publish","hentry"],"yoast_head":"<!-- This site is optimized with the Yoast SEO plugin v25.5 - https:\/\/yoast.com\/wordpress\/plugins\/seo\/ -->\n<title>Fog\u00e1szati kezel\u0151egys\u00e9g \u2013 OMS log\u00f3t\u00f6ml\u0151s - Pharmabog Kft. - Fog\u00e1szati kezel\u0151egys\u00e9g<\/title>\n<meta name=\"robots\" content=\"index, follow, max-snippet:-1, max-image-preview:large, max-video-preview:-1\" \/>\n<link rel=\"canonical\" href=\"https:\/\/pharmabog.hu\/de\/fogaszati-kezeloegyseg-oms-logotomlos\/\" \/>\n<meta property=\"og:locale\" content=\"de_DE\" \/>\n<meta property=\"og:type\" content=\"article\" \/>\n<meta property=\"og:title\" content=\"Fog\u00e1szati kezel\u0151egys\u00e9g \u2013 OMS log\u00f3t\u00f6ml\u0151s - Pharmabog Kft. - Fog\u00e1szati kezel\u0151egys\u00e9g\" \/>\n<meta property=\"og:description\" content=\"Kezel\u0151egys\u00e9gek FOG\u00c1SZATI KEZEL\u0150EGYS\u00c9G \u2013 OMS LOG\u00d3T\u00d6ML\u0150S Pharmabog Kft. az OMS fog\u00e1szati kezel\u0151egys\u00e9gek hivatalos Magyarorsz\u00e1gi forgalmaz\u00f3ja. OMS fog\u00e1szati kezel\u0151egys\u00e9g \u2013 fogorvosi sz\u00e9k OMS DUKE log\u00f3t\u00f6ml\u0151s kezel\u0151egys\u00e9g \/ jobb ill. balkezeseknek\/ OMS PUNTO l\u00f3g\u00f3t\u00f6ml\u0151s fog\u00e1szati kezel\u0151egys\u00e9g OMS TEMPO l\u00f3g\u00f3t\u00f6ml\u0151s kezel\u0151egys\u00e9g maximum 4 instrumenttel Az OMS alap fog\u00e1szati kezel\u0151egys\u00e9ge -f\u00e9nyes turbinat\u00f6ml\u0151-Bien Air f\u00e9nyes mikromotor-Mectron depur\u00e1tor 4 heggyel-6 funkci\u00f3s [&hellip;]\" \/>\n<meta property=\"og:url\" content=\"https:\/\/pharmabog.hu\/de\/fogaszati-kezeloegyseg-oms-logotomlos\/\" \/>\n<meta property=\"og:site_name\" content=\"Pharmabog Kft. - Fog\u00e1szati kezel\u0151egys\u00e9g\" \/>\n<meta property=\"article:publisher\" content=\"https:\/\/www.facebook.com\/pharmabog.hu\" \/>\n<meta property=\"article:modified_time\" content=\"2025-07-24T11:52:56+00:00\" \/>\n<meta property=\"og:image\" content=\"https:\/\/pharmabog.hu\/wp-content\/uploads\/2025\/07\/logo_oms-300x140-1.png\" \/>\n\t<meta property=\"og:image:width\" content=\"300\" \/>\n\t<meta property=\"og:image:height\" content=\"140\" \/>\n\t<meta property=\"og:image:type\" content=\"image\/png\" \/>\n<meta name=\"twitter:card\" content=\"summary_large_image\" \/>\n<meta name=\"twitter:label1\" content=\"Gesch\u00e4tzte Lesezeit\" \/>\n\t<meta name=\"twitter:data1\" content=\"2\u00a0Minuten\" \/>\n<script type=\"application\/ld+json\" class=\"yoast-schema-graph\">{\"@context\":\"https:\/\/schema.org\",\"@graph\":[{\"@type\":\"WebPage\",\"@id\":\"https:\/\/pharmabog.hu\/fogaszati-kezeloegyseg-oms-logotomlos\/\",\"url\":\"https:\/\/pharmabog.hu\/fogaszati-kezeloegyseg-oms-logotomlos\/\",\"name\":\"Fog\u00e1szati kezel\u0151egys\u00e9g \u2013 OMS log\u00f3t\u00f6ml\u0151s - Pharmabog Kft. - Fog\u00e1szati kezel\u0151egys\u00e9g\",\"isPartOf\":{\"@id\":\"https:\/\/pharmabog.hu\/#website\"},\"primaryImageOfPage\":{\"@id\":\"https:\/\/pharmabog.hu\/fogaszati-kezeloegyseg-oms-logotomlos\/#primaryimage\"},\"image\":{\"@id\":\"https:\/\/pharmabog.hu\/fogaszati-kezeloegyseg-oms-logotomlos\/#primaryimage\"},\"thumbnailUrl\":\"https:\/\/pharmabog.hu\/wp-content\/uploads\/2025\/07\/logo_oms-300x140-1.png\",\"datePublished\":\"2025-07-24T11:48:31+00:00\",\"dateModified\":\"2025-07-24T11:52:56+00:00\",\"breadcrumb\":{\"@id\":\"https:\/\/pharmabog.hu\/fogaszati-kezeloegyseg-oms-logotomlos\/#breadcrumb\"},\"inLanguage\":\"de\",\"potentialAction\":[{\"@type\":\"ReadAction\",\"target\":[\"https:\/\/pharmabog.hu\/fogaszati-kezeloegyseg-oms-logotomlos\/\"]}]},{\"@type\":\"ImageObject\",\"inLanguage\":\"de\",\"@id\":\"https:\/\/pharmabog.hu\/fogaszati-kezeloegyseg-oms-logotomlos\/#primaryimage\",\"url\":\"https:\/\/pharmabog.hu\/wp-content\/uploads\/2025\/07\/logo_oms-300x140-1.png\",\"contentUrl\":\"https:\/\/pharmabog.hu\/wp-content\/uploads\/2025\/07\/logo_oms-300x140-1.png\"},{\"@type\":\"BreadcrumbList\",\"@id\":\"https:\/\/pharmabog.hu\/fogaszati-kezeloegyseg-oms-logotomlos\/#breadcrumb\",\"itemListElement\":[{\"@type\":\"ListItem\",\"position\":1,\"name\":\"Kezd\u0151lap\",\"item\":\"https:\/\/pharmabog.hu\/\"},{\"@type\":\"ListItem\",\"position\":2,\"name\":\"Fog\u00e1szati kezel\u0151egys\u00e9g \u2013 OMS log\u00f3t\u00f6ml\u0151s\"}]},{\"@type\":\"WebSite\",\"@id\":\"https:\/\/pharmabog.hu\/#website\",\"url\":\"https:\/\/pharmabog.hu\/\",\"name\":\"Pharmabog Kft. - Fog\u00e1szati kezel\u0151egys\u00e9g\",\"description\":\"\",\"publisher\":{\"@id\":\"https:\/\/pharmabog.hu\/#organization\"},\"potentialAction\":[{\"@type\":\"SearchAction\",\"target\":{\"@type\":\"EntryPoint\",\"urlTemplate\":\"https:\/\/pharmabog.hu\/?s={search_term_string}\"},\"query-input\":{\"@type\":\"PropertyValueSpecification\",\"valueRequired\":true,\"valueName\":\"search_term_string\"}}],\"inLanguage\":\"de\"},{\"@type\":\"Organization\",\"@id\":\"https:\/\/pharmabog.hu\/#organization\",\"name\":\"Pharmabog Kft. - Fog\u00e1szati kezel\u0151egys\u00e9g\",\"url\":\"https:\/\/pharmabog.hu\/\",\"logo\":{\"@type\":\"ImageObject\",\"inLanguage\":\"de\",\"@id\":\"https:\/\/pharmabog.hu\/#\/schema\/logo\/image\/\",\"url\":\"https:\/\/pharmabog.hu\/wp-content\/uploads\/2025\/07\/cropped-logo-16-e1644481099702-4.png\",\"contentUrl\":\"https:\/\/pharmabog.hu\/wp-content\/uploads\/2025\/07\/cropped-logo-16-e1644481099702-4.png\",\"width\":296,\"height\":87,\"caption\":\"Pharmabog Kft. - Fog\u00e1szati kezel\u0151egys\u00e9g\"},\"image\":{\"@id\":\"https:\/\/pharmabog.hu\/#\/schema\/logo\/image\/\"},\"sameAs\":[\"https:\/\/www.facebook.com\/pharmabog.hu\"]}]}<\/script>\n<!-- \/ Yoast SEO plugin. -->","yoast_head_json":{"title":"Fog\u00e1szati kezel\u0151egys\u00e9g \u2013 OMS log\u00f3t\u00f6ml\u0151s - Pharmabog Kft. - Fog\u00e1szati kezel\u0151egys\u00e9g","robots":{"index":"index","follow":"follow","max-snippet":"max-snippet:-1","max-image-preview":"max-image-preview:large","max-video-preview":"max-video-preview:-1"},"canonical":"https:\/\/pharmabog.hu\/de\/fogaszati-kezeloegyseg-oms-logotomlos\/","og_locale":"de_DE","og_type":"article","og_title":"Fog\u00e1szati kezel\u0151egys\u00e9g \u2013 OMS log\u00f3t\u00f6ml\u0151s - Pharmabog Kft. - Fog\u00e1szati kezel\u0151egys\u00e9g","og_description":"Kezel\u0151egys\u00e9gek FOG\u00c1SZATI KEZEL\u0150EGYS\u00c9G \u2013 OMS LOG\u00d3T\u00d6ML\u0150S Pharmabog Kft. az OMS fog\u00e1szati kezel\u0151egys\u00e9gek hivatalos Magyarorsz\u00e1gi forgalmaz\u00f3ja. OMS fog\u00e1szati kezel\u0151egys\u00e9g \u2013 fogorvosi sz\u00e9k OMS DUKE log\u00f3t\u00f6ml\u0151s kezel\u0151egys\u00e9g \/ jobb ill. balkezeseknek\/ OMS PUNTO l\u00f3g\u00f3t\u00f6ml\u0151s fog\u00e1szati kezel\u0151egys\u00e9g OMS TEMPO l\u00f3g\u00f3t\u00f6ml\u0151s kezel\u0151egys\u00e9g maximum 4 instrumenttel Az OMS alap fog\u00e1szati kezel\u0151egys\u00e9ge -f\u00e9nyes turbinat\u00f6ml\u0151-Bien Air f\u00e9nyes mikromotor-Mectron depur\u00e1tor 4 heggyel-6 funkci\u00f3s [&hellip;]","og_url":"https:\/\/pharmabog.hu\/de\/fogaszati-kezeloegyseg-oms-logotomlos\/","og_site_name":"Pharmabog Kft. - Fog\u00e1szati kezel\u0151egys\u00e9g","article_publisher":"https:\/\/www.facebook.com\/pharmabog.hu","article_modified_time":"2025-07-24T11:52:56+00:00","og_image":[{"width":300,"height":140,"url":"https:\/\/pharmabog.hu\/wp-content\/uploads\/2025\/07\/logo_oms-300x140-1.png","type":"image\/png"}],"twitter_card":"summary_large_image","twitter_misc":{"Gesch\u00e4tzte Lesezeit":"2\u00a0Minuten"},"schema":{"@context":"https:\/\/schema.org","@graph":[{"@type":"WebPage","@id":"https:\/\/pharmabog.hu\/fogaszati-kezeloegyseg-oms-logotomlos\/","url":"https:\/\/pharmabog.hu\/fogaszati-kezeloegyseg-oms-logotomlos\/","name":"Fog\u00e1szati kezel\u0151egys\u00e9g \u2013 OMS log\u00f3t\u00f6ml\u0151s - Pharmabog Kft. - Fog\u00e1szati kezel\u0151egys\u00e9g","isPartOf":{"@id":"https:\/\/pharmabog.hu\/#website"},"primaryImageOfPage":{"@id":"https:\/\/pharmabog.hu\/fogaszati-kezeloegyseg-oms-logotomlos\/#primaryimage"},"image":{"@id":"https:\/\/pharmabog.hu\/fogaszati-kezeloegyseg-oms-logotomlos\/#primaryimage"},"thumbnailUrl":"https:\/\/pharmabog.hu\/wp-content\/uploads\/2025\/07\/logo_oms-300x140-1.png","datePublished":"2025-07-24T11:48:31+00:00","dateModified":"2025-07-24T11:52:56+00:00","breadcrumb":{"@id":"https:\/\/pharmabog.hu\/fogaszati-kezeloegyseg-oms-logotomlos\/#breadcrumb"},"inLanguage":"de","potentialAction":[{"@type":"ReadAction","target":["https:\/\/pharmabog.hu\/fogaszati-kezeloegyseg-oms-logotomlos\/"]}]},{"@type":"ImageObject","inLanguage":"de","@id":"https:\/\/pharmabog.hu\/fogaszati-kezeloegyseg-oms-logotomlos\/#primaryimage","url":"https:\/\/pharmabog.hu\/wp-content\/uploads\/2025\/07\/logo_oms-300x140-1.png","contentUrl":"https:\/\/pharmabog.hu\/wp-content\/uploads\/2025\/07\/logo_oms-300x140-1.png"},{"@type":"BreadcrumbList","@id":"https:\/\/pharmabog.hu\/fogaszati-kezeloegyseg-oms-logotomlos\/#breadcrumb","itemListElement":[{"@type":"ListItem","position":1,"name":"Kezd\u0151lap","item":"https:\/\/pharmabog.hu\/"},{"@type":"ListItem","position":2,"name":"Fog\u00e1szati kezel\u0151egys\u00e9g \u2013 OMS log\u00f3t\u00f6ml\u0151s"}]},{"@type":"WebSite","@id":"https:\/\/pharmabog.hu\/#website","url":"https:\/\/pharmabog.hu\/","name":"Pharmabog Ltd. - Zahnbehandlungseinheit","description":"","publisher":{"@id":"https:\/\/pharmabog.hu\/#organization"},"potentialAction":[{"@type":"SearchAction","target":{"@type":"EntryPoint","urlTemplate":"https:\/\/pharmabog.hu\/?s={search_term_string}"},"query-input":{"@type":"PropertyValueSpecification","valueRequired":true,"valueName":"search_term_string"}}],"inLanguage":"de"},{"@type":"Organization","@id":"https:\/\/pharmabog.hu\/#organization","name":"Pharmabog Ltd. - Zahnbehandlungseinheit","url":"https:\/\/pharmabog.hu\/","logo":{"@type":"ImageObject","inLanguage":"de","@id":"https:\/\/pharmabog.hu\/#\/schema\/logo\/image\/","url":"https:\/\/pharmabog.hu\/wp-content\/uploads\/2025\/07\/cropped-logo-16-e1644481099702-4.png","contentUrl":"https:\/\/pharmabog.hu\/wp-content\/uploads\/2025\/07\/cropped-logo-16-e1644481099702-4.png","width":296,"height":87,"caption":"Pharmabog Kft. - Fog\u00e1szati kezel\u0151egys\u00e9g"},"image":{"@id":"https:\/\/pharmabog.hu\/#\/schema\/logo\/image\/"},"sameAs":["https:\/\/www.facebook.com\/pharmabog.hu"]}]}},"_links":{"self":[{"href":"https:\/\/pharmabog.hu\/de\/wp-json\/wp\/v2\/pages\/1166","targetHints":{"allow":["GET"]}}],"collection":[{"href":"https:\/\/pharmabog.hu\/de\/wp-json\/wp\/v2\/pages"}],"about":[{"href":"https:\/\/pharmabog.hu\/de\/wp-json\/wp\/v2\/types\/page"}],"author":[{"embeddable":true,"href":"https:\/\/pharmabog.hu\/de\/wp-json\/wp\/v2\/users\/1"}],"replies":[{"embeddable":true,"href":"https:\/\/pharmabog.hu\/de\/wp-json\/wp\/v2\/comments?post=1166"}],"version-history":[{"count":7,"href":"https:\/\/pharmabog.hu\/de\/wp-json\/wp\/v2\/pages\/1166\/revisions"}],"predecessor-version":[{"id":1178,"href":"https:\/\/pharmabog.hu\/de\/wp-json\/wp\/v2\/pages\/1166\/revisions\/1178"}],"wp:attachment":[{"href":"https:\/\/pharmabog.hu\/de\/wp-json\/wp\/v2\/media?parent=1166"}],"curies":[{"name":"wp","href":"https:\/\/api.w.org\/{rel}","templated":true}]}}