{"id":1058,"date":"2025-07-23T12:18:37","date_gmt":"2025-07-23T12:18:37","guid":{"rendered":"https:\/\/pharmabog.hu\/?page_id=1058"},"modified":"2025-08-28T12:43:18","modified_gmt":"2025-08-28T12:43:18","slug":"hasznalt-felujitott-gepek","status":"publish","type":"page","link":"https:\/\/pharmabog.hu\/de\/hasznalt-felujitott-gepek\/","title":{"rendered":"Gebrauchte, general\u00fcberholte Maschinen"},"content":{"rendered":"<div data-elementor-type=\"wp-page\" data-elementor-id=\"1058\" class=\"elementor elementor-1058\" data-elementor-post-type=\"page\">\n\t\t\t\t<div class=\"elementor-element elementor-element-533324ee e-flex e-con-boxed e-con e-parent\" data-id=\"533324ee\" data-element_type=\"container\" data-settings=\"{&quot;background_background&quot;:&quot;classic&quot;}\">\n\t\t\t\t\t<div class=\"e-con-inner\">\n\t\t\t\t\t<\/div>\n\t\t\t\t<\/div>\n\t\t<div class=\"elementor-element elementor-element-535af8f e-flex e-con-boxed e-con e-parent\" data-id=\"535af8f\" data-element_type=\"container\">\n\t\t\t\t\t<div class=\"e-con-inner\">\n\t\t\t\t<div class=\"elementor-element elementor-element-ed1629f elementor-widget__width-initial elementor-invisible elementor-widget elementor-widget-heading\" data-id=\"ed1629f\" data-element_type=\"widget\" data-settings=\"{&quot;_animation&quot;:&quot;slideInUp&quot;}\" data-widget_type=\"heading.default\">\n\t\t\t\t\t<h3 class=\"elementor-heading-title elementor-size-default\">Gebrauchte, general\u00fcberholte Maschinen<\/h3>\t\t\t\t<\/div>\n\t\t<div class=\"elementor-element elementor-element-febc188 e-grid e-con-full e-con e-child\" data-id=\"febc188\" data-element_type=\"container\">\n\t\t\t\t<div class=\"elementor-element elementor-element-cfa2a7b e-transform elementor-position-top elementor-widget elementor-widget-image-box\" data-id=\"cfa2a7b\" data-element_type=\"widget\" data-settings=\"{&quot;_transform_translateY_effect_hover&quot;:{&quot;unit&quot;:&quot;px&quot;,&quot;size&quot;:-8,&quot;sizes&quot;:[]},&quot;_transform_translateX_effect_hover&quot;:{&quot;unit&quot;:&quot;px&quot;,&quot;size&quot;:&quot;&quot;,&quot;sizes&quot;:[]},&quot;_transform_translateX_effect_hover_tablet&quot;:{&quot;unit&quot;:&quot;px&quot;,&quot;size&quot;:&quot;&quot;,&quot;sizes&quot;:[]},&quot;_transform_translateX_effect_hover_mobile&quot;:{&quot;unit&quot;:&quot;px&quot;,&quot;size&quot;:&quot;&quot;,&quot;sizes&quot;:[]},&quot;_transform_translateY_effect_hover_tablet&quot;:{&quot;unit&quot;:&quot;px&quot;,&quot;size&quot;:&quot;&quot;,&quot;sizes&quot;:[]},&quot;_transform_translateY_effect_hover_mobile&quot;:{&quot;unit&quot;:&quot;px&quot;,&quot;size&quot;:&quot;&quot;,&quot;sizes&quot;:[]}}\" data-widget_type=\"image-box.default\">\n\t\t\t\t\t<div class=\"elementor-image-box-wrapper\"><figure class=\"elementor-image-box-img\"><a href=\"https:\/\/pharmabog.hu\/de\/hasznalt-felujitott-kezeloegysegek\/\" tabindex=\"-1\"><img fetchpriority=\"high\" decoding=\"async\" width=\"500\" height=\"500\" src=\"https:\/\/pharmabog.hu\/wp-content\/uploads\/2025\/07\/universal_top_01-1-500x500-1.jpeg\" class=\"attachment-full size-full wp-image-104\" alt=\"\" srcset=\"https:\/\/pharmabog.hu\/wp-content\/uploads\/2025\/07\/universal_top_01-1-500x500-1.jpeg 500w, https:\/\/pharmabog.hu\/wp-content\/uploads\/2025\/07\/universal_top_01-1-500x500-1-300x300.jpeg 300w, https:\/\/pharmabog.hu\/wp-content\/uploads\/2025\/07\/universal_top_01-1-500x500-1-100x100.jpeg 100w, https:\/\/pharmabog.hu\/wp-content\/uploads\/2025\/07\/universal_top_01-1-500x500-1-150x150.jpeg 150w\" sizes=\"(max-width: 500px) 100vw, 500px\" \/><\/a><\/figure><div class=\"elementor-image-box-content\"><h3 class=\"elementor-image-box-title\"><a href=\"https:\/\/pharmabog.hu\/de\/hasznalt-felujitott-kezeloegysegek\/\">Gebrauchte, \u00fcberholte Steuereinheiten<\/a><\/h3><\/div><\/div>\t\t\t\t<\/div>\n\t\t\t\t<div class=\"elementor-element elementor-element-1006e40 e-transform elementor-position-top elementor-widget elementor-widget-image-box\" data-id=\"1006e40\" data-element_type=\"widget\" data-settings=\"{&quot;_transform_translateY_effect_hover&quot;:{&quot;unit&quot;:&quot;px&quot;,&quot;size&quot;:-8,&quot;sizes&quot;:[]},&quot;_transform_translateX_effect_hover&quot;:{&quot;unit&quot;:&quot;px&quot;,&quot;size&quot;:&quot;&quot;,&quot;sizes&quot;:[]},&quot;_transform_translateX_effect_hover_tablet&quot;:{&quot;unit&quot;:&quot;px&quot;,&quot;size&quot;:&quot;&quot;,&quot;sizes&quot;:[]},&quot;_transform_translateX_effect_hover_mobile&quot;:{&quot;unit&quot;:&quot;px&quot;,&quot;size&quot;:&quot;&quot;,&quot;sizes&quot;:[]},&quot;_transform_translateY_effect_hover_tablet&quot;:{&quot;unit&quot;:&quot;px&quot;,&quot;size&quot;:&quot;&quot;,&quot;sizes&quot;:[]},&quot;_transform_translateY_effect_hover_mobile&quot;:{&quot;unit&quot;:&quot;px&quot;,&quot;size&quot;:&quot;&quot;,&quot;sizes&quot;:[]}}\" data-widget_type=\"image-box.default\">\n\t\t\t\t\t<div class=\"elementor-image-box-wrapper\"><figure class=\"elementor-image-box-img\"><a href=\"https:\/\/pharmabog.hu\/de\/hasznalt-felujitott-panoramarontgen\/\" tabindex=\"-1\"><img decoding=\"async\" width=\"500\" height=\"500\" src=\"https:\/\/pharmabog.hu\/wp-content\/uploads\/2025\/07\/vistavoxs-500x500-1.jpg\" class=\"attachment-full size-full wp-image-105\" alt=\"\" srcset=\"https:\/\/pharmabog.hu\/wp-content\/uploads\/2025\/07\/vistavoxs-500x500-1.jpg 500w, https:\/\/pharmabog.hu\/wp-content\/uploads\/2025\/07\/vistavoxs-500x500-1-300x300.jpg 300w, https:\/\/pharmabog.hu\/wp-content\/uploads\/2025\/07\/vistavoxs-500x500-1-100x100.jpg 100w, https:\/\/pharmabog.hu\/wp-content\/uploads\/2025\/07\/vistavoxs-500x500-1-150x150.jpg 150w\" sizes=\"(max-width: 500px) 100vw, 500px\" \/><\/a><\/figure><div class=\"elementor-image-box-content\"><h3 class=\"elementor-image-box-title\"><a href=\"https:\/\/pharmabog.hu\/de\/hasznalt-felujitott-panoramarontgen\/\">Gebrauchte, general\u00fcberholte Panorama-R\u00f6ntgenger\u00e4te<\/a><\/h3><\/div><\/div>\t\t\t\t<\/div>\n\t\t\t\t<div class=\"elementor-element elementor-element-f749d0f e-transform elementor-position-top elementor-widget elementor-widget-image-box\" data-id=\"f749d0f\" data-element_type=\"widget\" data-settings=\"{&quot;_transform_translateY_effect_hover&quot;:{&quot;unit&quot;:&quot;px&quot;,&quot;size&quot;:-8,&quot;sizes&quot;:[]},&quot;_transform_translateX_effect_hover&quot;:{&quot;unit&quot;:&quot;px&quot;,&quot;size&quot;:&quot;&quot;,&quot;sizes&quot;:[]},&quot;_transform_translateX_effect_hover_tablet&quot;:{&quot;unit&quot;:&quot;px&quot;,&quot;size&quot;:&quot;&quot;,&quot;sizes&quot;:[]},&quot;_transform_translateX_effect_hover_mobile&quot;:{&quot;unit&quot;:&quot;px&quot;,&quot;size&quot;:&quot;&quot;,&quot;sizes&quot;:[]},&quot;_transform_translateY_effect_hover_tablet&quot;:{&quot;unit&quot;:&quot;px&quot;,&quot;size&quot;:&quot;&quot;,&quot;sizes&quot;:[]},&quot;_transform_translateY_effect_hover_mobile&quot;:{&quot;unit&quot;:&quot;px&quot;,&quot;size&quot;:&quot;&quot;,&quot;sizes&quot;:[]}}\" data-widget_type=\"image-box.default\">\n\t\t\t\t\t<div class=\"elementor-image-box-wrapper\"><figure class=\"elementor-image-box-img\"><a href=\"https:\/\/pharmabog.hu\/de\/hasznalt-felujitott-intraoralis-rontgenek\/\" tabindex=\"-1\"><img decoding=\"async\" width=\"1000\" height=\"900\" src=\"https:\/\/pharmabog.hu\/wp-content\/uploads\/2025\/07\/Capteur_OPTEO-1000x900-1.png\" class=\"attachment-full size-full wp-image-952\" alt=\"\" srcset=\"https:\/\/pharmabog.hu\/wp-content\/uploads\/2025\/07\/Capteur_OPTEO-1000x900-1.png 1000w, https:\/\/pharmabog.hu\/wp-content\/uploads\/2025\/07\/Capteur_OPTEO-1000x900-1-600x540.png 600w, https:\/\/pharmabog.hu\/wp-content\/uploads\/2025\/07\/Capteur_OPTEO-1000x900-1-300x270.png 300w, https:\/\/pharmabog.hu\/wp-content\/uploads\/2025\/07\/Capteur_OPTEO-1000x900-1-768x691.png 768w\" sizes=\"(max-width: 1000px) 100vw, 1000px\" \/><\/a><\/figure><div class=\"elementor-image-box-content\"><h3 class=\"elementor-image-box-title\"><a href=\"https:\/\/pharmabog.hu\/de\/hasznalt-felujitott-intraoralis-rontgenek\/\">Gebrauchte, wiederaufbereitete intraorale R\u00f6ntgenger\u00e4te<\/a><\/h3><\/div><\/div>\t\t\t\t<\/div>\n\t\t\t\t<div class=\"elementor-element elementor-element-19cdcbf e-transform elementor-position-top elementor-widget elementor-widget-image-box\" data-id=\"19cdcbf\" data-element_type=\"widget\" data-settings=\"{&quot;_transform_translateY_effect_hover&quot;:{&quot;unit&quot;:&quot;px&quot;,&quot;size&quot;:-8,&quot;sizes&quot;:[]},&quot;_transform_translateX_effect_hover&quot;:{&quot;unit&quot;:&quot;px&quot;,&quot;size&quot;:&quot;&quot;,&quot;sizes&quot;:[]},&quot;_transform_translateX_effect_hover_tablet&quot;:{&quot;unit&quot;:&quot;px&quot;,&quot;size&quot;:&quot;&quot;,&quot;sizes&quot;:[]},&quot;_transform_translateX_effect_hover_mobile&quot;:{&quot;unit&quot;:&quot;px&quot;,&quot;size&quot;:&quot;&quot;,&quot;sizes&quot;:[]},&quot;_transform_translateY_effect_hover_tablet&quot;:{&quot;unit&quot;:&quot;px&quot;,&quot;size&quot;:&quot;&quot;,&quot;sizes&quot;:[]},&quot;_transform_translateY_effect_hover_mobile&quot;:{&quot;unit&quot;:&quot;px&quot;,&quot;size&quot;:&quot;&quot;,&quot;sizes&quot;:[]}}\" data-widget_type=\"image-box.default\">\n\t\t\t\t\t<div class=\"elementor-image-box-wrapper\"><figure class=\"elementor-image-box-img\"><a href=\"https:\/\/pharmabog.hu\/de\/hasznalt-berendezesek\/\" tabindex=\"-1\"><img loading=\"lazy\" decoding=\"async\" width=\"800\" height=\"714\" src=\"https:\/\/pharmabog.hu\/wp-content\/uploads\/2025\/07\/vector_paro_blau_01.jpeg\" class=\"attachment-full size-full wp-image-410\" alt=\"\" srcset=\"https:\/\/pharmabog.hu\/wp-content\/uploads\/2025\/07\/vector_paro_blau_01.jpeg 800w, https:\/\/pharmabog.hu\/wp-content\/uploads\/2025\/07\/vector_paro_blau_01-600x536.jpeg 600w, https:\/\/pharmabog.hu\/wp-content\/uploads\/2025\/07\/vector_paro_blau_01-300x268.jpeg 300w, https:\/\/pharmabog.hu\/wp-content\/uploads\/2025\/07\/vector_paro_blau_01-768x685.jpeg 768w\" sizes=\"(max-width: 800px) 100vw, 800px\" \/><\/a><\/figure><div class=\"elementor-image-box-content\"><h3 class=\"elementor-image-box-title\"><a href=\"https:\/\/pharmabog.hu\/de\/hasznalt-berendezesek\/\">Gebrauchte Ausr\u00fcstung<\/a><\/h3><\/div><\/div>\t\t\t\t<\/div>\n\t\t\t\t<\/div>\n\t\t\t\t\t<\/div>\n\t\t\t\t<\/div>\n\t\t\t\t<\/div>","protected":false},"excerpt":{"rendered":"<p>Haszn\u00e1lt, fel\u00faj\u00edtott g\u00e9pek Haszn\u00e1lt, fel\u00faj\u00edtott kezel\u0151egys\u00e9gek Haszn\u00e1lt, fel\u00faj\u00edtott panor\u00e1mar\u00f6ntgenek Haszn\u00e1lt, fel\u00faj\u00edtott intraor\u00e1lis r\u00f6ntgenek Haszn\u00e1lt berendez\u00e9sek<\/p>","protected":false},"author":1,"featured_media":0,"parent":0,"menu_order":0,"comment_status":"closed","ping_status":"closed","template":"","meta":{"footnotes":""},"class_list":["post-1058","page","type-page","status-publish","hentry"],"yoast_head":"<!-- This site is optimized with the Yoast SEO plugin v25.5 - https:\/\/yoast.com\/wordpress\/plugins\/seo\/ -->\n<title>Haszn\u00e1lt, fel\u00faj\u00edtott g\u00e9pek - Pharmabog Kft. - Fog\u00e1szati kezel\u0151egys\u00e9g<\/title>\n<meta name=\"description\" content=\"Fog\u00e1szati kezel\u0151egys\u00e9g, fog\u00e1szati\/fogorvosi sz\u00e9k, fogorvosi panor\u00e1ma r\u00f6ntgen kedvez\u0151 \u00e1ron, garanci\u00e1val, ingyenes be\u00fczemel\u00e9ssel, kisz\u00e1ll\u00edt\u00e1s, telep\u00edt\u00e9s.\" \/>\n<meta name=\"robots\" content=\"index, follow, max-snippet:-1, max-image-preview:large, max-video-preview:-1\" \/>\n<link rel=\"canonical\" href=\"https:\/\/pharmabog.hu\/de\/hasznalt-felujitott-gepek\/\" \/>\n<meta property=\"og:locale\" content=\"de_DE\" \/>\n<meta property=\"og:type\" content=\"article\" \/>\n<meta property=\"og:title\" content=\"Haszn\u00e1lt, fel\u00faj\u00edtott g\u00e9pek - Pharmabog Kft. - Fog\u00e1szati kezel\u0151egys\u00e9g\" \/>\n<meta property=\"og:description\" content=\"Fog\u00e1szati kezel\u0151egys\u00e9g, fog\u00e1szati\/fogorvosi sz\u00e9k, fogorvosi panor\u00e1ma r\u00f6ntgen kedvez\u0151 \u00e1ron, garanci\u00e1val, ingyenes be\u00fczemel\u00e9ssel, kisz\u00e1ll\u00edt\u00e1s, telep\u00edt\u00e9s.\" \/>\n<meta property=\"og:url\" content=\"https:\/\/pharmabog.hu\/de\/hasznalt-felujitott-gepek\/\" \/>\n<meta property=\"og:site_name\" content=\"Pharmabog Kft. - Fog\u00e1szati kezel\u0151egys\u00e9g\" \/>\n<meta property=\"article:publisher\" content=\"https:\/\/www.facebook.com\/pharmabog.hu\" \/>\n<meta property=\"article:modified_time\" content=\"2025-08-28T12:43:18+00:00\" \/>\n<meta property=\"og:image\" content=\"https:\/\/pharmabog.hu\/wp-content\/uploads\/2025\/07\/universal_top_01-1-500x500-1.jpeg\" \/>\n\t<meta property=\"og:image:width\" content=\"500\" \/>\n\t<meta property=\"og:image:height\" content=\"500\" \/>\n\t<meta property=\"og:image:type\" content=\"image\/jpeg\" \/>\n<meta name=\"twitter:card\" content=\"summary_large_image\" \/>\n<meta name=\"twitter:label1\" content=\"Gesch\u00e4tzte Lesezeit\" \/>\n\t<meta name=\"twitter:data1\" content=\"1\u00a0Minute\" \/>\n<script type=\"application\/ld+json\" class=\"yoast-schema-graph\">{\"@context\":\"https:\/\/schema.org\",\"@graph\":[{\"@type\":\"WebPage\",\"@id\":\"https:\/\/pharmabog.hu\/hasznalt-felujitott-gepek\/\",\"url\":\"https:\/\/pharmabog.hu\/hasznalt-felujitott-gepek\/\",\"name\":\"Haszn\u00e1lt, fel\u00faj\u00edtott g\u00e9pek - Pharmabog Kft. - Fog\u00e1szati kezel\u0151egys\u00e9g\",\"isPartOf\":{\"@id\":\"https:\/\/pharmabog.hu\/#website\"},\"primaryImageOfPage\":{\"@id\":\"https:\/\/pharmabog.hu\/hasznalt-felujitott-gepek\/#primaryimage\"},\"image\":{\"@id\":\"https:\/\/pharmabog.hu\/hasznalt-felujitott-gepek\/#primaryimage\"},\"thumbnailUrl\":\"https:\/\/pharmabog.hu\/wp-content\/uploads\/2025\/07\/universal_top_01-1-500x500-1.jpeg\",\"datePublished\":\"2025-07-23T12:18:37+00:00\",\"dateModified\":\"2025-08-28T12:43:18+00:00\",\"description\":\"Fog\u00e1szati kezel\u0151egys\u00e9g, fog\u00e1szati\/fogorvosi sz\u00e9k, fogorvosi panor\u00e1ma r\u00f6ntgen kedvez\u0151 \u00e1ron, garanci\u00e1val, ingyenes be\u00fczemel\u00e9ssel, kisz\u00e1ll\u00edt\u00e1s, telep\u00edt\u00e9s.\",\"breadcrumb\":{\"@id\":\"https:\/\/pharmabog.hu\/hasznalt-felujitott-gepek\/#breadcrumb\"},\"inLanguage\":\"de\",\"potentialAction\":[{\"@type\":\"ReadAction\",\"target\":[\"https:\/\/pharmabog.hu\/hasznalt-felujitott-gepek\/\"]}]},{\"@type\":\"ImageObject\",\"inLanguage\":\"de\",\"@id\":\"https:\/\/pharmabog.hu\/hasznalt-felujitott-gepek\/#primaryimage\",\"url\":\"https:\/\/pharmabog.hu\/wp-content\/uploads\/2025\/07\/universal_top_01-1-500x500-1.jpeg\",\"contentUrl\":\"https:\/\/pharmabog.hu\/wp-content\/uploads\/2025\/07\/universal_top_01-1-500x500-1.jpeg\"},{\"@type\":\"BreadcrumbList\",\"@id\":\"https:\/\/pharmabog.hu\/hasznalt-felujitott-gepek\/#breadcrumb\",\"itemListElement\":[{\"@type\":\"ListItem\",\"position\":1,\"name\":\"Kezd\u0151lap\",\"item\":\"https:\/\/pharmabog.hu\/\"},{\"@type\":\"ListItem\",\"position\":2,\"name\":\"Haszn\u00e1lt, fel\u00faj\u00edtott g\u00e9pek\"}]},{\"@type\":\"WebSite\",\"@id\":\"https:\/\/pharmabog.hu\/#website\",\"url\":\"https:\/\/pharmabog.hu\/\",\"name\":\"Pharmabog Kft. - Fog\u00e1szati kezel\u0151egys\u00e9g\",\"description\":\"\",\"publisher\":{\"@id\":\"https:\/\/pharmabog.hu\/#organization\"},\"potentialAction\":[{\"@type\":\"SearchAction\",\"target\":{\"@type\":\"EntryPoint\",\"urlTemplate\":\"https:\/\/pharmabog.hu\/?s={search_term_string}\"},\"query-input\":{\"@type\":\"PropertyValueSpecification\",\"valueRequired\":true,\"valueName\":\"search_term_string\"}}],\"inLanguage\":\"de\"},{\"@type\":\"Organization\",\"@id\":\"https:\/\/pharmabog.hu\/#organization\",\"name\":\"Pharmabog Kft. - Fog\u00e1szati kezel\u0151egys\u00e9g\",\"url\":\"https:\/\/pharmabog.hu\/\",\"logo\":{\"@type\":\"ImageObject\",\"inLanguage\":\"de\",\"@id\":\"https:\/\/pharmabog.hu\/#\/schema\/logo\/image\/\",\"url\":\"https:\/\/pharmabog.hu\/wp-content\/uploads\/2025\/07\/cropped-logo-16-e1644481099702-4.png\",\"contentUrl\":\"https:\/\/pharmabog.hu\/wp-content\/uploads\/2025\/07\/cropped-logo-16-e1644481099702-4.png\",\"width\":296,\"height\":87,\"caption\":\"Pharmabog Kft. - Fog\u00e1szati kezel\u0151egys\u00e9g\"},\"image\":{\"@id\":\"https:\/\/pharmabog.hu\/#\/schema\/logo\/image\/\"},\"sameAs\":[\"https:\/\/www.facebook.com\/pharmabog.hu\"]}]}<\/script>\n<!-- \/ Yoast SEO plugin. -->","yoast_head_json":{"title":"Haszn\u00e1lt, fel\u00faj\u00edtott g\u00e9pek - Pharmabog Kft. - Fog\u00e1szati kezel\u0151egys\u00e9g","description":"Fog\u00e1szati kezel\u0151egys\u00e9g, fog\u00e1szati\/fogorvosi sz\u00e9k, fogorvosi panor\u00e1ma r\u00f6ntgen kedvez\u0151 \u00e1ron, garanci\u00e1val, ingyenes be\u00fczemel\u00e9ssel, kisz\u00e1ll\u00edt\u00e1s, telep\u00edt\u00e9s.","robots":{"index":"index","follow":"follow","max-snippet":"max-snippet:-1","max-image-preview":"max-image-preview:large","max-video-preview":"max-video-preview:-1"},"canonical":"https:\/\/pharmabog.hu\/de\/hasznalt-felujitott-gepek\/","og_locale":"de_DE","og_type":"article","og_title":"Haszn\u00e1lt, fel\u00faj\u00edtott g\u00e9pek - Pharmabog Kft. - Fog\u00e1szati kezel\u0151egys\u00e9g","og_description":"Fog\u00e1szati kezel\u0151egys\u00e9g, fog\u00e1szati\/fogorvosi sz\u00e9k, fogorvosi panor\u00e1ma r\u00f6ntgen kedvez\u0151 \u00e1ron, garanci\u00e1val, ingyenes be\u00fczemel\u00e9ssel, kisz\u00e1ll\u00edt\u00e1s, telep\u00edt\u00e9s.","og_url":"https:\/\/pharmabog.hu\/de\/hasznalt-felujitott-gepek\/","og_site_name":"Pharmabog Kft. - Fog\u00e1szati kezel\u0151egys\u00e9g","article_publisher":"https:\/\/www.facebook.com\/pharmabog.hu","article_modified_time":"2025-08-28T12:43:18+00:00","og_image":[{"width":500,"height":500,"url":"https:\/\/pharmabog.hu\/wp-content\/uploads\/2025\/07\/universal_top_01-1-500x500-1.jpeg","type":"image\/jpeg"}],"twitter_card":"summary_large_image","twitter_misc":{"Gesch\u00e4tzte Lesezeit":"1\u00a0Minute"},"schema":{"@context":"https:\/\/schema.org","@graph":[{"@type":"WebPage","@id":"https:\/\/pharmabog.hu\/hasznalt-felujitott-gepek\/","url":"https:\/\/pharmabog.hu\/hasznalt-felujitott-gepek\/","name":"Haszn\u00e1lt, fel\u00faj\u00edtott g\u00e9pek - Pharmabog Kft. - Fog\u00e1szati kezel\u0151egys\u00e9g","isPartOf":{"@id":"https:\/\/pharmabog.hu\/#website"},"primaryImageOfPage":{"@id":"https:\/\/pharmabog.hu\/hasznalt-felujitott-gepek\/#primaryimage"},"image":{"@id":"https:\/\/pharmabog.hu\/hasznalt-felujitott-gepek\/#primaryimage"},"thumbnailUrl":"https:\/\/pharmabog.hu\/wp-content\/uploads\/2025\/07\/universal_top_01-1-500x500-1.jpeg","datePublished":"2025-07-23T12:18:37+00:00","dateModified":"2025-08-28T12:43:18+00:00","description":"Fog\u00e1szati kezel\u0151egys\u00e9g, fog\u00e1szati\/fogorvosi sz\u00e9k, fogorvosi panor\u00e1ma r\u00f6ntgen kedvez\u0151 \u00e1ron, garanci\u00e1val, ingyenes be\u00fczemel\u00e9ssel, kisz\u00e1ll\u00edt\u00e1s, telep\u00edt\u00e9s.","breadcrumb":{"@id":"https:\/\/pharmabog.hu\/hasznalt-felujitott-gepek\/#breadcrumb"},"inLanguage":"de","potentialAction":[{"@type":"ReadAction","target":["https:\/\/pharmabog.hu\/hasznalt-felujitott-gepek\/"]}]},{"@type":"ImageObject","inLanguage":"de","@id":"https:\/\/pharmabog.hu\/hasznalt-felujitott-gepek\/#primaryimage","url":"https:\/\/pharmabog.hu\/wp-content\/uploads\/2025\/07\/universal_top_01-1-500x500-1.jpeg","contentUrl":"https:\/\/pharmabog.hu\/wp-content\/uploads\/2025\/07\/universal_top_01-1-500x500-1.jpeg"},{"@type":"BreadcrumbList","@id":"https:\/\/pharmabog.hu\/hasznalt-felujitott-gepek\/#breadcrumb","itemListElement":[{"@type":"ListItem","position":1,"name":"Kezd\u0151lap","item":"https:\/\/pharmabog.hu\/"},{"@type":"ListItem","position":2,"name":"Haszn\u00e1lt, fel\u00faj\u00edtott g\u00e9pek"}]},{"@type":"WebSite","@id":"https:\/\/pharmabog.hu\/#website","url":"https:\/\/pharmabog.hu\/","name":"Pharmabog Ltd. - Zahnbehandlungseinheit","description":"","publisher":{"@id":"https:\/\/pharmabog.hu\/#organization"},"potentialAction":[{"@type":"SearchAction","target":{"@type":"EntryPoint","urlTemplate":"https:\/\/pharmabog.hu\/?s={search_term_string}"},"query-input":{"@type":"PropertyValueSpecification","valueRequired":true,"valueName":"search_term_string"}}],"inLanguage":"de"},{"@type":"Organization","@id":"https:\/\/pharmabog.hu\/#organization","name":"Pharmabog Ltd. - Zahnbehandlungseinheit","url":"https:\/\/pharmabog.hu\/","logo":{"@type":"ImageObject","inLanguage":"de","@id":"https:\/\/pharmabog.hu\/#\/schema\/logo\/image\/","url":"https:\/\/pharmabog.hu\/wp-content\/uploads\/2025\/07\/cropped-logo-16-e1644481099702-4.png","contentUrl":"https:\/\/pharmabog.hu\/wp-content\/uploads\/2025\/07\/cropped-logo-16-e1644481099702-4.png","width":296,"height":87,"caption":"Pharmabog Kft. - Fog\u00e1szati kezel\u0151egys\u00e9g"},"image":{"@id":"https:\/\/pharmabog.hu\/#\/schema\/logo\/image\/"},"sameAs":["https:\/\/www.facebook.com\/pharmabog.hu"]}]}},"_links":{"self":[{"href":"https:\/\/pharmabog.hu\/de\/wp-json\/wp\/v2\/pages\/1058","targetHints":{"allow":["GET"]}}],"collection":[{"href":"https:\/\/pharmabog.hu\/de\/wp-json\/wp\/v2\/pages"}],"about":[{"href":"https:\/\/pharmabog.hu\/de\/wp-json\/wp\/v2\/types\/page"}],"author":[{"embeddable":true,"href":"https:\/\/pharmabog.hu\/de\/wp-json\/wp\/v2\/users\/1"}],"replies":[{"embeddable":true,"href":"https:\/\/pharmabog.hu\/de\/wp-json\/wp\/v2\/comments?post=1058"}],"version-history":[{"count":14,"href":"https:\/\/pharmabog.hu\/de\/wp-json\/wp\/v2\/pages\/1058\/revisions"}],"predecessor-version":[{"id":1213,"href":"https:\/\/pharmabog.hu\/de\/wp-json\/wp\/v2\/pages\/1058\/revisions\/1213"}],"wp:attachment":[{"href":"https:\/\/pharmabog.hu\/de\/wp-json\/wp\/v2\/media?parent=1058"}],"curies":[{"name":"wp","href":"https:\/\/api.w.org\/{rel}","templated":true}]}}