{"id":1040,"date":"2025-07-23T12:11:27","date_gmt":"2025-07-23T12:11:27","guid":{"rendered":"https:\/\/pharmabog.hu\/?page_id=1040"},"modified":"2025-07-23T12:14:02","modified_gmt":"2025-07-23T12:14:02","slug":"fogaszati-kezeloegyseg-oms","status":"publish","type":"page","link":"https:\/\/pharmabog.hu\/de\/fogaszati-kezeloegyseg-oms\/","title":{"rendered":"Zahnbehandlungseinheit \u2013 Mund-, Kiefer- und Gesichtschirurgie"},"content":{"rendered":"<div data-elementor-type=\"wp-page\" data-elementor-id=\"1040\" class=\"elementor elementor-1040\" data-elementor-post-type=\"page\">\n\t\t\t\t<div class=\"elementor-element elementor-element-533324ee e-flex e-con-boxed e-con e-parent\" data-id=\"533324ee\" data-element_type=\"container\" data-settings=\"{&quot;background_background&quot;:&quot;classic&quot;}\">\n\t\t\t\t\t<div class=\"e-con-inner\">\n\t\t\t\t\t<\/div>\n\t\t\t\t<\/div>\n\t\t<div class=\"elementor-element elementor-element-de514a8 e-flex e-con-boxed e-con e-parent\" data-id=\"de514a8\" data-element_type=\"container\">\n\t\t\t\t\t<div class=\"e-con-inner\">\n\t\t\t\t<div class=\"elementor-element elementor-element-fe36552 elementor-widget elementor-widget-heading\" data-id=\"fe36552\" data-element_type=\"widget\" data-widget_type=\"heading.default\">\n\t\t\t\t\t<h2 class=\"elementor-heading-title elementor-size-default\">Behandlungseinheiten<\/h2>\t\t\t\t<\/div>\n\t\t\t\t<div class=\"elementor-element elementor-element-b05f506 elementor-widget elementor-widget-heading\" data-id=\"b05f506\" data-element_type=\"widget\" data-widget_type=\"heading.default\">\n\t\t\t\t\t<h2 class=\"elementor-heading-title elementor-size-default\">Zahn\u00e4rztliche Behandlungseinheit \u2013 Mund-, Kiefer- und Gesichtschirurgie\n<\/h2>\t\t\t\t<\/div>\n\t\t\t\t<div class=\"elementor-element elementor-element-b7795b7 elementor-widget elementor-widget-text-editor\" data-id=\"b7795b7\" data-element_type=\"widget\" data-widget_type=\"text-editor.default\">\n\t\t\t\t\t\t\t\t\t<p><strong>OMS: Seit 50 Jahren an der Spitze der Ergonomie<\/strong><\/p><p><strong>Das \u00fcber 50 Jahre alte Unternehmen OMS ist ein echtes Unikat unter den Herstellern von zahn\u00e4rztlichen Behandlungseinheiten.<\/strong><\/p><p class=\"translation-block\">Nicht ohne Grund z\u00e4hlt OMS in Italien, \u00d6sterreich und mittlerweile auch in Ungarn zu den gefragtesten Marken f\u00fcr zahn\u00e4rztliche Behandlungseinheiten.\n(In \u00d6sterreich wurden bereits mehr als 800 Behandlungseinheiten verkauft.)<\/p>\t\t\t\t\t\t\t\t<\/div>\n\t\t\t\t<div class=\"elementor-element elementor-element-a3e5408 elementor-widget elementor-widget-image\" data-id=\"a3e5408\" data-element_type=\"widget\" data-widget_type=\"image.default\">\n\t\t\t\t\t\t\t\t\t\t\t\t\t\t\t<img fetchpriority=\"high\" decoding=\"async\" width=\"768\" height=\"200\" src=\"https:\/\/pharmabog.hu\/wp-content\/uploads\/2025\/07\/linea_esse_plus-768x200-1.jpeg\" class=\"attachment-large size-large wp-image-1042\" alt=\"\" srcset=\"https:\/\/pharmabog.hu\/wp-content\/uploads\/2025\/07\/linea_esse_plus-768x200-1.jpeg 768w, https:\/\/pharmabog.hu\/wp-content\/uploads\/2025\/07\/linea_esse_plus-768x200-1-600x156.jpeg 600w, https:\/\/pharmabog.hu\/wp-content\/uploads\/2025\/07\/linea_esse_plus-768x200-1-300x78.jpeg 300w\" sizes=\"(max-width: 768px) 100vw, 768px\" \/>\t\t\t\t\t\t\t\t\t\t\t\t\t\t\t<\/div>\n\t\t\t\t<div class=\"elementor-element elementor-element-d0c1a59 elementor-widget elementor-widget-text-editor\" data-id=\"d0c1a59\" data-element_type=\"widget\" data-widget_type=\"text-editor.default\">\n\t\t\t\t\t\t\t\t\t<p><em>Was ist das Geheimnis ihres Erfolgs?<\/em><br \/>Makellose Qualit\u00e4t ist eine Grundvoraussetzung \u2013 deshalb werden selbst die kleinsten Bauteile ausschlie\u00dflich aus italienischen Materialien gefertigt. Die herausragende Qualit\u00e4t wird vielleicht am besten durch die bronzene Mundsp\u00fclschale der Carving-Behandlungseinheit veranschaulicht.<br \/>Ergonomie:\nOMS hat den sogenannten S.P.R.I.D.O.-Instrumententisch entwickelt, der w\u00e4hrend der Arbeit eine nahezu horizontale Bewegung der am Ger\u00e4t befindlichen Handst\u00fccke erm\u00f6glicht. Dadurch st\u00f6\u00dft er nicht an die OP-Leuchte und \u2013 was in der Praxis am wichtigsten ist \u2013 \u201ezieht die Hand w\u00e4hrend der Arbeit nicht zur\u00fcck\u201c.\nDie kompakten Behandlungsst\u00fchle wurden so konzipiert, dass der Zahnarzt w\u00e4hrend der Behandlung m\u00f6glichst nah am Patienten sitzen kann. So ist ein perfekt ergonomisches Arbeiten m\u00f6glich, bei dem Wirbels\u00e4ule, Lendenbereich und Beine geschont werden.<br \/>Zahn\u00e4rzte haben die M\u00f6glichkeit, ihre Behandlungseinheiten ganz nach ihren individuellen Anforderungen und ihrem Geschmack fertigen zu lassen \u2013 in 28 verschiedenen Farbvarianten.<br \/>Das Werk bem\u00fcht sich, auch Sonderw\u00fcnsche zu erf\u00fcllen, und \u00fcbernimmt einige dieser Ideen sogar in die Serienproduktion, wie zum Beispiel die abnehmbare Mundsp\u00fclschale oder die am Arzttisch integrierte Absaugung.<\/p><p>F\u00fcr linksh\u00e4ndige Zahn\u00e4rzte werden mehrere L\u00f6sungen angeboten, darunter auch Behandlungseinheiten (z. B. Universal Double Face, Duke), die mit wenigen Handgriffen von Rechts- auf Linkshandbetrieb umgestellt werden k\u00f6nnen.<br \/>Zahlreiche fr\u00fche Innovationen gehen auf das Konto des Unternehmens:<br \/>Der erste programmierbare Behandlungsstuhl sowie der erste \u201eh\u00e4ngende\u201c Patientenstuhl aus dem Jahr 1967 sind ebenfalls Erfindungen von OMS. Bei allen Entwicklungen steht die Ergonomie stets an erster Stelle \u2013 doch da es sich um ein italienisches Produkt handelt, spielt auch das Design eine nahezu ebenso wichtige Rolle.<br \/>Der Vertrieb der OMS-Behandlungseinheiten erfolgt in Ungarn durch die Pharmabog Kft., die dank ihrer engen Zusammenarbeit mit dem Werk \u00fcber eine der gr\u00f6\u00dften Ersatzteilbasen verf\u00fcgt. Dies bietet jedem Zahnarzt, der mit OMS-Behandlungseinheiten arbeitet, eine einzigartige Sicherheit \u2013 unter anderem durch Ersatzteilversorgung und Fehlerbehebung innerhalb von 24 Stunden.<\/p>\t\t\t\t\t\t\t\t<\/div>\n\t\t\t\t<div class=\"elementor-element elementor-element-dbebadc elementor-widget elementor-widget-image\" data-id=\"dbebadc\" data-element_type=\"widget\" data-widget_type=\"image.default\">\n\t\t\t\t\t\t\t\t\t\t\t\t<figure class=\"wp-caption\">\n\t\t\t\t\t\t\t\t\t\t<img decoding=\"async\" width=\"300\" height=\"140\" src=\"https:\/\/pharmabog.hu\/wp-content\/uploads\/2025\/07\/logo_oms-300x140-1.png\" class=\"attachment-large size-large wp-image-83\" alt=\"\" \/>\t\t\t\t\t\t\t\t\t\t\t<figcaption class=\"widget-image-caption wp-caption-text\">Zahnbehandlungseinheit f\u00fcr Mund-, Kiefer- und Gesichtschirurgie<\/figcaption>\n\t\t\t\t\t\t\t\t\t\t<\/figure>\n\t\t\t\t\t\t\t\t\t<\/div>\n\t\t\t\t<div class=\"elementor-element elementor-element-641e293 elementor-widget elementor-widget-text-editor\" data-id=\"641e293\" data-element_type=\"widget\" data-widget_type=\"text-editor.default\">\n\t\t\t\t\t\t\t\t\t<div class=\"wpb_text_column wpb_content_element\"><div class=\"wpb_wrapper\"><p>Webseite der zahn\u00e4rztlichen Behandlungseinheit von OMS\u00a0<a href=\"https:\/\/omsdentalunits.it\/\" target=\"_blank\" rel=\"noopener noreferrer\">durch Klicken hier<\/a>\u00a0ist verf\u00fcgbar.<\/p><\/div><\/div>\t\t\t\t\t\t\t\t<\/div>\n\t\t\t\t\t<\/div>\n\t\t\t\t<\/div>\n\t\t\t\t<\/div>","protected":false},"excerpt":{"rendered":"<p>Kezel\u0151egys\u00e9gek FOG\u00c1SZATI KEZEL\u0150EGYS\u00c9G \u2013 OMS OMS: 50 \u00e9ve az ergon\u00f3mia \u00e9lvonal\u00e1ban A T\u00d6BB MINT 50 \u00c9VES OMS, EGY UNIKUM A FOG\u00c1SZATI KEZEL\u0150EGYS\u00c9G GY\u00c1RT\u00d3K K\u00d6Z\u00d6TT. Nem v\u00e9letlen, hogy Olaszorsz\u00e1gban, Ausztri\u00e1ban \u00e9s m\u00e1r Magyarorsz\u00e1gon is az egyik legkeresettebb fog\u00e1szati kezel\u0151egys\u00e9g k\u00e9sz\u00fcl\u00e9kek k\u00f6z\u00f6tt tartj\u00e1k sz\u00e1mon.(Ausztri\u00e1ban t\u00f6bb mint 800 kezel\u0151egys\u00e9get adtak el.) Vajon mi a titka a siker\u00fcknek?A kifog\u00e1stalan [&hellip;]<\/p>","protected":false},"author":1,"featured_media":0,"parent":0,"menu_order":0,"comment_status":"closed","ping_status":"closed","template":"","meta":{"footnotes":""},"class_list":["post-1040","page","type-page","status-publish","hentry"],"yoast_head":"<!-- This site is optimized with the Yoast SEO plugin v25.5 - https:\/\/yoast.com\/wordpress\/plugins\/seo\/ -->\n<title>Fog\u00e1szati kezel\u0151egys\u00e9g \u2013 OMS - Pharmabog Kft. - Fog\u00e1szati kezel\u0151egys\u00e9g<\/title>\n<meta name=\"robots\" content=\"index, follow, max-snippet:-1, max-image-preview:large, max-video-preview:-1\" \/>\n<link rel=\"canonical\" href=\"https:\/\/pharmabog.hu\/de\/fogaszati-kezeloegyseg-oms\/\" \/>\n<meta property=\"og:locale\" content=\"de_DE\" \/>\n<meta property=\"og:type\" content=\"article\" \/>\n<meta property=\"og:title\" content=\"Fog\u00e1szati kezel\u0151egys\u00e9g \u2013 OMS - Pharmabog Kft. - Fog\u00e1szati kezel\u0151egys\u00e9g\" \/>\n<meta property=\"og:description\" content=\"Kezel\u0151egys\u00e9gek FOG\u00c1SZATI KEZEL\u0150EGYS\u00c9G \u2013 OMS OMS: 50 \u00e9ve az ergon\u00f3mia \u00e9lvonal\u00e1ban A T\u00d6BB MINT 50 \u00c9VES OMS, EGY UNIKUM A FOG\u00c1SZATI KEZEL\u0150EGYS\u00c9G GY\u00c1RT\u00d3K K\u00d6Z\u00d6TT. Nem v\u00e9letlen, hogy Olaszorsz\u00e1gban, Ausztri\u00e1ban \u00e9s m\u00e1r Magyarorsz\u00e1gon is az egyik legkeresettebb fog\u00e1szati kezel\u0151egys\u00e9g k\u00e9sz\u00fcl\u00e9kek k\u00f6z\u00f6tt tartj\u00e1k sz\u00e1mon.(Ausztri\u00e1ban t\u00f6bb mint 800 kezel\u0151egys\u00e9get adtak el.) Vajon mi a titka a siker\u00fcknek?A kifog\u00e1stalan [&hellip;]\" \/>\n<meta property=\"og:url\" content=\"https:\/\/pharmabog.hu\/de\/fogaszati-kezeloegyseg-oms\/\" \/>\n<meta property=\"og:site_name\" content=\"Pharmabog Kft. - Fog\u00e1szati kezel\u0151egys\u00e9g\" \/>\n<meta property=\"article:publisher\" content=\"https:\/\/www.facebook.com\/pharmabog.hu\" \/>\n<meta property=\"article:modified_time\" content=\"2025-07-23T12:14:02+00:00\" \/>\n<meta property=\"og:image\" content=\"https:\/\/pharmabog.hu\/wp-content\/uploads\/2025\/07\/linea_esse_plus-768x200-1.jpeg\" \/>\n\t<meta property=\"og:image:width\" content=\"768\" \/>\n\t<meta property=\"og:image:height\" content=\"200\" \/>\n\t<meta property=\"og:image:type\" content=\"image\/jpeg\" \/>\n<meta name=\"twitter:card\" content=\"summary_large_image\" \/>\n<meta name=\"twitter:label1\" content=\"Gesch\u00e4tzte Lesezeit\" \/>\n\t<meta name=\"twitter:data1\" content=\"3\u00a0Minuten\" \/>\n<script type=\"application\/ld+json\" class=\"yoast-schema-graph\">{\"@context\":\"https:\/\/schema.org\",\"@graph\":[{\"@type\":\"WebPage\",\"@id\":\"https:\/\/pharmabog.hu\/fogaszati-kezeloegyseg-oms\/\",\"url\":\"https:\/\/pharmabog.hu\/fogaszati-kezeloegyseg-oms\/\",\"name\":\"Fog\u00e1szati kezel\u0151egys\u00e9g \u2013 OMS - Pharmabog Kft. - Fog\u00e1szati kezel\u0151egys\u00e9g\",\"isPartOf\":{\"@id\":\"https:\/\/pharmabog.hu\/#website\"},\"primaryImageOfPage\":{\"@id\":\"https:\/\/pharmabog.hu\/fogaszati-kezeloegyseg-oms\/#primaryimage\"},\"image\":{\"@id\":\"https:\/\/pharmabog.hu\/fogaszati-kezeloegyseg-oms\/#primaryimage\"},\"thumbnailUrl\":\"https:\/\/pharmabog.hu\/wp-content\/uploads\/2025\/07\/linea_esse_plus-768x200-1.jpeg\",\"datePublished\":\"2025-07-23T12:11:27+00:00\",\"dateModified\":\"2025-07-23T12:14:02+00:00\",\"breadcrumb\":{\"@id\":\"https:\/\/pharmabog.hu\/fogaszati-kezeloegyseg-oms\/#breadcrumb\"},\"inLanguage\":\"de\",\"potentialAction\":[{\"@type\":\"ReadAction\",\"target\":[\"https:\/\/pharmabog.hu\/fogaszati-kezeloegyseg-oms\/\"]}]},{\"@type\":\"ImageObject\",\"inLanguage\":\"de\",\"@id\":\"https:\/\/pharmabog.hu\/fogaszati-kezeloegyseg-oms\/#primaryimage\",\"url\":\"https:\/\/pharmabog.hu\/wp-content\/uploads\/2025\/07\/linea_esse_plus-768x200-1.jpeg\",\"contentUrl\":\"https:\/\/pharmabog.hu\/wp-content\/uploads\/2025\/07\/linea_esse_plus-768x200-1.jpeg\"},{\"@type\":\"BreadcrumbList\",\"@id\":\"https:\/\/pharmabog.hu\/fogaszati-kezeloegyseg-oms\/#breadcrumb\",\"itemListElement\":[{\"@type\":\"ListItem\",\"position\":1,\"name\":\"Kezd\u0151lap\",\"item\":\"https:\/\/pharmabog.hu\/\"},{\"@type\":\"ListItem\",\"position\":2,\"name\":\"Fog\u00e1szati kezel\u0151egys\u00e9g \u2013 OMS\"}]},{\"@type\":\"WebSite\",\"@id\":\"https:\/\/pharmabog.hu\/#website\",\"url\":\"https:\/\/pharmabog.hu\/\",\"name\":\"Pharmabog Kft. - Fog\u00e1szati kezel\u0151egys\u00e9g\",\"description\":\"\",\"publisher\":{\"@id\":\"https:\/\/pharmabog.hu\/#organization\"},\"potentialAction\":[{\"@type\":\"SearchAction\",\"target\":{\"@type\":\"EntryPoint\",\"urlTemplate\":\"https:\/\/pharmabog.hu\/?s={search_term_string}\"},\"query-input\":{\"@type\":\"PropertyValueSpecification\",\"valueRequired\":true,\"valueName\":\"search_term_string\"}}],\"inLanguage\":\"de\"},{\"@type\":\"Organization\",\"@id\":\"https:\/\/pharmabog.hu\/#organization\",\"name\":\"Pharmabog Kft. - Fog\u00e1szati kezel\u0151egys\u00e9g\",\"url\":\"https:\/\/pharmabog.hu\/\",\"logo\":{\"@type\":\"ImageObject\",\"inLanguage\":\"de\",\"@id\":\"https:\/\/pharmabog.hu\/#\/schema\/logo\/image\/\",\"url\":\"https:\/\/pharmabog.hu\/wp-content\/uploads\/2025\/07\/cropped-logo-16-e1644481099702-4.png\",\"contentUrl\":\"https:\/\/pharmabog.hu\/wp-content\/uploads\/2025\/07\/cropped-logo-16-e1644481099702-4.png\",\"width\":296,\"height\":87,\"caption\":\"Pharmabog Kft. - Fog\u00e1szati kezel\u0151egys\u00e9g\"},\"image\":{\"@id\":\"https:\/\/pharmabog.hu\/#\/schema\/logo\/image\/\"},\"sameAs\":[\"https:\/\/www.facebook.com\/pharmabog.hu\"]}]}<\/script>\n<!-- \/ Yoast SEO plugin. -->","yoast_head_json":{"title":"Fog\u00e1szati kezel\u0151egys\u00e9g \u2013 OMS - Pharmabog Kft. - Fog\u00e1szati kezel\u0151egys\u00e9g","robots":{"index":"index","follow":"follow","max-snippet":"max-snippet:-1","max-image-preview":"max-image-preview:large","max-video-preview":"max-video-preview:-1"},"canonical":"https:\/\/pharmabog.hu\/de\/fogaszati-kezeloegyseg-oms\/","og_locale":"de_DE","og_type":"article","og_title":"Fog\u00e1szati kezel\u0151egys\u00e9g \u2013 OMS - Pharmabog Kft. - Fog\u00e1szati kezel\u0151egys\u00e9g","og_description":"Kezel\u0151egys\u00e9gek FOG\u00c1SZATI KEZEL\u0150EGYS\u00c9G \u2013 OMS OMS: 50 \u00e9ve az ergon\u00f3mia \u00e9lvonal\u00e1ban A T\u00d6BB MINT 50 \u00c9VES OMS, EGY UNIKUM A FOG\u00c1SZATI KEZEL\u0150EGYS\u00c9G GY\u00c1RT\u00d3K K\u00d6Z\u00d6TT. Nem v\u00e9letlen, hogy Olaszorsz\u00e1gban, Ausztri\u00e1ban \u00e9s m\u00e1r Magyarorsz\u00e1gon is az egyik legkeresettebb fog\u00e1szati kezel\u0151egys\u00e9g k\u00e9sz\u00fcl\u00e9kek k\u00f6z\u00f6tt tartj\u00e1k sz\u00e1mon.(Ausztri\u00e1ban t\u00f6bb mint 800 kezel\u0151egys\u00e9get adtak el.) Vajon mi a titka a siker\u00fcknek?A kifog\u00e1stalan [&hellip;]","og_url":"https:\/\/pharmabog.hu\/de\/fogaszati-kezeloegyseg-oms\/","og_site_name":"Pharmabog Kft. - Fog\u00e1szati kezel\u0151egys\u00e9g","article_publisher":"https:\/\/www.facebook.com\/pharmabog.hu","article_modified_time":"2025-07-23T12:14:02+00:00","og_image":[{"width":768,"height":200,"url":"https:\/\/pharmabog.hu\/wp-content\/uploads\/2025\/07\/linea_esse_plus-768x200-1.jpeg","type":"image\/jpeg"}],"twitter_card":"summary_large_image","twitter_misc":{"Gesch\u00e4tzte Lesezeit":"3\u00a0Minuten"},"schema":{"@context":"https:\/\/schema.org","@graph":[{"@type":"WebPage","@id":"https:\/\/pharmabog.hu\/fogaszati-kezeloegyseg-oms\/","url":"https:\/\/pharmabog.hu\/fogaszati-kezeloegyseg-oms\/","name":"Fog\u00e1szati kezel\u0151egys\u00e9g \u2013 OMS - Pharmabog Kft. - Fog\u00e1szati kezel\u0151egys\u00e9g","isPartOf":{"@id":"https:\/\/pharmabog.hu\/#website"},"primaryImageOfPage":{"@id":"https:\/\/pharmabog.hu\/fogaszati-kezeloegyseg-oms\/#primaryimage"},"image":{"@id":"https:\/\/pharmabog.hu\/fogaszati-kezeloegyseg-oms\/#primaryimage"},"thumbnailUrl":"https:\/\/pharmabog.hu\/wp-content\/uploads\/2025\/07\/linea_esse_plus-768x200-1.jpeg","datePublished":"2025-07-23T12:11:27+00:00","dateModified":"2025-07-23T12:14:02+00:00","breadcrumb":{"@id":"https:\/\/pharmabog.hu\/fogaszati-kezeloegyseg-oms\/#breadcrumb"},"inLanguage":"de","potentialAction":[{"@type":"ReadAction","target":["https:\/\/pharmabog.hu\/fogaszati-kezeloegyseg-oms\/"]}]},{"@type":"ImageObject","inLanguage":"de","@id":"https:\/\/pharmabog.hu\/fogaszati-kezeloegyseg-oms\/#primaryimage","url":"https:\/\/pharmabog.hu\/wp-content\/uploads\/2025\/07\/linea_esse_plus-768x200-1.jpeg","contentUrl":"https:\/\/pharmabog.hu\/wp-content\/uploads\/2025\/07\/linea_esse_plus-768x200-1.jpeg"},{"@type":"BreadcrumbList","@id":"https:\/\/pharmabog.hu\/fogaszati-kezeloegyseg-oms\/#breadcrumb","itemListElement":[{"@type":"ListItem","position":1,"name":"Kezd\u0151lap","item":"https:\/\/pharmabog.hu\/"},{"@type":"ListItem","position":2,"name":"Fog\u00e1szati kezel\u0151egys\u00e9g \u2013 OMS"}]},{"@type":"WebSite","@id":"https:\/\/pharmabog.hu\/#website","url":"https:\/\/pharmabog.hu\/","name":"Pharmabog Ltd. - Zahnbehandlungseinheit","description":"","publisher":{"@id":"https:\/\/pharmabog.hu\/#organization"},"potentialAction":[{"@type":"SearchAction","target":{"@type":"EntryPoint","urlTemplate":"https:\/\/pharmabog.hu\/?s={search_term_string}"},"query-input":{"@type":"PropertyValueSpecification","valueRequired":true,"valueName":"search_term_string"}}],"inLanguage":"de"},{"@type":"Organization","@id":"https:\/\/pharmabog.hu\/#organization","name":"Pharmabog Ltd. - Zahnbehandlungseinheit","url":"https:\/\/pharmabog.hu\/","logo":{"@type":"ImageObject","inLanguage":"de","@id":"https:\/\/pharmabog.hu\/#\/schema\/logo\/image\/","url":"https:\/\/pharmabog.hu\/wp-content\/uploads\/2025\/07\/cropped-logo-16-e1644481099702-4.png","contentUrl":"https:\/\/pharmabog.hu\/wp-content\/uploads\/2025\/07\/cropped-logo-16-e1644481099702-4.png","width":296,"height":87,"caption":"Pharmabog Kft. - Fog\u00e1szati kezel\u0151egys\u00e9g"},"image":{"@id":"https:\/\/pharmabog.hu\/#\/schema\/logo\/image\/"},"sameAs":["https:\/\/www.facebook.com\/pharmabog.hu"]}]}},"_links":{"self":[{"href":"https:\/\/pharmabog.hu\/de\/wp-json\/wp\/v2\/pages\/1040","targetHints":{"allow":["GET"]}}],"collection":[{"href":"https:\/\/pharmabog.hu\/de\/wp-json\/wp\/v2\/pages"}],"about":[{"href":"https:\/\/pharmabog.hu\/de\/wp-json\/wp\/v2\/types\/page"}],"author":[{"embeddable":true,"href":"https:\/\/pharmabog.hu\/de\/wp-json\/wp\/v2\/users\/1"}],"replies":[{"embeddable":true,"href":"https:\/\/pharmabog.hu\/de\/wp-json\/wp\/v2\/comments?post=1040"}],"version-history":[{"count":4,"href":"https:\/\/pharmabog.hu\/de\/wp-json\/wp\/v2\/pages\/1040\/revisions"}],"predecessor-version":[{"id":1045,"href":"https:\/\/pharmabog.hu\/de\/wp-json\/wp\/v2\/pages\/1040\/revisions\/1045"}],"wp:attachment":[{"href":"https:\/\/pharmabog.hu\/de\/wp-json\/wp\/v2\/media?parent=1040"}],"curies":[{"name":"wp","href":"https:\/\/api.w.org\/{rel}","templated":true}]}}